{"id":1959,"date":"2014-04-10T21:10:58","date_gmt":"2014-04-10T20:10:58","guid":{"rendered":"https:\/\/www.lathiau.fr\/1605-2-2\/"},"modified":"2021-01-28T19:29:36","modified_gmt":"2021-01-28T18:29:36","slug":"1605-2","status":"publish","type":"page","link":"https:\/\/www.lathiau.fr\/de\/1605-2\/","title":{"rendered":"Mein Garten"},"content":{"rendered":"<p><span id=\"result_box\" lang=\"de\"><span class=\"hps\">Einer meiner Favoriten<\/span> <span class=\"hps\">&#8230;<\/span> <span class=\"hps\">Sie<\/span> <span class=\"hps\">sind<\/span> <span class=\"hps\">f\u00fcr mich<\/span> <span class=\"hps\">suchen<\/span>? <span class=\"hps\">&#8230; Ich<\/span> <span class=\"hps\">bin wohl<\/span> <span class=\"hps\">hier<\/span>!<\/span><\/p>\n<p><span class=\"hps\">Wir k\u00f6nnen<\/span> <span class=\"hps\">Tipps und<\/span> <span class=\"hps\">beliebtesten Pl\u00e4tze<\/span> <span class=\"hps\">tauschen<\/span> <span class=\"hps\">&#8230;<\/span><\/p>\n","protected":false},"excerpt":{"rendered":"<p>Einer meiner Favoriten &#8230; Sie sind f\u00fcr mich suchen? &#8230; Ich bin wohl hier! Wir k\u00f6nnen Tipps und beliebtesten Pl\u00e4tze tauschen &#8230;<\/p>\n","protected":false},"author":1,"featured_media":0,"parent":0,"menu_order":0,"comment_status":"closed","ping_status":"closed","template":"","meta":[],"yoast_head":"\n<title>Mein Garten<\/title>\n<meta name=\"robots\" content=\"index, follow, max-snippet:-1, max-image-preview:large, max-video-preview:-1\" \/>\n<link rel=\"canonical\" href=\"https:\/\/www.lathiau.fr\/de\/1605-2\/\" \/>\n<meta property=\"og:locale\" content=\"de_DE\" \/>\n<meta property=\"og:type\" content=\"article\" \/>\n<meta property=\"og:title\" content=\"Mein Garten\" \/>\n<meta property=\"og:description\" content=\"Einer meiner Favoriten &#8230; Sie sind f\u00fcr mich suchen? &#8230; Ich bin wohl hier! Wir k\u00f6nnen Tipps und beliebtesten Pl\u00e4tze tauschen &#8230;\" \/>\n<meta property=\"og:url\" content=\"https:\/\/www.lathiau.fr\/de\/1605-2\/\" \/>\n<meta property=\"og:site_name\" content=\"Chambres d&#039;h\u00f4tes de charme, g\u00eetes Loiret Briare Gien Sancerre\" \/>\n<meta property=\"article:publisher\" content=\"https:\/\/www.facebook.com\/DomaineDeLaThiau\" \/>\n<meta property=\"article:modified_time\" content=\"2021-01-28T18:29:36+00:00\" \/>\n<meta property=\"og:image\" content=\"https:\/\/www.lathiau.fr\/wp-content\/uploads\/2014\/04\/alleeprunus1wp.jpg\" \/>\n\t<meta property=\"og:image:width\" content=\"1600\" \/>\n\t<meta property=\"og:image:height\" content=\"800\" \/>\n<script type=\"application\/ld+json\" class=\"yoast-schema-graph\">{\"@context\":\"https:\/\/schema.org\",\"@graph\":[{\"@type\":\"WebSite\",\"@id\":\"https:\/\/www.lathiau.fr\/#website\",\"url\":\"https:\/\/www.lathiau.fr\/\",\"name\":\"Chambres d&#039;h\\u00f4tes de charme, g\\u00eetes Loiret Briare Gien Sancerre\",\"description\":\"Chambres d&#039;h\\u00f4tes de charme et g\\u00eetes en Val de Loire entre Gien et Briare Sancerre Loiret 150km sud de Paris. Maison ind\\u00e9pendante, parc paysager, diner romantique, chateaux.\",\"potentialAction\":[{\"@type\":\"SearchAction\",\"target\":\"https:\/\/www.lathiau.fr\/?s={search_term_string}\",\"query-input\":\"required name=search_term_string\"}],\"inLanguage\":\"de-DE\"},{\"@type\":\"WebPage\",\"@id\":\"https:\/\/www.lathiau.fr\/de\/1605-2\/#webpage\",\"url\":\"https:\/\/www.lathiau.fr\/de\/1605-2\/\",\"name\":\"Mein Garten\",\"isPartOf\":{\"@id\":\"https:\/\/www.lathiau.fr\/#website\"},\"datePublished\":\"2014-04-10T20:10:58+00:00\",\"dateModified\":\"2021-01-28T18:29:36+00:00\",\"inLanguage\":\"de-DE\",\"potentialAction\":[{\"@type\":\"ReadAction\",\"target\":[\"https:\/\/www.lathiau.fr\/de\/1605-2\/\"]}]}]}<\/script>\n","_links":{"self":[{"href":"https:\/\/www.lathiau.fr\/de\/wp-json\/wp\/v2\/pages\/1959\/"}],"collection":[{"href":"https:\/\/www.lathiau.fr\/de\/wp-json\/wp\/v2\/pages\/"}],"about":[{"href":"https:\/\/www.lathiau.fr\/de\/wp-json\/wp\/v2\/types\/page\/"}],"author":[{"embeddable":true,"href":"https:\/\/www.lathiau.fr\/de\/wp-json\/wp\/v2\/users\/1\/"}],"replies":[{"embeddable":true,"href":"https:\/\/www.lathiau.fr\/de\/wp-json\/wp\/v2\/comments\/?post=1959"}],"version-history":[{"count":4,"href":"https:\/\/www.lathiau.fr\/de\/wp-json\/wp\/v2\/pages\/1959\/revisions\/"}],"predecessor-version":[{"id":3745,"href":"https:\/\/www.lathiau.fr\/de\/wp-json\/wp\/v2\/pages\/1959\/revisions\/3745\/"}],"wp:attachment":[{"href":"https:\/\/www.lathiau.fr\/de\/wp-json\/wp\/v2\/media\/?parent=1959"}],"curies":[{"name":"wp","href":"https:\/\/api.w.org\/{rel}","templated":true}]}}