{"id":2241,"date":"2014-04-09T16:38:57","date_gmt":"2014-04-09T15:38:57","guid":{"rendered":"https:\/\/www.lathiau.fr\/accueil-2\/"},"modified":"2023-08-24T13:57:02","modified_gmt":"2023-08-24T12:57:02","slug":"accueil","status":"publish","type":"page","link":"https:\/\/www.lathiau.fr\/de\/","title":{"rendered":"Willkommen in unseren Ferienha\u00fcser"},"content":{"rendered":"<h2><strong>4 G\u00e4stehaus und 4 Ferienha\u00fcser. <\/strong><\/h2>\n<h3>Dort, wo sich die Sologne, die Loireschl\u00f6sser und die Loire (Sancerre) und Burgunder (Pouilly) Weinwege treffen, k\u00f6nnen Sie unsere 4 G\u00e4stezimmer und 4 Ferienwohnungen finden. Sie befinden sich 150km s\u00fcdlich von Paris (1 Stunde von Fontainebleau), zwischen Gien und Briare.<\/h3>\n<p>Das unabhangig<strong> G\u00e4stehaus,<\/strong> steht am Ufer des Loire-Flusses, im Herzen eines 3 Ha grossen <strong>Park<\/strong> mit viele hundertj\u00e4hrigen B\u00e4umen. <span id=\"result_box\" class=\"\" lang=\"de\"><span class=\"hps\">Alle<\/span> <span class=\"hps\">anderen<\/span>, <span class=\"hps\">die<\/span> <span class=\"hps\">Zimmer<\/span> <span class=\"hps\">haben jeweils<\/span> <span class=\"hps\">ihren eigenen Charme<\/span>. <span class=\"hps\">Sie mieteten<\/span> <span class=\"hps\">von<\/span><strong><span class=\"hps\"> der<\/span> <span class=\"hps\">Nacht<\/span><\/strong> <span class=\"hps\">mit <\/span><span class=\"hps\">Bettw\u00e4sche, Handt\u00fccher<\/span>, Wartung, <span class=\"hps\">ist<\/span> <span class=\"hps\">alles, was<\/span> <span class=\"hps\">f\u00fcr Sie bereit ! Weitere<strong> Informationen <\/strong>finden Sie<strong> <a href=\"https:\/\/www.lathiau.fr\/les-chambres\/?lang=de\">HIER<\/a><\/strong><br \/>\n<\/span><\/span><\/p>\n<p>*<br \/>\nDie unhabhangige<strong> Ferienwohnungen<\/strong> befinden sich im Bauernhof. Jedes hat seinen eigenen <strong>Garten<\/strong>.\u00a0 <span id=\"result_box\" class=\"\" lang=\"de\"><span class=\"hps\">Sie werden durch <strong>die<\/strong><\/span> <strong><span class=\"hps\">Woche<\/span><\/strong> <span class=\"hps\">mit<\/span> <span class=\"hps\">An- \/ Abreise<\/span><span class=\"\">-Sets<\/span> <span class=\"hps\">am Samstag oder Sonntag<\/span> <span class=\"hps\">vermietet.<\/span> <span class=\"hps\">Bettzeug<\/span><span class=\"\">, Bettw\u00e4sche,<\/span> <span class=\"hps\">Wartung,<\/span> <span class=\"hps\">gehen zu Ihren Lasten <\/span><span class=\"\">! <span class=\"hps\">Weitere<\/span><strong> <span class=\"hps\">Informationen <\/span><\/strong><span class=\"hps\">finden Sie<\/span><strong><span class=\"hps\"> <a href=\"https:\/\/www.lathiau.fr\/les-gites\/?lang=de\">HIER<\/a><\/span><\/strong><\/span><\/span><br \/>\n<strong>WIFI und Parkpl\u00e4tze sind frei.<\/strong><\/p>\n<p><em>Bei uns erwartet Sie eine herzliche Empfang, Diskretion und Aufmerksamkeit !<\/em><\/p>\n<p>*<br \/>\nHier k\u00f6nnen Sie jeden Tag frisches Luft atmen und die Natur entdecken : <strong>Fuss- und Pferdewanderungen, Fahrradtours, Wassertourismus, Golf, die Entdeckung von Schl\u00f6sser, Museen und Parks.<\/strong> Es gibt so viel hier zu tun !<\/p>\n<p>*<br \/>\nWir werden von diesen Tourismusprofis empfohlen :<\/p>\n<table id=\"wp-table-reloaded-id-5-no-1\" style=\"width: 473px; height: 198px;\">\n<tbody>\n<tr>\n<td><img loading=\"lazy\" title=\"Petit fut\u00e9\" src=\"https:\/\/www.lathiau.fr\/wp-content\/uploads\/2018\/06\/petit-fut\u00e9.jpg\" alt=\"petit fut\u00e9\" width=\"75\" height=\"30\" \/><\/td>\n<td>Le Petit fut\u00e9 depuis 2010 &#8211;&gt; 2016<\/td>\n<\/tr>\n<tr>\n<td><img loading=\"lazy\" title=\"logo_routard\" src=\"https:\/\/www.lathiau.fr\/wp-content\/uploads\/2018\/06\/le-routard.jpg\" alt=\"le routard\" width=\"75\" height=\"75\" \/><\/td>\n<td>Le Guide du Routard depuis 1991 &#8211;&gt; 2016<\/td>\n<\/tr>\n<tr>\n<td><img loading=\"lazy\" title=\"michelin_guide_vert\" src=\"https:\/\/www.lathiau.fr\/wp-content\/uploads\/2018\/06\/guide-vert.jpg\" alt=\"guide vert\" width=\"75\" height=\"70\" \/><\/td>\n<td>Le Guide Vert Michelin depuis 2000 &#8211;&gt; 2016<\/td>\n<\/tr>\n<\/tbody>\n<\/table>\n<table id=\"wp-table-reloaded-id-5-no-1\">\n<tbody>\n<tr>\n<td><img loading=\"lazy\" title=\"geoguide\" src=\"https:\/\/www.lathiau.fr\/wp-content\/uploads\/2014\/03\/GEOGUIDERose_fondVert.jpg\" alt=\"geoguide\" width=\"100\" height=\"16\" \/><\/td>\n<td>Le G\u00e9oguide depuis 2010 &#8211;&gt; 2016<\/td>\n<\/tr>\n<tr>\n<td><img loading=\"lazy\" title=\"sawdays\" src=\"https:\/\/www.lathiau.fr\/wp-content\/uploads\/2014\/03\/sawdays-accreditation-badge-colour.jpg\" alt=\"sawdays\" width=\"75\" height=\"104\" \/><\/td>\n<td>Le Guide &#8220;Best places in France&#8221; d&#8217;Alastair Sawdays depuis 1994 &#8211;&gt; 2016<\/td>\n<\/tr>\n<tr>\n<td><img loading=\"lazy\" src=\"https:\/\/www.lathiau.fr\/wp-content\/uploads\/2014\/03\/tripadvisor.jpg\" alt=\"tripadvisor\" width=\"100\" height=\"77\" \/><\/td>\n<td>Tripadvisor depuis 2007 &#8211;&gt; 2016<\/td>\n<\/tr>\n<\/tbody>\n<\/table>\n<p>Willkommen in unseren G\u00e4stehaus und Ferienha\u00fcser<\/p>\n","protected":false},"excerpt":{"rendered":"<p>4 G\u00e4stehaus und 4 Ferienha\u00fcser. Dort, wo sich die Sologne, die Loireschl\u00f6sser und die Loire (Sancerre) und Burgunder (Pouilly) Weinwege treffen, k\u00f6nnen Sie unsere 4 G\u00e4stezimmer und 4 Ferienwohnungen finden. Sie befinden sich 150km s\u00fcdlich von Paris (1 Stunde von Fontainebleau), zwischen Gien und Briare. Das unabhangig G\u00e4stehaus, steht am Ufer des Loire-Flusses, im Herzen [&hellip;]<\/p>\n","protected":false},"author":1,"featured_media":0,"parent":0,"menu_order":0,"comment_status":"closed","ping_status":"open","template":"","meta":[],"yoast_head":"\n<title>G\u00e4stehaus und Ferienha\u00fcser Gien Briare Sancerre Loiret<\/title>\n<meta name=\"description\" content=\"G\u00e4stehaus und Ferienha\u00fcser Gien Briare Sancerre Orleans Bourges Loiret. Loireschl\u00f6sser. 150 km s\u00fcdlich von Paris. 90Km von Fontainebleau\" \/>\n<meta name=\"robots\" content=\"index, follow, max-snippet:-1, max-image-preview:large, max-video-preview:-1\" \/>\n<link rel=\"canonical\" href=\"https:\/\/www.lathiau.fr\/de\/\" \/>\n<meta property=\"og:locale\" content=\"de_DE\" \/>\n<meta property=\"og:type\" content=\"article\" \/>\n<meta property=\"og:title\" content=\"G\u00e4stehaus und Ferienha\u00fcser Gien Briare Sancerre Loiret\" \/>\n<meta property=\"og:description\" content=\"G\u00e4stehaus und Ferienha\u00fcser Gien Briare Sancerre Orleans Bourges Loiret. Loireschl\u00f6sser. 150 km s\u00fcdlich von Paris. 90Km von Fontainebleau\" \/>\n<meta property=\"og:url\" content=\"https:\/\/www.lathiau.fr\/de\/\" \/>\n<meta property=\"og:site_name\" content=\"Chambres d&#039;h\u00f4tes de charme, g\u00eetes Loiret Briare Gien Sancerre\" \/>\n<meta property=\"article:publisher\" content=\"https:\/\/www.facebook.com\/DomaineDeLaThiau\" \/>\n<meta property=\"article:modified_time\" content=\"2023-08-24T12:57:02+00:00\" \/>\n<meta property=\"og:image\" content=\"https:\/\/www.lathiau.fr\/wp-content\/uploads\/2018\/06\/petit-fut\u00e9.jpg\" \/>\n<meta name=\"twitter:label1\" content=\"Est. reading time\">\n\t<meta name=\"twitter:data1\" content=\"1 minute\">\n<script type=\"application\/ld+json\" class=\"yoast-schema-graph\">{\"@context\":\"https:\/\/schema.org\",\"@graph\":[{\"@type\":\"WebSite\",\"@id\":\"https:\/\/www.lathiau.fr\/#website\",\"url\":\"https:\/\/www.lathiau.fr\/\",\"name\":\"Chambres d&#039;h\\u00f4tes de charme, g\\u00eetes Loiret Briare Gien Sancerre\",\"description\":\"Chambres d&#039;h\\u00f4tes de charme et g\\u00eetes en Val de Loire entre Gien et Briare Sancerre Loiret 150km sud de Paris. Maison ind\\u00e9pendante, parc paysager, diner romantique, chateaux.\",\"potentialAction\":[{\"@type\":\"SearchAction\",\"target\":\"https:\/\/www.lathiau.fr\/?s={search_term_string}\",\"query-input\":\"required name=search_term_string\"}],\"inLanguage\":\"de-DE\"},{\"@type\":\"ImageObject\",\"@id\":\"https:\/\/www.lathiau.fr\/de\/#primaryimage\",\"inLanguage\":\"de-DE\",\"url\":\"https:\/\/www.lathiau.fr\/wp-content\/uploads\/2018\/06\/petit-fut\\u00e9.jpg\",\"width\":75,\"height\":30},{\"@type\":\"WebPage\",\"@id\":\"https:\/\/www.lathiau.fr\/de\/#webpage\",\"url\":\"https:\/\/www.lathiau.fr\/de\/\",\"name\":\"G\\u00e4stehaus und Ferienha\\u00fcser Gien Briare Sancerre Loiret\",\"isPartOf\":{\"@id\":\"https:\/\/www.lathiau.fr\/#website\"},\"primaryImageOfPage\":{\"@id\":\"https:\/\/www.lathiau.fr\/de\/#primaryimage\"},\"datePublished\":\"2014-04-09T15:38:57+00:00\",\"dateModified\":\"2023-08-24T12:57:02+00:00\",\"description\":\"G\\u00e4stehaus und Ferienha\\u00fcser Gien Briare Sancerre Orleans Bourges Loiret. Loireschl\\u00f6sser. 150 km s\\u00fcdlich von Paris. 90Km von Fontainebleau\",\"inLanguage\":\"de-DE\",\"potentialAction\":[{\"@type\":\"ReadAction\",\"target\":[\"https:\/\/www.lathiau.fr\/de\/\"]}]}]}<\/script>\n","_links":{"self":[{"href":"https:\/\/www.lathiau.fr\/de\/wp-json\/wp\/v2\/pages\/2241\/"}],"collection":[{"href":"https:\/\/www.lathiau.fr\/de\/wp-json\/wp\/v2\/pages\/"}],"about":[{"href":"https:\/\/www.lathiau.fr\/de\/wp-json\/wp\/v2\/types\/page\/"}],"author":[{"embeddable":true,"href":"https:\/\/www.lathiau.fr\/de\/wp-json\/wp\/v2\/users\/1\/"}],"replies":[{"embeddable":true,"href":"https:\/\/www.lathiau.fr\/de\/wp-json\/wp\/v2\/comments\/?post=2241"}],"version-history":[{"count":17,"href":"https:\/\/www.lathiau.fr\/de\/wp-json\/wp\/v2\/pages\/2241\/revisions\/"}],"predecessor-version":[{"id":7510,"href":"https:\/\/www.lathiau.fr\/de\/wp-json\/wp\/v2\/pages\/2241\/revisions\/7510\/"}],"wp:attachment":[{"href":"https:\/\/www.lathiau.fr\/de\/wp-json\/wp\/v2\/media\/?parent=2241"}],"curies":[{"name":"wp","href":"https:\/\/api.w.org\/{rel}","templated":true}]}}