{"id":2572,"date":"2013-03-08T23:11:32","date_gmt":"2013-03-08T22:11:32","guid":{"rendered":"https:\/\/www.lathiau.fr\/les-chambres\/chambre-rose\/"},"modified":"2022-10-30T14:16:28","modified_gmt":"2022-10-30T13:16:28","slug":"chambre-rose","status":"publish","type":"page","link":"https:\/\/www.lathiau.fr\/de\/les-chambres\/chambre-rose\/","title":{"rendered":"Das &#8220;Louise de Savoie&#8221; Zimmer"},"content":{"rendered":"<h2>auf der Seite des Sonnenaufgangs fenster mit Blick auf den Park,<\/h2>\n<p>. Auf der Etage liegend<\/p>\n<p>. 16 m2<\/p>\n<p style=\"text-align: left;\">.\u00a0 einem 150 x 200 cm Bett<\/p>\n<p style=\"text-align: left;\">. Badezimmer<\/p>\n<p style=\"text-align: left;\">. Separates Toilette<\/p>\n<p style=\"text-align: left;\">. im Stil Lois-Philippe m\u00f6bliert<\/p>\n<p style=\"text-align: center;\"><strong>Mindestpreis f\u00fcr 4 N\u00e4chte au\u00dfer Wochenende: 180 \u20ac f\u00fcr 1 Person (ohne Fr\u00fchst\u00fcck)<\/strong><\/p>\n<p style=\"text-align: center;\"><strong>Schlafset oder Handt\u00fccher gegen Aufpreis: 15 \u20ac pro St\u00fcck.<\/strong><\/p>\n<p style=\"text-align: center;\"><span id=\"result_box\" class=\"\" lang=\"de\"><span class=\"hps atn\">(<\/span>Kurtaxe <span class=\"hps\">f\u00fcr die Stadt:<\/span> <span class=\"hps\">0,40<\/span> <span class=\"hps\">\u20ac pro Tag<\/span> <span class=\"hps\">pro Erwachsener<\/span><span class=\"\">)<\/span><\/span><\/p>\n<h2 style=\"text-align: center;\"><em><strong>Klicken sie auf d<span id=\"result_box\" class=\"short_text\" lang=\"de\">as blaue <span class=\"\">Rechteck<\/span><\/span> unten um die Verf\u00fcgbarkeit, Preise und Online-Reservierung zu pr\u00fcfen (sicheres und verschl\u00fcsseltes Netzwerk sowohl Vertraulichkeit sind garantiert).<\/strong><\/em><\/h2>\n<p><a title=\"r\u00e9servez maintenant !\" href=\"http:\/\/www.freetobook.com\/affiliates\/reservation.php?w_id=3475&amp;w_tkn=twRTrr9MWPrNep43mOcpfgmjLp12BLbG561Ow1DndgrYwwezf8nh4rQgSFHJD\" target=\"_blank\" rel=\"noopener noreferrer\"><img loading=\"lazy\" class=\"aligncenter size-full wp-image-745\" src=\"https:\/\/www.lathiau.fr\/wp-content\/uploads\/2013\/04\/dispotarifresa.jpg\" alt=\"R\u00e9server maintenant !\" width=\"152\" height=\"64\" srcset=\"https:\/\/www.lathiau.fr\/wp-content\/uploads\/2013\/04\/dispotarifresa.jpg 152w, https:\/\/www.lathiau.fr\/wp-content\/uploads\/2013\/04\/dispotarifresa-150x64.jpg 150w\" sizes=\"(max-width: 152px) 100vw, 152px\" \/><\/a><\/p>\n<p style=\"text-align: center;\"><em><strong><span id=\"result_box\" class=\"short_text\" lang=\"de\">Und wenn Ihre Reservierung best\u00e4tigt ist, so erwarten wir Sie gerne !<\/span><\/strong><\/em><\/p>\n<p style=\"text-align: center;\">********************************<\/p>\n<p style=\"text-align: center;\"><span id=\"result_box\" lang=\"de\"><span class=\"hps\">Zusammenfassung der<\/span><\/span> <a href=\"https:\/\/www.lathiau.fr\/?p=4523\"><span id=\"result_box\" lang=\"de\"><span class=\"hps alt-edited\">Reservierungsbedingungen<\/span><\/span><\/a><span id=\"result_box\" lang=\"de\"><\/span><\/p>\n<p style=\"text-align: center;\">Wir haben kaum Chancen, den Raum so schnell wieder zu vermieten. Daher haben wir die folgenden Bedingungen :<\/p>\n<p style=\"text-align: center;\">&#8211; <strong>Im falle der Stornierung 10 Tage vor dem Aukunfts-datum wird 50% des gesamtpreises einbehalten. <\/strong>. (Ihre Kreditkarteninformationen benutzen wir nur f\u00fcr diesen Fall).<\/p>\n<p style=\"text-align: center;\">&#8211; Sie k\u00f6nnen f\u00fcr Ihren <strong>Aufenthalt vor Ort bei Ankunft bar <span id=\"result_box\" class=\"\" lang=\"de\" tabindex=\"-1\"><span class=\"hps\">oder<\/span> <span class=\"hps\">sofortige<\/span> <span class=\"hps\">\u00dcberweisung <\/span><\/span><\/strong> (keine Kreditkarte, nur als Garantie)<strong> zahlen.<\/strong><\/p>\n<p style=\"text-align: center;\"><strong>An-und Abreise:<\/strong><br \/>\nIhre Anreise wird <strong>zwischen 17 Uhr und 19.30<\/strong> Uhr erwartet. Wir akzeptieren eine sp\u00e4te Anreise bis 22h in Ausnahmef\u00e4llen und auf Anfrage. Das Zimmer muss <strong>vor 11:30<\/strong> Uhr ger\u00e4umt werden.<\/p>\n<p style=\"text-align: center;\">Unsere Zimmer sind ausschlie\u00dflich Nichtraucherzimmer.<br \/>\nHaustiere sind unter Voraussetzungen und auf Anfrage erlaubt<\/p>\n","protected":false},"excerpt":{"rendered":"<p>auf der Seite des Sonnenaufgangs fenster mit Blick auf den Park, . Auf der Etage liegend . 16 m2 .\u00a0 einem 150 x 200 cm Bett . Badezimmer . Separates Toilette . im Stil Lois-Philippe m\u00f6bliert Mindestpreis f\u00fcr 4 N\u00e4chte au\u00dfer Wochenende: 180 \u20ac f\u00fcr 1 Person (ohne Fr\u00fchst\u00fcck) Schlafset oder Handt\u00fccher gegen Aufpreis: 15 [&hellip;]<\/p>\n","protected":false},"author":1,"featured_media":0,"parent":2561,"menu_order":0,"comment_status":"closed","ping_status":"closed","template":"","meta":[],"yoast_head":"\n<title>rosa Zimmer La Thiau Gien Briare Sancerre Centre Loiretal frankreich<\/title>\n<meta name=\"description\" content=\"Das Rosa Zimmer, Auf der Etage liegend, ist dieses Zimmer mit einer Wohnfl\u00e4che von 17m2, Ostfenster mit Blick auf den Park, im Stil Lois\" \/>\n<meta name=\"robots\" content=\"index, follow, max-snippet:-1, max-image-preview:large, max-video-preview:-1\" \/>\n<link rel=\"canonical\" href=\"https:\/\/www.lathiau.fr\/de\/les-chambres\/chambre-rose\/\" \/>\n<meta property=\"og:locale\" content=\"de_DE\" \/>\n<meta property=\"og:type\" content=\"article\" \/>\n<meta property=\"og:title\" content=\"rosa Zimmer La Thiau Gien Briare Sancerre Centre Loiretal frankreich\" \/>\n<meta property=\"og:description\" content=\"Das Rosa Zimmer, Auf der Etage liegend, ist dieses Zimmer mit einer Wohnfl\u00e4che von 17m2, Ostfenster mit Blick auf den Park, im Stil Lois\" \/>\n<meta property=\"og:url\" content=\"https:\/\/www.lathiau.fr\/de\/les-chambres\/chambre-rose\/\" \/>\n<meta property=\"og:site_name\" content=\"Chambres d&#039;h\u00f4tes de charme, g\u00eetes Loiret Briare Gien Sancerre\" \/>\n<meta property=\"article:publisher\" content=\"https:\/\/www.facebook.com\/DomaineDeLaThiau\" \/>\n<meta property=\"article:modified_time\" content=\"2022-10-30T13:16:28+00:00\" \/>\n<meta property=\"og:image\" content=\"https:\/\/www.lathiau.fr\/wp-content\/uploads\/2013\/04\/dispotarifresa.jpg\" \/>\n<meta name=\"twitter:label1\" content=\"Est. reading time\">\n\t<meta name=\"twitter:data1\" content=\"2 minutes\">\n<script type=\"application\/ld+json\" class=\"yoast-schema-graph\">{\"@context\":\"https:\/\/schema.org\",\"@graph\":[{\"@type\":\"WebSite\",\"@id\":\"https:\/\/www.lathiau.fr\/#website\",\"url\":\"https:\/\/www.lathiau.fr\/\",\"name\":\"Chambres d&#039;h\\u00f4tes de charme, g\\u00eetes Loiret Briare Gien Sancerre\",\"description\":\"Chambres d&#039;h\\u00f4tes de charme et g\\u00eetes en Val de Loire entre Gien et Briare Sancerre Loiret 150km sud de Paris. Maison ind\\u00e9pendante, parc paysager, diner romantique, chateaux.\",\"potentialAction\":[{\"@type\":\"SearchAction\",\"target\":\"https:\/\/www.lathiau.fr\/?s={search_term_string}\",\"query-input\":\"required name=search_term_string\"}],\"inLanguage\":\"de-DE\"},{\"@type\":\"ImageObject\",\"@id\":\"https:\/\/www.lathiau.fr\/de\/les-chambres\/chambre-rose\/#primaryimage\",\"inLanguage\":\"de-DE\",\"url\":\"https:\/\/www.lathiau.fr\/wp-content\/uploads\/2013\/04\/dispotarifresa.jpg\",\"width\":152,\"height\":64,\"caption\":\"R\\u00e9server maintenant !\"},{\"@type\":\"WebPage\",\"@id\":\"https:\/\/www.lathiau.fr\/de\/les-chambres\/chambre-rose\/#webpage\",\"url\":\"https:\/\/www.lathiau.fr\/de\/les-chambres\/chambre-rose\/\",\"name\":\"rosa Zimmer La Thiau Gien Briare Sancerre Centre Loiretal frankreich\",\"isPartOf\":{\"@id\":\"https:\/\/www.lathiau.fr\/#website\"},\"primaryImageOfPage\":{\"@id\":\"https:\/\/www.lathiau.fr\/de\/les-chambres\/chambre-rose\/#primaryimage\"},\"datePublished\":\"2013-03-08T22:11:32+00:00\",\"dateModified\":\"2022-10-30T13:16:28+00:00\",\"description\":\"Das Rosa Zimmer, Auf der Etage liegend, ist dieses Zimmer mit einer Wohnfl\\u00e4che von 17m2, Ostfenster mit Blick auf den Park, im Stil Lois\",\"inLanguage\":\"de-DE\",\"potentialAction\":[{\"@type\":\"ReadAction\",\"target\":[\"https:\/\/www.lathiau.fr\/de\/les-chambres\/chambre-rose\/\"]}]}]}<\/script>\n","_links":{"self":[{"href":"https:\/\/www.lathiau.fr\/de\/wp-json\/wp\/v2\/pages\/2572\/"}],"collection":[{"href":"https:\/\/www.lathiau.fr\/de\/wp-json\/wp\/v2\/pages\/"}],"about":[{"href":"https:\/\/www.lathiau.fr\/de\/wp-json\/wp\/v2\/types\/page\/"}],"author":[{"embeddable":true,"href":"https:\/\/www.lathiau.fr\/de\/wp-json\/wp\/v2\/users\/1\/"}],"replies":[{"embeddable":true,"href":"https:\/\/www.lathiau.fr\/de\/wp-json\/wp\/v2\/comments\/?post=2572"}],"version-history":[{"count":30,"href":"https:\/\/www.lathiau.fr\/de\/wp-json\/wp\/v2\/pages\/2572\/revisions\/"}],"predecessor-version":[{"id":7445,"href":"https:\/\/www.lathiau.fr\/de\/wp-json\/wp\/v2\/pages\/2572\/revisions\/7445\/"}],"up":[{"embeddable":true,"href":"https:\/\/www.lathiau.fr\/de\/wp-json\/wp\/v2\/pages\/2561\/"}],"wp:attachment":[{"href":"https:\/\/www.lathiau.fr\/de\/wp-json\/wp\/v2\/media\/?parent=2572"}],"curies":[{"name":"wp","href":"https:\/\/api.w.org\/{rel}","templated":true}]}}