{"id":2575,"date":"2013-03-06T19:29:23","date_gmt":"2013-03-06T19:29:23","guid":{"rendered":"https:\/\/www.lathiau.fr\/les-gites-2\/"},"modified":"2021-01-28T19:41:02","modified_gmt":"2021-01-28T18:41:02","slug":"les-gites","status":"publish","type":"page","link":"https:\/\/www.lathiau.fr\/de\/les-gites\/","title":{"rendered":"Die Ferienha\u00fcser"},"content":{"rendered":"<h2>F\u00fcr einen Aufenthalt von einer Woche w\u00e4hlen sie unsure Ferienha\u00fcser, die freistehend sind und eine K\u00fcche haben.<\/h2>\n<h3>Die Ferienha\u00fcser sind m\u00f6bliert und K\u00f6nnen von Samstag bis Samstag oder von Sonntag auf Sonntag gemietet werden.<\/h3>\n<h3>Die Vermietung ist ohne <span id=\"result_box\" class=\"long_text\" lang=\"de\"><span title=\"Le gite est une location meubl\u00e9e du samedi au samedi ou du dimanche au dimanche, sans draps, ni linge de maison, ni entretien.&lt;br \/&gt;&lt;br \/&gt;&lt;br \/&gt;&lt;br \/&gt; \">Bettw\u00e4sche<\/span><\/span>, ohne K\u00fcchenhandt\u00fccher <span id=\"result_box\" class=\"\" lang=\"de\">(Es wird sie hier Ort bringen oder <span class=\"\">mieten)<\/span><\/span> und ohne Reiniguug <span id=\"result_box\" class=\"\" lang=\"de\">(Es dauert sorgf\u00e4ltig <span class=\"\">bei der Abreise<\/span> <span class=\"\">zu reinigen<\/span> <span class=\"\">oder<\/span> <span class=\"\">daf\u00fcr bezahlen<\/span><span class=\"\">)<\/span><\/span>.<\/h3>\n<p><span id=\"result_box\" class=\"\" lang=\"de\"><span class=\"\">Ich werde<\/span> <span class=\"\">Sie<\/span> <span class=\"\">bei Ankunft und Abreise<\/span> in der Zwischenzeit treffen Sie ruhig <span class=\"\">zu Hause sein<\/span>!<\/span><\/p>\n<p>Keine Vermietung f\u00fcr ein Wochenende oder f\u00fcr eine Nacht <span id=\"result_box\" class=\"long_text\" lang=\"de\"><span title=\"(voir les chambres d'h\u00f4tes)\">(Siehe <a href=\"https:\/\/www.lathiau.fr\/wp-admin\/post.php?post=2561&amp;action=edit&amp;lang=de\">Zimmerfrei<\/a>)<\/span><\/span><\/p>\n<h3><a href=\"https:\/\/www.lathiau.fr\/les-gites\/gite-de-la-loire\/?lang=en\">Gite de la Loire<\/a> : max. 2 pers.<\/h3>\n<h3><a href=\"https:\/\/www.lathiau.fr\/les-gites\/gite-de-la-ferme\/?lang=en\">Gite de la Ferme<\/a> ; max. 3 pers<\/h3>\n<h3><a href=\"https:\/\/www.lathiau.fr\/les-gites\/gite-du-val\/?lang=en\">Gite du Val<\/a> : max. 4 pers (no children under 15)<\/h3>\n<h3><a href=\"https:\/\/www.lathiau.fr\/les-gites\/gite-de-la-vigne\/?lang=en\">Gite de la Vigne<\/a> : max. 5 pers (no children under 15)<\/h3>\n","protected":false},"excerpt":{"rendered":"<p>F\u00fcr einen Aufenthalt von einer Woche w\u00e4hlen sie unsure Ferienha\u00fcser, die freistehend sind und eine K\u00fcche haben. Die Ferienha\u00fcser sind m\u00f6bliert und K\u00f6nnen von Samstag bis Samstag oder von Sonntag auf Sonntag gemietet werden. Die Vermietung ist ohne Bettw\u00e4sche, ohne K\u00fcchenhandt\u00fccher (Es wird sie hier Ort bringen oder mieten) und ohne Reiniguug (Es dauert sorgf\u00e4ltig [&hellip;]<\/p>\n","protected":false},"author":1,"featured_media":0,"parent":0,"menu_order":0,"comment_status":"closed","ping_status":"open","template":"","meta":[],"yoast_head":"\n<title>Die Ferienha\u00fcser B&amp;B Gien Sancerre Loiretal Frankreich<\/title>\n<meta name=\"description\" content=\"Die Ferienha\u00fcser sind m\u00f6bliert und K\u00f4nnen gemietet werden. Die Vermietung ist ohne Bettw\u00e4sche, ohne K\u00fcchenhandt\u00fccher und ohne Reiniguug. gard\" \/>\n<meta name=\"robots\" content=\"index, follow, max-snippet:-1, max-image-preview:large, max-video-preview:-1\" \/>\n<link rel=\"canonical\" href=\"https:\/\/www.lathiau.fr\/de\/les-gites\/\" \/>\n<meta property=\"og:locale\" content=\"de_DE\" \/>\n<meta property=\"og:type\" content=\"article\" \/>\n<meta property=\"og:title\" content=\"Die Ferienha\u00fcser B&amp;B Gien Sancerre Loiretal Frankreich\" \/>\n<meta property=\"og:description\" content=\"Die Ferienha\u00fcser sind m\u00f6bliert und K\u00f4nnen gemietet werden. Die Vermietung ist ohne Bettw\u00e4sche, ohne K\u00fcchenhandt\u00fccher und ohne Reiniguug. gard\" \/>\n<meta property=\"og:url\" content=\"https:\/\/www.lathiau.fr\/de\/les-gites\/\" \/>\n<meta property=\"og:site_name\" content=\"Chambres d&#039;h\u00f4tes de charme, g\u00eetes Loiret Briare Gien Sancerre\" \/>\n<meta property=\"article:publisher\" content=\"https:\/\/www.facebook.com\/DomaineDeLaThiau\" \/>\n<meta property=\"article:modified_time\" content=\"2021-01-28T18:41:02+00:00\" \/>\n<meta property=\"og:image\" content=\"https:\/\/www.lathiau.fr\/wp-content\/uploads\/2014\/04\/alleeprunus1wp.jpg\" \/>\n\t<meta property=\"og:image:width\" content=\"1600\" \/>\n\t<meta property=\"og:image:height\" content=\"800\" \/>\n<meta name=\"twitter:label1\" content=\"Est. reading time\">\n\t<meta name=\"twitter:data1\" content=\"1 minute\">\n<script type=\"application\/ld+json\" class=\"yoast-schema-graph\">{\"@context\":\"https:\/\/schema.org\",\"@graph\":[{\"@type\":\"WebSite\",\"@id\":\"https:\/\/www.lathiau.fr\/#website\",\"url\":\"https:\/\/www.lathiau.fr\/\",\"name\":\"Chambres d&#039;h\\u00f4tes de charme, g\\u00eetes Loiret Briare Gien Sancerre\",\"description\":\"Chambres d&#039;h\\u00f4tes de charme et g\\u00eetes en Val de Loire entre Gien et Briare Sancerre Loiret 150km sud de Paris. Maison ind\\u00e9pendante, parc paysager, diner romantique, chateaux.\",\"potentialAction\":[{\"@type\":\"SearchAction\",\"target\":\"https:\/\/www.lathiau.fr\/?s={search_term_string}\",\"query-input\":\"required name=search_term_string\"}],\"inLanguage\":\"de-DE\"},{\"@type\":\"WebPage\",\"@id\":\"https:\/\/www.lathiau.fr\/de\/les-gites\/#webpage\",\"url\":\"https:\/\/www.lathiau.fr\/de\/les-gites\/\",\"name\":\"Die Ferienha\\u00fcser B&B Gien Sancerre Loiretal Frankreich\",\"isPartOf\":{\"@id\":\"https:\/\/www.lathiau.fr\/#website\"},\"datePublished\":\"2013-03-06T19:29:23+00:00\",\"dateModified\":\"2021-01-28T18:41:02+00:00\",\"description\":\"Die Ferienha\\u00fcser sind m\\u00f6bliert und K\\u00f4nnen gemietet werden. Die Vermietung ist ohne Bettw\\u00e4sche, ohne K\\u00fcchenhandt\\u00fccher und ohne Reiniguug. gard\",\"inLanguage\":\"de-DE\",\"potentialAction\":[{\"@type\":\"ReadAction\",\"target\":[\"https:\/\/www.lathiau.fr\/de\/les-gites\/\"]}]}]}<\/script>\n","_links":{"self":[{"href":"https:\/\/www.lathiau.fr\/de\/wp-json\/wp\/v2\/pages\/2575\/"}],"collection":[{"href":"https:\/\/www.lathiau.fr\/de\/wp-json\/wp\/v2\/pages\/"}],"about":[{"href":"https:\/\/www.lathiau.fr\/de\/wp-json\/wp\/v2\/types\/page\/"}],"author":[{"embeddable":true,"href":"https:\/\/www.lathiau.fr\/de\/wp-json\/wp\/v2\/users\/1\/"}],"replies":[{"embeddable":true,"href":"https:\/\/www.lathiau.fr\/de\/wp-json\/wp\/v2\/comments\/?post=2575"}],"version-history":[{"count":12,"href":"https:\/\/www.lathiau.fr\/de\/wp-json\/wp\/v2\/pages\/2575\/revisions\/"}],"predecessor-version":[{"id":5681,"href":"https:\/\/www.lathiau.fr\/de\/wp-json\/wp\/v2\/pages\/2575\/revisions\/5681\/"}],"wp:attachment":[{"href":"https:\/\/www.lathiau.fr\/de\/wp-json\/wp\/v2\/media\/?parent=2575"}],"curies":[{"name":"wp","href":"https:\/\/api.w.org\/{rel}","templated":true}]}}