{"id":2580,"date":"2013-04-30T22:49:44","date_gmt":"2013-04-30T21:49:44","guid":{"rendered":"https:\/\/www.lathiau.fr\/les-gites\/gite-de-la-ferme\/"},"modified":"2023-04-24T19:17:18","modified_gmt":"2023-04-24T18:17:18","slug":"gite-de-la-ferme","status":"publish","type":"page","link":"https:\/\/www.lathiau.fr\/de\/les-gites\/gite-de-la-ferme\/","title":{"rendered":"Die Farm Ferienhaus &#8211; Max. 3 pers."},"content":{"rendered":"<h2><span id=\"result_box\" lang=\"de\" tabindex=\"-1\"><span class=\"hps\">Maximal 3<\/span> <span class=\"hps\">Personen<\/span><\/span>.\u00a0 :<\/h2>\n<h2>Diese Wohnung liegt in den ehemaligen St\u00e4llen des Bauernhofs, auf Paterre, und ist komplett unabh\u00e4ngig. Mit einer Fl\u00e4che von ungef\u00e2hr 70m2 setzt sie sich aus :<\/h2>\n<p>. 1 Zimmer mit einem 140x190cm Bett und<\/p>\n<p>. 1 kleines Zimmer (7m2) mit\u00a0einem 90cm Bett,<\/p>\n<p>. grossen Wohnzimmer (M\u00f6glichkeit einem 90 cm Bett im Wohnzimmer hinzuzuf\u00fcgen f\u00fcr 3 getrennte Betten),<\/p>\n<p>. <span id=\"result_box3\" lang=\"de\">kleine K\u00fcche rationale<\/span> (K\u00fchlschrank+Gefrierfach, Gasherd, Sp\u00fclbecken, Mikrowelle, Geschirrsp\u00fclmaschine usw.) und<\/p>\n<p>. Badezimmer mit Toilette und Waschmaschine zusammen.<\/p>\n<p>Free Wifi<\/p>\n<p>Unabh\u00e4ngiger Eingang, der auf der S\u00fcdseite auf einen kleinen privaten Garten zugeht mit Grillplatz.<\/p>\n<p>D<span id=\"result_box\" lang=\"de\">irekten Zugang zum Loire mit dem privaten Einfahrt<\/span>.<\/p>\n<p>Privatparkplatz auf dem Bauernhofgel\u00e4nde.<\/p>\n<p>Zugang zum Fitnessraum (mit B &amp; Bs gemeinsam).<\/p>\n<p><center>*<\/center><\/p>\n<h2><strong>*Wochenpreis von Samstag bis Samstag, inkl. WLAN und Wasser. Strom und Heizung werden nach Ablesung des An- und Abreisez\u00e4hlers verrechnet:<\/strong><\/h2>\n<p>&nbsp;<\/p>\n<h3><span id=\"result_box2\" lang=\"de\">ersten Woche<\/span> =<\/h3>\n<h3>&#8230;&#8230;&#8230;&#8230;&#8230;&#8230;&#8230;&#8230;&#8230;&#8230;270 Euro\u00a0das ganze Jahr au\u00dfer&#8230; \/<\/h3>\n<h3>&#8230;&#8230;&#8230;&#8230;&#8230;&#8230;&#8230;&#8230;&#8230;&#8230;350 Euro (Juli\/August).<\/h3>\n<h3><span id=\"result_box\" lang=\"de\">ab der zweiten Woche<\/span> =<\/h3>\n<h3>&#8230;&#8230;&#8230;&#8230;&#8230;&#8230;&#8230;&#8230;&#8230;&#8230;240 Euro das ganze Jahr au\u00dfer&#8230; \/<\/h3>\n<h3>&#8230;&#8230;&#8230;&#8230;&#8230;&#8230;&#8230;&#8230;&#8230;&#8230;320 Euro (Juli\/August).<\/h3>\n<p style=\"text-align: left;\"><span id=\"result_box\" lang=\"de\"><span class=\"hps atn\">(+ <\/span>Kurtaxe <span class=\"hps\">f\u00fcr die Stadt<\/span>)<\/span><\/p>\n<h2 style=\"text-align: center;\"><em><b><strong><span id=\"result_box\" lang=\"de\"><span class=\"hps\">Klicken sie auf das <span id=\"result_box\" lang=\"de\" tabindex=\"-1\">blaue Rechteck <\/span>unten um die Verf\u00fcgbarkeit, Preise und Online-Reservierung zu pr\u00fcfen (sicheres und verschl\u00fcsseltes Netzwerk sowohl Vertraulichkeit sind garantiert).<\/span><\/span><\/strong><\/b><\/em><\/h2>\n<p style=\"text-align: center;\"><a href=\"http:\/\/www.freetobook.com\/affiliates\/reservation.php?w_id=3710&amp;w_tkn=sGo6TPX9rh31silCaKpgovGgPQaJzxB6ajMihV5XghIaahfzIP2bkoQLtkpJC\"><img loading=\"lazy\" width=\"152\" height=\"64\" class=\"size-full wp-image-745\" src=\"https:\/\/www.lathiau.fr\/wp-content\/uploads\/2013\/04\/dispotarifresa.jpg\" alt=\"R\u00e9server maintenant !\" srcset=\"https:\/\/www.lathiau.fr\/wp-content\/uploads\/2013\/04\/dispotarifresa.jpg 152w, https:\/\/www.lathiau.fr\/wp-content\/uploads\/2013\/04\/dispotarifresa-150x64.jpg 150w\" sizes=\"(max-width: 152px) 100vw, 152px\" \/><\/a><\/p>\n<p style=\"text-align: center;\"><em><b><strong><b><strong><span id=\"result_box\" class=\"short_text\" lang=\"de\">Und wenn Ihre Reservierung best\u00e4tigt ist, so erwarten wir Sie gerne !<br \/>\n<\/span><\/strong><\/b><\/strong><\/b><\/em><\/p>\n<p style=\"text-align: center;\">***************************************<\/p>\n<p style=\"text-align: center;\"><span id=\"result_box\" lang=\"de\"><span class=\"hps\">Zusammenfassung der<\/span><\/span>\u00a0<a href=\"https:\/\/www.freetobook.com\/booking\/termsAndConditions.php?id=654688\"><span id=\"result_box\" lang=\"de\">Reservierungsbedingungen<\/span><\/a><\/p>\n<p style=\"text-align: center;\">Wir haben kaum Chancen, die Ferienhaus so schnell wieder zu vermieten. Daher haben wir die folgenden Bedingungen :<\/p>\n<p style=\"text-align: center;\">&#8211; <strong>Im falle der Stornierung 10 Tage vor dem Aukunfts-datum wird 30% des gesamtpreises einbehalten. <\/strong>. (Ihre Kreditkarteninformationen benutzen wir nur f\u00fcr diesen Fall).<\/p>\n<p style=\"text-align: center;\">&#8211; Sie k\u00f6nnen f\u00fcr Ihren <strong>Aufenthalt vor Ort bei Ankunft bar <span id=\"result_box\" lang=\"de\" tabindex=\"-1\"><span class=\"hps\">oder<\/span> <span class=\"hps\">sofortige<\/span> <span class=\"hps\">\u00dcberweisung <\/span><\/span><\/strong> (keine Kreditkarte, nur als Garantie) zahlen.<\/p>\n<p style=\"text-align: center;\"><strong>An-und Abreise:<\/strong><br \/>\nIhre Anreise wird <strong>zwischen 17 Uhr und 19.30<\/strong> Uhr erwartet. Wir akzeptieren eine sp\u00e4te Anreise bis 22h in Ausnahmef\u00e4llen und auf Anfrage. Die ferienhaus muss <strong>vor 10:00<\/strong> Uhr ger\u00e4umt werden,\u00a0<span id=\"result_box\" lang=\"de\" tabindex=\"-1\">ist der Haushalt <\/span> <span id=\"result_box\" lang=\"de\" tabindex=\"-1\">(Sonst wird es 43 \u20ac Mindest aufgeladen werden)<\/span> .<\/p>\n<p style=\"text-align: center;\">Unsere Ferienha\u00fcser sind ausschlie\u00dflich Nichtraucherzimmer.<\/p>\n<p style=\"text-align: center;\">Haustiere\u00a0 <strong><span id=\"result_box\" lang=\"de\" tabindex=\"-1\"><span class=\"hps\">nicht erlaubt<\/span><\/span><\/strong><\/p>\n<p style=\"text-align: center;\"><b><strong>\u00a0<\/strong><\/b><\/p>\n","protected":false},"excerpt":{"rendered":"<p>Maximal 3 Personen.\u00a0 : Diese Wohnung liegt in den ehemaligen St\u00e4llen des Bauernhofs, auf Paterre, und ist komplett unabh\u00e4ngig. Mit einer Fl\u00e4che von ungef\u00e2hr 70m2 setzt sie sich aus : . 1 Zimmer mit einem 140x190cm Bett und . 1 kleines Zimmer (7m2) mit\u00a0einem 90cm Bett, . grossen Wohnzimmer (M\u00f6glichkeit einem 90 cm Bett im [&hellip;]<\/p>\n","protected":false},"author":1,"featured_media":0,"parent":2575,"menu_order":0,"comment_status":"closed","ping_status":"open","template":"","meta":[],"yoast_head":"\n<title>Die Farm Ferienhaus Gien Briare Sancerre Centre-Loiretal frankreich<\/title>\n<meta name=\"description\" content=\"Die Farm Ferienhaus : Diese Wohnung liegt in den ehemaligen St\u00e4llen des Bauernhofs, auf Paterre, wurde 2004 renoviert und ist komplett unabh\u00e4ngig. Mit einer Fl\u00e4che von ungef\u00e2hr\" \/>\n<meta name=\"robots\" content=\"index, follow, max-snippet:-1, max-image-preview:large, max-video-preview:-1\" \/>\n<link rel=\"canonical\" href=\"https:\/\/www.lathiau.fr\/de\/les-gites\/gite-de-la-ferme\/\" \/>\n<meta property=\"og:locale\" content=\"de_DE\" \/>\n<meta property=\"og:type\" content=\"article\" \/>\n<meta property=\"og:title\" content=\"Die Farm Ferienhaus Gien Briare Sancerre Centre-Loiretal frankreich\" \/>\n<meta property=\"og:description\" content=\"Die Farm Ferienhaus : Diese Wohnung liegt in den ehemaligen St\u00e4llen des Bauernhofs, auf Paterre, wurde 2004 renoviert und ist komplett unabh\u00e4ngig. Mit einer Fl\u00e4che von ungef\u00e2hr\" \/>\n<meta property=\"og:url\" content=\"https:\/\/www.lathiau.fr\/de\/les-gites\/gite-de-la-ferme\/\" \/>\n<meta property=\"og:site_name\" content=\"Chambres d&#039;h\u00f4tes de charme, g\u00eetes Loiret Briare Gien Sancerre\" \/>\n<meta property=\"article:publisher\" content=\"https:\/\/www.facebook.com\/DomaineDeLaThiau\" \/>\n<meta property=\"article:modified_time\" content=\"2023-04-24T18:17:18+00:00\" \/>\n<meta property=\"og:image\" content=\"https:\/\/www.lathiau.fr\/wp-content\/uploads\/2013\/04\/dispotarifresa.jpg\" \/>\n<meta name=\"twitter:label1\" content=\"Est. reading time\">\n\t<meta name=\"twitter:data1\" content=\"2 minutes\">\n<script type=\"application\/ld+json\" class=\"yoast-schema-graph\">{\"@context\":\"https:\/\/schema.org\",\"@graph\":[{\"@type\":\"WebSite\",\"@id\":\"https:\/\/www.lathiau.fr\/#website\",\"url\":\"https:\/\/www.lathiau.fr\/\",\"name\":\"Chambres d&#039;h\\u00f4tes de charme, g\\u00eetes Loiret Briare Gien Sancerre\",\"description\":\"Chambres d&#039;h\\u00f4tes de charme et g\\u00eetes en Val de Loire entre Gien et Briare Sancerre Loiret 150km sud de Paris. Maison ind\\u00e9pendante, parc paysager, diner romantique, chateaux.\",\"potentialAction\":[{\"@type\":\"SearchAction\",\"target\":\"https:\/\/www.lathiau.fr\/?s={search_term_string}\",\"query-input\":\"required name=search_term_string\"}],\"inLanguage\":\"de-DE\"},{\"@type\":\"ImageObject\",\"@id\":\"https:\/\/www.lathiau.fr\/de\/les-gites\/gite-de-la-ferme\/#primaryimage\",\"inLanguage\":\"de-DE\",\"url\":\"https:\/\/www.lathiau.fr\/wp-content\/uploads\/2013\/04\/dispotarifresa.jpg\",\"width\":152,\"height\":64,\"caption\":\"R\\u00e9server maintenant !\"},{\"@type\":\"WebPage\",\"@id\":\"https:\/\/www.lathiau.fr\/de\/les-gites\/gite-de-la-ferme\/#webpage\",\"url\":\"https:\/\/www.lathiau.fr\/de\/les-gites\/gite-de-la-ferme\/\",\"name\":\"Die Farm Ferienhaus Gien Briare Sancerre Centre-Loiretal frankreich\",\"isPartOf\":{\"@id\":\"https:\/\/www.lathiau.fr\/#website\"},\"primaryImageOfPage\":{\"@id\":\"https:\/\/www.lathiau.fr\/de\/les-gites\/gite-de-la-ferme\/#primaryimage\"},\"datePublished\":\"2013-04-30T21:49:44+00:00\",\"dateModified\":\"2023-04-24T18:17:18+00:00\",\"description\":\"Die Farm Ferienhaus : Diese Wohnung liegt in den ehemaligen St\\u00e4llen des Bauernhofs, auf Paterre, wurde 2004 renoviert und ist komplett unabh\\u00e4ngig. Mit einer Fl\\u00e4che von ungef\\u00e2hr\",\"inLanguage\":\"de-DE\",\"potentialAction\":[{\"@type\":\"ReadAction\",\"target\":[\"https:\/\/www.lathiau.fr\/de\/les-gites\/gite-de-la-ferme\/\"]}]}]}<\/script>\n","_links":{"self":[{"href":"https:\/\/www.lathiau.fr\/de\/wp-json\/wp\/v2\/pages\/2580\/"}],"collection":[{"href":"https:\/\/www.lathiau.fr\/de\/wp-json\/wp\/v2\/pages\/"}],"about":[{"href":"https:\/\/www.lathiau.fr\/de\/wp-json\/wp\/v2\/types\/page\/"}],"author":[{"embeddable":true,"href":"https:\/\/www.lathiau.fr\/de\/wp-json\/wp\/v2\/users\/1\/"}],"replies":[{"embeddable":true,"href":"https:\/\/www.lathiau.fr\/de\/wp-json\/wp\/v2\/comments\/?post=2580"}],"version-history":[{"count":32,"href":"https:\/\/www.lathiau.fr\/de\/wp-json\/wp\/v2\/pages\/2580\/revisions\/"}],"predecessor-version":[{"id":7474,"href":"https:\/\/www.lathiau.fr\/de\/wp-json\/wp\/v2\/pages\/2580\/revisions\/7474\/"}],"up":[{"embeddable":true,"href":"https:\/\/www.lathiau.fr\/de\/wp-json\/wp\/v2\/pages\/2575\/"}],"wp:attachment":[{"href":"https:\/\/www.lathiau.fr\/de\/wp-json\/wp\/v2\/media\/?parent=2580"}],"curies":[{"name":"wp","href":"https:\/\/api.w.org\/{rel}","templated":true}]}}