{"id":3268,"date":"2013-03-06T19:52:18","date_gmt":"2013-03-06T19:52:18","guid":{"rendered":"https:\/\/www.lathiau.fr\/reservation-2\/"},"modified":"2017-06-06T17:42:30","modified_gmt":"2017-06-06T16:42:30","slug":"reservation","status":"publish","type":"page","link":"https:\/\/www.lathiau.fr\/de\/reservation\/","title":{"rendered":"Reservierung"},"content":{"rendered":"<h1 style=\"text-align: center;\"><a href=\"https:\/\/www.lathiau.fr\/les-gites\/?lang=de\"><strong>Um ein Ferienhaus im Domaine de la Thiau zu reservieren,<\/strong> gehen Sie auf die Seite des ausgew\u00e4hlten Ferienhauses und suchen Sie die Verf\u00fcgbarkeit\/Reservierung online (<span id=\"result_box\" class=\"short_text\" lang=\"de\"><span class=\"\">Klicken Sie auf diese lign)<\/span><\/span><\/a><\/h1>\n<h1 style=\"text-align: center;\">Um ein <strong>Zimmer<\/strong> im Domaine de la Thiau zu reservieren :<\/h1>\n<p style=\"text-align: center;\">Klicken sie auf <span id=\"result_box\" class=\"\" lang=\"de\" tabindex=\"-1\"><span class=\"\">das blaue Rechteck<\/span><\/span> unten um die Verf\u00fcgbarkeit, Preise und Online-Reservierung zu pr\u00fcfen (sicheres und verschl\u00fcsseltes Netzwerk sowohl Vertraulichkeit sind garantiert).<\/p>\n<p><a title=\"r\u00e9servez maintenant !\" href=\"http:\/\/www.freetobook.com\/affiliates\/reservation.php?w_id=3475&amp;w_tkn=twRTrr9MWPrNep43mOcpfgmjLp12BLbG561Ow1DndgrYwwezf8nh4rQgSFHJD\" target=\"_blank\" rel=\"noopener noreferrer\"><img loading=\"lazy\" class=\"aligncenter size-full wp-image-745\" src=\"https:\/\/www.lathiau.fr\/wp-content\/uploads\/2013\/04\/dispotarifresa.jpg\" alt=\"R\u00e9server maintenant !\" width=\"152\" height=\"64\" srcset=\"https:\/\/www.lathiau.fr\/wp-content\/uploads\/2013\/04\/dispotarifresa.jpg 152w, https:\/\/www.lathiau.fr\/wp-content\/uploads\/2013\/04\/dispotarifresa-150x64.jpg 150w\" sizes=\"(max-width: 152px) 100vw, 152px\" \/><\/a><\/p>\n<p style=\"text-align: center;\"><span id=\"result_box\" class=\"short_text\" lang=\"de\">Und wenn Ihre Reservierung best\u00e4tigt ist, so erwarten wir Sie gerne !<br \/>\n<\/span><\/p>\n<p style=\"text-align: center;\">*********************************************<\/p>\n<p style=\"text-align: center;\">Oder<\/p>\n<h1 style=\"text-align: center;\">1\/ Pr\u00fcfen Sie zu welchen Terminen eine Vermietung m\u00f6glich ist:<\/h1>\n<h1 style=\"text-align: center;\">durch einen Anruf bei uns unter :<b><span style=\"font-size: small;\"> +33 662 432 092 <\/span><\/b><span style=\"font-size: small;\"><span id=\"result_box\" class=\"\" lang=\"de\" tabindex=\"-1\"><span class=\"hps\">(aber ich<\/span> <span class=\"hps\">nicht Deutsch<\/span> <span class=\"hps\">sprechen<\/span><span class=\"\">)<\/span><\/span><\/span><b><span style=\"font-size: small;\"><br \/>\n<\/span><span style=\"font-size: small;\"><br \/>\n<\/span><\/b>oder schicken Sie uns eine Email : : <a href=\"mailto:info@lathiau.fr\">info@lathiau.fr<\/a><\/h1>\n<p style=\"text-align: center;\">2\/ Ausdrucken und Ausf\u00fcllen des <a href=\"https:\/\/www.lathiau.fr\/old\/acontrat.htm\">Reservierungvertrages<\/a> n\u00e4chste Seite..<\/p>\n<p style=\"text-align: center;\">3\/ Schicken Sie uns den Vertrag unterschrieben und mit einer \u00dcberweisung als Anzahlung an folgende Adresse:<\/p>\n<p style=\"text-align: center;\">Madame B\u00e9n\u00e9dicte Fran\u00e7ois-Ducluzeau<br \/>\nDomaine de la Thiau<br \/>\n45250 BRIARE<br \/>\nFRANCE<\/p>\n<p style=\"text-align: center;\">\u00a0Eine Nacht in einem Herrenhaus verbringen&#8230; In aller Ruhe ein Fr\u00fchst\u00fcck des Hauses geniessen, vom Besitzer einige n\u00fctzliche Ratschl\u00e4ge f\u00fcr Ihren Aufenthalt erhalten&#8230;Mit anderen Urlaubern plaudern die man unterwegs trifft&#8230;So sieht ein Aufenthalt &#8220;chambre d&#8217;h\u00f4te&#8221; oder &#8220;bed and breakfast auf franz\u00f6sische Art aus: f\u00fcr eine oder mehrere N\u00e4chte werden Sie freundschaftlich bei Privatleuten, die ihr Haus eingerichtet haben, empfangen.<br \/>\nEine Reiseart, die mehr und mehr Menschen anspricht, die auf der Suche nach einem besonderen und authentischen Aufenthalt sind. In einer ruhigen und angenehmen Umgebung und maximal 4 Zimmern verbringen Sie einen angenehmen Aufenthalt und entdecken das Umland.<\/p>\n<p style=\"text-align: center;\">Das Ziel eines jeden Besitzers ist es, Sie mit unserer sch\u00f6nen Gegend bekannt zu machen. Bedenken Sie dass die &#8220;chambres d&#8217;hotes&#8221; (G\u00e4stezimmer) keine Hotels sind, Sie werden dort keinen Hotelkomfort vorfinden. Auf alle F\u00e4lle beginnt hier der Charme, es sind die Hausherren die Sie empfangen.<\/p>\n<p style=\"text-align: center;\">********************************************<\/p>\n<p style=\"text-align: center;\"><span id=\"result_box\" lang=\"de\"><span class=\"hps\">Zusammenfassung der<\/span><\/span>\u00a0<a href=\"https:\/\/lathiau.fr\/conditionsgenerales.htm\"><span id=\"result_box\" lang=\"de\">Reservierungsbedingungen<\/span><\/a><span id=\"result_box\" lang=\"de\"><\/span><\/p>\n<p style=\"text-align: center;\">Wir haben kaum Chancen, den Raum so schnell wieder zu vermieten. Daher haben wir die folgenden Bedingungen :<\/p>\n<p style=\"text-align: center;\">&#8211; Wenn Sie ihre Reservierung stornieren, so behalten wir die <strong>Anzahlung von 50 %<\/strong>. (Ihre Kreditkarteninformationen benutzen wir nur f\u00fcr diesen Fall).<\/p>\n<p style=\"text-align: center;\">&#8211; Sie k\u00f6nnen f\u00fcr Ihren <strong>Aufenthalt vor Ort bei Ankunft ba<\/strong>r<strong> <span id=\"result_box\" lang=\"de\" tabindex=\"-1\">oder sofortige \u00dcberweisung <\/span><\/strong>(keine Kreditkarte, nur als Garantie)<strong> zahlen.<\/strong><\/p>\n<p style=\"text-align: center;\"><strong>An-und Abreise:<\/strong><br \/>\nIhre Anreise wird <strong>zwischen 17 Uhr und 19.30<\/strong> Uhr erwartet. Wir akzeptieren eine sp\u00e4te Anreise bis 22h in Ausnahmef\u00e4llen und auf Anfrage. Das Zimmer muss <strong>vor 11:30<\/strong> Uhr ger\u00e4umt werden.<\/p>\n<p style=\"text-align: center;\">Unsere Zimmer sind ausschlie\u00dflich Nichtraucherzimmer.<br \/>\nHaustiere sind unter Voraussetzungen und auf Anfrage erlaubt<\/p>\n<p style=\"text-align: center;\">\n","protected":false},"excerpt":{"rendered":"<p>Um ein Ferienhaus im Domaine de la Thiau zu reservieren, gehen Sie auf die Seite des ausgew\u00e4hlten Ferienhauses und suchen Sie die Verf\u00fcgbarkeit\/Reservierung online (Klicken Sie auf diese lign) Um ein Zimmer im Domaine de la Thiau zu reservieren : Klicken sie auf das blaue Rechteck unten um die Verf\u00fcgbarkeit, Preise und Online-Reservierung zu pr\u00fcfen [&hellip;]<\/p>\n","protected":false},"author":1,"featured_media":943,"parent":0,"menu_order":0,"comment_status":"closed","ping_status":"closed","template":"","meta":[],"yoast_head":"\n<title>Reservierung<\/title>\n<meta name=\"description\" content=\"Um zu reservieren : Klicken Sie auf die Button unten, um Verf\u00fcgbarkeit, Preise und Online-Reservierung\u00a0\" \/>\n<meta name=\"robots\" content=\"index, follow, max-snippet:-1, max-image-preview:large, max-video-preview:-1\" \/>\n<link rel=\"canonical\" href=\"https:\/\/www.lathiau.fr\/de\/reservation\/\" \/>\n<meta property=\"og:locale\" content=\"de_DE\" \/>\n<meta property=\"og:type\" content=\"article\" \/>\n<meta property=\"og:title\" content=\"Reservierung\" \/>\n<meta property=\"og:description\" content=\"Um zu reservieren : Klicken Sie auf die Button unten, um Verf\u00fcgbarkeit, Preise und Online-Reservierung\u00a0\" \/>\n<meta property=\"og:url\" content=\"https:\/\/www.lathiau.fr\/reservation\/\" \/>\n<meta property=\"og:site_name\" content=\"Chambres d&#039;h\u00f4tes de charme, g\u00eetes Loiret Briare Gien Sancerre\" \/>\n<meta property=\"article:publisher\" content=\"https:\/\/www.facebook.com\/DomaineDeLaThiau\" \/>\n<meta property=\"article:modified_time\" content=\"2017-06-06T16:42:30+00:00\" \/>\n<meta property=\"og:image\" content=\"https:\/\/www.lathiau.fr\/wp-content\/uploads\/2013\/03\/52.jpg\" \/>\n\t<meta property=\"og:image:width\" content=\"1944\" \/>\n\t<meta property=\"og:image:height\" content=\"2592\" \/>\n<meta name=\"twitter:label1\" content=\"Est. reading time\">\n\t<meta name=\"twitter:data1\" content=\"2 minutes\">\n<script type=\"application\/ld+json\" class=\"yoast-schema-graph\">{\"@context\":\"https:\/\/schema.org\",\"@graph\":[{\"@type\":\"WebSite\",\"@id\":\"https:\/\/www.lathiau.fr\/#website\",\"url\":\"https:\/\/www.lathiau.fr\/\",\"name\":\"Chambres d&#039;h\\u00f4tes de charme, g\\u00eetes Loiret Briare Gien Sancerre\",\"description\":\"Chambres d&#039;h\\u00f4tes de charme et g\\u00eetes en Val de Loire entre Gien et Briare Sancerre Loiret 150km sud de Paris. Maison ind\\u00e9pendante, parc paysager, diner romantique, chateaux.\",\"potentialAction\":[{\"@type\":\"SearchAction\",\"target\":\"https:\/\/www.lathiau.fr\/?s={search_term_string}\",\"query-input\":\"required name=search_term_string\"}],\"inLanguage\":\"de-DE\"},{\"@type\":\"ImageObject\",\"@id\":\"https:\/\/www.lathiau.fr\/reservation\/#primaryimage\",\"inLanguage\":\"de-DE\",\"url\":\"https:\/\/www.lathiau.fr\/wp-content\/uploads\/2013\/03\/52.jpg\",\"width\":1944,\"height\":2592},{\"@type\":\"WebPage\",\"@id\":\"https:\/\/www.lathiau.fr\/reservation\/#webpage\",\"url\":\"https:\/\/www.lathiau.fr\/reservation\/\",\"name\":\"Reservierung\",\"isPartOf\":{\"@id\":\"https:\/\/www.lathiau.fr\/#website\"},\"primaryImageOfPage\":{\"@id\":\"https:\/\/www.lathiau.fr\/reservation\/#primaryimage\"},\"datePublished\":\"2013-03-06T19:52:18+00:00\",\"dateModified\":\"2017-06-06T16:42:30+00:00\",\"description\":\"Um zu reservieren : Klicken Sie auf die Button unten, um Verf\\u00fcgbarkeit, Preise und Online-Reservierung\\u00a0\",\"inLanguage\":\"de-DE\",\"potentialAction\":[{\"@type\":\"ReadAction\",\"target\":[\"https:\/\/www.lathiau.fr\/reservation\/\"]}]}]}<\/script>\n","_links":{"self":[{"href":"https:\/\/www.lathiau.fr\/de\/wp-json\/wp\/v2\/pages\/3268\/"}],"collection":[{"href":"https:\/\/www.lathiau.fr\/de\/wp-json\/wp\/v2\/pages\/"}],"about":[{"href":"https:\/\/www.lathiau.fr\/de\/wp-json\/wp\/v2\/types\/page\/"}],"author":[{"embeddable":true,"href":"https:\/\/www.lathiau.fr\/de\/wp-json\/wp\/v2\/users\/1\/"}],"replies":[{"embeddable":true,"href":"https:\/\/www.lathiau.fr\/de\/wp-json\/wp\/v2\/comments\/?post=3268"}],"version-history":[{"count":12,"href":"https:\/\/www.lathiau.fr\/de\/wp-json\/wp\/v2\/pages\/3268\/revisions\/"}],"predecessor-version":[{"id":5458,"href":"https:\/\/www.lathiau.fr\/de\/wp-json\/wp\/v2\/pages\/3268\/revisions\/5458\/"}],"wp:featuredmedia":[{"embeddable":true,"href":"https:\/\/www.lathiau.fr\/de\/wp-json\/wp\/v2\/media\/943\/"}],"wp:attachment":[{"href":"https:\/\/www.lathiau.fr\/de\/wp-json\/wp\/v2\/media\/?parent=3268"}],"curies":[{"name":"wp","href":"https:\/\/api.w.org\/{rel}","templated":true}]}}