{"id":3272,"date":"2013-03-08T10:58:13","date_gmt":"2013-03-08T09:58:13","guid":{"rendered":"https:\/\/www.lathiau.fr\/sejour-romantique-2\/"},"modified":"2018-12-20T19:57:45","modified_gmt":"2018-12-20T18:57:45","slug":"sejour-romantique","status":"publish","type":"page","link":"https:\/\/www.lathiau.fr\/de\/sejour-romantique\/","title":{"rendered":"Romantischer Aufenthalt f\u00fcr Verliebte"},"content":{"rendered":"<h2><strong>Jedes Wochenende Sankt Valentin<\/strong>, Romantischer Aufenthalt f\u00fcr Verliebte,\u00a0Oder auch unter der Woche f\u00fcr eine Reservierung von mindestens 2 \u00dcbernachtungen : Abendessen f\u00fcr Verliebte, im Wohnzimmers der Suite Fran\u00e7ois Iste oder Suite Marguerite de Navarre. Champagner, Kerzenschein und Kaminfeuer (letzteres nur in der Suite Francois 1st und dem Claude de France Zimmer, Elektrischer Kamin in der Suite Marguerite de Navarre).<\/h2>\n<h3><strong><span style=\"text-decoration: underline;\">Gastronomische Pauschale <\/span><\/strong>: <span id=\"result_box\" lang=\"de\">zubereitet mit Leidenschaft von mir<\/span>, Tellerservice<\/h3>\n<h4>Ein vorbereiteter Tisch f\u00fcr Sie beide allein sieht so aus :<\/h4>\n<p>F\u00fcr die <a href=\"https:\/\/www.lathiau.fr\/wp-admin\/post.php?post=792&amp;action=edit&amp;lang=fr\">Suite Fran\u00e7ois I<\/a>. und die <a href=\"https:\/\/www.lathiau.fr\/wp-admin\/post.php?post=793&amp;action=edit&amp;lang=fr\">Suite Marguerite de Navarre<\/a> , in ihrem privaten Aufenthalt,<br \/>\nF\u00fcr das <a href=\"https:\/\/www.lathiau.fr\/wp-admin\/post.php?post=794&amp;action=edit&amp;lang=fr\">Claude de France (gr\u00fcne) Zimmer<\/a>, in diesem gro\u00dfen Zimmer nahe dem Kaminfeuer,<br \/>\nF\u00fcr das <a href=\"https:\/\/www.lathiau.fr\/wp-admin\/post.php?post=795&amp;action=edit&amp;lang=fr\">Louise de Savoie (rosa) Zimmer<\/a>, in der veranda,<br \/>\nVon L\u00e4mpchen in einer romantischen Umgebung erhellt!<\/p>\n<p>Die Flasche Champagner ist im Preis inbegeriffen : Wenn Sie ihn als aperitif w\u00fcnschen, k\u00f6nnen Sie Wein hinzuf\u00fcgen, rot, ros\u00e9 oder wei\u00df. Ich ziehe die \u00f6rtliche Produktion, &#8220;Aoc C\u00f4teaux du Giennois&#8221; P. Poupat, 3 Mal Goldtr\u00e4ger einer Medaille im Landwirtschaftlichen Allgemeinen Wettbewerb 2005 von Paris vor Preis f\u00fcr eine 75cl Flasche : 14 \u20ac.<\/p>\n<p>Kein Stre\u00df: Sie w\u00e4hlen selbst Ihren Zeitplan des Abendessens entsprechend Ihrer Ankunftszeit.<\/p>\n<p style=\"text-align: left;\" align=\"center\">Z\u00f6gern Sie nicht, \u201eHand aufs Herz\u201c, Sie werden dieses spezielle Angebot nicht bereuen !<\/p>\n<p><center><span style=\"color: #000000; font-family: Times New Roman,Times,serif;\"><em>***********************************************<\/em><\/span><\/center><center><\/center><center><center><strong> <span id=\"result_box2\" lang=\"de\">Probe Gourmet-Men\u00fc<\/span> (<span id=\"result_box4\" lang=\"de\">Winter \/ Fr\u00fchjahr<\/span> 2018)<\/strong> <em><br \/>\n<\/em><\/center><center><\/center><center><\/center><center><center><em>Terrine d&#8217;\u00e9crevisses \u00e0 l&#8217;armoricaine, cr\u00e8me l\u00e9g\u00e8rement citronn\u00e9e ou<\/em><\/center><\/center><\/center><\/p>\n<p style=\"text-align: center;\"><em>Assortiment de terrines &#8220;Retour de chasse&#8221;, chutney et salade d&#8217;herbes<\/em><\/p>\n<p><center><em> ******* <\/em><center><em>Dos de saumon, cr\u00e8me d&#8217;oseille, gratin dauphinois ou<\/em><\/center><\/center><\/p>\n<p style=\"text-align: center;\"><em>Civet de sanglier fa\u00e7on Grand-M\u00e8re, gratin de l\u00e9gumes <\/em><\/p>\n<p><center><em>*******<\/em><\/center><center><em>Crottin de Chavignol et sa salade d&#8217;herbes<\/em><\/center><center><em>******* <\/em><\/center><\/p>\n<p align=\"center\"><em>Gratin de fruits rouges, nuage de rhum ou<\/em><\/p>\n<p><center><em>Coeur coulant chocolat, cr\u00e8me anglaise<\/em><\/center><center>***********************************************<\/center><\/p>\n<p style=\"text-align: left;\"><em>Preisbeispiel F\u00dcR 2 N\u00c4CHTE<\/em> :<\/p>\n<p style=\"text-align: left;\"><strong>Suite Fran\u00e7ois Iste und Suite Marguerite de Navarre, 256 Euro<\/strong> Fr\u00fcckst\u00fccke inbegriffen + 1 Diner am Abend der Ankunft, (Vorspeise, Tagesgericht, K\u00e4se, Dessert, Brot, 1 Flasche CHAMPAGNER inbegriffen), Preis f\u00fcr 2 Personen.<\/p>\n<p style=\"text-align: left;\"><strong>Louise de Savoie (rosa) Zimmer : 226 Euro<\/strong> 2 N\u00e4chte f\u00fcr 2 Personen, Fr\u00fchst\u00fcck und 1 Diner inbegriffen (wie oben).<\/p>\n<p style=\"text-align: left;\"><strong>Claude de France (gr\u00fcnes) Zimmer : 236 Euro<\/strong> 2 N\u00e4chte f\u00fcr 2 Personen, Fr\u00fchst\u00fcck und 1 Diner inbegriffen (wie oben).<\/p>\n<div id=\"tts_button\" style=\"text-align: left;\"><span id=\"result_box\" class=\"short_text\" lang=\"de\"><span class=\"hps\">Genie\u00dfen Sie diesen Moment unter 4 Augen (ohne Personal) !<br \/>\n<\/span><\/span><\/div>\n<p style=\"text-align: left;\"><span id=\"result_box3\" lang=\"de\"><strong>Ich kann hinzuf\u00fcgen<\/strong> :<\/span><\/p>\n<p style=\"text-align: left;\">* Abendessen mit <strong>Wein (AOC Coteaux du Giennois)<\/strong> auf \u20ac 75 f\u00fcr 2 Personen<\/p>\n<p style=\"text-align: left;\">*\u00a0<strong>Zus\u00e4tzliche N\u00e4chte<\/strong> <span id=\"result_box7\" lang=\"de\">f\u00fcr<\/span> 70 \u20ac im Zimmer und 80 \u20ac in den Suiten, inklusive Fr\u00fchst\u00fcck,<\/p>\n<p style=\"text-align: left;\">* Ein Strau\u00df von <strong>7 Rosen<\/strong> f\u00fcr 17 \u20ac (oder 14 bis 34 \u20ac)<\/p>\n<p style=\"text-align: left;\">* Reservierungsm\u00f6glichkeit in einem gastronomischen Restaurant ohne astronomische Preise f\u00fcr den zweiten Abend.<\/p>\n<p style=\"text-align: left;\">Organisation von Rundfahrten: \u00f6nologische, touristische, zu Fuss, per Rad.<\/p>\n<h4 align=\"center\">**********************************<\/h4>\n<h4 align=\"center\"><strong><span style=\"font-size: small;\"><span style=\"text-decoration: underline;\">Entspannung und Fittness<\/span> <\/span><\/strong><\/h4>\n<p style=\"text-align: left;\" align=\"center\"><span id=\"result_box5\" lang=\"de\"><br \/>\nZus\u00e4tzlich zu unseren Aufenthalt &#8220;in der Liebe! &#8230;&#8221; G\u00f6nnen Sie sich einen <strong>Moment der Entspannung<\/strong> mit der Betreuung durch unseren Partner Institut in Briare oder <strong>in<\/strong> <strong>Ihrem Zimmer<\/strong> (je nach Zeitplan und Verf\u00fcgbarkeit der Kosmetikerin)<strong> mit Produkten aus kontrolliert biologischem<\/strong> Anbau <a href=\"http:\/\/%20www.atelierdesdelices.fr\/:\">&#8220;L&#8217;Atelier des Delices&#8221; <\/a>, <span id=\"result_box\" class=\"\" lang=\"de\" tabindex=\"-1\"><span class=\"hps\">von einem qualifizierten<\/span> <span class=\"hps\">Kosmetikerin<\/span> <span class=\"hps\">gemacht<\/span> <span class=\"hps\">Pflege<\/span><\/span> :<br \/>\n<\/span><\/p>\n<p>&#8211; Facial: Pause Clarity, 50 min : 49 \u20ac oder<\/p>\n<p>Beruhigende oder Feuchtigkeitscreme oder Smoothing oder Reinigung oder Toning, 1:20 : 60 \u20ac<\/p>\n<p>Nourishing, 1:20 : 70 \u20ac<\/p>\n<p>&#8211; Entspannen oder belebenden Massage oder Festigkeit, 01.00 : 59 \u20ac<\/p>\n<p>&#8211; Scrub + entspannende Massage oder Belebung oder Festigkeit, 1:30 : 80 \u20ac<\/p>\n<p>&#8211; Scrub + Wrap + Massage entspannen oder Belebung oder Festigkeit, 2:00 : 95 \u20ac<\/p>\n<p><strong>Sportzimmer<\/strong>\u00a0<span id=\"result_box\" class=\"\" lang=\"de\"><span title=\"salle de sports sur place&lt;\/p&gt;&lt;br \/&gt;&lt;br \/&gt; &lt;p&gt;\">vor Ort<\/span><\/span> mit verschiedenen Fitnessger\u00e4ten (Step, Heimfahrrad, Ruderger\u00e4t&#8230;)<\/p>\n<p><a href=\"http:\/\/cabriare.fr\/espace-bienetre.php\"><strong><span id=\"result_box\" class=\"\" lang=\"de\"><span title=\"Piscine, jacuzzi, sauna et hammam \u00e0 Briare\">Schwimmbad, Jacuzzi, Sauna und Dampfbad in Briare<\/span><\/span>.<\/strong><\/a><\/p>\n<h3 style=\"text-align: center;\"><strong><span id=\"result_box\" lang=\"de\"><em><span class=\"hps\">Klicken Sie auf den<\/span> <span id=\"result_box\" class=\"\" lang=\"de\"><span title=\"Cliquez sur le bouton bleu ci-dessous pour la disponibilit\u00e9, le prix et r\u00e9server en ligne (r\u00e9seau s\u00e9curis\u00e9 et crypt\u00e9, confidentialit\u00e9 garantie) :&lt;br \/&gt; \">blaue <\/span><\/span><span class=\"hps alt-edited\">Button unten<\/span>, um Verf\u00fcgbarkeit (<span id=\"result_box\" class=\"short_text\" lang=\"de\"><span class=\"hps\">Blick auf diese<\/span> <span class=\"hps\">Titel<\/span><\/span> : &#8220;En Amoureux&#8230;&#8221;, <\/em><span class=\"hps\"><em>Preise und Online-Reservierung zu pr\u00fcfen (sicheres und verschl\u00fcsseltes Netzwerk sowohl Vertraulichkeit sind garantiert).<\/em> <\/span><\/span><\/strong><\/h3>\n<p><a title=\"r\u00e9servez maintenant !\" href=\"http:\/\/www.freetobook.com\/affiliates\/reservation.php?w_id=3475&amp;w_tkn=twRTrr9MWPrNep43mOcpfgmjLp12BLbG561Ow1DndgrYwwezf8nh4rQgSFHJD\" target=\"_blank\" rel=\"noopener\"><img loading=\"lazy\" class=\"aligncenter size-full wp-image-745\" src=\"https:\/\/www.lathiau.fr\/wp-content\/uploads\/2013\/04\/dispotarifresa.jpg\" alt=\"R\u00e9server maintenant !\" width=\"152\" height=\"64\" srcset=\"https:\/\/www.lathiau.fr\/wp-content\/uploads\/2013\/04\/dispotarifresa.jpg 152w, https:\/\/www.lathiau.fr\/wp-content\/uploads\/2013\/04\/dispotarifresa-150x64.jpg 150w\" sizes=\"(max-width: 152px) 100vw, 152px\" \/><\/a><\/p>\n<p style=\"text-align: center;\"><span id=\"result_box\" class=\"short_text\" lang=\"de\"><em><strong>Und wenn Ihre Reservierung best\u00e4tigt ist, so erwarten wir Sie gerne !<\/strong><\/em><br \/>\n<\/span><\/p>\n<p style=\"text-align: center;\">*********************************************<\/p>\n<p style=\"text-align: center;\"><span id=\"result_box\" lang=\"de\"><span class=\"hps\">Zusammenfassung der<\/span><\/span>\u00a0<a href=\"https:\/\/www.lathiau.fr\/?p=4523\"><span id=\"result_box\" lang=\"de\">Reservierungsbedingungen<\/span><\/a><span id=\"result_box\" lang=\"de\"><\/span><\/p>\n<p style=\"text-align: center;\">Wir haben kaum Chancen, den Raum so schnell wieder au vermieten. Daher haben wir die folgenden Bedingungen :<\/p>\n<p style=\"text-align: center;\">&#8211; <strong>Im falle der Stornierung 10 Tage vor dem Aukunfts-datum wird 50% des gesamtpreises einbehalten. <\/strong>. (Ihre Kreditkarteninformationen benutzen wir nur f\u00fcr diesen Fall).<\/p>\n<p style=\"text-align: center;\">&#8211; Sie k\u00f6nnen f\u00fcr Ihren <strong>Aufenthalt vor Ort bei Ankunft bar <span id=\"result_box\" class=\"\" lang=\"de\" tabindex=\"-1\"><span class=\"hps\">oder<\/span> <span class=\"hps\">sofortige<\/span> <span class=\"hps\">\u00dcberweisung <\/span><\/span><\/strong> (keine Kreditkarte, nur als Garantie) zahlen.<\/p>\n<p style=\"text-align: center;\"><strong>An-und Abreise:<\/strong><br \/>\nIhre Anreise wird <strong>zwischen 17 Uhr und 19.30<\/strong> Uhr erwartet. Wir akzeptieren eine sp\u00e4te Anreise bis 22h in Ausnahmef\u00e4llen und auf Anfrage. Das Zimmer muss <strong>vor 11:30<\/strong> Uhr ger\u00e4umt werden.<\/p>\n<p style=\"text-align: center;\">Unsere Zimmer sind ausschlie\u00dflich Nichtraucherzimmer.<br \/>\nHaustiere sind unter Voraussetzungen und auf Anfrage erlaubt<\/p>\n","protected":false},"excerpt":{"rendered":"<p>Jedes Wochenende Sankt Valentin, Romantischer Aufenthalt f\u00fcr Verliebte,\u00a0Oder auch unter der Woche f\u00fcr eine Reservierung von mindestens 2 \u00dcbernachtungen : Abendessen f\u00fcr Verliebte, im Wohnzimmers der Suite Fran\u00e7ois Iste oder Suite Marguerite de Navarre. Champagner, Kerzenschein und Kaminfeuer (letzteres nur in der Suite Francois 1st und dem Claude de France Zimmer, Elektrischer Kamin in der [&hellip;]<\/p>\n","protected":false},"author":1,"featured_media":0,"parent":0,"menu_order":0,"comment_status":"closed","ping_status":"closed","template":"","meta":[],"yoast_head":"\n<title>Romantischer Aufenthalt f\u00fcr Verliebte Gien Loiretal Frankreich<\/title>\n<meta name=\"description\" content=\"Verschenken Sie einen Romantischer Aufenthalt zwischen Verliebte . Feiern Sie einen Geburtstag oder eine Hochzeit in einem charmanten Ort gemacht\" \/>\n<meta name=\"robots\" content=\"index, follow, max-snippet:-1, max-image-preview:large, max-video-preview:-1\" \/>\n<link rel=\"canonical\" href=\"https:\/\/www.lathiau.fr\/de\/sejour-romantique\/\" \/>\n<meta property=\"og:locale\" content=\"de_DE\" \/>\n<meta property=\"og:type\" content=\"article\" \/>\n<meta property=\"og:title\" content=\"Romantischer Aufenthalt f\u00fcr Verliebte Gien Loiretal Frankreich\" \/>\n<meta property=\"og:description\" content=\"Verschenken Sie einen Romantischer Aufenthalt zwischen Verliebte . Feiern Sie einen Geburtstag oder eine Hochzeit in einem charmanten Ort gemacht\" \/>\n<meta property=\"og:url\" content=\"https:\/\/www.lathiau.fr\/sejour-romantique\/\" \/>\n<meta property=\"og:site_name\" content=\"Chambres d&#039;h\u00f4tes de charme, g\u00eetes Loiret Briare Gien Sancerre\" \/>\n<meta property=\"article:publisher\" content=\"https:\/\/www.facebook.com\/DomaineDeLaThiau\" \/>\n<meta property=\"article:modified_time\" content=\"2018-12-20T18:57:45+00:00\" \/>\n<meta property=\"og:image\" content=\"https:\/\/www.lathiau.fr\/wp-content\/uploads\/2013\/04\/dispotarifresa.jpg\" \/>\n<meta name=\"twitter:label1\" content=\"Est. reading time\">\n\t<meta name=\"twitter:data1\" content=\"3 minutes\">\n<script type=\"application\/ld+json\" class=\"yoast-schema-graph\">{\"@context\":\"https:\/\/schema.org\",\"@graph\":[{\"@type\":\"WebSite\",\"@id\":\"https:\/\/www.lathiau.fr\/#website\",\"url\":\"https:\/\/www.lathiau.fr\/\",\"name\":\"Chambres d&#039;h\\u00f4tes de charme, g\\u00eetes Loiret Briare Gien Sancerre\",\"description\":\"Chambres d&#039;h\\u00f4tes de charme et g\\u00eetes en Val de Loire entre Gien et Briare Sancerre Loiret 150km sud de Paris. Maison ind\\u00e9pendante, parc paysager, diner romantique, chateaux.\",\"potentialAction\":[{\"@type\":\"SearchAction\",\"target\":\"https:\/\/www.lathiau.fr\/?s={search_term_string}\",\"query-input\":\"required name=search_term_string\"}],\"inLanguage\":\"de-DE\"},{\"@type\":\"ImageObject\",\"@id\":\"https:\/\/www.lathiau.fr\/sejour-romantique\/#primaryimage\",\"inLanguage\":\"de-DE\",\"url\":\"https:\/\/www.lathiau.fr\/wp-content\/uploads\/2013\/04\/dispotarifresa.jpg\",\"width\":152,\"height\":64,\"caption\":\"R\\u00e9server maintenant !\"},{\"@type\":\"WebPage\",\"@id\":\"https:\/\/www.lathiau.fr\/sejour-romantique\/#webpage\",\"url\":\"https:\/\/www.lathiau.fr\/sejour-romantique\/\",\"name\":\"Romantischer Aufenthalt f\\u00fcr Verliebte Gien Loiretal Frankreich\",\"isPartOf\":{\"@id\":\"https:\/\/www.lathiau.fr\/#website\"},\"primaryImageOfPage\":{\"@id\":\"https:\/\/www.lathiau.fr\/sejour-romantique\/#primaryimage\"},\"datePublished\":\"2013-03-08T09:58:13+00:00\",\"dateModified\":\"2018-12-20T18:57:45+00:00\",\"description\":\"Verschenken Sie einen Romantischer Aufenthalt zwischen Verliebte . Feiern Sie einen Geburtstag oder eine Hochzeit in einem charmanten Ort gemacht\",\"inLanguage\":\"de-DE\",\"potentialAction\":[{\"@type\":\"ReadAction\",\"target\":[\"https:\/\/www.lathiau.fr\/sejour-romantique\/\"]}]}]}<\/script>\n","_links":{"self":[{"href":"https:\/\/www.lathiau.fr\/de\/wp-json\/wp\/v2\/pages\/3272\/"}],"collection":[{"href":"https:\/\/www.lathiau.fr\/de\/wp-json\/wp\/v2\/pages\/"}],"about":[{"href":"https:\/\/www.lathiau.fr\/de\/wp-json\/wp\/v2\/types\/page\/"}],"author":[{"embeddable":true,"href":"https:\/\/www.lathiau.fr\/de\/wp-json\/wp\/v2\/users\/1\/"}],"replies":[{"embeddable":true,"href":"https:\/\/www.lathiau.fr\/de\/wp-json\/wp\/v2\/comments\/?post=3272"}],"version-history":[{"count":24,"href":"https:\/\/www.lathiau.fr\/de\/wp-json\/wp\/v2\/pages\/3272\/revisions\/"}],"predecessor-version":[{"id":6326,"href":"https:\/\/www.lathiau.fr\/de\/wp-json\/wp\/v2\/pages\/3272\/revisions\/6326\/"}],"wp:attachment":[{"href":"https:\/\/www.lathiau.fr\/de\/wp-json\/wp\/v2\/media\/?parent=3272"}],"curies":[{"name":"wp","href":"https:\/\/api.w.org\/{rel}","templated":true}]}}