{"id":3288,"date":"2013-04-29T09:35:24","date_gmt":"2013-04-29T08:35:24","guid":{"rendered":"https:\/\/www.lathiau.fr\/les-chambres\/suite-francois-1er\/"},"modified":"2023-04-29T11:36:31","modified_gmt":"2023-04-29T10:36:31","slug":"suite-francois-1er","status":"publish","type":"page","link":"https:\/\/www.lathiau.fr\/de\/les-chambres\/suite-francois-1er\/","title":{"rendered":"Die Suite Francois 1ste"},"content":{"rendered":"<h2 style=\"text-align: left;\">besteht diese kleine 60m2 Wohnung aus 5 Fenstern bei Sonnenaufgang und<br \/>\nSonnenuntergang, mit Blick auf den Park :<\/h2>\n<p style=\"text-align: left;\">. Im Erdgeschoss,<\/p>\n<p style=\"text-align: left;\">. mit eigenem Eingang und Verbindungst\u00fcr zum Rest des Hauses<\/p>\n<p style=\"text-align: left;\">. 1 Wohnschlafzimmer mit Kamin (Bett 160 x 200cm, teilbar in Zwillingsbetten)<\/p>\n<p style=\"text-align: left;\">. 1 Wohnzimmer (Bett 90 cm)<\/p>\n<p style=\"text-align: left;\">. 1 Badezimmer und die Toiletten sind angrenzend und privat<\/p>\n<p style=\"text-align: left;\">. 1 Kochecke privat (K\u00fchlschrank, Mikrowellen, Gasherd, Geschirr und K\u00fcchenger\u00e4te), Maximale Kapazit\u00e4t f\u00fcr das Abendessen am Tisch = 4 pers.<\/p>\n<p style=\"text-align: center;\"><strong>Mindestpreis f\u00fcr 4 N\u00e4chte au\u00dfer Wochenende: 240 \u20ac f\u00fcr 1 Person (ohne Fr\u00fchst\u00fcck)<\/strong><\/p>\n<p style=\"text-align: center;\"><strong>Schlafset oder Handt\u00fccher gegen Aufpreis: 15 \u20ac pro St\u00fcck.<\/strong><\/p>\n<p style=\"text-align: center;\"><span id=\"result_box\" class=\"\" lang=\"de\"><span class=\"hps atn\">(<\/span>Kurtaxe <span class=\"hps\">f\u00fcr die Stadt:<\/span> <span class=\"hps\">0,40<\/span> <span class=\"hps\">\u20ac pro Tag<\/span> <span class=\"hps\">pro Erwachsener<\/span><span class=\"\">)<\/span><\/span><\/p>\n<h2 style=\"text-align: center;\"><em><strong>Klicken sie auf <span id=\"result_box\" class=\"short_text\" lang=\"de\">das blaue <span class=\"\">Rechteck<\/span><\/span> unten um die Verf\u00fcgbarkeit, Preise und Online-Reservierung zu pr\u00fcfen (sicheres und verschl\u00fcsseltes Netzwerk sowohl Vertraulichkeit sind garantiert).<\/strong><\/em><\/h2>\n<p><a title=\"r\u00e9servez maintenant !\" href=\"http:\/\/www.freetobook.com\/affiliates\/reservation.php?w_id=3475&amp;w_tkn=twRTrr9MWPrNep43mOcpfgmjLp12BLbG561Ow1DndgrYwwezf8nh4rQgSFHJD\" target=\"_blank\" rel=\"noopener noreferrer\"><img loading=\"lazy\" class=\"aligncenter size-full wp-image-745\" src=\"https:\/\/www.lathiau.fr\/wp-content\/uploads\/2013\/04\/dispotarifresa.jpg\" alt=\"R\u00e9server maintenant !\" width=\"152\" height=\"64\" srcset=\"https:\/\/www.lathiau.fr\/wp-content\/uploads\/2013\/04\/dispotarifresa.jpg 152w, https:\/\/www.lathiau.fr\/wp-content\/uploads\/2013\/04\/dispotarifresa-150x64.jpg 150w\" sizes=\"(max-width: 152px) 100vw, 152px\" \/><\/a><\/p>\n<p style=\"text-align: center;\"><em><strong><span id=\"result_box\" class=\"short_text\" lang=\"de\">Und wenn Ihre Reservierung best\u00e4tigt ist, so erwarten wir Sie gerne !<\/span><\/strong><\/em><\/p>\n<p style=\"text-align: center;\">*******************<\/p>\n<p style=\"text-align: center;\"><span id=\"result_box\" lang=\"de\"><span class=\"hps\">Zusammenfassung der<\/span><\/span>\u00a0<a href=\"https:\/\/www.lathiau.fr\/?p=4523\"><span id=\"result_box\" lang=\"de\">Reservierungsbedingungen<\/span><\/a><\/p>\n<p style=\"text-align: center;\">Wir haben kaum Chancen, den Raum so schnell wieder zu vermieten. Daher haben wir die folgenden Bedingungen :<\/p>\n<p style=\"text-align: center;\">&#8211; <strong>Im falle der Stornierung 10 Tage vor dem Aukunfts-datum wird 50% des gesamtpreises einbehalten. <\/strong>. (Ihre Kreditkarteninformationen benutzen wir nur f\u00fcr diesen Fall).<\/p>\n<p style=\"text-align: center;\">&#8211; Sie k\u00f6nnen f\u00fcr Ihren <strong>Aufenthalt vor Ort bei Ankunft bar <span id=\"result_box\" class=\"\" lang=\"de\" tabindex=\"-1\"><span class=\"hps\">oder<\/span> <span class=\"hps\">sofortige<\/span> <span class=\"hps\">\u00dcberweisung <\/span><\/span><\/strong> (keine Kreditkarte, nur als Garantie) <strong>zahlen<\/strong>.<\/p>\n<p style=\"text-align: center;\"><strong>An-und Abreise:<\/strong><br \/>\nIhre Anreise wird <strong>zwischen 17 Uhr und 19.30<\/strong> Uhr erwartet. Wir akzeptieren eine sp\u00e4te Anreise bis 22h in Ausnahmef\u00e4llen und auf Anfrage. Das Zimmer muss <strong>vor 11:30<\/strong> Uhr ger\u00e4umt werden.<\/p>\n<p style=\"text-align: center;\">Unsere Zimmer sind ausschlie\u00dflich Nichtraucherzimmer.<br \/>\nHaustiere sind unter Voraussetzungen und auf Anfrage erlaubt<\/p>\n","protected":false},"excerpt":{"rendered":"<p>besteht diese kleine 60m2 Wohnung aus 5 Fenstern bei Sonnenaufgang und Sonnenuntergang, mit Blick auf den Park : . Im Erdgeschoss, . mit eigenem Eingang und Verbindungst\u00fcr zum Rest des Hauses . 1 Wohnschlafzimmer mit Kamin (Bett 160 x 200cm, teilbar in Zwillingsbetten) . 1 Wohnzimmer (Bett 90 cm) . 1 Badezimmer und die Toiletten [&hellip;]<\/p>\n","protected":false},"author":1,"featured_media":0,"parent":2561,"menu_order":0,"comment_status":"closed","ping_status":"closed","template":"","meta":[],"yoast_head":"\n<title>Die Suite Francois 1ste Gien Briare Sancerre\u00a0 loiretal frankreich<\/title>\n<meta name=\"description\" content=\"Die Suite Francois 1ste : Im Erdgeschoss, mit eigenem Eingang und Verbindungst\u00fcr zum Rest des Hauses, besteht diese kleine 60m2 Wohnung aus\" \/>\n<meta name=\"robots\" content=\"index, follow, max-snippet:-1, max-image-preview:large, max-video-preview:-1\" \/>\n<link rel=\"canonical\" href=\"https:\/\/www.lathiau.fr\/de\/les-chambres\/suite-francois-1er\/\" \/>\n<meta property=\"og:locale\" content=\"de_DE\" \/>\n<meta property=\"og:type\" content=\"article\" \/>\n<meta property=\"og:title\" content=\"Die Suite Francois 1ste Gien Briare Sancerre\u00a0 loiretal frankreich\" \/>\n<meta property=\"og:description\" content=\"Die Suite Francois 1ste : Im Erdgeschoss, mit eigenem Eingang und Verbindungst\u00fcr zum Rest des Hauses, besteht diese kleine 60m2 Wohnung aus\" \/>\n<meta property=\"og:url\" content=\"https:\/\/www.lathiau.fr\/de\/les-chambres\/suite-francois-1er\/\" \/>\n<meta property=\"og:site_name\" content=\"Chambres d&#039;h\u00f4tes de charme, g\u00eetes Loiret Briare Gien Sancerre\" \/>\n<meta property=\"article:publisher\" content=\"https:\/\/www.facebook.com\/DomaineDeLaThiau\" \/>\n<meta property=\"article:modified_time\" content=\"2023-04-29T10:36:31+00:00\" \/>\n<meta property=\"og:image\" content=\"https:\/\/www.lathiau.fr\/wp-content\/uploads\/2013\/04\/dispotarifresa.jpg\" \/>\n<meta name=\"twitter:label1\" content=\"Est. reading time\">\n\t<meta name=\"twitter:data1\" content=\"2 minutes\">\n<script type=\"application\/ld+json\" class=\"yoast-schema-graph\">{\"@context\":\"https:\/\/schema.org\",\"@graph\":[{\"@type\":\"WebSite\",\"@id\":\"https:\/\/www.lathiau.fr\/#website\",\"url\":\"https:\/\/www.lathiau.fr\/\",\"name\":\"Chambres d&#039;h\\u00f4tes de charme, g\\u00eetes Loiret Briare Gien Sancerre\",\"description\":\"Chambres d&#039;h\\u00f4tes de charme et g\\u00eetes en Val de Loire entre Gien et Briare Sancerre Loiret 150km sud de Paris. Maison ind\\u00e9pendante, parc paysager, diner romantique, chateaux.\",\"potentialAction\":[{\"@type\":\"SearchAction\",\"target\":\"https:\/\/www.lathiau.fr\/?s={search_term_string}\",\"query-input\":\"required name=search_term_string\"}],\"inLanguage\":\"de-DE\"},{\"@type\":\"ImageObject\",\"@id\":\"https:\/\/www.lathiau.fr\/de\/les-chambres\/suite-francois-1er\/#primaryimage\",\"inLanguage\":\"de-DE\",\"url\":\"https:\/\/www.lathiau.fr\/wp-content\/uploads\/2013\/04\/dispotarifresa.jpg\",\"width\":152,\"height\":64,\"caption\":\"R\\u00e9server maintenant !\"},{\"@type\":\"WebPage\",\"@id\":\"https:\/\/www.lathiau.fr\/de\/les-chambres\/suite-francois-1er\/#webpage\",\"url\":\"https:\/\/www.lathiau.fr\/de\/les-chambres\/suite-francois-1er\/\",\"name\":\"Die Suite Francois 1ste Gien Briare Sancerre\\u00a0 loiretal frankreich\",\"isPartOf\":{\"@id\":\"https:\/\/www.lathiau.fr\/#website\"},\"primaryImageOfPage\":{\"@id\":\"https:\/\/www.lathiau.fr\/de\/les-chambres\/suite-francois-1er\/#primaryimage\"},\"datePublished\":\"2013-04-29T08:35:24+00:00\",\"dateModified\":\"2023-04-29T10:36:31+00:00\",\"description\":\"Die Suite Francois 1ste : Im Erdgeschoss, mit eigenem Eingang und Verbindungst\\u00fcr zum Rest des Hauses, besteht diese kleine 60m2 Wohnung aus\",\"inLanguage\":\"de-DE\",\"potentialAction\":[{\"@type\":\"ReadAction\",\"target\":[\"https:\/\/www.lathiau.fr\/de\/les-chambres\/suite-francois-1er\/\"]}]}]}<\/script>\n","_links":{"self":[{"href":"https:\/\/www.lathiau.fr\/de\/wp-json\/wp\/v2\/pages\/3288\/"}],"collection":[{"href":"https:\/\/www.lathiau.fr\/de\/wp-json\/wp\/v2\/pages\/"}],"about":[{"href":"https:\/\/www.lathiau.fr\/de\/wp-json\/wp\/v2\/types\/page\/"}],"author":[{"embeddable":true,"href":"https:\/\/www.lathiau.fr\/de\/wp-json\/wp\/v2\/users\/1\/"}],"replies":[{"embeddable":true,"href":"https:\/\/www.lathiau.fr\/de\/wp-json\/wp\/v2\/comments\/?post=3288"}],"version-history":[{"count":34,"href":"https:\/\/www.lathiau.fr\/de\/wp-json\/wp\/v2\/pages\/3288\/revisions\/"}],"predecessor-version":[{"id":7490,"href":"https:\/\/www.lathiau.fr\/de\/wp-json\/wp\/v2\/pages\/3288\/revisions\/7490\/"}],"up":[{"embeddable":true,"href":"https:\/\/www.lathiau.fr\/de\/wp-json\/wp\/v2\/pages\/2561\/"}],"wp:attachment":[{"href":"https:\/\/www.lathiau.fr\/de\/wp-json\/wp\/v2\/media\/?parent=3288"}],"curies":[{"name":"wp","href":"https:\/\/api.w.org\/{rel}","templated":true}]}}