{"id":3289,"date":"2013-04-29T09:56:12","date_gmt":"2013-04-29T08:56:12","guid":{"rendered":"https:\/\/www.lathiau.fr\/les-chambres\/suite-marguerite-de-navarre\/"},"modified":"2023-04-29T11:40:06","modified_gmt":"2023-04-29T10:40:06","slug":"suite-marguerite-de-navarre","status":"publish","type":"page","link":"https:\/\/www.lathiau.fr\/de\/les-chambres\/suite-marguerite-de-navarre\/","title":{"rendered":"Die Suite Marguerite de Navarre"},"content":{"rendered":"<h2 style=\"text-align: left;\">besteht diese kleine 40m2 Wohnung aus 4 Fenstern S\u00fcden, bei Sonnenaufgang und<br \/>\nbei Sonnenuntergang mit Blick auf den Park,<\/h2>\n<p style=\"text-align: left;\">. Im Etagenbereich gelegen,<\/p>\n<p style=\"text-align: left;\">. 1 schlafzimmer<\/p>\n<p style=\"text-align: left;\">. 1\u00a0 Wohnzimmer<\/p>\n<p style=\"text-align: left;\">. mit einem 150 x 200cm und einem 90cm Bett ausgestattet<\/p>\n<p style=\"text-align: left;\">. Badezimmer &amp;<\/p>\n<p style=\"text-align: left;\">. Toiletten separates sind aneinander grenzend und privat<\/p>\n<p style=\"text-align: left;\">. Kochecke privat (K\u00fchlschrank, Mikrowellen, 2 Kochplatten, Geschirr und K\u00fcchenger\u00e4te), Maximale Kapazit\u00e4t f\u00fcr das Abendessen am Tisch = 3 pers.<\/p>\n<p>. ist im &#8220;Stil 1900&#8221; meubliert<\/p>\n<p style=\"text-align: center;\"><strong>Mindestpreis f\u00fcr 4 N\u00e4chte<em> au\u00dfer Wochenende:<\/em> 240 \u20ac <em>f\u00fcr 1 Person<\/em> (ohne Fr\u00fchst\u00fcck)<\/strong><\/p>\n<p style=\"text-align: center;\"><strong>Schlafset oder Handt\u00fccher gegen Aufpreis: 15 \u20ac pro St\u00fcck.<\/strong><\/p>\n<p style=\"text-align: center;\"><span id=\"result_box\" class=\"\" lang=\"de\"><span class=\"hps atn\">(<strong>+ <\/strong><\/span>Kurtaxe <span class=\"hps\">f\u00fcr die Stadt:<\/span> <span class=\"hps\">0,40<\/span> <span class=\"hps\">\u20ac pro Tag<\/span> <span class=\"hps\">pro Erwachsener<\/span><span class=\"\">)<\/span><\/span><\/p>\n<h2 style=\"text-align: center;\"><em><strong>Klicken sie auf <span id=\"result_box\" class=\"short_text\" lang=\"de\">das blaue <span class=\"\">Rechteck<\/span><\/span> unten um die Verf\u00fcgbarkeit und Online-Reservierung zu pr\u00fcfen (sicheres und verschl\u00fcsseltes Netzwerk sowohl Vertraulichkeit sind garantiert).<\/strong><\/em><\/h2>\n<p><a title=\"r\u00e9servez maintenant !\" href=\"http:\/\/www.freetobook.com\/affiliates\/reservation.php?w_id=3475&amp;w_tkn=twRTrr9MWPrNep43mOcpfgmjLp12BLbG561Ow1DndgrYwwezf8nh4rQgSFHJD\" target=\"_blank\" rel=\"noopener noreferrer\"><img loading=\"lazy\" class=\"aligncenter size-full wp-image-745\" src=\"https:\/\/www.lathiau.fr\/wp-content\/uploads\/2013\/04\/dispotarifresa.jpg\" alt=\"R\u00e9server maintenant !\" width=\"152\" height=\"64\" srcset=\"https:\/\/www.lathiau.fr\/wp-content\/uploads\/2013\/04\/dispotarifresa.jpg 152w, https:\/\/www.lathiau.fr\/wp-content\/uploads\/2013\/04\/dispotarifresa-150x64.jpg 150w\" sizes=\"(max-width: 152px) 100vw, 152px\" \/><\/a><\/p>\n<p style=\"text-align: center;\"><em><strong><span id=\"result_box\" class=\"short_text\" lang=\"de\">Und wenn Ihre Reservierung best\u00e4tigt ist, so erwarten wir Sie gerne !<\/span><\/strong><\/em><\/p>\n<p style=\"text-align: center;\">********************************<\/p>\n<p style=\"text-align: center;\"><span id=\"result_box\" lang=\"de\"><span class=\"hps\">Zusammenfassung der<\/span><\/span><a href=\"https:\/\/www.lathiau.fr\/?p=4523\"> <span id=\"result_box\" lang=\"de\"><span class=\"hps alt-edited\">Reservierungsbedingungen<\/span> <\/span><\/a><\/p>\n<p style=\"text-align: center;\">Wir haben kaum Chancen, den Raum so schnell wieder zu vermieten. Daher haben wir die folgenden Bedingungen :<\/p>\n<p style=\"text-align: center;\">&#8211; <strong>Im falle der Stornierung 10 Tage vor dem Aukunfts-datum wird 50% des gesamtpreises einbehalten<\/strong>. (Ihre Kreditkarteninformationen benutzen wir nur f\u00fcr diesen Fall).<\/p>\n<p style=\"text-align: center;\">&#8211; Sie k\u00f6nnen f\u00fcr Ihren <strong>Aufenthalt vor Ort bei Ankunft bar <span id=\"result_box\" class=\"\" lang=\"de\" tabindex=\"-1\"><span class=\"hps\">oder<\/span> <span class=\"hps\">sofortige<\/span> <span class=\"hps\">\u00dcberweisung <\/span><\/span><\/strong> (keine Kreditkarte, nur als Garantie) zahlen.<\/p>\n<p style=\"text-align: center;\"><strong>An-und Abreise:<\/strong><br \/>\nIhre Anreise wird <strong>zwischen 17 Uhr und 19.30<\/strong> Uhr erwartet. Wir akzeptieren eine sp\u00e4te Anreise bis 22h in Ausnahmef\u00e4llen und auf Anfrage. Das Zimmer muss <strong>vor 11:30<\/strong> Uhr ger\u00e4umt werden.<\/p>\n<p style=\"text-align: center;\">Unsere Zimmer sind ausschlie\u00dflich Nichtraucherzimmer.<br \/>\nHaustiere sind <strong>unter Voraussetzungen<\/strong> und auf Anfrage erlaubt<\/p>\n","protected":false},"excerpt":{"rendered":"<p>besteht diese kleine 40m2 Wohnung aus 4 Fenstern S\u00fcden, bei Sonnenaufgang und bei Sonnenuntergang mit Blick auf den Park, . Im Etagenbereich gelegen, . 1 schlafzimmer . 1\u00a0 Wohnzimmer . mit einem 150 x 200cm und einem 90cm Bett ausgestattet . Badezimmer &amp; . Toiletten separates sind aneinander grenzend und privat . Kochecke privat (K\u00fchlschrank, [&hellip;]<\/p>\n","protected":false},"author":1,"featured_media":0,"parent":2561,"menu_order":0,"comment_status":"closed","ping_status":"closed","template":"","meta":[],"yoast_head":"\n<title>Suite Marguerite de Navarre Sancerre gien briare Loiretal frankreich<\/title>\n<meta name=\"description\" content=\"Die Suite Marguerite de Navarre : Im Etagenbereich gelegen, besteht diese kleine 40m2 Wohnung aus 4 Fenstern S\u00fcden, Ost und West mit Blick a\" \/>\n<meta name=\"robots\" content=\"index, follow, max-snippet:-1, max-image-preview:large, max-video-preview:-1\" \/>\n<link rel=\"canonical\" href=\"https:\/\/www.lathiau.fr\/de\/les-chambres\/suite-marguerite-de-navarre\/\" \/>\n<meta property=\"og:locale\" content=\"de_DE\" \/>\n<meta property=\"og:type\" content=\"article\" \/>\n<meta property=\"og:title\" content=\"Suite Marguerite de Navarre Sancerre gien briare Loiretal frankreich\" \/>\n<meta property=\"og:description\" content=\"Die Suite Marguerite de Navarre : Im Etagenbereich gelegen, besteht diese kleine 40m2 Wohnung aus 4 Fenstern S\u00fcden, Ost und West mit Blick a\" \/>\n<meta property=\"og:url\" content=\"https:\/\/www.lathiau.fr\/de\/les-chambres\/suite-marguerite-de-navarre\/\" \/>\n<meta property=\"og:site_name\" content=\"Chambres d&#039;h\u00f4tes de charme, g\u00eetes Loiret Briare Gien Sancerre\" \/>\n<meta property=\"article:publisher\" content=\"https:\/\/www.facebook.com\/DomaineDeLaThiau\" \/>\n<meta property=\"article:modified_time\" content=\"2023-04-29T10:40:06+00:00\" \/>\n<meta property=\"og:image\" content=\"https:\/\/www.lathiau.fr\/wp-content\/uploads\/2013\/04\/dispotarifresa.jpg\" \/>\n<meta name=\"twitter:label1\" content=\"Est. reading time\">\n\t<meta name=\"twitter:data1\" content=\"2 minutes\">\n<script type=\"application\/ld+json\" class=\"yoast-schema-graph\">{\"@context\":\"https:\/\/schema.org\",\"@graph\":[{\"@type\":\"WebSite\",\"@id\":\"https:\/\/www.lathiau.fr\/#website\",\"url\":\"https:\/\/www.lathiau.fr\/\",\"name\":\"Chambres d&#039;h\\u00f4tes de charme, g\\u00eetes Loiret Briare Gien Sancerre\",\"description\":\"Chambres d&#039;h\\u00f4tes de charme et g\\u00eetes en Val de Loire entre Gien et Briare Sancerre Loiret 150km sud de Paris. Maison ind\\u00e9pendante, parc paysager, diner romantique, chateaux.\",\"potentialAction\":[{\"@type\":\"SearchAction\",\"target\":\"https:\/\/www.lathiau.fr\/?s={search_term_string}\",\"query-input\":\"required name=search_term_string\"}],\"inLanguage\":\"de-DE\"},{\"@type\":\"ImageObject\",\"@id\":\"https:\/\/www.lathiau.fr\/de\/les-chambres\/suite-marguerite-de-navarre\/#primaryimage\",\"inLanguage\":\"de-DE\",\"url\":\"https:\/\/www.lathiau.fr\/wp-content\/uploads\/2013\/04\/dispotarifresa.jpg\",\"width\":152,\"height\":64,\"caption\":\"R\\u00e9server maintenant !\"},{\"@type\":\"WebPage\",\"@id\":\"https:\/\/www.lathiau.fr\/de\/les-chambres\/suite-marguerite-de-navarre\/#webpage\",\"url\":\"https:\/\/www.lathiau.fr\/de\/les-chambres\/suite-marguerite-de-navarre\/\",\"name\":\"Suite Marguerite de Navarre Sancerre gien briare Loiretal frankreich\",\"isPartOf\":{\"@id\":\"https:\/\/www.lathiau.fr\/#website\"},\"primaryImageOfPage\":{\"@id\":\"https:\/\/www.lathiau.fr\/de\/les-chambres\/suite-marguerite-de-navarre\/#primaryimage\"},\"datePublished\":\"2013-04-29T08:56:12+00:00\",\"dateModified\":\"2023-04-29T10:40:06+00:00\",\"description\":\"Die Suite Marguerite de Navarre : Im Etagenbereich gelegen, besteht diese kleine 40m2 Wohnung aus 4 Fenstern S\\u00fcden, Ost und West mit Blick a\",\"inLanguage\":\"de-DE\",\"potentialAction\":[{\"@type\":\"ReadAction\",\"target\":[\"https:\/\/www.lathiau.fr\/de\/les-chambres\/suite-marguerite-de-navarre\/\"]}]}]}<\/script>\n","_links":{"self":[{"href":"https:\/\/www.lathiau.fr\/de\/wp-json\/wp\/v2\/pages\/3289\/"}],"collection":[{"href":"https:\/\/www.lathiau.fr\/de\/wp-json\/wp\/v2\/pages\/"}],"about":[{"href":"https:\/\/www.lathiau.fr\/de\/wp-json\/wp\/v2\/types\/page\/"}],"author":[{"embeddable":true,"href":"https:\/\/www.lathiau.fr\/de\/wp-json\/wp\/v2\/users\/1\/"}],"replies":[{"embeddable":true,"href":"https:\/\/www.lathiau.fr\/de\/wp-json\/wp\/v2\/comments\/?post=3289"}],"version-history":[{"count":35,"href":"https:\/\/www.lathiau.fr\/de\/wp-json\/wp\/v2\/pages\/3289\/revisions\/"}],"predecessor-version":[{"id":7495,"href":"https:\/\/www.lathiau.fr\/de\/wp-json\/wp\/v2\/pages\/3289\/revisions\/7495\/"}],"up":[{"embeddable":true,"href":"https:\/\/www.lathiau.fr\/de\/wp-json\/wp\/v2\/pages\/2561\/"}],"wp:attachment":[{"href":"https:\/\/www.lathiau.fr\/de\/wp-json\/wp\/v2\/media\/?parent=3289"}],"curies":[{"name":"wp","href":"https:\/\/api.w.org\/{rel}","templated":true}]}}