{"id":3300,"date":"2013-04-30T23:07:32","date_gmt":"2013-04-30T22:07:32","guid":{"rendered":"https:\/\/www.lathiau.fr\/les-gites\/gite-de-la-loire\/"},"modified":"2023-04-24T19:10:10","modified_gmt":"2023-04-24T18:10:10","slug":"gite-de-la-loire","status":"publish","type":"page","link":"https:\/\/www.lathiau.fr\/de\/les-gites\/gite-de-la-loire\/","title":{"rendered":"Die Loire Ferienhaus &#8211; max 2 pers."},"content":{"rendered":"<h2 style=\"text-align: center;\"><b><span style=\"font-size: small;\">Die Loire Ferienhaus\u00a0 <span id=\"result_box2\" lang=\"de\">(Wochenmiete ohne Bettw\u00e4sche<\/span><span style=\"color: #006600;\">\/Handt\u00fccher<\/span> ohne <span style=\"color: #006600;\"><strong>Fr\u00fchst\u00fcck<\/strong><\/span><span lang=\"de\">) <\/span><\/span><\/b><b><span id=\"result_box3\" lang=\"de\"><\/span><\/b><\/h2>\n<p style=\"text-align: left;\"><span style=\"font-size: xx-small;\"><br \/>\n<b><span style=\"font-size: small;\">Die Loire Ferienhaus,\u00a0<\/span><\/b><\/span><span id=\"result_box\" lang=\"de\" tabindex=\"-1\">Maximal 2 Personen<\/span> <span style=\"font-size: xx-small;\">; <\/span>Auf Paterre <span id=\"result_box\" lang=\"de\">des G\u00e4stehauses <\/span> , mit eigenem Eingang, besteht diese kleine 40m2, <span id=\"result_box\" class=\"\" lang=\"de\"><span class=\"\">mit 3 Fenstern nach Osten und S\u00fcden mit Blick auf Park und Garten<\/span><\/span>, Wohnung aus :<\/p>\n<p style=\"text-align: left;\">. 1 Schlafzimmer : 1 Bett 140&#215;190 cm <span id=\"result_box\" lang=\"de\"><\/span><\/p>\n<p style=\"text-align: left;\"><span id=\"result_box\" lang=\"de\">. <span id=\"result_box\" class=\"\" lang=\"de\">sehr kleine <span class=\"\">Dusche mit WC<\/span><\/span>,<\/span><\/p>\n<p style=\"text-align: left;\">. <span id=\"result_box\" class=\"\" lang=\"de\"><span class=\"\">Wohnzimmer mit TV + 1 bett 90x190cm<br \/>\n<\/span><\/span><\/p>\n<p style=\"text-align: left;\">. <span id=\"result_box\" class=\"\" lang=\"de\">offene K\u00fcche zum <span class=\"\">Wohnzimmer<\/span><\/span> (K\u00fchlschrank, Gasherd, Mikrowelle, Geschirr und K\u00fcchenger\u00e4te).<\/p>\n<p style=\"text-align: left;\">Free Wifi<\/p>\n<p style=\"text-align: left;\"><span style=\"color: #000000;\"><span id=\"result_box\" class=\"\" lang=\"de\">Ehemalige <span class=\"\">Qualit\u00e4t<\/span><\/span><\/span><\/p>\n<p style=\"text-align: left;\">Unabh\u00e4ngiger Eingang, der auf der S\u00fcdseite auf einen kleinen privaten Garten zugeht mit Grillplatz.<\/p>\n<p style=\"text-align: left;\">D<span id=\"result_box\" lang=\"de\">irekten Zugang zum Loire mit dem privaten Einfahrt<\/span>.<\/p>\n<p style=\"text-align: left;\">Zugang zum Fitnessraum (mit B &amp; Bs gemeinsam)<\/p>\n<p style=\"text-align: left;\">Auf Wunsch Waschen + Trocknen von Kleidung bis 8 \u20ac inbegriffen W\u00e4sche<\/p>\n<p style=\"text-align: left;\">Privatparkplatz.<\/p>\n<h3 style=\"text-align: center;\" align=\"center\">* Wochenpreis von Samstag bis Samstag inkl. WLAN, Warm- und Kaltwasser. Strom und Heizung in Rechnung gestellt nach Z\u00e4hler An- und Abgang:<\/h3>\n<p style=\"text-align: left;\" align=\"center\"><strong><span id=\"result_box\" lang=\"de\">ersten Woche<\/span> <\/strong>=<\/p>\n<p style=\"text-align: left;\" align=\"center\">\u00a0\u00a0\u00a0\u00a0\u00a0\u00a0\u00a0\u00a0\u00a0\u00a0\u00a0\u00a0\u00a0\u00a0\u00a0\u00a0\u00a0\u00a0\u00a0\u00a0\u00a0\u00a0\u00a0\u00a0\u00a0\u00a0\u00a0\u00a0\u00a0\u00a0\u00a0\u00a0\u00a0\u00a0\u00a0\u00a0\u00a0\u00a0\u00a0\u00a0\u00a0\u00a0\u00a0\u00a0\u00a0\u00a0\u00a0\u00a0\u00a0\u00a0 232 Euro das ganze Jahr, au\u00dfer &#8230;.<\/p>\n<p style=\"text-align: left;\" align=\"center\">\u00a0\u00a0\u00a0\u00a0\u00a0\u00a0\u00a0\u00a0\u00a0\u00a0\u00a0\u00a0\u00a0\u00a0\u00a0\u00a0\u00a0\u00a0\u00a0\u00a0\u00a0\u00a0\u00a0\u00a0\u00a0\u00a0\u00a0\u00a0\u00a0\u00a0\u00a0\u00a0\u00a0\u00a0\u00a0\u00a0\u00a0\u00a0\u00a0\u00a0\u00a0\u00a0\u00a0\u00a0\u00a0\u00a0\u00a0\u00a0\u00a0\u00a0 302 Euro (Juli\/August).<\/p>\n<p style=\"text-align: left;\" align=\"center\"><strong><span id=\"result_box6\" lang=\"de\">ab der zweiten Woche<\/span> <\/strong>=<\/p>\n<p style=\"text-align: left;\" align=\"center\">\u00a0\u00a0\u00a0\u00a0\u00a0\u00a0\u00a0\u00a0\u00a0\u00a0\u00a0\u00a0\u00a0\u00a0\u00a0\u00a0\u00a0\u00a0\u00a0\u00a0\u00a0\u00a0\u00a0\u00a0\u00a0\u00a0\u00a0\u00a0\u00a0\u00a0\u00a0\u00a0\u00a0\u00a0\u00a0\u00a0\u00a0\u00a0\u00a0\u00a0\u00a0\u00a0\u00a0\u00a0\u00a0\u00a0\u00a0\u00a0\u00a0\u00a0 210 Euro das ganze Jahr, au\u00dfer &#8230;.<\/p>\n<p style=\"text-align: left;\" align=\"center\">\u00a0\u00a0\u00a0\u00a0\u00a0\u00a0\u00a0\u00a0\u00a0\u00a0\u00a0\u00a0\u00a0\u00a0\u00a0\u00a0\u00a0\u00a0\u00a0\u00a0\u00a0\u00a0\u00a0\u00a0\u00a0\u00a0\u00a0\u00a0\u00a0\u00a0\u00a0\u00a0\u00a0\u00a0\u00a0\u00a0\u00a0\u00a0\u00a0\u00a0\u00a0\u00a0\u00a0\u00a0\u00a0\u00a0\u00a0\u00a0\u00a0\u00a0 280 Euro (Juli\/August)<\/p>\n<p style=\"text-align: left;\" align=\"center\"><span id=\"result_box\" lang=\"de\"><span class=\"hps atn\">(<\/span>Kurtaxe <span class=\"hps\">f\u00fcr die Stadt:<\/span> <span class=\"hps\">4 %<\/span><span class=\"hps\"> pro Tag<\/span> <span class=\"hps\">pro Erwachsener<\/span>)<\/span><\/p>\n<p style=\"text-align: left;\" align=\"center\"><span style=\"color: #000000;\"><span id=\"result_box\" class=\"short_text\" lang=\"de\"><span class=\"hps\"><span id=\"result_box\" lang=\"de\">Alle Tarife auf der <a style=\"color: #000000;\" href=\"https:\/\/www.lathiau.fr\/le-domaine\/?lang=de\"><strong><span class=\"hps atn\">&#8220;<\/span>Preise&#8221;<\/strong><\/a> seite<\/span><\/span><\/span><\/span><\/p>\n<h2 style=\"text-align: center;\"><em><b><strong><span id=\"result_box\" lang=\"de\"><span class=\"hps\">Klicken sie auf <span id=\"result_box\" lang=\"de\" tabindex=\"-1\">das blaue Rechteck<\/span> unten um die Verf\u00fcgbarkeit, Preise und Online-Reservierung zu pr\u00fcfen (sicheres und verschl\u00fcsseltes Netzwerk sowohl Vertraulichkeit sind garantiert).<\/span><\/span><\/strong><\/b><\/em><\/h2>\n<p style=\"text-align: center;\"><a href=\"http:\/\/www.freetobook.com\/affiliates\/reservation.php?w_id=4208&amp;w_tkn=RWTYmyvMxrxcAXB8ZAL0wURoDvBBWCHyoevoTeLwK0Wnx9tsmUA4dDQJfGon8\"><img loading=\"lazy\" class=\"size-full wp-image-745\" src=\"https:\/\/www.lathiau.fr\/wp-content\/uploads\/2013\/04\/dispotarifresa.jpg\" alt=\"R\u00e9server maintenant !\" width=\"152\" height=\"64\" srcset=\"https:\/\/www.lathiau.fr\/wp-content\/uploads\/2013\/04\/dispotarifresa.jpg 152w, https:\/\/www.lathiau.fr\/wp-content\/uploads\/2013\/04\/dispotarifresa-150x64.jpg 150w\" sizes=\"(max-width: 152px) 100vw, 152px\" \/><\/a><\/p>\n<p style=\"text-align: center;\"><em><strong><span id=\"result_box\" lang=\"de\"><span id=\"result_box\" class=\"short_text\" lang=\"de\">Und wenn Ihre Reservierung best\u00e4tigt ist, so erwarten wir Sie gerne !<\/span><\/span><\/strong><\/em><\/p>\n<p style=\"text-align: center;\"><span style=\"color: #0000ff;\">*<\/span><\/p>\n","protected":false},"excerpt":{"rendered":"<p>Die Loire Ferienhaus\u00a0 (Wochenmiete ohne Bettw\u00e4sche\/Handt\u00fccher ohne Fr\u00fchst\u00fcck) Die Loire Ferienhaus,\u00a0Maximal 2 Personen ; Auf Paterre des G\u00e4stehauses , mit eigenem Eingang, besteht diese kleine 40m2, mit 3 Fenstern nach Osten und S\u00fcden mit Blick auf Park und Garten, Wohnung aus : . 1 Schlafzimmer : 1 Bett 140&#215;190 cm . sehr kleine Dusche mit [&hellip;]<\/p>\n","protected":false},"author":1,"featured_media":0,"parent":2575,"menu_order":0,"comment_status":"closed","ping_status":"open","template":"","meta":[],"yoast_head":"\n<title>Die Loire Ferienhaus Gien Briare Sancerre Centre Loiretal<\/title>\n<meta name=\"description\" content=\"Die Loire Ferienhaus ; Auf Paterre, mit eigenem Eingang, besteht diese kleine 40m2 Wohnung aus einem Schlafzimmer (1 Bett 140x190 cm + 1 bet\" \/>\n<meta name=\"robots\" content=\"index, follow, max-snippet:-1, max-image-preview:large, max-video-preview:-1\" \/>\n<link rel=\"canonical\" href=\"https:\/\/www.lathiau.fr\/de\/les-gites\/gite-de-la-loire\/\" \/>\n<meta property=\"og:locale\" content=\"de_DE\" \/>\n<meta property=\"og:type\" content=\"article\" \/>\n<meta property=\"og:title\" content=\"Die Loire Ferienhaus Gien Briare Sancerre Centre Loiretal\" \/>\n<meta property=\"og:description\" content=\"Die Loire Ferienhaus ; Auf Paterre, mit eigenem Eingang, besteht diese kleine 40m2 Wohnung aus einem Schlafzimmer (1 Bett 140x190 cm + 1 bet\" \/>\n<meta property=\"og:url\" content=\"https:\/\/www.lathiau.fr\/de\/les-gites\/gite-de-la-loire\/\" \/>\n<meta property=\"og:site_name\" content=\"Chambres d&#039;h\u00f4tes de charme, g\u00eetes Loiret Briare Gien Sancerre\" \/>\n<meta property=\"article:publisher\" content=\"https:\/\/www.facebook.com\/DomaineDeLaThiau\" \/>\n<meta property=\"article:modified_time\" content=\"2023-04-24T18:10:10+00:00\" \/>\n<meta property=\"og:image\" content=\"https:\/\/www.lathiau.fr\/wp-content\/uploads\/2013\/04\/dispotarifresa.jpg\" \/>\n<meta name=\"twitter:label1\" content=\"Est. reading time\">\n\t<meta name=\"twitter:data1\" content=\"2 minutes\">\n<script type=\"application\/ld+json\" class=\"yoast-schema-graph\">{\"@context\":\"https:\/\/schema.org\",\"@graph\":[{\"@type\":\"WebSite\",\"@id\":\"https:\/\/www.lathiau.fr\/#website\",\"url\":\"https:\/\/www.lathiau.fr\/\",\"name\":\"Chambres d&#039;h\\u00f4tes de charme, g\\u00eetes Loiret Briare Gien Sancerre\",\"description\":\"Chambres d&#039;h\\u00f4tes de charme et g\\u00eetes en Val de Loire entre Gien et Briare Sancerre Loiret 150km sud de Paris. Maison ind\\u00e9pendante, parc paysager, diner romantique, chateaux.\",\"potentialAction\":[{\"@type\":\"SearchAction\",\"target\":\"https:\/\/www.lathiau.fr\/?s={search_term_string}\",\"query-input\":\"required name=search_term_string\"}],\"inLanguage\":\"de-DE\"},{\"@type\":\"ImageObject\",\"@id\":\"https:\/\/www.lathiau.fr\/de\/les-gites\/gite-de-la-loire\/#primaryimage\",\"inLanguage\":\"de-DE\",\"url\":\"https:\/\/www.lathiau.fr\/wp-content\/uploads\/2013\/04\/dispotarifresa.jpg\",\"width\":152,\"height\":64,\"caption\":\"R\\u00e9server maintenant !\"},{\"@type\":\"WebPage\",\"@id\":\"https:\/\/www.lathiau.fr\/de\/les-gites\/gite-de-la-loire\/#webpage\",\"url\":\"https:\/\/www.lathiau.fr\/de\/les-gites\/gite-de-la-loire\/\",\"name\":\"Die Loire Ferienhaus Gien Briare Sancerre Centre Loiretal\",\"isPartOf\":{\"@id\":\"https:\/\/www.lathiau.fr\/#website\"},\"primaryImageOfPage\":{\"@id\":\"https:\/\/www.lathiau.fr\/de\/les-gites\/gite-de-la-loire\/#primaryimage\"},\"datePublished\":\"2013-04-30T22:07:32+00:00\",\"dateModified\":\"2023-04-24T18:10:10+00:00\",\"description\":\"Die Loire Ferienhaus ; Auf Paterre, mit eigenem Eingang, besteht diese kleine 40m2 Wohnung aus einem Schlafzimmer (1 Bett 140x190 cm + 1 bet\",\"inLanguage\":\"de-DE\",\"potentialAction\":[{\"@type\":\"ReadAction\",\"target\":[\"https:\/\/www.lathiau.fr\/de\/les-gites\/gite-de-la-loire\/\"]}]}]}<\/script>\n","_links":{"self":[{"href":"https:\/\/www.lathiau.fr\/de\/wp-json\/wp\/v2\/pages\/3300\/"}],"collection":[{"href":"https:\/\/www.lathiau.fr\/de\/wp-json\/wp\/v2\/pages\/"}],"about":[{"href":"https:\/\/www.lathiau.fr\/de\/wp-json\/wp\/v2\/types\/page\/"}],"author":[{"embeddable":true,"href":"https:\/\/www.lathiau.fr\/de\/wp-json\/wp\/v2\/users\/1\/"}],"replies":[{"embeddable":true,"href":"https:\/\/www.lathiau.fr\/de\/wp-json\/wp\/v2\/comments\/?post=3300"}],"version-history":[{"count":45,"href":"https:\/\/www.lathiau.fr\/de\/wp-json\/wp\/v2\/pages\/3300\/revisions\/"}],"predecessor-version":[{"id":7469,"href":"https:\/\/www.lathiau.fr\/de\/wp-json\/wp\/v2\/pages\/3300\/revisions\/7469\/"}],"up":[{"embeddable":true,"href":"https:\/\/www.lathiau.fr\/de\/wp-json\/wp\/v2\/pages\/2575\/"}],"wp:attachment":[{"href":"https:\/\/www.lathiau.fr\/de\/wp-json\/wp\/v2\/media\/?parent=3300"}],"curies":[{"name":"wp","href":"https:\/\/api.w.org\/{rel}","templated":true}]}}