{"id":3315,"date":"2013-04-30T23:12:11","date_gmt":"2013-04-30T22:12:11","guid":{"rendered":"https:\/\/www.lathiau.fr\/les-gites\/gite-de-la-vigne\/"},"modified":"2023-04-24T20:03:36","modified_gmt":"2023-04-24T19:03:36","slug":"gite-de-la-vigne","status":"publish","type":"page","link":"https:\/\/www.lathiau.fr\/de\/les-gites\/gite-de-la-vigne\/","title":{"rendered":"Die Weinrebe Ferienhaus -6 pers. max."},"content":{"rendered":"<h2 style=\"text-align: left;\">Die Weinrebe Ferienhaus, <span id=\"result_box\" lang=\"de\" tabindex=\"-1\">maximal 6 Personen<\/span>,<\/h2>\n<h2 style=\"text-align: left;\">A<span id=\"result_box\" lang=\"de\" tabindex=\"-1\"><span class=\"hps\">us Sicherheitsgr\u00fcnden<\/span> <span class=\"hps\">sind<\/span> <span class=\"hps\">Kinder unter 15<\/span> <span class=\"hps\">nicht erlaubt<\/span><\/span><\/h2>\n<h2 style=\"text-align: left;\">Im alten Bauernhaus, im Erdgeschoss, diese Ferienhaus grenzt an ein weiteres Ferienhaus,\u00a0 komplett renoviert, besteht aus :<\/h2>\n<p style=\"text-align: left;\">\u00a02 Schlafzimmern mit 2 Einzelbetten,<\/p>\n<p style=\"text-align: left;\">einem gro\u00dfen Eingangsbereich (1 Bett 90cm),<\/p>\n<p style=\"text-align: left;\">ein Wohn- Zimmer mit TV,<\/p>\n<p style=\"text-align: left;\">eine K\u00fcche (K\u00fchlschrank mit Gefrierfach, Cerankochfeld, Backofen, Sp\u00fcle, Mikrowelle, Geschirrsp\u00fcler, Waschmaschine etc..)<\/p>\n<p style=\"text-align: left;\">eine Dusche und separatem WC.<\/p>\n<p style=\"text-align: left;\">Im Innenhof des Bauernhofes Eingang \u00f6ffnet zu einem privaten Garten mit Gartenm\u00f6beln und Grill. D<span id=\"result_box\" lang=\"de\">irekten Zugang zum Loire mit dem privaten Einfahrt<\/span>. Private Parkpl\u00e4tze innerhalb der Anlage.<\/p>\n<h3>*Preis f\u00fcr 4 Personen pro Woche von Samstag bis Samstag inkl. WLAN und Wasser. Strom und Heizung in Rechnung gestellt nach Z\u00e4hler An- und Abgang:<\/h3>\n<p style=\"text-align: left;\"><strong><span id=\"result_box\" lang=\"de\">ersten Woche<\/span> =<\/strong><\/p>\n<p style=\"text-align: left;\"><strong>\u00a0 \u00a0 \u00a0 \u00a0 \u00a0 \u00a0 \u00a0 \u00a0 \u00a0 \u00a0 \u00a0 \u00a0 \u00a0 \u00a0 \u00a0 \u00a0 309 Euros das ganze Jahr, au\u00dfer &#8230;. \/ <\/strong><\/p>\n<p style=\"text-align: left;\"><strong>\u00a0 \u00a0 \u00a0 \u00a0 \u00a0 \u00a0 \u00a0 \u00a0 \u00a0 \u00a0 \u00a0 \u00a0 \u00a0 \u00a0 \u00a0 \u00a0 399 Euros(Juli-August)<\/strong><\/p>\n<p style=\"text-align: left;\"><strong><span id=\"result_box2\" lang=\"de\">ab der zweiten Woche und dann<\/span> =<br \/>\n<\/strong><\/p>\n<p style=\"text-align: left;\"><strong>\u00a0 \u00a0 \u00a0 \u00a0 \u00a0 \u00a0 \u00a0 \u00a0 \u00a0 \u00a0 \u00a0 \u00a0 \u00a0 \u00a0 \u00a0 \u00a0 \u00a0 \u00a0 \u00a0 \u00a0 \u00a0 \u00a0 \u00a0 \u00a0 \u00a0 \u00a0 \u00a0 \u00a0 \u00a0 \u00a0 \u00a0 \u00a0 \u00a0 \u00a0 \u00a0270 Euros\u00a0das ganze Jahr, au\u00dfer &#8230;. \/ <\/strong><\/p>\n<p style=\"text-align: left;\"><strong>\u00a0 \u00a0 \u00a0 \u00a0 \u00a0 \u00a0 \u00a0 \u00a0 \u00a0 \u00a0 \u00a0 \u00a0 \u00a0 \u00a0 \u00a0 \u00a0 \u00a0 \u00a0 \u00a0 \u00a0 \u00a0 \u00a0 \u00a0 \u00a0 \u00a0 \u00a0 \u00a0 \u00a0 \u00a0 \u00a0 \u00a0 \u00a0 \u00a0 \u00a0 \u00a0360 Euros(Juli-August)<\/strong><span style=\"font-size: xx-small;\"><br \/>\n<\/span><\/p>\n<p style=\"text-align: center;\">Zuschlag f\u00fcr 5. und 6. Person: 60 \u20ac pro Woche pro Person<\/p>\n<p style=\"text-align: left;\"><span id=\"result_box\" lang=\"de\"><span class=\"hps atn\">(+ <\/span>Kurtaxe <span class=\"hps\">f\u00fcr die Stadt<\/span>)<\/span><\/p>\n<h3 style=\"text-align: center;\"><em><b><strong><span id=\"result_box\" lang=\"de\"><span class=\"hps\">Klicken sie auf <span id=\"result_box\" lang=\"de\" tabindex=\"-1\">das blaue Rechteck<\/span> unten um die Verf\u00fcgbarkeit, Preise und Online-Reservierung zu pr\u00fcfen (sicheres und verschl\u00fcsseltes Netzwerk sowohl Vertraulichkeit sind garantiert).<\/span><\/span><\/strong><\/b><\/em><\/h3>\n<p style=\"text-align: center;\"><a href=\"http:\/\/www.freetobook.com\/affiliates\/reservation.php?w_id=4209&amp;w_tkn=KV0Ds2Dzdm8F9RkH5Nd3WwgntWmfaduVe895jZ1Hbb5QXTsvOkd7phvp2Ah7u\"><img loading=\"lazy\" class=\"size-full wp-image-745\" src=\"https:\/\/www.lathiau.fr\/wp-content\/uploads\/2013\/04\/dispotarifresa.jpg\" alt=\"R\u00e9server maintenant !\" width=\"152\" height=\"64\" srcset=\"https:\/\/www.lathiau.fr\/wp-content\/uploads\/2013\/04\/dispotarifresa.jpg 152w, https:\/\/www.lathiau.fr\/wp-content\/uploads\/2013\/04\/dispotarifresa-150x64.jpg 150w\" sizes=\"(max-width: 152px) 100vw, 152px\" \/><\/a><\/p>\n<p style=\"text-align: center;\"><b><strong><em>Und wenn Ihre Reservierung best\u00e4tigt ist, so erwarten wir Sie gerne !<\/em><br \/>\n<\/strong><\/b><\/p>\n<p style=\"text-align: center;\">************************************************<\/p>\n<p style=\"text-align: center;\"><span id=\"result_box\" lang=\"en\"><span title=\"R\u00e9sum\u00e9 des Conditions G\u00e9n\u00e9rales de R\u00e9servation&lt;\/p&gt;&lt;br \/&gt;&lt;br \/&gt;&lt;br \/&gt;&lt;br \/&gt;&lt;br \/&gt;&lt;br \/&gt;&lt;br \/&gt;&lt;br \/&gt;&lt;br \/&gt;&lt;br \/&gt;&lt;br \/&gt;&lt;br \/&gt;&lt;br \/&gt;&lt;br \/&gt;&lt;br \/&gt;&lt;br \/&gt;&lt;br \/&gt;&lt;br \/&gt;&lt;br \/&gt; &lt;p&gt;\"><span id=\"result_box\" lang=\"de\"><span class=\"hps\">Zusammenfassung der<\/span><\/span><\/span><\/span><strong><span id=\"result_box\" lang=\"en\"><span title=\"R\u00e9sum\u00e9 des Conditions G\u00e9n\u00e9rales de R\u00e9servation&lt;\/p&gt;&lt;br \/&gt;&lt;br \/&gt;&lt;br \/&gt;&lt;br \/&gt;&lt;br \/&gt;&lt;br \/&gt;&lt;br \/&gt;&lt;br \/&gt;&lt;br \/&gt;&lt;br \/&gt;&lt;br \/&gt;&lt;br \/&gt;&lt;br \/&gt;&lt;br \/&gt;&lt;br \/&gt;&lt;br \/&gt;&lt;br \/&gt;&lt;br \/&gt;&lt;br \/&gt; &lt;p&gt;\"><a href=\"https:\/\/www.freetobook.com\/booking\/termsAndConditions.php?id=654711\"> <span id=\"result_box\" lang=\"en\"><span title=\"R\u00e9sum\u00e9 des Conditions G\u00e9n\u00e9rales de R\u00e9servation&lt;\/p&gt;&lt;br \/&gt;&lt;br \/&gt;&lt;br \/&gt;&lt;br \/&gt;&lt;br \/&gt;&lt;br \/&gt;&lt;br \/&gt;&lt;br \/&gt;&lt;br \/&gt;&lt;br \/&gt;&lt;br \/&gt;&lt;br \/&gt;&lt;br \/&gt;&lt;br \/&gt;&lt;br \/&gt;&lt;br \/&gt;&lt;br \/&gt;&lt;br \/&gt;&lt;br \/&gt; &lt;p&gt;\"><span id=\"result_box\" lang=\"de\" tabindex=\"-1\">Reservierungsbedingungen <\/span><\/span><\/span><\/a><\/span><\/span><\/strong><\/p>\n<p style=\"text-align: center;\">Wir haben kaum Chancen, die Ferienhaus so schnell wieder zu vermieten. Daher haben wir die folgenden Bedingungen :<\/p>\n<p style=\"text-align: center;\">&#8211; <strong>Im falle der Stornierung 10 Tage vor dem Aukunfts-datum wird 30% des gesamtpreises einbehalten. <\/strong>. (Ihre Kreditkarteninformationen benutzen wir nur f\u00fcr diesen Fall).<\/p>\n<p style=\"text-align: center;\">&#8211; Sie k\u00f6nnen f\u00fcr Ihren <strong>Aufenthalt vor Ort bei Ankunft bar <span id=\"result_box\" lang=\"de\" tabindex=\"-1\"><span class=\"hps\">oder<\/span> <span class=\"hps\">sofortige<\/span> <span class=\"hps\">\u00dcberweisung <\/span><\/span><\/strong> (keine Kreditkarte, nur als Garantie) zahlen.<\/p>\n<p style=\"text-align: center;\"><strong>An-und Abreise:<\/strong><br \/>\nIhre Anreise wird <strong>zwischen 17 Uhr und 19.30<\/strong> Uhr erwartet. Wir akzeptieren eine sp\u00e4te Anreise bis 22h in Ausnahmef\u00e4llen und auf Anfrage. Die ferienhaus muss <strong>vor 10:00<\/strong> Uhr ger\u00e4umt werden,\u00a0<span id=\"result_box\" lang=\"de\" tabindex=\"-1\">ist der Haushalt <\/span> <span id=\"result_box\" lang=\"de\" tabindex=\"-1\">(Sonst wird es 60 \u20ac Mindest aufgeladen werden)<\/span> .<\/p>\n<p style=\"text-align: center;\">Unsere Ferienha\u00fcser sind ausschlie\u00dflich Nichtraucherzimmer.<\/p>\n<p style=\"text-align: center;\">Haustiere\u00a0 <strong><span id=\"result_box\" lang=\"de\" tabindex=\"-1\"><span class=\"hps\">nicht erlaubt<\/span><\/span><\/strong><\/p>\n<p style=\"text-align: center;\">\n","protected":false},"excerpt":{"rendered":"<p>Die Weinrebe Ferienhaus, maximal 6 Personen, Aus Sicherheitsgr\u00fcnden sind Kinder unter 15 nicht erlaubt Im alten Bauernhaus, im Erdgeschoss, diese Ferienhaus grenzt an ein weiteres Ferienhaus,\u00a0 komplett renoviert, besteht aus : \u00a02 Schlafzimmern mit 2 Einzelbetten, einem gro\u00dfen Eingangsbereich (1 Bett 90cm), ein Wohn- Zimmer mit TV, eine K\u00fcche (K\u00fchlschrank mit Gefrierfach, Cerankochfeld, Backofen, Sp\u00fcle, [&hellip;]<\/p>\n","protected":false},"author":1,"featured_media":0,"parent":2575,"menu_order":0,"comment_status":"closed","ping_status":"open","template":"","meta":[],"yoast_head":"\n<title>Die Weinrebe Ferienhaus Sancerre Centre-Loiretal frankreich<\/title>\n<meta name=\"description\" content=\"Die Weinrebe Ferienhaus, maximal 6 Personen, Im alten Bauernhaus, im Erdgeschoss, diese Ferienhaus grenzt an ein weiteres Ferienhaus,\" \/>\n<meta name=\"robots\" content=\"index, follow, max-snippet:-1, max-image-preview:large, max-video-preview:-1\" \/>\n<link rel=\"canonical\" href=\"https:\/\/www.lathiau.fr\/de\/les-gites\/gite-de-la-vigne\/\" \/>\n<meta property=\"og:locale\" content=\"de_DE\" \/>\n<meta property=\"og:type\" content=\"article\" \/>\n<meta property=\"og:title\" content=\"Die Weinrebe Ferienhaus Sancerre Centre-Loiretal frankreich\" \/>\n<meta property=\"og:description\" content=\"Die Weinrebe Ferienhaus, maximal 6 Personen, Im alten Bauernhaus, im Erdgeschoss, diese Ferienhaus grenzt an ein weiteres Ferienhaus,\" \/>\n<meta property=\"og:url\" content=\"https:\/\/www.lathiau.fr\/de\/les-gites\/gite-de-la-vigne\/\" \/>\n<meta property=\"og:site_name\" content=\"Chambres d&#039;h\u00f4tes de charme, g\u00eetes Loiret Briare Gien Sancerre\" \/>\n<meta property=\"article:publisher\" content=\"https:\/\/www.facebook.com\/DomaineDeLaThiau\" \/>\n<meta property=\"article:modified_time\" content=\"2023-04-24T19:03:36+00:00\" \/>\n<meta property=\"og:image\" content=\"https:\/\/www.lathiau.fr\/wp-content\/uploads\/2013\/04\/dispotarifresa.jpg\" \/>\n<meta name=\"twitter:label1\" content=\"Est. reading time\">\n\t<meta name=\"twitter:data1\" content=\"2 minutes\">\n<script type=\"application\/ld+json\" class=\"yoast-schema-graph\">{\"@context\":\"https:\/\/schema.org\",\"@graph\":[{\"@type\":\"WebSite\",\"@id\":\"https:\/\/www.lathiau.fr\/#website\",\"url\":\"https:\/\/www.lathiau.fr\/\",\"name\":\"Chambres d&#039;h\\u00f4tes de charme, g\\u00eetes Loiret Briare Gien Sancerre\",\"description\":\"Chambres d&#039;h\\u00f4tes de charme et g\\u00eetes en Val de Loire entre Gien et Briare Sancerre Loiret 150km sud de Paris. Maison ind\\u00e9pendante, parc paysager, diner romantique, chateaux.\",\"potentialAction\":[{\"@type\":\"SearchAction\",\"target\":\"https:\/\/www.lathiau.fr\/?s={search_term_string}\",\"query-input\":\"required name=search_term_string\"}],\"inLanguage\":\"de-DE\"},{\"@type\":\"ImageObject\",\"@id\":\"https:\/\/www.lathiau.fr\/de\/les-gites\/gite-de-la-vigne\/#primaryimage\",\"inLanguage\":\"de-DE\",\"url\":\"https:\/\/www.lathiau.fr\/wp-content\/uploads\/2013\/04\/dispotarifresa.jpg\",\"width\":152,\"height\":64,\"caption\":\"R\\u00e9server maintenant !\"},{\"@type\":\"WebPage\",\"@id\":\"https:\/\/www.lathiau.fr\/de\/les-gites\/gite-de-la-vigne\/#webpage\",\"url\":\"https:\/\/www.lathiau.fr\/de\/les-gites\/gite-de-la-vigne\/\",\"name\":\"Die Weinrebe Ferienhaus Sancerre Centre-Loiretal frankreich\",\"isPartOf\":{\"@id\":\"https:\/\/www.lathiau.fr\/#website\"},\"primaryImageOfPage\":{\"@id\":\"https:\/\/www.lathiau.fr\/de\/les-gites\/gite-de-la-vigne\/#primaryimage\"},\"datePublished\":\"2013-04-30T22:12:11+00:00\",\"dateModified\":\"2023-04-24T19:03:36+00:00\",\"description\":\"Die Weinrebe Ferienhaus, maximal 6 Personen, Im alten Bauernhaus, im Erdgeschoss, diese Ferienhaus grenzt an ein weiteres Ferienhaus,\",\"inLanguage\":\"de-DE\",\"potentialAction\":[{\"@type\":\"ReadAction\",\"target\":[\"https:\/\/www.lathiau.fr\/de\/les-gites\/gite-de-la-vigne\/\"]}]}]}<\/script>\n","_links":{"self":[{"href":"https:\/\/www.lathiau.fr\/de\/wp-json\/wp\/v2\/pages\/3315\/"}],"collection":[{"href":"https:\/\/www.lathiau.fr\/de\/wp-json\/wp\/v2\/pages\/"}],"about":[{"href":"https:\/\/www.lathiau.fr\/de\/wp-json\/wp\/v2\/types\/page\/"}],"author":[{"embeddable":true,"href":"https:\/\/www.lathiau.fr\/de\/wp-json\/wp\/v2\/users\/1\/"}],"replies":[{"embeddable":true,"href":"https:\/\/www.lathiau.fr\/de\/wp-json\/wp\/v2\/comments\/?post=3315"}],"version-history":[{"count":29,"href":"https:\/\/www.lathiau.fr\/de\/wp-json\/wp\/v2\/pages\/3315\/revisions\/"}],"predecessor-version":[{"id":7488,"href":"https:\/\/www.lathiau.fr\/de\/wp-json\/wp\/v2\/pages\/3315\/revisions\/7488\/"}],"up":[{"embeddable":true,"href":"https:\/\/www.lathiau.fr\/de\/wp-json\/wp\/v2\/pages\/2575\/"}],"wp:attachment":[{"href":"https:\/\/www.lathiau.fr\/de\/wp-json\/wp\/v2\/media\/?parent=3315"}],"curies":[{"name":"wp","href":"https:\/\/api.w.org\/{rel}","templated":true}]}}