{"id":2010,"date":"2013-03-08T23:11:32","date_gmt":"2013-03-08T22:11:32","guid":{"rendered":"https:\/\/www.lathiau.fr\/les-chambres\/chambre-rose\/"},"modified":"2023-04-24T18:46:26","modified_gmt":"2023-04-24T17:46:26","slug":"chambre-rose","status":"publish","type":"page","link":"https:\/\/www.lathiau.fr\/en\/les-chambres\/chambre-rose\/","title":{"rendered":"The Louise de Savoie Bedroom"},"content":{"rendered":"<h2>\u00a0with 1 window on the sunrise side,\u00a0 overlooking the park,<\/h2>\n<p style=\"text-align: left;\">. upstairs<\/p>\n<p style=\"text-align: left;\">. 16 m2<\/p>\n<p style=\"text-align: left;\">. double (150 x 200 cm) bed<\/p>\n<p style=\"text-align: left;\">. Private en-suite bathroom<\/p>\n<p style=\"text-align: left;\">. toilets (separate)<\/p>\n<p style=\"text-align: left;\">. furnished in &#8220;Louis-Philippe&#8221; antique<\/p>\n<p style=\"text-align: center;\"><strong>Price for 4 nights minimum <em>except weekend<\/em> : 180 \u20ac <em>for 1 perso<\/em>n (without breakfast).<\/strong><\/p>\n<p style=\"text-align: center;\"><strong>Sleeping kit or towels extra: 15 \u20ac piece.<\/strong><\/p>\n<p style=\"text-align: center;\">(<strong>+ <\/strong>Tourist Tax for the town : 0.40 \u20ac per day and per adult)<\/p>\n<p align=\"center\"><span id=\"result_box2\" lang=\"en\">Special prices for long-term professional stay on request.<\/span><\/p>\n<h2 style=\"text-align: center;\"><em><strong>Check Availability, Price and Book online (secure encrypted network) : click the blue <em><strong><span id=\"result_box\" class=\"short_text\" lang=\"de\">rectangle<\/span><\/strong><\/em> hereunder,<\/strong><b><strong><br \/>\n<\/strong><\/b><\/em><\/h2>\n<p style=\"text-align: center;\"><a href=\"http:\/\/www.freetobook.com\/affiliates\/reservation.php?w_id=3475&amp;w_tkn=twRTrr9MWPrNep43mOcpfgmjLp12BLbG561Ow1DndgrYwwezf8nh4rQgSFHJD\"><img loading=\"lazy\" class=\"size-full wp-image-745\" src=\"https:\/\/www.lathiau.fr\/wp-content\/uploads\/2013\/04\/dispotarifresa.jpg\" alt=\"R\u00e9server maintenant !\" width=\"152\" height=\"64\" srcset=\"https:\/\/www.lathiau.fr\/wp-content\/uploads\/2013\/04\/dispotarifresa.jpg 152w, https:\/\/www.lathiau.fr\/wp-content\/uploads\/2013\/04\/dispotarifresa-150x64.jpg 150w\" sizes=\"(max-width: 152px) 100vw, 152px\" \/><\/a><\/p>\n<p style=\"text-align: center;\"><em><b><strong>and the booking is confirmed, I am looking forward to meeting you !<\/strong><\/b><\/em><b><\/b><\/p>\n<p style=\"text-align: center;\">************************************************<\/p>\n<p style=\"text-align: center;\"><strong><span id=\"result_box\" lang=\"en\"><span title=\"R\u00e9sum\u00e9 des Conditions G\u00e9n\u00e9rales de R\u00e9servation&lt;\/p&gt;&lt;br \/&gt;&lt;br \/&gt;&lt;br \/&gt;&lt;br \/&gt;&lt;br \/&gt;&lt;br \/&gt;&lt;br \/&gt;&lt;br \/&gt;&lt;br \/&gt;&lt;br \/&gt;&lt;br \/&gt;&lt;br \/&gt; &lt;p&gt;\"><a href=\"https:\/\/www.lathiau.fr\/?p=4523\">Conditions of Booking<\/a> <span id=\"result_box\" lang=\"en\"><span title=\"R\u00e9sum\u00e9 des Conditions G\u00e9n\u00e9rales de R\u00e9servation&lt;\/p&gt;&lt;br \/&gt;&lt;br \/&gt;&lt;br \/&gt;&lt;br \/&gt;&lt;br \/&gt;&lt;br \/&gt;&lt;br \/&gt;&lt;br \/&gt;&lt;br \/&gt;&lt;br \/&gt;&lt;br \/&gt;&lt;br \/&gt; &lt;p&gt;\">Summary<\/span><\/span><\/span><\/span><\/strong><\/p>\n<p style=\"text-align: center;\"><span title=\"En raison de notre petite taille, toute annulation nous affecte de mani\u00e8re significative, et nous laisse fort peu de chances de relouer la chambre initialement r\u00e9serv\u00e9e.\">Because of our small size, cancellations affect us significantly, and leave us little chance to rebook the room originally booked . <\/span><span title=\"D'o\u00f9 l'application des conditions ci-dessous :&lt;\/p&gt;&lt;br \/&gt;&lt;br \/&gt;&lt;br \/&gt;&lt;br \/&gt;&lt;br \/&gt;&lt;br \/&gt;&lt;br \/&gt;&lt;br \/&gt;&lt;br \/&gt;&lt;br \/&gt;&lt;br \/&gt;&lt;br \/&gt; &lt;p&gt;\">Hence the application of the conditions below:<\/span><\/p>\n<p style=\"text-align: center;\"><span title=\"En cas d'Annulation, l'acompte de 50 % reste d\u00e9finitivement acquis et le solde pourra \u00eatre demand\u00e9.\"><strong>In case of cancellation within 10 days prior to arrival, the deposit of 50 % remains definitively acquired<\/strong> and the balance may be requested. <\/span><span title=\"Vos coordonn\u00e9es de carte bancaire seront utilis\u00e9es uniquement dans ce cas.&lt;\/p&gt;&lt;br \/&gt;&lt;br \/&gt;&lt;br \/&gt;&lt;br \/&gt;&lt;br \/&gt;&lt;br \/&gt;&lt;br \/&gt;&lt;br \/&gt;&lt;br \/&gt;&lt;br \/&gt;&lt;br \/&gt;&lt;br \/&gt; &lt;p&gt;\">Your credit card details will only be used in this case.<\/span><\/p>\n<p style=\"text-align: center;\"><span title=\"Le r\u00e8glement de votre s\u00e9jour se fera sur place \u00e0 votre arriv\u00e9e : par ch\u00e8que, ch\u00e8ques-vacances et esp\u00e8ces (pas de carte bancaire, seulement pour garantie).&lt;\/p&gt;&lt;br \/&gt;&lt;br \/&gt;&lt;br \/&gt;&lt;br \/&gt;&lt;br \/&gt;&lt;br \/&gt;&lt;br \/&gt;&lt;br \/&gt;&lt;br \/&gt;&lt;br \/&gt;&lt;br \/&gt;&lt;br \/&gt; &lt;p&gt;\">The <strong>payment for your stay will be made upon arrival by cash or <span id=\"result_box\" class=\"\" lang=\"en\" tabindex=\"-1\"><span class=\"hps\">immediate<\/span><\/span> bank transfer\u00a0<\/strong> (no credit card, guarantee only ).<\/span><\/p>\n<p style=\"text-align: center;\"><span title=\"Arriv\u00e9e et d\u00e9part :&lt;br \/&gt;&lt;br \/&gt;&lt;br \/&gt;&lt;br \/&gt;&lt;br \/&gt;&lt;br \/&gt;&lt;br \/&gt;&lt;br \/&gt;&lt;br \/&gt;&lt;br \/&gt;&lt;br \/&gt;&lt;br \/&gt;&lt;br \/&gt; \">Arrival and departure:<br \/>\n<\/span><span title=\"Les arriv\u00e9es sont pr\u00e9vues entre 17h et 19h30.Nous acceptons les arriv\u00e9es tardives jusqu'\u00e0 22h \u00e0 titre exceptionnel et sur demande.\"><strong>Arrivals are expected between 17h and 19h30<\/strong>. We accept late arrivals until 22h save in exceptional cases and on request. <\/span><span title=\"La chambre devra \u00eatre lib\u00e9r\u00e9e avant 11h30.&lt;br \/&gt;&lt;br \/&gt;&lt;br \/&gt;&lt;br \/&gt;&lt;br \/&gt;&lt;br \/&gt;&lt;br \/&gt;&lt;br \/&gt;&lt;br \/&gt;&lt;br \/&gt;&lt;br \/&gt;&lt;br \/&gt;&lt;br \/&gt; \">The room must be vacated by 11:30.<\/span><span id=\"result_box\" lang=\"en\"><span title=\"La chambre devra \u00eatre lib\u00e9r\u00e9e avant 11h30.&lt;br \/&gt;&lt;br \/&gt;&lt;br \/&gt;&lt;br \/&gt;&lt;br \/&gt;&lt;br \/&gt;&lt;br \/&gt;&lt;br \/&gt;&lt;br \/&gt;&lt;br \/&gt;&lt;br \/&gt;&lt;br \/&gt;&lt;br \/&gt; \"><br \/>\n<\/span><span title=\"Nos chambres sont strictement non-fumeurs.&lt;\/p&gt;&lt;br \/&gt;&lt;br \/&gt;&lt;br \/&gt;&lt;br \/&gt;&lt;br \/&gt;&lt;br \/&gt;&lt;br \/&gt;&lt;br \/&gt;&lt;br \/&gt;&lt;br \/&gt;&lt;br \/&gt;&lt;br \/&gt; &lt;p&gt;\">Our rooms are strictly <strong>non -smoking.<\/strong><\/span><\/span><\/p>\n<p style=\"text-align: center;\"><span title=\"Animaux accept\u00e9s sous conditions et sur demande.&lt;\/p&gt;&lt;br \/&gt;&lt;br \/&gt;&lt;br \/&gt;&lt;br \/&gt;&lt;br \/&gt;&lt;br \/&gt;&lt;br \/&gt;&lt;br \/&gt;&lt;br \/&gt;&lt;br \/&gt;&lt;br \/&gt;&lt;br \/&gt; &lt;p&gt;\"><strong>Pets accepted<\/strong> under certain <a href=\"https:\/\/www.lathiau.fr\/les-chambres\/?lang=en\">condition<\/a>s and upon request.<\/span><\/p>\n","protected":false},"excerpt":{"rendered":"<p>\u00a0with 1 window on the sunrise side,\u00a0 overlooking the park, . upstairs . 16 m2 . double (150 x 200 cm) bed . Private en-suite bathroom . toilets (separate) . furnished in &#8220;Louis-Philippe&#8221; antique Price for 4 nights minimum except weekend : 180 \u20ac for 1 person (without breakfast). Sleeping kit or towels extra: 15 [&hellip;]<\/p>\n","protected":false},"author":1,"featured_media":0,"parent":2001,"menu_order":0,"comment_status":"closed","ping_status":"closed","template":"","meta":[],"yoast_head":"\n<title>Pink bedroom B&amp;B gien briare sancerre loire valley france<\/title>\n<meta name=\"description\" content=\"The Pink Bedroom upstairs with window overlooking the park, 1 double (150 x 200 cm) bed. Private en-suite bathroom and toilets (separate).\" \/>\n<meta name=\"robots\" content=\"index, follow, max-snippet:-1, max-image-preview:large, max-video-preview:-1\" \/>\n<link rel=\"canonical\" href=\"https:\/\/www.lathiau.fr\/en\/les-chambres\/chambre-rose\/\" \/>\n<meta property=\"og:locale\" content=\"en_US\" \/>\n<meta property=\"og:type\" content=\"article\" \/>\n<meta property=\"og:title\" content=\"Pink bedroom B&amp;B gien briare sancerre loire valley france\" \/>\n<meta property=\"og:description\" content=\"The Pink Bedroom upstairs with window overlooking the park, 1 double (150 x 200 cm) bed. Private en-suite bathroom and toilets (separate).\" \/>\n<meta property=\"og:url\" content=\"https:\/\/www.lathiau.fr\/en\/les-chambres\/chambre-rose\/\" \/>\n<meta property=\"og:site_name\" content=\"Chambres d&#039;h\u00f4tes de charme, g\u00eetes Loiret Briare Gien Sancerre\" \/>\n<meta property=\"article:publisher\" content=\"https:\/\/www.facebook.com\/DomaineDeLaThiau\" \/>\n<meta property=\"article:modified_time\" content=\"2023-04-24T17:46:26+00:00\" \/>\n<meta property=\"og:image\" content=\"https:\/\/www.lathiau.fr\/wp-content\/uploads\/2013\/04\/dispotarifresa.jpg\" \/>\n<meta name=\"twitter:label1\" content=\"Est. reading time\">\n\t<meta name=\"twitter:data1\" content=\"2 minutes\">\n<script type=\"application\/ld+json\" class=\"yoast-schema-graph\">{\"@context\":\"https:\/\/schema.org\",\"@graph\":[{\"@type\":\"WebSite\",\"@id\":\"https:\/\/www.lathiau.fr\/#website\",\"url\":\"https:\/\/www.lathiau.fr\/\",\"name\":\"Chambres d&#039;h\\u00f4tes de charme, g\\u00eetes Loiret Briare Gien Sancerre\",\"description\":\"Chambres d&#039;h\\u00f4tes de charme et g\\u00eetes en Val de Loire entre Gien et Briare Sancerre Loiret 150km sud de Paris. Maison ind\\u00e9pendante, parc paysager, diner romantique, chateaux.\",\"potentialAction\":[{\"@type\":\"SearchAction\",\"target\":\"https:\/\/www.lathiau.fr\/?s={search_term_string}\",\"query-input\":\"required name=search_term_string\"}],\"inLanguage\":\"en-US\"},{\"@type\":\"ImageObject\",\"@id\":\"https:\/\/www.lathiau.fr\/en\/les-chambres\/chambre-rose\/#primaryimage\",\"inLanguage\":\"en-US\",\"url\":\"https:\/\/www.lathiau.fr\/wp-content\/uploads\/2013\/04\/dispotarifresa.jpg\",\"width\":152,\"height\":64,\"caption\":\"R\\u00e9server maintenant !\"},{\"@type\":\"WebPage\",\"@id\":\"https:\/\/www.lathiau.fr\/en\/les-chambres\/chambre-rose\/#webpage\",\"url\":\"https:\/\/www.lathiau.fr\/en\/les-chambres\/chambre-rose\/\",\"name\":\"Pink bedroom B&B gien briare sancerre loire valley france\",\"isPartOf\":{\"@id\":\"https:\/\/www.lathiau.fr\/#website\"},\"primaryImageOfPage\":{\"@id\":\"https:\/\/www.lathiau.fr\/en\/les-chambres\/chambre-rose\/#primaryimage\"},\"datePublished\":\"2013-03-08T22:11:32+00:00\",\"dateModified\":\"2023-04-24T17:46:26+00:00\",\"description\":\"The Pink Bedroom upstairs with window overlooking the park, 1 double (150 x 200 cm) bed. Private en-suite bathroom and toilets (separate).\",\"inLanguage\":\"en-US\",\"potentialAction\":[{\"@type\":\"ReadAction\",\"target\":[\"https:\/\/www.lathiau.fr\/en\/les-chambres\/chambre-rose\/\"]}]}]}<\/script>\n","_links":{"self":[{"href":"https:\/\/www.lathiau.fr\/en\/wp-json\/wp\/v2\/pages\/2010\/"}],"collection":[{"href":"https:\/\/www.lathiau.fr\/en\/wp-json\/wp\/v2\/pages\/"}],"about":[{"href":"https:\/\/www.lathiau.fr\/en\/wp-json\/wp\/v2\/types\/page\/"}],"author":[{"embeddable":true,"href":"https:\/\/www.lathiau.fr\/en\/wp-json\/wp\/v2\/users\/1\/"}],"replies":[{"embeddable":true,"href":"https:\/\/www.lathiau.fr\/en\/wp-json\/wp\/v2\/comments\/?post=2010"}],"version-history":[{"count":39,"href":"https:\/\/www.lathiau.fr\/en\/wp-json\/wp\/v2\/pages\/2010\/revisions\/"}],"predecessor-version":[{"id":7458,"href":"https:\/\/www.lathiau.fr\/en\/wp-json\/wp\/v2\/pages\/2010\/revisions\/7458\/"}],"up":[{"embeddable":true,"href":"https:\/\/www.lathiau.fr\/en\/wp-json\/wp\/v2\/pages\/2001\/"}],"wp:attachment":[{"href":"https:\/\/www.lathiau.fr\/en\/wp-json\/wp\/v2\/media\/?parent=2010"}],"curies":[{"name":"wp","href":"https:\/\/api.w.org\/{rel}","templated":true}]}}