{"id":2120,"date":"2013-04-30T22:49:44","date_gmt":"2013-04-30T21:49:44","guid":{"rendered":"https:\/\/www.lathiau.fr\/les-gites\/gite-de-la-ferme\/"},"modified":"2023-04-24T19:13:29","modified_gmt":"2023-04-24T18:13:29","slug":"gite-de-la-ferme","status":"publish","type":"page","link":"https:\/\/www.lathiau.fr\/en\/les-gites\/gite-de-la-ferme\/","title":{"rendered":"Gite de la Ferme &#8211; 3 pers. max."},"content":{"rendered":"<h2>In the former stabbles of the farm, located on the ground floor, this flat, Gite de la Ferme, for 3 persons maximum,\u00a0 is completely independent. Around 70m2 wide, it comprises:<\/h2>\n<p>. 1 bedroom with a double (140&#215;190 cm) bed<\/p>\n<p>. 1 small bedroom (7m2) with 1 single bed\u00a0 (90 x 190 cm),<\/p>\n<p>. big living-room (possibility\u00a0to add\u00a01 single bed in the living room for 3 separate beds),<\/p>\n<p>. small but rational kitchen (deep-freeze fridge, electric stove, micro-wave, dishwasher etc.) and<\/p>\n<p>. bathroom with toilets (washing-machine)<\/p>\n<p>Free Wifi<\/p>\n<p>Furnished with quality antique furniture.<\/p>\n<p>Access to the fitness room (shared with b&amp;b&#8217;s)<\/p>\n<p>A private entrance faces the south with a garden (barbecue and garden furniture).<\/p>\n<p>Direct access to the lane leading to the river.<\/p>\n<p>Private car park.<\/p>\n<p><center>*<\/center><\/p>\n<h3>* Weekly prices from Saturday to Saturday, Wifi, water included. Electricity and heating invoiced according to meter readings arrival and departure:<\/h3>\n<p>No rental per night or that falls in 2 weeks<\/p>\n<p style=\"text-align: left;\"><b> 1st week =<br \/>\n<\/b><\/p>\n<p style=\"text-align: left;\"><b>\u00a0\u00a0\u00a0\u00a0\u00a0\u00a0\u00a0\u00a0\u00a0\u00a0\u00a0\u00a0\u00a0\u00a0\u00a0\u00a0\u00a0\u00a0\u00a0\u00a0\u00a0\u00a0\u00a0\u00a0\u00a0\u00a0\u00a0\u00a0\u00a0\u00a0\u00a0\u00a0\u00a0\u00a0\u00a0\u00a0\u00a0\u00a0\u00a0 270 \u20ac all year except&#8230; \/ <\/b><\/p>\n<p style=\"text-align: left;\"><b>\u00a0\u00a0\u00a0\u00a0\u00a0\u00a0\u00a0\u00a0\u00a0\u00a0\u00a0\u00a0\u00a0\u00a0\u00a0\u00a0\u00a0\u00a0\u00a0\u00a0\u00a0\u00a0\u00a0\u00a0\u00a0\u00a0\u00a0\u00a0\u00a0\u00a0\u00a0\u00a0\u00a0\u00a0\u00a0\u00a0\u00a0\u00a0\u00a0 350 \u20ac (July-August)<\/b><\/p>\n<p style=\"text-align: left;\"><b>from the 2d week =<br \/>\n<\/b><\/p>\n<p style=\"text-align: left;\"><b>\u00a0\u00a0\u00a0\u00a0\u00a0\u00a0\u00a0\u00a0\u00a0\u00a0\u00a0\u00a0\u00a0\u00a0\u00a0\u00a0\u00a0\u00a0\u00a0\u00a0\u00a0\u00a0\u00a0\u00a0\u00a0\u00a0\u00a0\u00a0\u00a0\u00a0\u00a0\u00a0\u00a0\u00a0\u00a0\u00a0\u00a0\u00a0\u00a0 240 \u20ac all year except&#8230; \/ <\/b><\/p>\n<p style=\"text-align: left;\"><b>\u00a0\u00a0\u00a0\u00a0\u00a0\u00a0\u00a0\u00a0\u00a0\u00a0\u00a0\u00a0\u00a0\u00a0\u00a0\u00a0\u00a0\u00a0\u00a0\u00a0\u00a0\u00a0\u00a0\u00a0\u00a0\u00a0\u00a0\u00a0\u00a0\u00a0\u00a0\u00a0\u00a0\u00a0\u00a0\u00a0\u00a0\u00a0\u00a0 320 \u20ac (July-August)<\/b><\/p>\n<p style=\"text-align: left;\"><span id=\"result_box\" lang=\"en\"><span title=\"(Taxe de s\u00e9jour pour la ville : 0.30 \u20ac par jour et par adulte)&lt;\/p&gt;&lt;br \/&gt;&lt;br \/&gt; &lt;p&gt;\">(<strong>+<\/strong>Tourist tax for the city<em>)<\/em><\/span><\/span><\/p>\n<p style=\"text-align: center;\"><span id=\"result_box\" lang=\"es\"><span title=\"tous les prix sur la page &quot;Tarifs&quot;.&lt;\/p&gt;&lt;br \/&gt;&lt;br \/&gt;&lt;br \/&gt;&lt;br \/&gt;&lt;br \/&gt;&lt;br \/&gt; &lt;p&gt;\">All prices at this page \u00a0<a href=\"https:\/\/www.lathiau.fr\/le-domaine\/?lang=es\"><strong>&#8220;<\/strong><\/a><a href=\"https:\/\/www.lathiau.fr\/le-domaine\/?lang=en\"><strong>Rates&#8221;<\/strong><\/a>.<\/span><\/span><\/p>\n<h2 style=\"text-align: center;\">\u00a0<strong><strong><em>Check availability, price and book online (secure and encrypted network), press this\u00a0 hereunder blue rectangle :<\/em><\/strong><\/strong><\/h2>\n<p style=\"text-align: center;\"><a href=\"http:\/\/www.freetobook.com\/affiliates\/reservation.php?w_id=3710&amp;w_tkn=sGo6TPX9rh31silCaKpgovGgPQaJzxB6ajMihV5XghIaahfzIP2bkoQLtkpJC\"><img loading=\"lazy\" width=\"152\" height=\"64\" class=\"size-full wp-image-745\" src=\"https:\/\/www.lathiau.fr\/wp-content\/uploads\/2013\/04\/dispotarifresa.jpg\" alt=\"R\u00e9server maintenant !\" srcset=\"https:\/\/www.lathiau.fr\/wp-content\/uploads\/2013\/04\/dispotarifresa.jpg 152w, https:\/\/www.lathiau.fr\/wp-content\/uploads\/2013\/04\/dispotarifresa-150x64.jpg 150w\" sizes=\"(max-width: 152px) 100vw, 152px\" \/><\/a><\/p>\n<p style=\"text-align: center;\"><b><strong><em><b><strong><strong>and your booking is guarantee.<\/strong><\/strong><\/b><\/em><br \/>\n<\/strong><\/b><\/p>\n<p style=\"text-align: center;\">************************************************<\/p>\n<p style=\"text-align: center;\"><strong><span id=\"result_box\" lang=\"en\"><span title=\"R\u00e9sum\u00e9 des Conditions G\u00e9n\u00e9rales de R\u00e9servation&lt;\/p&gt;&lt;br \/&gt;&lt;br \/&gt;&lt;br \/&gt;&lt;br \/&gt;&lt;br \/&gt;&lt;br \/&gt;&lt;br \/&gt;&lt;br \/&gt;&lt;br \/&gt;&lt;br \/&gt;&lt;br \/&gt;&lt;br \/&gt;&lt;br \/&gt; &lt;p&gt;\"><a href=\"https:\/\/www.freetobook.com\/booking\/termsAndConditions.php?id=654688\">Conditions of Booking<\/a> <span id=\"result_box\" lang=\"en\"><span title=\"R\u00e9sum\u00e9 des Conditions G\u00e9n\u00e9rales de R\u00e9servation&lt;\/p&gt;&lt;br \/&gt;&lt;br \/&gt;&lt;br \/&gt;&lt;br \/&gt;&lt;br \/&gt;&lt;br \/&gt;&lt;br \/&gt;&lt;br \/&gt;&lt;br \/&gt;&lt;br \/&gt;&lt;br \/&gt;&lt;br \/&gt;&lt;br \/&gt; &lt;p&gt;\">Summary<\/span><\/span><\/span><\/span><\/strong><\/p>\n<p style=\"text-align: center;\"><span title=\"En raison de notre petite taille, toute annulation nous affecte de mani\u00e8re significative, et nous laisse fort peu de chances de relouer la chambre initialement r\u00e9serv\u00e9e.\">Because of our small size, cancellations affect us significantly, and leave us little chance to rebook the Gite\u00a0 originally booked . <\/span><span title=\"D'o\u00f9 l'application des conditions ci-dessous :&lt;\/p&gt;&lt;br \/&gt;&lt;br \/&gt;&lt;br \/&gt;&lt;br \/&gt;&lt;br \/&gt;&lt;br \/&gt;&lt;br \/&gt;&lt;br \/&gt;&lt;br \/&gt;&lt;br \/&gt;&lt;br \/&gt;&lt;br \/&gt;&lt;br \/&gt; &lt;p&gt;\">Hence the application of the conditions below:<\/span><\/p>\n<p style=\"text-align: center;\"><span title=\"En cas d'Annulation, l'acompte de 50 % reste d\u00e9finitivement acquis et le solde pourra \u00eatre demand\u00e9.\"><strong>In case of cancellation within 10 days prior to arrival, the deposit of 30 % remains definitively acquired<\/strong> <strong>and the balance will be requested<\/strong>. <\/span><span title=\"Vos coordonn\u00e9es de carte bancaire seront utilis\u00e9es uniquement dans ce cas.&lt;\/p&gt;&lt;br \/&gt;&lt;br \/&gt;&lt;br \/&gt;&lt;br \/&gt;&lt;br \/&gt;&lt;br \/&gt;&lt;br \/&gt;&lt;br \/&gt;&lt;br \/&gt;&lt;br \/&gt;&lt;br \/&gt;&lt;br \/&gt;&lt;br \/&gt; &lt;p&gt;\">Your credit card details will only be used in this case.<\/span><\/p>\n<p style=\"text-align: center;\"><span title=\"Le r\u00e8glement de votre s\u00e9jour se fera sur place \u00e0 votre arriv\u00e9e : par ch\u00e8que, ch\u00e8ques-vacances et esp\u00e8ces (pas de carte bancaire, seulement pour garantie).&lt;\/p&gt;&lt;br \/&gt;&lt;br \/&gt;&lt;br \/&gt;&lt;br \/&gt;&lt;br \/&gt;&lt;br \/&gt;&lt;br \/&gt;&lt;br \/&gt;&lt;br \/&gt;&lt;br \/&gt;&lt;br \/&gt;&lt;br \/&gt;&lt;br \/&gt; &lt;p&gt;\">The <strong>payment for your stay will be made upon arrival by cash or <span id=\"result_box\" lang=\"en\" tabindex=\"-1\"><span class=\"hps\">immediate<\/span><\/span> bank transfer\u00a0<\/strong> (no credit card, guarantee only ).<\/span><\/p>\n<p style=\"text-align: center;\"><span title=\"Arriv\u00e9e et d\u00e9part :&lt;br \/&gt;&lt;br \/&gt;&lt;br \/&gt;&lt;br \/&gt;&lt;br \/&gt;&lt;br \/&gt;&lt;br \/&gt;&lt;br \/&gt;&lt;br \/&gt;&lt;br \/&gt;&lt;br \/&gt;&lt;br \/&gt;&lt;br \/&gt;&lt;br \/&gt; \">Arrival and departure:<br \/>\n<\/span><span title=\"Les arriv\u00e9es sont pr\u00e9vues entre 17h et 19h30.Nous acceptons les arriv\u00e9es tardives jusqu'\u00e0 22h \u00e0 titre exceptionnel et sur demande.\"><strong>Arrivals are expected between 17h and 19h30<\/strong>. We accept late arrivals until 22h save in exceptional cases and on request. <\/span><span title=\"La chambre devra \u00eatre lib\u00e9r\u00e9e avant 11h30.&lt;br \/&gt;&lt;br \/&gt;&lt;br \/&gt;&lt;br \/&gt;&lt;br \/&gt;&lt;br \/&gt;&lt;br \/&gt;&lt;br \/&gt;&lt;br \/&gt;&lt;br \/&gt;&lt;br \/&gt;&lt;br \/&gt;&lt;br \/&gt;&lt;br \/&gt; \">The Gite must be vacated by 10:00, cleaning done (<span id=\"result_box\" lang=\"en\" tabindex=\"-1\">(if not, it will be charged \u20ac 43 minimum)<\/span>.<\/span><span id=\"result_box\" lang=\"en\"><span title=\"La chambre devra \u00eatre lib\u00e9r\u00e9e avant 11h30.&lt;br \/&gt;&lt;br \/&gt;&lt;br \/&gt;&lt;br \/&gt;&lt;br \/&gt;&lt;br \/&gt;&lt;br \/&gt;&lt;br \/&gt;&lt;br \/&gt;&lt;br \/&gt;&lt;br \/&gt;&lt;br \/&gt;&lt;br \/&gt;&lt;br \/&gt; \"><br \/>\n<\/span><span title=\"Nos chambres sont strictement non-fumeurs.&lt;\/p&gt;&lt;br \/&gt;&lt;br \/&gt;&lt;br \/&gt;&lt;br \/&gt;&lt;br \/&gt;&lt;br \/&gt;&lt;br \/&gt;&lt;br \/&gt;&lt;br \/&gt;&lt;br \/&gt;&lt;br \/&gt;&lt;br \/&gt;&lt;br \/&gt; &lt;p&gt;\">Our Gites are strictly <strong>non -smoking.<\/strong><\/span><\/span><\/p>\n<p style=\"text-align: center;\"><span title=\"Animaux accept\u00e9s sous conditions et sur demande.&lt;\/p&gt;&lt;br \/&gt;&lt;br \/&gt;&lt;br \/&gt;&lt;br \/&gt;&lt;br \/&gt;&lt;br \/&gt;&lt;br \/&gt;&lt;br \/&gt;&lt;br \/&gt;&lt;br \/&gt;&lt;br \/&gt;&lt;br \/&gt;&lt;br \/&gt; &lt;p&gt;\"><strong>Pets are not accepted<\/strong>.<\/span><\/p>\n<div id=\"f2b-widget\"><\/div>\n","protected":false},"excerpt":{"rendered":"<p>In the former stabbles of the farm, located on the ground floor, this flat, Gite de la Ferme, for 3 persons maximum,\u00a0 is completely independent. Around 70m2 wide, it comprises: . 1 bedroom with a double (140&#215;190 cm) bed . 1 small bedroom (7m2) with 1 single bed\u00a0 (90 x 190 cm), . big living-room [&hellip;]<\/p>\n","protected":false},"author":1,"featured_media":0,"parent":2053,"menu_order":0,"comment_status":"closed","ping_status":"open","template":"","meta":[],"yoast_head":"\n<title>Gite de la Ferme Gien Sancerre Loire Valley France<\/title>\n<meta name=\"description\" content=\"In the former stabbles of the farm, ground floor, this flat, Gite de la Ferme, 3 persons maximum, 2 bedrooms, bath wc living room garden bbq\" \/>\n<meta name=\"robots\" content=\"index, follow, max-snippet:-1, max-image-preview:large, max-video-preview:-1\" \/>\n<link rel=\"canonical\" href=\"https:\/\/www.lathiau.fr\/en\/les-gites\/gite-de-la-ferme\/\" \/>\n<meta property=\"og:locale\" content=\"en_US\" \/>\n<meta property=\"og:type\" content=\"article\" \/>\n<meta property=\"og:title\" content=\"Gite de la Ferme Gien Sancerre Loire Valley France\" \/>\n<meta property=\"og:description\" content=\"In the former stabbles of the farm, ground floor, this flat, Gite de la Ferme, 3 persons maximum, 2 bedrooms, bath wc living room garden bbq\" \/>\n<meta property=\"og:url\" content=\"https:\/\/www.lathiau.fr\/en\/les-gites\/gite-de-la-ferme\/\" \/>\n<meta property=\"og:site_name\" content=\"Chambres d&#039;h\u00f4tes de charme, g\u00eetes Loiret Briare Gien Sancerre\" \/>\n<meta property=\"article:publisher\" content=\"https:\/\/www.facebook.com\/DomaineDeLaThiau\" \/>\n<meta property=\"article:modified_time\" content=\"2023-04-24T18:13:29+00:00\" \/>\n<meta property=\"og:image\" content=\"https:\/\/www.lathiau.fr\/wp-content\/uploads\/2013\/04\/dispotarifresa.jpg\" \/>\n<meta name=\"twitter:label1\" content=\"Est. reading time\">\n\t<meta name=\"twitter:data1\" content=\"2 minutes\">\n<script type=\"application\/ld+json\" class=\"yoast-schema-graph\">{\"@context\":\"https:\/\/schema.org\",\"@graph\":[{\"@type\":\"WebSite\",\"@id\":\"https:\/\/www.lathiau.fr\/#website\",\"url\":\"https:\/\/www.lathiau.fr\/\",\"name\":\"Chambres d&#039;h\\u00f4tes de charme, g\\u00eetes Loiret Briare Gien Sancerre\",\"description\":\"Chambres d&#039;h\\u00f4tes de charme et g\\u00eetes en Val de Loire entre Gien et Briare Sancerre Loiret 150km sud de Paris. Maison ind\\u00e9pendante, parc paysager, diner romantique, chateaux.\",\"potentialAction\":[{\"@type\":\"SearchAction\",\"target\":\"https:\/\/www.lathiau.fr\/?s={search_term_string}\",\"query-input\":\"required name=search_term_string\"}],\"inLanguage\":\"en-US\"},{\"@type\":\"ImageObject\",\"@id\":\"https:\/\/www.lathiau.fr\/en\/les-gites\/gite-de-la-ferme\/#primaryimage\",\"inLanguage\":\"en-US\",\"url\":\"https:\/\/www.lathiau.fr\/wp-content\/uploads\/2013\/04\/dispotarifresa.jpg\",\"width\":152,\"height\":64,\"caption\":\"R\\u00e9server maintenant !\"},{\"@type\":\"WebPage\",\"@id\":\"https:\/\/www.lathiau.fr\/en\/les-gites\/gite-de-la-ferme\/#webpage\",\"url\":\"https:\/\/www.lathiau.fr\/en\/les-gites\/gite-de-la-ferme\/\",\"name\":\"Gite de la Ferme Gien Sancerre Loire Valley France\",\"isPartOf\":{\"@id\":\"https:\/\/www.lathiau.fr\/#website\"},\"primaryImageOfPage\":{\"@id\":\"https:\/\/www.lathiau.fr\/en\/les-gites\/gite-de-la-ferme\/#primaryimage\"},\"datePublished\":\"2013-04-30T21:49:44+00:00\",\"dateModified\":\"2023-04-24T18:13:29+00:00\",\"description\":\"In the former stabbles of the farm, ground floor, this flat, Gite de la Ferme, 3 persons maximum, 2 bedrooms, bath wc living room garden bbq\",\"inLanguage\":\"en-US\",\"potentialAction\":[{\"@type\":\"ReadAction\",\"target\":[\"https:\/\/www.lathiau.fr\/en\/les-gites\/gite-de-la-ferme\/\"]}]}]}<\/script>\n","_links":{"self":[{"href":"https:\/\/www.lathiau.fr\/en\/wp-json\/wp\/v2\/pages\/2120\/"}],"collection":[{"href":"https:\/\/www.lathiau.fr\/en\/wp-json\/wp\/v2\/pages\/"}],"about":[{"href":"https:\/\/www.lathiau.fr\/en\/wp-json\/wp\/v2\/types\/page\/"}],"author":[{"embeddable":true,"href":"https:\/\/www.lathiau.fr\/en\/wp-json\/wp\/v2\/users\/1\/"}],"replies":[{"embeddable":true,"href":"https:\/\/www.lathiau.fr\/en\/wp-json\/wp\/v2\/comments\/?post=2120"}],"version-history":[{"count":34,"href":"https:\/\/www.lathiau.fr\/en\/wp-json\/wp\/v2\/pages\/2120\/revisions\/"}],"predecessor-version":[{"id":7471,"href":"https:\/\/www.lathiau.fr\/en\/wp-json\/wp\/v2\/pages\/2120\/revisions\/7471\/"}],"up":[{"embeddable":true,"href":"https:\/\/www.lathiau.fr\/en\/wp-json\/wp\/v2\/pages\/2053\/"}],"wp:attachment":[{"href":"https:\/\/www.lathiau.fr\/en\/wp-json\/wp\/v2\/media\/?parent=2120"}],"curies":[{"name":"wp","href":"https:\/\/api.w.org\/{rel}","templated":true}]}}