{"id":2140,"date":"2013-03-06T19:52:18","date_gmt":"2013-03-06T19:52:18","guid":{"rendered":"https:\/\/www.lathiau.fr\/reservation-2\/"},"modified":"2017-06-06T17:26:29","modified_gmt":"2017-06-06T16:26:29","slug":"reservation","status":"publish","type":"page","link":"https:\/\/www.lathiau.fr\/en\/reservation\/","title":{"rendered":"Booking"},"content":{"rendered":"<h1 style=\"text-align: center;\"><a href=\"https:\/\/www.lathiau.fr\/les-gites\/?lang=en\">How to book a<strong> Gite (self-catering accomodation)<\/strong>, go to the page of the related gite and book on this page (click on this line)<\/a><\/h1>\n<h1 style=\"text-align: center;\">How to book a<strong> B&amp;B<\/strong> at the Domaine de La Thiau ?<\/h1>\n<p style=\"text-align: center;\"><strong>Check Availability, Price and Book online (secure encrypted network) : click the blue <span id=\"result_box\" class=\"short_text\" lang=\"en\" tabindex=\"-1\"><span class=\"\">rectangle<\/span><\/span> hereunder,<\/strong><em><b><strong><br \/>\n<\/strong><\/b><\/em><\/p>\n<p><a title=\"r\u00e9servez maintenant !\" href=\"http:\/\/www.freetobook.com\/affiliates\/reservation.php?w_id=3475&amp;w_tkn=twRTrr9MWPrNep43mOcpfgmjLp12BLbG561Ow1DndgrYwwezf8nh4rQgSFHJD\" target=\"_blank\" rel=\"noopener noreferrer\"><img loading=\"lazy\" class=\"aligncenter size-full wp-image-745\" src=\"https:\/\/www.lathiau.fr\/wp-content\/uploads\/2013\/04\/dispotarifresa.jpg\" alt=\"R\u00e9server maintenant !\" width=\"152\" height=\"64\" srcset=\"https:\/\/www.lathiau.fr\/wp-content\/uploads\/2013\/04\/dispotarifresa.jpg 152w, https:\/\/www.lathiau.fr\/wp-content\/uploads\/2013\/04\/dispotarifresa-150x64.jpg 150w\" sizes=\"(max-width: 152px) 100vw, 152px\" \/><\/a><\/p>\n<p style=\"text-align: center;\"><strong>and your booking is guarantee, I will be waiting for you !<\/strong><\/p>\n<p style=\"text-align: center;\">*********************************************<\/p>\n<h1 style=\"text-align: center;\"><b>Or call me on: +33-662-43-20-92<\/b><\/h1>\n<h1 style=\"text-align: center;\"><strong>Or send me an E-mail at : info@lathiau.fr<\/strong><\/h1>\n<p style=\"text-align: center;\">(To be sure to receive the mails of the Domaine de la Thiau in your box, please take a few seconds to add the address &#8220;info@lathiau.fr&#8221; to your addresses list or to your favourites !)<\/p>\n<p style=\"text-align: center;\">After my answer, print and then complete the <a href=\"https:\/\/www.lathiau.fr\/old\/ycontrat.htm\">booking form<\/a> on the next page.<\/p>\n<p style=\"text-align: center;\">And then send this contract along with a cheque in your currency or eurocheque to the following address:<b> <\/b><\/p>\n<p><center>Benedicte Fran\u00e7ois-Ducluzeau<br \/>\n109 Domaine de la Thiau<br \/>\n45250 BRIARE<br \/>\nFRANCE<\/center><\/p>\n<p style=\"text-align: center;\">That&#8217;s it, I&#8217;ll be waiting for you !<\/p>\n<p style=\"text-align: center;\">To be accomodated with pleasure and to share a beautiful property&#8230; Enjoy in all serenity a home-made breakfast, and receive from the owner of the place some useful advices for your stay&#8230; To chatter with other tourists who cross your way&#8230; Here are the real &#8220;bed and breakfast&#8221; or &#8220;chambres d&#8217;hotes&#8221;! For one or more nights, you will be welcomed as friends. A formula which is liked more and more by an increasing number of people who research an original and authentic stay. In a calm and pleasant environment, with a maximum of 4 rooms, you will rest, before leaving to discover the areas. But this estate is not an hotel, you will not find the same services there. We are awaiting you so that the charm starts!<\/p>\n<p style=\"text-align: center;\">************************************************<\/p>\n<p style=\"text-align: center;\"><strong><span id=\"result_box\" lang=\"en\"><span title=\"R\u00e9sum\u00e9 des Conditions G\u00e9n\u00e9rales de R\u00e9servation&lt;\/p&gt;&lt;br \/&gt;&lt;br \/&gt;&lt;br \/&gt;&lt;br \/&gt;&lt;br \/&gt; &lt;p&gt;\"><a href=\"https:\/\/lathiau.fr\/conditionsgenerales.htm\">Conditions of Booking<\/a> <span id=\"result_box\" lang=\"en\"><span title=\"R\u00e9sum\u00e9 des Conditions G\u00e9n\u00e9rales de R\u00e9servation&lt;\/p&gt;&lt;br \/&gt;&lt;br \/&gt;&lt;br \/&gt;&lt;br \/&gt;&lt;br \/&gt; &lt;p&gt;\">Summary<\/span><\/span><\/span><\/span><\/strong><\/p>\n<p style=\"text-align: center;\"><span title=\"En raison de notre petite taille, toute annulation nous affecte de mani\u00e8re significative, et nous laisse fort peu de chances de relouer la chambre initialement r\u00e9serv\u00e9e.\">Because of our small size, cancellations affect us significantly, and leave us little chance to rebook the room originally booked . <\/span><span title=\"D'o\u00f9 l'application des conditions ci-dessous :&lt;\/p&gt;&lt;br \/&gt;&lt;br \/&gt;&lt;br \/&gt;&lt;br \/&gt;&lt;br \/&gt; &lt;p&gt;\">Hence the application of the conditions below:<\/span><\/p>\n<p style=\"text-align: center;\"><span title=\"En cas d'Annulation, l'acompte de 50 % reste d\u00e9finitivement acquis et le solde pourra \u00eatre demand\u00e9.\">In case of <strong>cancellation, the deposit of 50 % remains definitively acquired<\/strong> and the balance may be requested. <\/span><span title=\"Vos coordonn\u00e9es de carte bancaire seront utilis\u00e9es uniquement dans ce cas.&lt;\/p&gt;&lt;br \/&gt;&lt;br \/&gt;&lt;br \/&gt;&lt;br \/&gt;&lt;br \/&gt; &lt;p&gt;\">Your credit card details will only be used in this case.<\/span><\/p>\n<p style=\"text-align: center;\"><span title=\"Le r\u00e8glement de votre s\u00e9jour se fera sur place \u00e0 votre arriv\u00e9e : par ch\u00e8que, ch\u00e8ques-vacances et esp\u00e8ces (pas de carte bancaire, seulement pour garantie).&lt;\/p&gt;&lt;br \/&gt;&lt;br \/&gt;&lt;br \/&gt;&lt;br \/&gt;&lt;br \/&gt; &lt;p&gt;\">The <strong>payment for your stay will be made upon arrival by cash or bank transfer\u00a0<\/strong> (no credit card, guarantee only ).<\/span><\/p>\n<p style=\"text-align: center;\"><span title=\"Arriv\u00e9e et d\u00e9part :&lt;br \/&gt;&lt;br \/&gt;&lt;br \/&gt;&lt;br \/&gt;&lt;br \/&gt;&lt;br \/&gt; \">Arrival and departure:<br \/>\n<\/span><span title=\"Les arriv\u00e9es sont pr\u00e9vues entre 17h et 19h30.Nous acceptons les arriv\u00e9es tardives jusqu'\u00e0 22h \u00e0 titre exceptionnel et sur demande.\"><strong>Arrivals are expected between 17h and 19h30<\/strong>. We accept late arrivals until 22h save in exceptional cases and on request. <\/span><span title=\"La chambre devra \u00eatre lib\u00e9r\u00e9e avant 11h30.&lt;br \/&gt;&lt;br \/&gt;&lt;br \/&gt;&lt;br \/&gt;&lt;br \/&gt;&lt;br \/&gt; \">The room must be vacated by 11:30.<\/span><span id=\"result_box\" lang=\"en\"><span title=\"La chambre devra \u00eatre lib\u00e9r\u00e9e avant 11h30.&lt;br \/&gt;&lt;br \/&gt;&lt;br \/&gt;&lt;br \/&gt;&lt;br \/&gt;&lt;br \/&gt; \"><br \/>\n<\/span><span title=\"Nos chambres sont strictement non-fumeurs.&lt;\/p&gt;&lt;br \/&gt;&lt;br \/&gt;&lt;br \/&gt;&lt;br \/&gt;&lt;br \/&gt; &lt;p&gt;\">Our rooms are strictly <strong>non -smoking.<\/strong><\/span><\/span><\/p>\n<p style=\"text-align: center;\"><span title=\"Animaux accept\u00e9s sous conditions et sur demande.&lt;\/p&gt;&lt;br \/&gt;&lt;br \/&gt;&lt;br \/&gt;&lt;br \/&gt;&lt;br \/&gt; &lt;p&gt;\"><strong>Pets accepted<\/strong> under certain <a href=\"https:\/\/www.lathiau.fr\/les-chambres\/?lang=en\">conditions<\/a> and upon request.<\/span><\/p>\n","protected":false},"excerpt":{"rendered":"<p>How to book a Gite (self-catering accomodation), go to the page of the related gite and book on this page (click on this line) How to book a B&amp;B at the Domaine de La Thiau ? Check Availability, Price and Book online (secure encrypted network) : click the blue rectangle hereunder, and your booking is [&hellip;]<\/p>\n","protected":false},"author":1,"featured_media":943,"parent":0,"menu_order":0,"comment_status":"closed","ping_status":"closed","template":"","meta":[],"yoast_head":"\n<title>Booking<\/title>\n<meta name=\"description\" content=\"Pour r\u00e9server : Cliquez sur le bouton pour la disponibilit\u00e9, les tarifs et la r\u00e9servation en ligne (r\u00e9seau s\u00e9curis\u00e9 et crypt\u00e9, confidentialit\u00e9 garantie)\" \/>\n<meta name=\"robots\" content=\"index, follow, max-snippet:-1, max-image-preview:large, max-video-preview:-1\" \/>\n<link rel=\"canonical\" href=\"https:\/\/www.lathiau.fr\/en\/reservation\/\" \/>\n<meta property=\"og:locale\" content=\"en_US\" \/>\n<meta property=\"og:type\" content=\"article\" \/>\n<meta property=\"og:title\" content=\"Booking\" \/>\n<meta property=\"og:description\" content=\"Pour r\u00e9server : Cliquez sur le bouton pour la disponibilit\u00e9, les tarifs et la r\u00e9servation en ligne (r\u00e9seau s\u00e9curis\u00e9 et crypt\u00e9, confidentialit\u00e9 garantie)\" \/>\n<meta property=\"og:url\" content=\"https:\/\/www.lathiau.fr\/reservation\/\" \/>\n<meta property=\"og:site_name\" content=\"Chambres d&#039;h\u00f4tes de charme, g\u00eetes Loiret Briare Gien Sancerre\" \/>\n<meta property=\"article:publisher\" content=\"https:\/\/www.facebook.com\/DomaineDeLaThiau\" \/>\n<meta property=\"article:modified_time\" content=\"2017-06-06T16:26:29+00:00\" \/>\n<meta property=\"og:image\" content=\"https:\/\/www.lathiau.fr\/wp-content\/uploads\/2013\/03\/52.jpg\" \/>\n\t<meta property=\"og:image:width\" content=\"1944\" \/>\n\t<meta property=\"og:image:height\" content=\"2592\" \/>\n<meta name=\"twitter:label1\" content=\"Est. reading time\">\n\t<meta name=\"twitter:data1\" content=\"2 minutes\">\n<script type=\"application\/ld+json\" class=\"yoast-schema-graph\">{\"@context\":\"https:\/\/schema.org\",\"@graph\":[{\"@type\":\"WebSite\",\"@id\":\"https:\/\/www.lathiau.fr\/#website\",\"url\":\"https:\/\/www.lathiau.fr\/\",\"name\":\"Chambres d&#039;h\\u00f4tes de charme, g\\u00eetes Loiret Briare Gien Sancerre\",\"description\":\"Chambres d&#039;h\\u00f4tes de charme et g\\u00eetes en Val de Loire entre Gien et Briare Sancerre Loiret 150km sud de Paris. Maison ind\\u00e9pendante, parc paysager, diner romantique, chateaux.\",\"potentialAction\":[{\"@type\":\"SearchAction\",\"target\":\"https:\/\/www.lathiau.fr\/?s={search_term_string}\",\"query-input\":\"required name=search_term_string\"}],\"inLanguage\":\"en-US\"},{\"@type\":\"ImageObject\",\"@id\":\"https:\/\/www.lathiau.fr\/reservation\/#primaryimage\",\"inLanguage\":\"en-US\",\"url\":\"https:\/\/www.lathiau.fr\/wp-content\/uploads\/2013\/03\/52.jpg\",\"width\":1944,\"height\":2592},{\"@type\":\"WebPage\",\"@id\":\"https:\/\/www.lathiau.fr\/reservation\/#webpage\",\"url\":\"https:\/\/www.lathiau.fr\/reservation\/\",\"name\":\"Booking\",\"isPartOf\":{\"@id\":\"https:\/\/www.lathiau.fr\/#website\"},\"primaryImageOfPage\":{\"@id\":\"https:\/\/www.lathiau.fr\/reservation\/#primaryimage\"},\"datePublished\":\"2013-03-06T19:52:18+00:00\",\"dateModified\":\"2017-06-06T16:26:29+00:00\",\"description\":\"Pour r\\u00e9server : Cliquez sur le bouton pour la disponibilit\\u00e9, les tarifs et la r\\u00e9servation en ligne (r\\u00e9seau s\\u00e9curis\\u00e9 et crypt\\u00e9, confidentialit\\u00e9 garantie)\",\"inLanguage\":\"en-US\",\"potentialAction\":[{\"@type\":\"ReadAction\",\"target\":[\"https:\/\/www.lathiau.fr\/reservation\/\"]}]}]}<\/script>\n","_links":{"self":[{"href":"https:\/\/www.lathiau.fr\/en\/wp-json\/wp\/v2\/pages\/2140\/"}],"collection":[{"href":"https:\/\/www.lathiau.fr\/en\/wp-json\/wp\/v2\/pages\/"}],"about":[{"href":"https:\/\/www.lathiau.fr\/en\/wp-json\/wp\/v2\/types\/page\/"}],"author":[{"embeddable":true,"href":"https:\/\/www.lathiau.fr\/en\/wp-json\/wp\/v2\/users\/1\/"}],"replies":[{"embeddable":true,"href":"https:\/\/www.lathiau.fr\/en\/wp-json\/wp\/v2\/comments\/?post=2140"}],"version-history":[{"count":8,"href":"https:\/\/www.lathiau.fr\/en\/wp-json\/wp\/v2\/pages\/2140\/revisions\/"}],"predecessor-version":[{"id":5454,"href":"https:\/\/www.lathiau.fr\/en\/wp-json\/wp\/v2\/pages\/2140\/revisions\/5454\/"}],"wp:featuredmedia":[{"embeddable":true,"href":"https:\/\/www.lathiau.fr\/en\/wp-json\/wp\/v2\/media\/943\/"}],"wp:attachment":[{"href":"https:\/\/www.lathiau.fr\/en\/wp-json\/wp\/v2\/media\/?parent=2140"}],"curies":[{"name":"wp","href":"https:\/\/api.w.org\/{rel}","templated":true}]}}