{"id":2146,"date":"2013-03-08T10:58:13","date_gmt":"2013-03-08T10:58:13","guid":{"rendered":"https:\/\/www.lathiau.fr\/sejour-romantique-2\/"},"modified":"2018-12-20T19:57:02","modified_gmt":"2018-12-20T18:57:02","slug":"sejour-amoureux","status":"publish","type":"page","link":"https:\/\/www.lathiau.fr\/en\/sejour-amoureux\/","title":{"rendered":"A romantic stay"},"content":{"rendered":"<h2 style=\"text-align: center;\"><strong>A Valentine&#8217;s day all the year round !<\/strong><\/h2>\n<p>It is a Valentine&#8217;s day anytime for a 2 nights stay minimum (except on french bank holidays) : A <strong>romantic stay with\u00a0 dinner,<\/strong> cooked by myself with passion, will be fixed in the private living-rooms of the King Francois Suite or the Marguerite de Navarre .<\/p>\n<h3><strong>Champagne, candles on the table<\/strong> and, for the Francois 1st Suite and the Claude de France room only, an <strong>open log fire<\/strong> (electric fire in the Marguerite de Navarre Suite).<\/h3>\n<p>Your table exclusively prepared for you 2, will be:<\/p>\n<p>For the <a href=\"https:\/\/www.lathiau.fr\/wp-admin\/post.php?post=792&amp;action=edit&amp;lang=fr\">Fran\u00e7ois 1st Suite<\/a> and the <a href=\"https:\/\/www.lathiau.fr\/wp-admin\/post.php?post=793&amp;action=edit&amp;lang=fr\">Marguerite de Navarre Suite<\/a>, in their private living-room,<br \/>\nFor the <a href=\"https:\/\/www.lathiau.fr\/wp-admin\/post.php?post=794&amp;action=edit&amp;lang=fr\">Claude de France (green) room<\/a>, in this large room near the fire,<br \/>\nFor the <a href=\"https:\/\/www.lathiau.fr\/wp-admin\/post.php?post=795&amp;action=edit&amp;lang=fr\">Louise de Savoie (pink) room<\/a>, in the veranda,<\/p>\n<p>*<br \/>\nEnlightened by <strong>small lights in a romantic atmosphere <\/strong>!<\/p>\n<p>*<br \/>\nThe bottle of Champagne is included in the package: if you wish to appreciate it for aperitif, you can add some red, pinkish or white wine. I privilege the local production, &#8220;Aoc C\u00f4teaux du Giennois&#8221; of P. Poupat, 3 times gold medal in the Agricultural 2005 Examination in Paris. Price is 14 \u20ac for a 75cl bottle.<\/p>\n<p>No stress: you choose yourself your time of dinner according to your time of arrival.<\/p>\n<p><strong>For your tranquillity and to remain &#8220;en tete a tete&#8221; following the subject &#8220;romantic&#8221;, there will be<\/strong> <strong>no staff around you!<\/strong><\/p>\n<p>Do not hesitate, you will not regret this special formula &#8220;heart on the hand&#8221;.<\/p>\n<p><center>************************************************\u00a0<\/center><\/p>\n<h4 align=\"center\"><span style=\"text-decoration: underline;\">Gastronomic Menu exemple (winter\/spring 2018<\/span>)<\/h4>\n<p><center><em><em>Terrine d&#8217;\u00e9crevisses \u00e0 l&#8217;armoricaine, cr\u00e8me l\u00e9g\u00e8rement citronn\u00e9e <\/em>ou<\/em><\/center><\/p>\n<p style=\"text-align: center;\"><em><span style=\"font-family: Times New Roman,Times,serif;\">Assortiment de terrines &#8220;Retour de chasse&#8221;, chutney et salade d&#8217;herbes<\/span><\/em><\/p>\n<p><center><em>*******<\/em><center><em>Dos de saumon<\/em>, <em>cr\u00e8me \u00e0 l&#8217;oseille,<\/em> <em>gratin dauphinois<\/em> ou<\/center><\/center><\/p>\n<p style=\"text-align: center;\"><em>Civet de sanglier fa\u00e7on Grand-M\u00e8re, gratin de l\u00e9gumes<\/em><\/p>\n<p><center><em>*******<\/em><\/center><center><em>Crottin de Chavignol et sa salade d&#8217;herbes<\/em><\/center><center><em>******* <\/em><\/center><\/p>\n<p align=\"center\"><em>Gratin de fruits rouges, nuage de rhum ou<\/em><\/p>\n<p><center><em> Coeur coulant chocolat, cr\u00e8me anglaise<\/em><\/center><center>************************************************<\/center><\/p>\n<h3 style=\"text-align: left;\"><strong><em>Prices FOR 2 NIGHTS<\/em> with the Gastronomic Formula : <\/strong><\/h3>\n<p style=\"text-align: left;\"><strong>King Fran\u00e7ois Suite or Marguerite de Navarre Suite,<\/strong> including 1 dinner on the arrival night (1st course, main dish, cheese, dessert, bread and CHAMPAGNE), 4 breakfasts, on a basis of 2 persons, <strong>256 \u20ac.<\/strong><\/p>\n<p style=\"text-align: left;\"><strong>Louise de Savoie (Pink) bedroom<\/strong> : 2 nights including 4 breakfasts, 1 dinner for 2 people (as upper), <strong>226 \u20ac.<\/strong><\/p>\n<p style=\"text-align: left;\"><strong>Claude de France (Green) bedroom<\/strong> : 2 nights including 4 breakfasts, 1 dinner for 2 people (as upper), <strong>236 \u20ac<\/strong>.<\/p>\n<p style=\"text-align: left;\"><strong>You can add<\/strong> :<\/p>\n<p style=\"text-align: left;\">* <strong>dinners<\/strong> (75 \u20ac per dinner for 2 persons with wine AOC Coteaux du Giennois inclusive),<\/p>\n<p style=\"text-align: left;\">* <strong>nights<\/strong> (70 \u20ac in a room or 80 \u20ac in a Suite with breakfasts included),<\/p>\n<p style=\"text-align: left;\"><span lang=\"en\">* A bunch of 7 <strong>roses<\/strong> for 17 \u20ac (or 14 for 34 \u20ac)<\/span><\/p>\n<p style=\"text-align: left;\">Or we can book a table to a gastronomic restaurant (without astronomic prices !) for the 2nd night.<\/p>\n<p style=\"text-align: left;\">Also we can suggest visits to vineyards, interesting tourist attractions, walking and cycling tours in the area.<\/p>\n<p style=\"text-align: center;\">****************************************<\/p>\n<h4 style=\"text-align: center;\" align=\"center\"><span style=\"text-decoration: underline;\">Relaxation and fitness<\/span><\/h4>\n<p style=\"text-align: left;\"><span id=\"result_box2\" lang=\"en\">In addition to our stay &#8220;A Valentine ! &#8230;&#8221; <strong>treat yourself to a moment of relaxation<\/strong> with a qualified <span id=\"result_box\" class=\"\" lang=\"en\" tabindex=\"-1\"><span class=\"hps\">beautician<\/span><\/span> <strong>in your bedroom<\/strong> (depending on schedule and availability of the esthetician) with certified organic products &#8220;<a href=\"http:\/\/%20www.atelierdesdelices.fr\/\">L&#8217;Atelier des Delices<\/a>&#8221;<br \/>\n<\/span><\/p>\n<p style=\"text-align: left;\">&#8211; <strong>Facial **<\/strong> : Pause Clarity, (50 mn): 49 \u20ac or<\/p>\n<p style=\"text-align: left;\">Soothing or Moisturizer or Smoothing or Cleansing or Toning, (1h20) : 60 \u20ac<\/p>\n<p style=\"text-align: left;\">Nourishing, (1h20) : 70 \u20ac<\/p>\n<p style=\"text-align: left;\">&#8211; Relaxing or energizing or firmness <strong>massage<\/strong> ** , (1h) : 59 \u20ac<\/p>\n<p style=\"text-align: left;\">&#8211; <strong>Scrub<\/strong> +\u00a0 relaxing or energizing or firmness <strong>massage **<\/strong> , (1h30) : 80 \u20ac<\/p>\n<p style=\"text-align: left;\">&#8211; <strong>Wrap + Scrub<\/strong> +\u00a0 relaxing or energizing or firmness <strong>Massage **<\/strong> , (2 h) : 95 \u20ac<\/p>\n<p style=\"text-align: left;\">&#8211; <span style=\"text-decoration: underline;\">Hand and feet Care<\/span> (scrub, massage and manicure) : 50 \u20ac<\/p>\n<h4 style=\"text-align: left;\">You can also enjoy our Fitness Room with abdotraining, <span id=\"result_box3\" lang=\"en\">rowing machine, bench<\/span>, step, indoor bike, table tennis, or our outdoor tennis court<\/h4>\n<p style=\"text-align: left;\"><span style=\"font-size: medium;\">\u00a0<a href=\"http:\/\/www.cabriare.fr\/espaces.php\">Swimming-pool, jacuzzi, sauna and hammam in Briare<\/a>.<\/span><\/p>\n<h3 style=\"text-align: center;\"><em><strong>Check Availability (look for these ligns &#8220;En Amoureux&#8230;&#8221;, Price and Book online (secure encrypted network) : click the blue box hereunder,<\/strong><b><\/b><b><strong><br \/>\n<\/strong><\/b><\/em><\/h3>\n<p><a title=\"r\u00e9servez maintenant !\" href=\"http:\/\/www.freetobook.com\/affiliates\/reservation.php?w_id=3475&amp;w_tkn=twRTrr9MWPrNep43mOcpfgmjLp12BLbG561Ow1DndgrYwwezf8nh4rQgSFHJD\" target=\"_blank\" rel=\"noopener\"><img loading=\"lazy\" class=\"aligncenter size-full wp-image-745\" src=\"https:\/\/www.lathiau.fr\/wp-content\/uploads\/2013\/04\/dispotarifresa.jpg\" alt=\"R\u00e9server maintenant !\" width=\"152\" height=\"64\" srcset=\"https:\/\/www.lathiau.fr\/wp-content\/uploads\/2013\/04\/dispotarifresa.jpg 152w, https:\/\/www.lathiau.fr\/wp-content\/uploads\/2013\/04\/dispotarifresa-150x64.jpg 150w\" sizes=\"(max-width: 152px) 100vw, 152px\" \/><\/a><\/p>\n<p style=\"text-align: center;\"><em><strong>and your booking is guarantee, I will be waiting for you !<\/strong><\/em><\/p>\n<p style=\"text-align: center;\">*********************************************<\/p>\n<p style=\"text-align: center;\"><strong><span id=\"result_box\" lang=\"en\"><span title=\"R\u00e9sum\u00e9 des Conditions G\u00e9n\u00e9rales de R\u00e9servation&lt;\/p&gt;&lt;br \/&gt;&lt;br \/&gt;&lt;br \/&gt;&lt;br \/&gt;&lt;br \/&gt;&lt;br \/&gt;&lt;br \/&gt;&lt;br \/&gt;&lt;br \/&gt;&lt;br \/&gt;&lt;br \/&gt; &lt;p&gt;\"><a href=\"https:\/\/www.lathiau.fr\/?p=4523\">Conditions of Booking<\/a> Summary<\/span><\/span><\/strong><\/p>\n<p style=\"text-align: center;\"><span title=\"En raison de notre petite taille, toute annulation nous affecte de mani\u00e8re significative, et nous laisse fort peu de chances de relouer la chambre initialement r\u00e9serv\u00e9e.\">Because of our small size, cancellations affect us significantly, and leave us little chance to rebook the room originally booked . <\/span><span title=\"D'o\u00f9 l'application des conditions ci-dessous :&lt;\/p&gt;&lt;br \/&gt;&lt;br \/&gt;&lt;br \/&gt;&lt;br \/&gt;&lt;br \/&gt;&lt;br \/&gt;&lt;br \/&gt;&lt;br \/&gt;&lt;br \/&gt;&lt;br \/&gt;&lt;br \/&gt; &lt;p&gt;\">Hence the application of the conditions below:<\/span><\/p>\n<p style=\"text-align: center;\"><span title=\"En cas d'Annulation, l'acompte de 50 % reste d\u00e9finitivement acquis et le solde pourra \u00eatre demand\u00e9.\">In case of <strong>cancellation within the 10 days prior arrival date, the deposit of 50 % remains definitively acquired<\/strong> and the balance may be requested. <\/span><span title=\"Vos coordonn\u00e9es de carte bancaire seront utilis\u00e9es uniquement dans ce cas.&lt;\/p&gt;&lt;br \/&gt;&lt;br \/&gt;&lt;br \/&gt;&lt;br \/&gt;&lt;br \/&gt;&lt;br \/&gt;&lt;br \/&gt;&lt;br \/&gt;&lt;br \/&gt;&lt;br \/&gt;&lt;br \/&gt; &lt;p&gt;\">Your credit card details will only be used in this case.<\/span><\/p>\n<p style=\"text-align: center;\"><span title=\"Le r\u00e8glement de votre s\u00e9jour se fera sur place \u00e0 votre arriv\u00e9e : par ch\u00e8que, ch\u00e8ques-vacances et esp\u00e8ces (pas de carte bancaire, seulement pour garantie).&lt;\/p&gt;&lt;br \/&gt;&lt;br \/&gt;&lt;br \/&gt;&lt;br \/&gt;&lt;br \/&gt;&lt;br \/&gt;&lt;br \/&gt;&lt;br \/&gt;&lt;br \/&gt;&lt;br \/&gt;&lt;br \/&gt; &lt;p&gt;\">The <strong>payment for your stay will be made upon arrival by cash or <span id=\"result_box\" class=\"\" lang=\"en\" tabindex=\"-1\"><span class=\"hps\">immediate<\/span><\/span> bank transfer\u00a0<\/strong> (no credit card, guarantee only ).<\/span><\/p>\n<p style=\"text-align: center;\"><span title=\"Arriv\u00e9e et d\u00e9part :&lt;br \/&gt;&lt;br \/&gt;&lt;br \/&gt;&lt;br \/&gt;&lt;br \/&gt;&lt;br \/&gt;&lt;br \/&gt;&lt;br \/&gt;&lt;br \/&gt;&lt;br \/&gt;&lt;br \/&gt;&lt;br \/&gt; \">Arrival and departure:<br \/>\n<\/span><span title=\"Les arriv\u00e9es sont pr\u00e9vues entre 17h et 19h30.Nous acceptons les arriv\u00e9es tardives jusqu'\u00e0 22h \u00e0 titre exceptionnel et sur demande.\"><strong>Arrivals are expected between 17h and 19h30<\/strong>. We accept late arrivals until 22h save in exceptional cases and on request. <\/span><span title=\"La chambre devra \u00eatre lib\u00e9r\u00e9e avant 11h30.&lt;br \/&gt;&lt;br \/&gt;&lt;br \/&gt;&lt;br \/&gt;&lt;br \/&gt;&lt;br \/&gt;&lt;br \/&gt;&lt;br \/&gt;&lt;br \/&gt;&lt;br \/&gt;&lt;br \/&gt;&lt;br \/&gt; \">The room must be vacated by 11:30.<\/span><span id=\"result_box\" lang=\"en\"><span title=\"La chambre devra \u00eatre lib\u00e9r\u00e9e avant 11h30.&lt;br \/&gt;&lt;br \/&gt;&lt;br \/&gt;&lt;br \/&gt;&lt;br \/&gt;&lt;br \/&gt;&lt;br \/&gt;&lt;br \/&gt;&lt;br \/&gt;&lt;br \/&gt;&lt;br \/&gt;&lt;br \/&gt; \"><br \/>\n<\/span><span title=\"Nos chambres sont strictement non-fumeurs.&lt;\/p&gt;&lt;br \/&gt;&lt;br \/&gt;&lt;br \/&gt;&lt;br \/&gt;&lt;br \/&gt;&lt;br \/&gt;&lt;br \/&gt;&lt;br \/&gt;&lt;br \/&gt;&lt;br \/&gt;&lt;br \/&gt; &lt;p&gt;\">Our rooms are strictly <strong>non -smoking.<\/strong><\/span><\/span><\/p>\n<p style=\"text-align: center;\"><span title=\"Animaux accept\u00e9s sous conditions et sur demande.&lt;\/p&gt;&lt;br \/&gt;&lt;br \/&gt;&lt;br \/&gt;&lt;br \/&gt;&lt;br \/&gt;&lt;br \/&gt;&lt;br \/&gt;&lt;br \/&gt;&lt;br \/&gt;&lt;br \/&gt;&lt;br \/&gt; &lt;p&gt;\"><strong>Pets accepted<\/strong> under certain <a href=\"https:\/\/www.lathiau.fr\/les-chambres\/?lang=en\">conditions<\/a> and upon request.<\/span><\/p>\n","protected":false},"excerpt":{"rendered":"<p>A Valentine&#8217;s day all the year round ! It is a Valentine&#8217;s day anytime for a 2 nights stay minimum (except on french bank holidays) : A romantic stay with\u00a0 dinner, cooked by myself with passion, will be fixed in the private living-rooms of the King Francois Suite or the Marguerite de Navarre . Champagne, [&hellip;]<\/p>\n","protected":false},"author":1,"featured_media":0,"parent":0,"menu_order":0,"comment_status":"closed","ping_status":"closed","template":"","meta":[],"yoast_head":"\n<title>Romantic stay Gien Briare Sancerre Loire valley France<\/title>\n<meta name=\"description\" content=\"It&#039;s a Valentine&#039;s day anytime for a 2 nights stay mini : A romantic stay with home-made dinner, candles, champagne, log fire, Special gift\" \/>\n<meta name=\"robots\" content=\"index, follow, max-snippet:-1, max-image-preview:large, max-video-preview:-1\" \/>\n<link rel=\"canonical\" href=\"https:\/\/www.lathiau.fr\/en\/sejour-amoureux\/\" \/>\n<meta property=\"og:locale\" content=\"en_US\" \/>\n<meta property=\"og:type\" content=\"article\" \/>\n<meta property=\"og:title\" content=\"Romantic stay Gien Briare Sancerre Loire valley France\" \/>\n<meta property=\"og:description\" content=\"It&#039;s a Valentine&#039;s day anytime for a 2 nights stay mini : A romantic stay with home-made dinner, candles, champagne, log fire, Special gift\" \/>\n<meta property=\"og:url\" content=\"https:\/\/www.lathiau.fr\/sejour-amoureux\/\" \/>\n<meta property=\"og:site_name\" content=\"Chambres d&#039;h\u00f4tes de charme, g\u00eetes Loiret Briare Gien Sancerre\" \/>\n<meta property=\"article:publisher\" content=\"https:\/\/www.facebook.com\/DomaineDeLaThiau\" \/>\n<meta property=\"article:modified_time\" content=\"2018-12-20T18:57:02+00:00\" \/>\n<meta property=\"og:image\" content=\"https:\/\/www.lathiau.fr\/wp-content\/uploads\/2013\/04\/dispotarifresa.jpg\" \/>\n<meta name=\"twitter:label1\" content=\"Est. reading time\">\n\t<meta name=\"twitter:data1\" content=\"4 minutes\">\n<script type=\"application\/ld+json\" class=\"yoast-schema-graph\">{\"@context\":\"https:\/\/schema.org\",\"@graph\":[{\"@type\":\"WebSite\",\"@id\":\"https:\/\/www.lathiau.fr\/#website\",\"url\":\"https:\/\/www.lathiau.fr\/\",\"name\":\"Chambres d&#039;h\\u00f4tes de charme, g\\u00eetes Loiret Briare Gien Sancerre\",\"description\":\"Chambres d&#039;h\\u00f4tes de charme et g\\u00eetes en Val de Loire entre Gien et Briare Sancerre Loiret 150km sud de Paris. Maison ind\\u00e9pendante, parc paysager, diner romantique, chateaux.\",\"potentialAction\":[{\"@type\":\"SearchAction\",\"target\":\"https:\/\/www.lathiau.fr\/?s={search_term_string}\",\"query-input\":\"required name=search_term_string\"}],\"inLanguage\":\"en-US\"},{\"@type\":\"ImageObject\",\"@id\":\"https:\/\/www.lathiau.fr\/sejour-amoureux\/#primaryimage\",\"inLanguage\":\"en-US\",\"url\":\"https:\/\/www.lathiau.fr\/wp-content\/uploads\/2013\/04\/dispotarifresa.jpg\",\"width\":152,\"height\":64,\"caption\":\"R\\u00e9server maintenant !\"},{\"@type\":\"WebPage\",\"@id\":\"https:\/\/www.lathiau.fr\/sejour-amoureux\/#webpage\",\"url\":\"https:\/\/www.lathiau.fr\/sejour-amoureux\/\",\"name\":\"Romantic stay Gien Briare Sancerre Loire valley France\",\"isPartOf\":{\"@id\":\"https:\/\/www.lathiau.fr\/#website\"},\"primaryImageOfPage\":{\"@id\":\"https:\/\/www.lathiau.fr\/sejour-amoureux\/#primaryimage\"},\"datePublished\":\"2013-03-08T10:58:13+00:00\",\"dateModified\":\"2018-12-20T18:57:02+00:00\",\"description\":\"It's a Valentine's day anytime for a 2 nights stay mini : A romantic stay with home-made dinner, candles, champagne, log fire, Special gift\",\"inLanguage\":\"en-US\",\"potentialAction\":[{\"@type\":\"ReadAction\",\"target\":[\"https:\/\/www.lathiau.fr\/sejour-amoureux\/\"]}]}]}<\/script>\n","_links":{"self":[{"href":"https:\/\/www.lathiau.fr\/en\/wp-json\/wp\/v2\/pages\/2146\/"}],"collection":[{"href":"https:\/\/www.lathiau.fr\/en\/wp-json\/wp\/v2\/pages\/"}],"about":[{"href":"https:\/\/www.lathiau.fr\/en\/wp-json\/wp\/v2\/types\/page\/"}],"author":[{"embeddable":true,"href":"https:\/\/www.lathiau.fr\/en\/wp-json\/wp\/v2\/users\/1\/"}],"replies":[{"embeddable":true,"href":"https:\/\/www.lathiau.fr\/en\/wp-json\/wp\/v2\/comments\/?post=2146"}],"version-history":[{"count":28,"href":"https:\/\/www.lathiau.fr\/en\/wp-json\/wp\/v2\/pages\/2146\/revisions\/"}],"predecessor-version":[{"id":6325,"href":"https:\/\/www.lathiau.fr\/en\/wp-json\/wp\/v2\/pages\/2146\/revisions\/6325\/"}],"wp:attachment":[{"href":"https:\/\/www.lathiau.fr\/en\/wp-json\/wp\/v2\/media\/?parent=2146"}],"curies":[{"name":"wp","href":"https:\/\/api.w.org\/{rel}","templated":true}]}}