{"id":5787,"date":"2018-02-04T21:39:58","date_gmt":"2018-02-04T20:39:58","guid":{"rendered":"https:\/\/www.lathiau.fr\/salle-de-reception\/"},"modified":"2021-02-03T19:13:37","modified_gmt":"2021-02-03T18:13:37","slug":"salle-de-reception","status":"publish","type":"page","link":"https:\/\/www.lathiau.fr\/en\/salle-de-reception\/","title":{"rendered":"Reception hall"},"content":{"rendered":"<p>Reception hall<\/p>\n<p><em>For tourists worrying about possible nuisances: if rooms are available at the time of booking, there is no reception. Your quiet stay is preserved.<\/em><\/p>\n<h2>Are you looking for the perfect location for your reception, wedding, birthday, seminar or event? Here is our reception room!<\/h2>\n<h3>We will privatize for you (no other reception or other paying guests) this large 3 hectare &#8220;country chic&#8221; estate with :<\/h3>\n<h4>. Reception room of 200 m2 for 174 people seated with dance floor, sound and light equipment, video projector and white screen.<\/h4>\n<h4>. Catering office<\/h4>\n<h4>. Outdoor space of 1200 m2 in front of the room for cocktail and brunch the next day.<\/h4>\n<h4>. 2 hect. landscaped park for cocktail, secular ceremony<\/h4>\n<h4>. Accommodation in guest rooms and gites for 31 people<\/h4>\n<h4>. Parking<\/h4>\n<h4>. Weddings: 48 hour rental, for example from Friday 3pm to Sunday 3pm.<\/h4>\n<h4>. Seminars: daily or tailor-made rental<\/h4>\n<h4>. Ideal location to gather your family and friends in the centre of France: Orl\u00e9ans = 70 km, Bourges and Auxerre = 80 km, Paris = 150 km (2 km from the A.77 exit).<\/h4>\n<h4>No time restrictions, no corkage fees, no imposed providers &#8230;. total freedom! but advice and lists of providers on request.<\/h4>\n<h4>We are at your disposal for any questions you may have and to help you organise this day which, like you, we want to be the most beautiful!<\/h4>\n<h4>By email: info@lathiau.fr<\/h4>\n<h4>by phone : (+33).06.62.43.20.92<\/h4>\n<h4>See you soon &#8230;&#8230;<\/h4>\n<p>&nbsp;<\/p>\n","protected":false},"excerpt":{"rendered":"<p>Reception hall For tourists worrying about possible nuisances: if rooms are available at the time of booking, there is no reception. Your quiet stay is preserved. Are you looking for the perfect location for your reception, wedding, birthday, seminar or event? Here is our reception room! We will privatize for you (no other reception or [&hellip;]<\/p>\n","protected":false},"author":1,"featured_media":0,"parent":0,"menu_order":0,"comment_status":"closed","ping_status":"closed","template":"","meta":[],"yoast_head":"\n<title>Reception hall 180 pers, garden + park + accommodation + Centre Loiret.<\/title>\n<meta name=\"description\" content=\"Privatision de notre domaine de 5 hectares \u00abchamp\u00eatre-chic\u00bb. Situation g\u00e9ographique id\u00e9ale au centre de la France (d\u00e9partement Loiret, entre Gien et Briare) : Orl\u00e9ans = 70 km, Bourges et Auxerre = 80 km, Paris = 150 km (\u00e0 2 km de la sortie de l\u2019A.77). Salle de r\u00e9ception pour 180 personnes assises. Parking\" \/>\n<meta name=\"robots\" content=\"index, follow, max-snippet:-1, max-image-preview:large, max-video-preview:-1\" \/>\n<link rel=\"canonical\" href=\"https:\/\/www.lathiau.fr\/en\/salle-de-reception\/\" \/>\n<meta property=\"og:locale\" content=\"en_US\" \/>\n<meta property=\"og:type\" content=\"article\" \/>\n<meta property=\"og:title\" content=\"Reception hall 180 pers, garden + park + accommodation + Centre Loiret.\" \/>\n<meta property=\"og:description\" content=\"Privatision de notre domaine de 5 hectares \u00abchamp\u00eatre-chic\u00bb. Situation g\u00e9ographique id\u00e9ale au centre de la France (d\u00e9partement Loiret, entre Gien et Briare) : Orl\u00e9ans = 70 km, Bourges et Auxerre = 80 km, Paris = 150 km (\u00e0 2 km de la sortie de l\u2019A.77). Salle de r\u00e9ception pour 180 personnes assises. Parking\" \/>\n<meta property=\"og:url\" content=\"https:\/\/www.lathiau.fr\/en\/salle-de-reception\/\" \/>\n<meta property=\"og:site_name\" content=\"Chambres d&#039;h\u00f4tes de charme, g\u00eetes Loiret Briare Gien Sancerre\" \/>\n<meta property=\"article:publisher\" content=\"https:\/\/www.facebook.com\/DomaineDeLaThiau\" \/>\n<meta property=\"article:modified_time\" content=\"2021-02-03T18:13:37+00:00\" \/>\n<meta property=\"og:image\" content=\"https:\/\/www.lathiau.fr\/wp-content\/uploads\/2014\/04\/alleeprunus1wp.jpg\" \/>\n\t<meta property=\"og:image:width\" content=\"1600\" \/>\n\t<meta property=\"og:image:height\" content=\"800\" \/>\n<meta name=\"twitter:label1\" content=\"Est. reading time\">\n\t<meta name=\"twitter:data1\" content=\"2 minutes\">\n<script type=\"application\/ld+json\" class=\"yoast-schema-graph\">{\"@context\":\"https:\/\/schema.org\",\"@graph\":[{\"@type\":\"WebSite\",\"@id\":\"https:\/\/www.lathiau.fr\/#website\",\"url\":\"https:\/\/www.lathiau.fr\/\",\"name\":\"Chambres d&#039;h\\u00f4tes de charme, g\\u00eetes Loiret Briare Gien Sancerre\",\"description\":\"Chambres d&#039;h\\u00f4tes de charme et g\\u00eetes en Val de Loire entre Gien et Briare Sancerre Loiret 150km sud de Paris. Maison ind\\u00e9pendante, parc paysager, diner romantique, chateaux.\",\"potentialAction\":[{\"@type\":\"SearchAction\",\"target\":\"https:\/\/www.lathiau.fr\/?s={search_term_string}\",\"query-input\":\"required name=search_term_string\"}],\"inLanguage\":\"en-US\"},{\"@type\":\"WebPage\",\"@id\":\"https:\/\/www.lathiau.fr\/en\/salle-de-reception\/#webpage\",\"url\":\"https:\/\/www.lathiau.fr\/en\/salle-de-reception\/\",\"name\":\"Reception hall 180 pers, garden + park + accommodation + Centre Loiret.\",\"isPartOf\":{\"@id\":\"https:\/\/www.lathiau.fr\/#website\"},\"datePublished\":\"2018-02-04T20:39:58+00:00\",\"dateModified\":\"2021-02-03T18:13:37+00:00\",\"description\":\"Privatision de notre domaine de 5 hectares \\u00abchamp\\u00eatre-chic\\u00bb. Situation g\\u00e9ographique id\\u00e9ale au centre de la France (d\\u00e9partement Loiret, entre Gien et Briare) : Orl\\u00e9ans = 70 km, Bourges et Auxerre = 80 km, Paris = 150 km (\\u00e0 2 km de la sortie de l\\u2019A.77). Salle de r\\u00e9ception pour 180 personnes assises. Parking\",\"inLanguage\":\"en-US\",\"potentialAction\":[{\"@type\":\"ReadAction\",\"target\":[\"https:\/\/www.lathiau.fr\/en\/salle-de-reception\/\"]}]}]}<\/script>\n","_links":{"self":[{"href":"https:\/\/www.lathiau.fr\/en\/wp-json\/wp\/v2\/pages\/5787\/"}],"collection":[{"href":"https:\/\/www.lathiau.fr\/en\/wp-json\/wp\/v2\/pages\/"}],"about":[{"href":"https:\/\/www.lathiau.fr\/en\/wp-json\/wp\/v2\/types\/page\/"}],"author":[{"embeddable":true,"href":"https:\/\/www.lathiau.fr\/en\/wp-json\/wp\/v2\/users\/1\/"}],"replies":[{"embeddable":true,"href":"https:\/\/www.lathiau.fr\/en\/wp-json\/wp\/v2\/comments\/?post=5787"}],"version-history":[{"count":18,"href":"https:\/\/www.lathiau.fr\/en\/wp-json\/wp\/v2\/pages\/5787\/revisions\/"}],"predecessor-version":[{"id":7067,"href":"https:\/\/www.lathiau.fr\/en\/wp-json\/wp\/v2\/pages\/5787\/revisions\/7067\/"}],"wp:attachment":[{"href":"https:\/\/www.lathiau.fr\/en\/wp-json\/wp\/v2\/media\/?parent=5787"}],"curies":[{"name":"wp","href":"https:\/\/api.w.org\/{rel}","templated":true}]}}