{"id":2060,"date":"2013-03-06T19:29:23","date_gmt":"2013-03-06T19:29:23","guid":{"rendered":"https:\/\/www.lathiau.fr\/les-gites-2\/"},"modified":"2021-01-28T19:43:39","modified_gmt":"2021-01-28T18:43:39","slug":"les-gites","status":"publish","type":"page","link":"https:\/\/www.lathiau.fr\/es\/les-gites\/","title":{"rendered":"Las casas rurales"},"content":{"rendered":"<h2><span id=\"result_box\" class=\"\" lang=\"es\"><span class=\"hps\">Para<\/span> <span class=\"hps\">pasar un m\u00ednimo<\/span> <span class=\"hps\">semana<\/span> <span class=\"hps\">entrando el<\/span> <span class=\"hps\">s\u00e1bado o el domingo<\/span>, <span class=\"hps\">con absoluta independencia y<\/span> <span class=\"hps\">utilizar<\/span> <span class=\"hps\">una cocina,<\/span> <span class=\"hps\">elegir<\/span> <span class=\"hps\">nuestras casas rurales<\/span>.<\/span><\/h2>\n<h3><span class=\"\" lang=\"es\"> <span class=\"hps\">La casa es<\/span> <span class=\"hps\">un apartamento amueblado<\/span> <span class=\"hps\">con<\/span> <span class=\"hps\">llegada y salida de<\/span> <span class=\"hps\">fijo<\/span> <span class=\"hps\">o de s\u00e1bado a<\/span> <span class=\"hps\">s\u00e1bado o<\/span> <span class=\"hps\">de domingo a domingo<\/span>, <span class=\"hps\">sin<\/span> <span class=\"hps\">s\u00e1banas o<\/span> <span class=\"hps\">ropa de cama (<\/span><\/span><span id=\"result_box\" class=\"\" lang=\"es\"><span class=\"hps\">Traer\u00e1<\/span> <span class=\"hps\">ellos o<\/span> <span class=\"hps\">alquilarlas<\/span><\/span>)<span id=\"result_box\" class=\"\" lang=\"es\"><span class=\"hps\">,<\/span> <span class=\"hps\">o<\/span> <span class=\"hps\">mantenimiento (Se llevar\u00e1 a limpiar cuidadosamente su salida o <span class=\"\">pagar por ella<\/span><span class=\"\">)<\/span><\/span> . <\/span><\/h3>\n<p><span id=\"result_box\" class=\"\" lang=\"es\"><span class=\"hps\">Nos encontraremos<\/span> <span class=\"hps\">a la llegada<\/span> <span class=\"hps\">y salida<\/span>, <span class=\"hps\">que ser\u00e1<\/span> <span class=\"hps\">tranquila<\/span> <span class=\"hps\">mientras tanto<\/span>!<\/span><\/p>\n<p><span class=\"hps\">No se<\/span> <span class=\"hps\">alquila<\/span> <span class=\"hps\">para el<\/span> <span class=\"hps\">fin de semana o<\/span> <span class=\"hps\">la noche.<\/span> <span class=\"hps\">(Ver<\/span> <span class=\"hps\">B<\/span> <span class=\"hps\">&amp; B<\/span> <span class=\"hps\">para esto)<\/span><\/p>\n<h3><span class=\"hps\">Para 2 personas<\/span>, <span class=\"hps\">elegir<\/span> <span class=\"hps\">la <a href=\"https:\/\/www.lathiau.fr\/les-gites\/gite-de-la-loire\/?lang=es\">casa rural<\/a><\/span><a href=\"https:\/\/www.lathiau.fr\/les-gites\/gite-de-la-loire\/?lang=es\"> <span class=\"hps\">Loire<\/span><\/a> <span class=\"hps atn\">(<\/span>1 <span class=\"hps\">habitaci\u00f3n)<\/span><\/h3>\n<h3><span class=\"hps\">Para 3 personas<\/span>, <span class=\"hps\">elegir<\/span> <span class=\"hps\">la <a href=\"https:\/\/www.lathiau.fr\/les-gites\/gite-de-la-ferme\/?lang=es\">casa rural de<\/a><\/span><a href=\"https:\/\/www.lathiau.fr\/les-gites\/gite-de-la-ferme\/?lang=es\"> <span class=\"hps\">la Ferme<\/span><\/a> <span class=\"hps atn\">(<\/span>2 <span class=\"hps\">dormitorios<\/span>)<\/h3>\n<h3><span class=\"hps\">Para 4<\/span> <span class=\"hps\">personas,<\/span> <span class=\"hps\">elegir<\/span> <span class=\"hps\">el<\/span> <a href=\"https:\/\/www.lathiau.fr\/les-gites\/gite-du-val\/?lang=es\"><span class=\"hps\">Gite du<\/span> <\/a><span class=\"hps atn\"><a href=\"https:\/\/www.lathiau.fr\/les-gites\/gite-du-val\/?lang=es\">Val<\/a> (<\/span>2 <span class=\"hps\">dormitorios<\/span>)&#8230;<span id=\"result_box\" class=\"\" lang=\"es\"><span title=\"ENFANTS DE MOINS DE 15 ANS : non admis dans les Gite du Val et Gite de la Vigne pour des raisons de s\u00e9curit\u00e9 \">Menores de 15 a\u00f1os: No se permite por razones de seguridad<\/span><\/span><\/h3>\n<h3><span class=\"hps\">Para 5 personas<\/span>, <span class=\"hps\">elegir<\/span> <span class=\"hps\">la <a href=\"https:\/\/www.lathiau.fr\/les-gites\/gite-de-la-vigne\/?lang=it\">casa rural de<\/a><\/span><a href=\"https:\/\/www.lathiau.fr\/les-gites\/gite-de-la-vigne\/?lang=es\"> <span class=\"hps\">la Vigne<\/span><\/a> <span class=\"hps atn\">(<\/span>2 <span class=\"hps\">dormitorios<\/span> <span class=\"hps\">y medio<\/span> <span class=\"hps\">&#8230;<\/span>) <span id=\"result_box\" class=\"\" lang=\"es\"><span title=\"ENFANTS DE MOINS DE 15 ANS : non admis dans les Gite du Val et Gite de la Vigne pour des raisons de s\u00e9curit\u00e9 \">Menores de 15 a\u00f1os: No se permite por razones de seguridad<\/span><\/span><\/h3>\n<p>&nbsp;<\/p>\n","protected":false},"excerpt":{"rendered":"<p>Para pasar un m\u00ednimo semana entrando el s\u00e1bado o el domingo, con absoluta independencia y utilizar una cocina, elegir nuestras casas rurales. La casa es un apartamento amueblado con llegada y salida de fijo o de s\u00e1bado a s\u00e1bado o de domingo a domingo, sin s\u00e1banas o ropa de cama (Traer\u00e1 ellos o alquilarlas), o [&hellip;]<\/p>\n","protected":false},"author":1,"featured_media":0,"parent":0,"menu_order":0,"comment_status":"closed","ping_status":"open","template":"","meta":[],"yoast_head":"\n<title>casas rurales Gien Sancerre Valle del Loira Francia<\/title>\n<meta name=\"description\" content=\"Durante una semana de estancia m\u00ednima, eligen nuestras casas rurales a ser auto-servicio y el uso de una cocina, la f\u00f3rmula casas completas.\" \/>\n<meta name=\"robots\" content=\"index, follow, max-snippet:-1, max-image-preview:large, max-video-preview:-1\" \/>\n<link rel=\"canonical\" href=\"https:\/\/www.lathiau.fr\/es\/les-gites\/\" \/>\n<meta property=\"og:locale\" content=\"es_ES\" \/>\n<meta property=\"og:type\" content=\"article\" \/>\n<meta property=\"og:title\" content=\"casas rurales Gien Sancerre Valle del Loira Francia\" \/>\n<meta property=\"og:description\" content=\"Durante una semana de estancia m\u00ednima, eligen nuestras casas rurales a ser auto-servicio y el uso de una cocina, la f\u00f3rmula casas completas.\" \/>\n<meta property=\"og:url\" content=\"https:\/\/www.lathiau.fr\/es\/les-gites\/\" \/>\n<meta property=\"og:site_name\" content=\"Chambres d&#039;h\u00f4tes de charme, g\u00eetes Loiret Briare Gien Sancerre\" \/>\n<meta property=\"article:publisher\" content=\"https:\/\/www.facebook.com\/DomaineDeLaThiau\" \/>\n<meta property=\"article:modified_time\" content=\"2021-01-28T18:43:39+00:00\" \/>\n<meta property=\"og:image\" content=\"https:\/\/www.lathiau.fr\/wp-content\/uploads\/2014\/04\/alleeprunus1wp.jpg\" \/>\n\t<meta property=\"og:image:width\" content=\"1600\" \/>\n\t<meta property=\"og:image:height\" content=\"800\" \/>\n<meta name=\"twitter:label1\" content=\"Est. reading time\">\n\t<meta name=\"twitter:data1\" content=\"1 minute\">\n<script type=\"application\/ld+json\" class=\"yoast-schema-graph\">{\"@context\":\"https:\/\/schema.org\",\"@graph\":[{\"@type\":\"WebSite\",\"@id\":\"https:\/\/www.lathiau.fr\/#website\",\"url\":\"https:\/\/www.lathiau.fr\/\",\"name\":\"Chambres d&#039;h\\u00f4tes de charme, g\\u00eetes Loiret Briare Gien Sancerre\",\"description\":\"Chambres d&#039;h\\u00f4tes de charme et g\\u00eetes en Val de Loire entre Gien et Briare Sancerre Loiret 150km sud de Paris. Maison ind\\u00e9pendante, parc paysager, diner romantique, chateaux.\",\"potentialAction\":[{\"@type\":\"SearchAction\",\"target\":\"https:\/\/www.lathiau.fr\/?s={search_term_string}\",\"query-input\":\"required name=search_term_string\"}],\"inLanguage\":\"es-ES\"},{\"@type\":\"WebPage\",\"@id\":\"https:\/\/www.lathiau.fr\/es\/les-gites\/#webpage\",\"url\":\"https:\/\/www.lathiau.fr\/es\/les-gites\/\",\"name\":\"casas rurales Gien Sancerre Valle del Loira Francia\",\"isPartOf\":{\"@id\":\"https:\/\/www.lathiau.fr\/#website\"},\"datePublished\":\"2013-03-06T19:29:23+00:00\",\"dateModified\":\"2021-01-28T18:43:39+00:00\",\"description\":\"Durante una semana de estancia m\\u00ednima, eligen nuestras casas rurales a ser auto-servicio y el uso de una cocina, la f\\u00f3rmula casas completas.\",\"inLanguage\":\"es-ES\",\"potentialAction\":[{\"@type\":\"ReadAction\",\"target\":[\"https:\/\/www.lathiau.fr\/es\/les-gites\/\"]}]}]}<\/script>\n","_links":{"self":[{"href":"https:\/\/www.lathiau.fr\/es\/wp-json\/wp\/v2\/pages\/2060\/"}],"collection":[{"href":"https:\/\/www.lathiau.fr\/es\/wp-json\/wp\/v2\/pages\/"}],"about":[{"href":"https:\/\/www.lathiau.fr\/es\/wp-json\/wp\/v2\/types\/page\/"}],"author":[{"embeddable":true,"href":"https:\/\/www.lathiau.fr\/es\/wp-json\/wp\/v2\/users\/1\/"}],"replies":[{"embeddable":true,"href":"https:\/\/www.lathiau.fr\/es\/wp-json\/wp\/v2\/comments\/?post=2060"}],"version-history":[{"count":9,"href":"https:\/\/www.lathiau.fr\/es\/wp-json\/wp\/v2\/pages\/2060\/revisions\/"}],"predecessor-version":[{"id":5683,"href":"https:\/\/www.lathiau.fr\/es\/wp-json\/wp\/v2\/pages\/2060\/revisions\/5683\/"}],"wp:attachment":[{"href":"https:\/\/www.lathiau.fr\/es\/wp-json\/wp\/v2\/media\/?parent=2060"}],"curies":[{"name":"wp","href":"https:\/\/api.w.org\/{rel}","templated":true}]}}