{"id":4646,"date":"2013-03-08T10:58:13","date_gmt":"2013-03-08T10:58:13","guid":{"rendered":"https:\/\/www.lathiau.fr\/sejour-amoureux-2\/"},"modified":"2018-12-20T20:00:17","modified_gmt":"2018-12-20T19:00:17","slug":"sejour-amoureux","status":"publish","type":"page","link":"https:\/\/www.lathiau.fr\/es\/sejour-amoureux\/","title":{"rendered":"Estancia rom\u00e1ntica"},"content":{"rendered":"<h2>\u00a1El San Valent\u00edn todo el a\u00f1o!\u00a0<span id=\"result_box\" class=\"\" lang=\"es\"><\/span><\/h2>\n<h2>E<span id=\"result_box\" class=\"\" lang=\"es\"><span title=\"sejour romantique&lt;br \/&gt;&lt;br \/&gt; \">stancia rom\u00e1ntica<\/span><\/span> = Es San Valent\u00edn todo los dias con una reserva de 2 noches como minimo : cena de enamorados dispuesto en la sala de estar de la Suite Fran\u00e7ois 1ro o de la Suite Marguerite de Navarre, reservado exclusivamente para usted. Champa\u00f1, velas en la mesa y fuego en la chimenea (este \u00faltimo s\u00f3lo para la Suite Francois 1ro y la Habitaci\u00f3n Claude de France, chimenea el\u00e9ctrica en la Suite Marguerite de Navarre).<\/h2>\n<h3><strong><u>Paquete gastron\u00f3mica : <\/u><span id=\"result_box\" lang=\"es\">cocinados con pasi\u00f3n por m\u00ed mismo<\/span>, presentaci\u00f3n al plato<\/strong><\/h3>\n<p>&nbsp;<\/p>\n<p>Seg\u00fan la temporada, su mesa exclusivamente preparada para usted 2, ser<\/p>\n<p>Para la <a href=\"https:\/\/www.lathiau.fr\/wp-content\/uploads\/2013\/04\/SuiteF1Diner.jpg\">Suite\u00a0 Francisco 1r<\/a> o la <a href=\"https:\/\/www.lathiau.fr\/wp-content\/uploads\/2013\/04\/SuiteMdeNDiner.jpg\">Suite Marguerite de Navarre,<\/a> en su estancia privada,<br \/>\nPara la<a href=\"https:\/\/www.lathiau.fr\/wp-content\/uploads\/2013\/04\/ChambreVerteDiner.jpg\"> habitaci\u00f3n Claude de France (verde)<\/a>, en esta gran habitaci\u00f3n cerca del fuego de chimenea,<br \/>\nPara la <a href=\"https:\/\/www.lathiau.fr\/wp-content\/uploads\/2013\/04\/Diner-veranda.jpg\">habitaci\u00f3n Louise de Savoie (rosa)<\/a>, en la veranda<br \/>\n\u00a1 Alumbrada por pabilos en un ambiente rom\u00e1ntico<\/p>\n<p>La botella de Champa\u00f1a se incluye en el delito: si desean apreciarlo en aperitivo, pueden a\u00f1adir vino rojo, atractivo o blanco. Favorece la producci\u00f3n local, &#8220;Aoc C\u00f4teaux du Giennois&#8221; de P. Poupat, 3 veces medallista de Oro a la Ayuda General Agr\u00edcola 2005 de Par\u00eds. Preico de la botella de 75cl : 14\u20ac.<\/p>\n<p>No tensi\u00f3n: eligen usted su horario cenar seg\u00fan su hora de llegada.<\/p>\n<p>Para su tranquilidad y para seguir siendo los ojos en los ojos seg\u00fan el tema &#8220;de enamorados&#8221;, no hay personal en torno ustedes!<\/p>\n<p>No lo dude, no se arrepentir\u00e1 de elegir este paquete especial &#8220;Coraz\u00f3n sobre la mano&#8221;.<\/p>\n<p style=\"text-align: center;\"><span style=\"color: #000000;\"><strong><strong>**********************<\/strong><\/strong><\/span><\/p>\n<h4 style=\"text-align: center;\"><span style=\"text-decoration: underline;\"><strong><em>Ejemplo del Menu Gastronomico (<span id=\"result_box3\" lang=\"es\">Invierno \/ Primavera<\/span> 2018)<\/em><\/strong><\/span><\/h4>\n<p><center><center>Terrine d&#8217;\u00e9crevisses \u00e0 l&#8217;armoricaine, cr\u00e8me l\u00e9g\u00e8rement citronn\u00e9e ou<\/center><\/center><\/p>\n<p style=\"text-align: center;\">Assortiment de terrines &#8220;Retour de chasse&#8221;, chutney et salade d&#8217;herbes<\/p>\n<p><center>*******<center>Dos de saumon, cr\u00e8me d&#8217;oseille, gratin dauphinois\u00a0 ou<\/center><\/center><\/p>\n<p style=\"text-align: center;\">Civet de sanglier fa\u00e7on Grand-M\u00e8re, gratin de l\u00e9gumes<\/p>\n<p><center>*******<\/center><center>Crottin de Chavignol et sa salade d&#8217;herbes<\/center><center>*******<\/center><\/p>\n<p align=\"center\">Gratin de fruits rouges, nuage de rhum ou<\/p>\n<p><center>Coeur coulant chocolat, cr\u00e8me anglaise<\/center><center><\/center><center><strong><strong><span style=\"font-size: xx-small;\"><em><b>*************************************************<\/b><\/em><\/span><\/strong><\/strong><\/center><\/p>\n<p style=\"text-align: left;\">Tarifa POR 2 NOCHES:<\/p>\n<p style=\"text-align: left;\"><u>Suite Fran\u00e7ois 1ro o Suite Marguerite de Navarre<\/u>, 256 \u20ac, 4 desayunos + 1 cena de la noche de llegada (entrante, plato del d\u00eda, queso, postre, pan, 1 botella de CHAMPA\u00d1 incluidos), precios para 2 personas.<\/p>\n<p style=\"text-align: left;\"><u>Habitaci\u00f3n Claude de France (verde) :<\/u> 236 \u20ac las 2 noches por 2 personas, 4 desayunos y 1 cena incluidos (igual que el anterior).<\/p>\n<p style=\"text-align: left;\"><u>Habitaci\u00f3n Louise de Savoie (rosa) :<\/u> 226 \u20ac las 2 noches por 2 personas, 4 desayunos y 1 cena incluidos (igual que el anterior)<\/p>\n<p style=\"text-align: left;\"><strong><span id=\"result_box2\" lang=\"es\">Puedo a\u00f1adir:<\/span><\/strong><\/p>\n<p style=\"text-align: left;\">* Las <strong>cenas<\/strong> con vino (AOC Coteaux du Giennois) a \u20ac 75 para 2 personas<\/p>\n<p style=\"text-align: left;\">* <strong>Noches<\/strong> supplementarias a 70 \u20ac en las camas y 80 \u20ac en las suites, con desayunos incluidos,<\/p>\n<p style=\"text-align: left;\">* Un ramo de 7 <strong>rosas<\/strong> por 17 \u20ac (o 14 a 34 \u20ac)<\/p>\n<p style=\"text-align: left;\">* Una caja de <strong>bombones Leonidas<\/strong> en forma de coraz\u00f3n por 32 \u20ac.<\/p>\n<p style=\"text-align: left;\">Tambien puedo reservar en un restaurante gastron\u00f3mico sin precio desorbitado para la 2.o tarde.<\/p>\n<p style=\"text-align: left;\">Organizaci\u00f3n de circuitos: enol\u00f3gico, tur\u00edstico, pedestre o ciclista<\/p>\n<p>******************************<\/p>\n<p>&nbsp;<\/p>\n<h4 align=\"center\"><span style=\"text-decoration: underline;\"><em><strong>Relajaci\u00f3n y bienestar<\/strong><\/em><\/span><\/h4>\n<p style=\"text-align: left;\" align=\"center\"><span id=\"result_box4\" lang=\"es\">Adem\u00e1s de nuestra estancia &#8220;en el amor! &#8230;&#8221; disfrute de un momento de <strong>relax <\/strong>con <span id=\"result_box\" class=\"\" lang=\"es\" tabindex=\"-1\"><span class=\"hps\">una <span id=\"result_box\" class=\"\" lang=\"es\" tabindex=\"-1\"><span class=\"hps\">cualificada<\/span><\/span><\/span> <span class=\"hps\">esteticista <\/span><\/span>en el instituto en Briare o <strong>en su habitaci\u00f3n<\/strong> (seg\u00fan horario y disponibilidad de la esteticista) con productos org\u00e1nicos certificados &#8220;<a href=\"http:\/\/ www.atelierdesdelices.fr\/\">L&#8217;Atelier des Delices<\/a>&#8221;<br \/>\n<\/span><\/p>\n<p style=\"text-align: left;\">&#8211; <strong>Facial<\/strong> : Claridad Pause, 50 min : 49 \u20ac o<\/p>\n<p style=\"text-align: left;\">Calmante o Hidratante o limpieza o tonificaci\u00f3n o Smoothing, 1:20 : 60 \u20ac<\/p>\n<p style=\"text-align: left;\">nutritiva : 1:20 : 70 \u20ac<\/p>\n<p style=\"text-align: left;\">&#8211;<strong> Masaje<\/strong> relajante o energizante o firmeza, 1:00 : 59 \u20ac<\/p>\n<p style=\"text-align: left;\">&#8211; <strong>Scrub<\/strong> + Masaje relajante o energizante o firmeza, 1:30 : 80 \u20ac<\/p>\n<p style=\"text-align: left;\">&#8211; Scrub + <strong>Wrap<\/strong> + Masaje relajante o energizante o firmeza, 2:00 : 95 \u20ac<\/p>\n<p style=\"text-align: left;\"><span id=\"result_box5\" lang=\"es\">Usted tambi\u00e9n puede disfrutar de nuestro gimnasio con m\u00e1quina abdotraining remo, banco, step, ciclo indoor, tenis de mesa, o una pista de tenis al aire libre!<\/span><\/p>\n<p style=\"text-align: left;\">\u00a0<span id=\"result_box\" lang=\"es\"><span title=\"Piscine, jacuzzi, sauna et hammam \u00e0 Briare&lt;br \/&gt;&lt;br \/&gt; \"><a href=\"http:\/\/www.cabriare.fr\/espaces.php\">Piscina, jacuzzi, sauna y ba\u00f1o de vapor en Briare<\/a><\/span><\/span><\/p>\n<h3 style=\"text-align: center;\"><strong><em><span id=\"result_box\" class=\"\" lang=\"es\"><span title=\"Cliquez sur le bouton bleu ci-dessous pour la disponibilit\u00e9, le prix et r\u00e9server en ligne (r\u00e9seau s\u00e9curis\u00e9 et crypt\u00e9, confidentialit\u00e9 garantie) :&lt;br \/&gt;&lt;br \/&gt; \">Haga clic en el bot\u00f3n azul abajo por la disponibilidad, precios<\/span><\/span> (ver l<span id=\"result_box\" class=\"\" lang=\"es\"><span title=\"Voir les lignes &quot;&lt;br \/&gt;&lt;br \/&gt; \">as l\u00edneas<\/span><\/span> &#8220;En amoureux&#8230;.&#8221;),\u00a0<span id=\"result_box\" class=\"\" lang=\"es\"><span title=\"Cliquez sur le bouton bleu ci-dessous pour la disponibilit\u00e9, le prix et r\u00e9server en ligne (r\u00e9seau s\u00e9curis\u00e9 et crypt\u00e9, confidentialit\u00e9 garantie) :&lt;br \/&gt;&lt;br \/&gt; \">y reserva on-line (seguro y cifrado de red, la confidencialidad de garant\u00eda)<\/span><\/span> :<\/em><\/strong><\/h3>\n<p><a title=\"r\u00e9servez maintenant !\" href=\"http:\/\/www.freetobook.com\/affiliates\/reservation.php?w_id=3475&amp;w_tkn=twRTrr9MWPrNep43mOcpfgmjLp12BLbG561Ow1DndgrYwwezf8nh4rQgSFHJD\" target=\"_blank\" rel=\"noopener\"><img loading=\"lazy\" class=\"aligncenter size-full wp-image-745\" src=\"https:\/\/www.lathiau.fr\/wp-content\/uploads\/2013\/04\/dispotarifresa.jpg\" alt=\"R\u00e9server maintenant !\" width=\"152\" height=\"64\" srcset=\"https:\/\/www.lathiau.fr\/wp-content\/uploads\/2013\/04\/dispotarifresa.jpg 152w, https:\/\/www.lathiau.fr\/wp-content\/uploads\/2013\/04\/dispotarifresa-150x64.jpg 150w\" sizes=\"(max-width: 152px) 100vw, 152px\" \/><\/a><\/p>\n<p style=\"text-align: center;\"><strong><em><span id=\"result_box\" class=\"\" lang=\"es\"><span title=\"et la r\u00e9servation est confirm\u00e9e, nous vous attendons !&lt;\/p&gt;&lt;br \/&gt; &lt;p&gt;\">y la reserva se confirma, estamos a la espera!<\/span><\/span><\/em><\/strong><\/p>\n<p style=\"text-align: center;\">*********************************************<\/p>\n<p style=\"text-align: left;\">\n","protected":false},"excerpt":{"rendered":"<p>\u00a1El San Valent\u00edn todo el a\u00f1o!\u00a0 Estancia rom\u00e1ntica = Es San Valent\u00edn todo los dias con una reserva de 2 noches como minimo : cena de enamorados dispuesto en la sala de estar de la Suite Fran\u00e7ois 1ro o de la Suite Marguerite de Navarre, reservado exclusivamente para usted. Champa\u00f1, velas en la mesa y [&hellip;]<\/p>\n","protected":false},"author":1,"featured_media":0,"parent":0,"menu_order":0,"comment_status":"closed","ping_status":"closed","template":"","meta":[],"yoast_head":"\n<title>estancia rom\u00e1ntica gien Sancerre valle del Loira Francia<\/title>\n<meta name=\"description\" content=\"Ofrecer escapada rom\u00e1ntica o estancia de enamorados. Celebrar un cumplea\u00f1os o hacer una propuesta de matrimonio en lugar de encanto francia !\" \/>\n<meta name=\"robots\" content=\"index, follow, max-snippet:-1, max-image-preview:large, max-video-preview:-1\" \/>\n<link rel=\"canonical\" href=\"https:\/\/www.lathiau.fr\/es\/sejour-amoureux\/\" \/>\n<meta property=\"og:locale\" content=\"es_ES\" \/>\n<meta property=\"og:type\" content=\"article\" \/>\n<meta property=\"og:title\" content=\"estancia rom\u00e1ntica gien Sancerre valle del Loira Francia\" \/>\n<meta property=\"og:description\" content=\"Ofrecer escapada rom\u00e1ntica o estancia de enamorados. Celebrar un cumplea\u00f1os o hacer una propuesta de matrimonio en lugar de encanto francia !\" \/>\n<meta property=\"og:url\" content=\"https:\/\/www.lathiau.fr\/sejour-amoureux\/\" \/>\n<meta property=\"og:site_name\" content=\"Chambres d&#039;h\u00f4tes de charme, g\u00eetes Loiret Briare Gien Sancerre\" \/>\n<meta property=\"article:publisher\" content=\"https:\/\/www.facebook.com\/DomaineDeLaThiau\" \/>\n<meta property=\"article:modified_time\" content=\"2018-12-20T19:00:17+00:00\" \/>\n<meta property=\"og:image\" content=\"https:\/\/www.lathiau.fr\/wp-content\/uploads\/2013\/04\/dispotarifresa.jpg\" \/>\n<meta name=\"twitter:label1\" content=\"Est. reading time\">\n\t<meta name=\"twitter:data1\" content=\"3 minutes\">\n<script type=\"application\/ld+json\" class=\"yoast-schema-graph\">{\"@context\":\"https:\/\/schema.org\",\"@graph\":[{\"@type\":\"WebSite\",\"@id\":\"https:\/\/www.lathiau.fr\/#website\",\"url\":\"https:\/\/www.lathiau.fr\/\",\"name\":\"Chambres d&#039;h\\u00f4tes de charme, g\\u00eetes Loiret Briare Gien Sancerre\",\"description\":\"Chambres d&#039;h\\u00f4tes de charme et g\\u00eetes en Val de Loire entre Gien et Briare Sancerre Loiret 150km sud de Paris. Maison ind\\u00e9pendante, parc paysager, diner romantique, chateaux.\",\"potentialAction\":[{\"@type\":\"SearchAction\",\"target\":\"https:\/\/www.lathiau.fr\/?s={search_term_string}\",\"query-input\":\"required name=search_term_string\"}],\"inLanguage\":\"es-ES\"},{\"@type\":\"ImageObject\",\"@id\":\"https:\/\/www.lathiau.fr\/sejour-amoureux\/#primaryimage\",\"inLanguage\":\"es-ES\",\"url\":\"https:\/\/www.lathiau.fr\/wp-content\/uploads\/2013\/04\/dispotarifresa.jpg\",\"width\":152,\"height\":64,\"caption\":\"R\\u00e9server maintenant !\"},{\"@type\":\"WebPage\",\"@id\":\"https:\/\/www.lathiau.fr\/sejour-amoureux\/#webpage\",\"url\":\"https:\/\/www.lathiau.fr\/sejour-amoureux\/\",\"name\":\"estancia rom\\u00e1ntica gien Sancerre valle del Loira Francia\",\"isPartOf\":{\"@id\":\"https:\/\/www.lathiau.fr\/#website\"},\"primaryImageOfPage\":{\"@id\":\"https:\/\/www.lathiau.fr\/sejour-amoureux\/#primaryimage\"},\"datePublished\":\"2013-03-08T10:58:13+00:00\",\"dateModified\":\"2018-12-20T19:00:17+00:00\",\"description\":\"Ofrecer escapada rom\\u00e1ntica o estancia de enamorados. Celebrar un cumplea\\u00f1os o hacer una propuesta de matrimonio en lugar de encanto francia !\",\"inLanguage\":\"es-ES\",\"potentialAction\":[{\"@type\":\"ReadAction\",\"target\":[\"https:\/\/www.lathiau.fr\/sejour-amoureux\/\"]}]}]}<\/script>\n","_links":{"self":[{"href":"https:\/\/www.lathiau.fr\/es\/wp-json\/wp\/v2\/pages\/4646\/"}],"collection":[{"href":"https:\/\/www.lathiau.fr\/es\/wp-json\/wp\/v2\/pages\/"}],"about":[{"href":"https:\/\/www.lathiau.fr\/es\/wp-json\/wp\/v2\/types\/page\/"}],"author":[{"embeddable":true,"href":"https:\/\/www.lathiau.fr\/es\/wp-json\/wp\/v2\/users\/1\/"}],"replies":[{"embeddable":true,"href":"https:\/\/www.lathiau.fr\/es\/wp-json\/wp\/v2\/comments\/?post=4646"}],"version-history":[{"count":15,"href":"https:\/\/www.lathiau.fr\/es\/wp-json\/wp\/v2\/pages\/4646\/revisions\/"}],"predecessor-version":[{"id":6328,"href":"https:\/\/www.lathiau.fr\/es\/wp-json\/wp\/v2\/pages\/4646\/revisions\/6328\/"}],"wp:attachment":[{"href":"https:\/\/www.lathiau.fr\/es\/wp-json\/wp\/v2\/media\/?parent=4646"}],"curies":[{"name":"wp","href":"https:\/\/api.w.org\/{rel}","templated":true}]}}