{"id":4648,"date":"2013-04-29T09:56:12","date_gmt":"2013-04-29T08:56:12","guid":{"rendered":"https:\/\/www.lathiau.fr\/les-chambres\/suite-marguerite-de-navarre\/"},"modified":"2022-10-30T13:56:06","modified_gmt":"2022-10-30T12:56:06","slug":"suite-marguerite-de-navarre","status":"publish","type":"page","link":"https:\/\/www.lathiau.fr\/es\/les-chambres\/suite-marguerite-de-navarre\/","title":{"rendered":"La suite Marguerite de Navarre"},"content":{"rendered":"<h2>peque\u00f1o apartamento de 40 m2, con 4 ventanas orientadas al Sur, al amanecer y al atardecer con vistas al parque, consta de :<\/h2>\n<p>. primero piso<\/p>\n<p style=\"text-align: left;\">. 1 habitaci\u00f3n<\/p>\n<p style=\"text-align: left;\">. 1 cama de 150 x 200cm y 1 cama de 90 x 190cm.<\/p>\n<p style=\"text-align: left;\">. 1 sala de estar<\/p>\n<p style=\"text-align: left;\">. Zona para cocinar privado (refrigerador, microondas, 2 placas el\u00e9ctricas, vajilla y utensilios), Capacidad m\u00e1xima para la cena alrededor de la mesa = 3 pers.<\/p>\n<p style=\"text-align: left;\">. cuarto de ba\u00f1o\u00a0 contiguo y privado<\/p>\n<p style=\"text-align: left;\">. wc separado<\/p>\n<p style=\"text-align: left;\">. amuebladas al estilo &#8220;1900&#8221;<\/p>\n<p style=\"text-align: center;\"><strong>Precio m\u00ednimo por 4 noches entre semana: 204 \u20ac por 1 persona (sin desayuno)<\/strong><\/p>\n<p style=\"text-align: center;\"><strong>Kit para dormir o toallas de ba\u00f1o con cargo adicional: 15 \u20ac pieza<\/strong><\/p>\n<p style=\"text-align: center;\" align=\"center\"><span id=\"result_box\" class=\"\" lang=\"es\"><span title=\"(Taxe de s\u00e9jour pour la ville : 0.30 \u20ac par jour et par adulte)&lt;\/p&gt;&lt;br \/&gt;&lt;br \/&gt; &lt;p&gt;\"><strong>(+ <\/strong>Tasa de estancia para la ciudad: 0,40 \u20ac por d\u00eda por adulto)<\/span><\/span><span id=\"result_box\" class=\"\" lang=\"es\"><\/span><\/p>\n<p style=\"text-align: center;\"><span id=\"result_box\" class=\"\" lang=\"es\"><span title=\"Prix sp\u00e9ciaux pour s\u00e9jour professionnel de longue dur\u00e9e, sur demande !&lt;br \/&gt;&lt;br \/&gt;&lt;br \/&gt; \">Precios especiales para estancia profesional a largo plazo a pedido !<\/span><\/span><\/p>\n<p>&nbsp;<\/p>\n<h3 style=\"text-align: center;\"><em><b><strong><span id=\"result_box\" class=\"\" lang=\"es\"><span title=\"Cliquez sur le bouton ci-dessous pour la disponibilit\u00e9, le prix et r\u00e9server en ligne (r\u00e9seau s\u00e9curis\u00e9 et crypt\u00e9, confidentialit\u00e9 garantie) :&lt;br \/&gt;&lt;br \/&gt;&lt;br \/&gt; \">Haga clic en el <span id=\"result_box\" class=\"short_text\" lang=\"es\"><span class=\"\">rect\u00e1ngulo<\/span><\/span> <span title=\"Cliquez sur le bouton bleu ci-dessous pour la disponibilit\u00e9, le prix et r\u00e9server en ligne (r\u00e9seau s\u00e9curis\u00e9 et crypt\u00e9, confidentialit\u00e9 garantie) :&lt;br \/&gt;&lt;br \/&gt;&lt;br \/&gt; \"> azul<\/span> de abajo para la disponibilidad y reserva on-line (seguro y cifrado de red, la garant\u00eda de confidencialidad)<\/span><\/span><\/strong><\/b><\/em><\/h3>\n<p style=\"text-align: center;\"><a href=\"http:\/\/www.freetobook.com\/affiliates\/reservation.php?w_id=3475&amp;w_tkn=twRTrr9MWPrNep43mOcpfgmjLp12BLbG561Ow1DndgrYwwezf8nh4rQgSFHJD\"><img loading=\"lazy\" class=\"size-full wp-image-745\" src=\"https:\/\/www.lathiau.fr\/wp-content\/uploads\/2013\/04\/dispotarifresa.jpg\" alt=\"R\u00e9server maintenant !\" width=\"152\" height=\"64\" srcset=\"https:\/\/www.lathiau.fr\/wp-content\/uploads\/2013\/04\/dispotarifresa.jpg 152w, https:\/\/www.lathiau.fr\/wp-content\/uploads\/2013\/04\/dispotarifresa-150x64.jpg 150w\" sizes=\"(max-width: 152px) 100vw, 152px\" \/><\/a><\/p>\n<p style=\"text-align: center;\"><em><b><strong><span id=\"result_box\" class=\"\" lang=\"es\"><span title=\"et la r\u00e9servation est confirm\u00e9e, nous vous attendons !&lt;br \/&gt;&lt;br \/&gt;&lt;br \/&gt; \">y la reserva se confirma, estamos a la espera<\/span><\/span> !<\/strong><\/b><\/em><\/p>\n<p style=\"text-align: center;\">********************************<\/p>\n<p style=\"text-align: center;\"><span id=\"result_box\" class=\"\" lang=\"es\"><span title=\"R\u00e9sum\u00e9 des Conditions G\u00e9n\u00e9rales de R\u00e9servation&lt;\/p&gt;&lt;br \/&gt;&lt;br \/&gt; &lt;p&gt;\">Resumen de las <strong>C<a href=\"https:\/\/www.lathiau.fr\/conditions-generales-de-reservation\/\"><strong>o<\/strong>ndiciones de Reserva<\/a><\/strong><\/span><\/span><\/p>\n<p style=\"text-align: center;\"><span id=\"result_box\" class=\"\" lang=\"es\"><span title=\"En raison de notre petite taille, toute annulation nous affecte de mani\u00e8re significative, et nous laisse fort peu de chances de relouer la chambre initialement r\u00e9serv\u00e9e.\">Debido a nuestro tama\u00f1o peque\u00f1o, cancelaciones nos afectan significativamente, que nos deja pocas posibilidades de volver a reservar la habitaci\u00f3n reservada originalmente. <\/span><span title=\"D\u2019o\u00f9 l\u2019application des conditions ci-dessous :&lt;\/p&gt;&lt;br \/&gt;&lt;br \/&gt; &lt;p&gt;\">Por lo tanto la aplicaci\u00f3n de las siguientes condiciones :<\/span><\/span><\/p>\n<p style=\"text-align: center;\"><span id=\"result_box\" class=\"\" lang=\"es\"><span title=\"En cas d\u2019Annulation, l'acompte de 50 % reste d\u00e9finitivement acquis et le solde pourra \u00eatre demand\u00e9.\">En caso de<\/span><\/span><b><span id=\"result_box\" class=\"\" lang=\"es\"><span title=\"En cas d\u2019Annulation, l'acompte de 50 % reste d\u00e9finitivement acquis et le solde pourra \u00eatre demand\u00e9.\"> cancelaci\u00f3n dentro de los 10 d\u00edas <span class=\"\">antes de la llegada<\/span> , el dep\u00f3sito del 50% es definitivamente adquirido y el equilibrio puede ser requerida. <\/span><span title=\"Vos coordonn\u00e9es de carte bancaire seront utilis\u00e9es uniquement dans ce cas.&lt;\/p&gt;&lt;br \/&gt;&lt;br \/&gt; &lt;p&gt;\">La informaci\u00f3n de su tarjeta de cr\u00e9dito s\u00f3lo se utiliza en este caso.<\/span><\/span><br \/>\n<\/b><\/p>\n<p style=\"text-align: center;\"><b><\/b><span id=\"result_box\" class=\"\" lang=\"es\"><span title=\"Le r\u00e8glement de votre s\u00e9jour se fera sur place \u00e0 votre arriv\u00e9e : par ch\u00e8que, ch\u00e8ques-vacances et esp\u00e8ces (pas de carte bancaire, seulement pour garantie).&lt;\/p&gt;&lt;br \/&gt;&lt;br \/&gt; &lt;p&gt;\">El <strong>pago de su estancia ser\u00e1 a su llegada por medio de dinero o <\/strong><span title=\"Le r\u00e8glement de votre s\u00e9jour se fera sur place \u00e0 votre arriv\u00e9e : par virement ou au comptant (pas de carte bancaire, seulement pour garantie).&lt;\/p&gt;&lt;br \/&gt;&lt;br \/&gt; &lt;p&gt;\"><strong>por transferencia bancaria <span id=\"result_box\" class=\"\" lang=\"es\" tabindex=\"-1\"><span class=\"hps\">inmediata<\/span><\/span><\/strong> <\/span> (sin tarjeta de cr\u00e9dito, s\u00f3lo para garantizar).<\/span><\/span><\/p>\n<p style=\"text-align: center;\"><b><\/b><span id=\"result_box\" class=\"\" lang=\"es\"><span title=\"Arriv\u00e9e et d\u00e9part :&lt;br \/&gt;&lt;br \/&gt;&lt;br \/&gt; \"><strong>Llegada y salida:<\/strong><br \/>\n<\/span><span title=\"Les arriv\u00e9es sont pr\u00e9vues entre 17h et 19h30.Nous acceptons les arriv\u00e9es tardives jusqu\u2019\u00e0 22h \u00e0 titre exceptionnel et sur demande.\">Se espera que las <strong>llegadas entre las 17h y 19h30.<\/strong>\u00a0<span title=\"Nous acceptons les arriv\u00e9es tardives jusqu\u2019\u00e0 22h \u00e0 titre exceptionnel et sur demande.\">Aceptamos<\/span> las llegadas tarde hasta las 22h en casos excepcionales y previa solicitud. <\/span><span title=\"La chambre devra \u00eatre lib\u00e9r\u00e9e avant 11h30.&lt;br \/&gt;&lt;br \/&gt;&lt;br \/&gt; \">La habitaci\u00f3n debe ser <strong>desalojada antes de las 11:30<\/strong>.<\/span><\/span><\/p>\n<p style=\"text-align: center;\"><span id=\"result_box\" class=\"\" lang=\"es\"><span title=\"La chambre devra \u00eatre lib\u00e9r\u00e9e avant 11h30.&lt;br \/&gt;&lt;br \/&gt;&lt;br \/&gt; \"><br \/>\n<\/span><span title=\"Nos chambres sont strictement non-fumeurs.&lt;\/p&gt;&lt;br \/&gt;&lt;br \/&gt; &lt;p&gt;\">Nuestras habitaciones son para <strong>no fumadores.<\/strong><\/span><\/span><\/p>\n<p style=\"text-align: center;\"><span title=\"Animaux accept\u00e9s sous conditions et sur demande.&lt;\/p&gt;&lt;br \/&gt;&lt;br \/&gt; &lt;p&gt;\"><strong>Animales aceptados<\/strong> bajo <a href=\"https:\/\/www.lathiau.fr\/les-chambres\/?lang=es\">condiciones<\/a> y bajo petici\u00f3n.<\/span><\/p>\n<p style=\"text-align: center;\">\n","protected":false},"excerpt":{"rendered":"<p>peque\u00f1o apartamento de 40 m2, con 4 ventanas orientadas al Sur, al amanecer y al atardecer con vistas al parque, consta de : . primero piso . 1 habitaci\u00f3n . 1 cama de 150 x 200cm y 1 cama de 90 x 190cm. . 1 sala de estar . Zona para cocinar privado (refrigerador, microondas, [&hellip;]<\/p>\n","protected":false},"author":1,"featured_media":0,"parent":2064,"menu_order":0,"comment_status":"closed","ping_status":"closed","template":"","meta":[],"yoast_head":"\n<title>suite Marguerite de Navarre Gien Briare Sancerre Val de Loire<\/title>\n<meta name=\"description\" content=\"En al primer piso, suite Marguerite de Navarre, con 4 ventanas vistas al parque ; 1habitaci\u00f3n y 1 sala de estar. Zona para cocinar privado\" \/>\n<meta name=\"robots\" content=\"index, follow, max-snippet:-1, max-image-preview:large, max-video-preview:-1\" \/>\n<link rel=\"canonical\" href=\"https:\/\/www.lathiau.fr\/es\/les-chambres\/suite-marguerite-de-navarre\/\" \/>\n<meta property=\"og:locale\" content=\"es_ES\" \/>\n<meta property=\"og:type\" content=\"article\" \/>\n<meta property=\"og:title\" content=\"suite Marguerite de Navarre Gien Briare Sancerre Val de Loire\" \/>\n<meta property=\"og:description\" content=\"En al primer piso, suite Marguerite de Navarre, con 4 ventanas vistas al parque ; 1habitaci\u00f3n y 1 sala de estar. Zona para cocinar privado\" \/>\n<meta property=\"og:url\" content=\"https:\/\/www.lathiau.fr\/es\/les-chambres\/suite-marguerite-de-navarre\/\" \/>\n<meta property=\"og:site_name\" content=\"Chambres d&#039;h\u00f4tes de charme, g\u00eetes Loiret Briare Gien Sancerre\" \/>\n<meta property=\"article:publisher\" content=\"https:\/\/www.facebook.com\/DomaineDeLaThiau\" \/>\n<meta property=\"article:modified_time\" content=\"2022-10-30T12:56:06+00:00\" \/>\n<meta property=\"og:image\" content=\"https:\/\/www.lathiau.fr\/wp-content\/uploads\/2013\/04\/dispotarifresa.jpg\" \/>\n<meta name=\"twitter:label1\" content=\"Est. reading time\">\n\t<meta name=\"twitter:data1\" content=\"2 minutes\">\n<script type=\"application\/ld+json\" class=\"yoast-schema-graph\">{\"@context\":\"https:\/\/schema.org\",\"@graph\":[{\"@type\":\"WebSite\",\"@id\":\"https:\/\/www.lathiau.fr\/#website\",\"url\":\"https:\/\/www.lathiau.fr\/\",\"name\":\"Chambres d&#039;h\\u00f4tes de charme, g\\u00eetes Loiret Briare Gien Sancerre\",\"description\":\"Chambres d&#039;h\\u00f4tes de charme et g\\u00eetes en Val de Loire entre Gien et Briare Sancerre Loiret 150km sud de Paris. Maison ind\\u00e9pendante, parc paysager, diner romantique, chateaux.\",\"potentialAction\":[{\"@type\":\"SearchAction\",\"target\":\"https:\/\/www.lathiau.fr\/?s={search_term_string}\",\"query-input\":\"required name=search_term_string\"}],\"inLanguage\":\"es-ES\"},{\"@type\":\"ImageObject\",\"@id\":\"https:\/\/www.lathiau.fr\/es\/les-chambres\/suite-marguerite-de-navarre\/#primaryimage\",\"inLanguage\":\"es-ES\",\"url\":\"https:\/\/www.lathiau.fr\/wp-content\/uploads\/2013\/04\/dispotarifresa.jpg\",\"width\":152,\"height\":64,\"caption\":\"R\\u00e9server maintenant !\"},{\"@type\":\"WebPage\",\"@id\":\"https:\/\/www.lathiau.fr\/es\/les-chambres\/suite-marguerite-de-navarre\/#webpage\",\"url\":\"https:\/\/www.lathiau.fr\/es\/les-chambres\/suite-marguerite-de-navarre\/\",\"name\":\"suite Marguerite de Navarre Gien Briare Sancerre Val de Loire\",\"isPartOf\":{\"@id\":\"https:\/\/www.lathiau.fr\/#website\"},\"primaryImageOfPage\":{\"@id\":\"https:\/\/www.lathiau.fr\/es\/les-chambres\/suite-marguerite-de-navarre\/#primaryimage\"},\"datePublished\":\"2013-04-29T08:56:12+00:00\",\"dateModified\":\"2022-10-30T12:56:06+00:00\",\"description\":\"En al primer piso, suite Marguerite de Navarre, con 4 ventanas vistas al parque ; 1habitaci\\u00f3n y 1 sala de estar. Zona para cocinar privado\",\"inLanguage\":\"es-ES\",\"potentialAction\":[{\"@type\":\"ReadAction\",\"target\":[\"https:\/\/www.lathiau.fr\/es\/les-chambres\/suite-marguerite-de-navarre\/\"]}]}]}<\/script>\n","_links":{"self":[{"href":"https:\/\/www.lathiau.fr\/es\/wp-json\/wp\/v2\/pages\/4648\/"}],"collection":[{"href":"https:\/\/www.lathiau.fr\/es\/wp-json\/wp\/v2\/pages\/"}],"about":[{"href":"https:\/\/www.lathiau.fr\/es\/wp-json\/wp\/v2\/types\/page\/"}],"author":[{"embeddable":true,"href":"https:\/\/www.lathiau.fr\/es\/wp-json\/wp\/v2\/users\/1\/"}],"replies":[{"embeddable":true,"href":"https:\/\/www.lathiau.fr\/es\/wp-json\/wp\/v2\/comments\/?post=4648"}],"version-history":[{"count":21,"href":"https:\/\/www.lathiau.fr\/es\/wp-json\/wp\/v2\/pages\/4648\/revisions\/"}],"predecessor-version":[{"id":7429,"href":"https:\/\/www.lathiau.fr\/es\/wp-json\/wp\/v2\/pages\/4648\/revisions\/7429\/"}],"up":[{"embeddable":true,"href":"https:\/\/www.lathiau.fr\/es\/wp-json\/wp\/v2\/pages\/2064\/"}],"wp:attachment":[{"href":"https:\/\/www.lathiau.fr\/es\/wp-json\/wp\/v2\/media\/?parent=4648"}],"curies":[{"name":"wp","href":"https:\/\/api.w.org\/{rel}","templated":true}]}}