{"id":4660,"date":"2013-04-30T23:07:32","date_gmt":"2013-04-30T22:07:32","guid":{"rendered":"https:\/\/www.lathiau.fr\/les-gites\/gite-de-la-loire\/"},"modified":"2021-01-28T20:08:42","modified_gmt":"2021-01-28T19:08:42","slug":"gite-de-la-loire","status":"publish","type":"page","link":"https:\/\/www.lathiau.fr\/es\/les-gites\/gite-de-la-loire\/","title":{"rendered":"Gite de la Loire &#8211; 2 pers. max."},"content":{"rendered":"<h2 style=\"text-align: center;\"><span style=\"color: #000000;\"><b>Le Gite de la Loire<\/b>\u00a0<\/span><strong><b><span style=\"font-size: small;\"><span id=\"result_box\" lang=\"es\">(alquiler semanal sin <span id=\"result_box6\" lang=\"es\">s\u00e1banas<\/span>\/toallas y sin desayunos) * o<\/span><\/span><\/b><\/strong><\/h2>\n<h3 style=\"text-align: center;\"><strong><span style=\"font-size: small;\"><span id=\"result_box2\" lang=\"es\"><em><span style=\"color: #0000ff;\">La Suite de la Loire (por noche con s\u00e1banas \/ toallas) *<\/span><\/em><\/span><span style=\"color: #0000ff;\"><em>*:<\/em><\/span><\/span><\/strong><\/h3>\n<p style=\"text-align: left;\">En la planta baja <span id=\"result_box\" class=\"short_text\" lang=\"es\">de la casa de hu\u00e9spedes<\/span>, este peque\u00f1o apartamento de 40 m2, con 3 ventanas orientadas al Este y al Sur con vistas al parque, consta de :<\/p>\n<p style=\"text-align: left;\">. 1 habitaci\u00f3n : cama de 140&#215;190 cm<\/p>\n<p style=\"text-align: left;\">.\u00a0 sala de estar amuebladas al estilo Luis- Philippe y 1 cama de 90x190cm<\/p>\n<p style=\"text-align: left;\">. peque\u00f1o cuarto de ba\u00f1o con WC<\/p>\n<p style=\"text-align: left;\"><i>. <\/i><em>Esquina cocina <\/em>(refrigerador, gazini\u00e8re, microondas, vajilla y utensilios)<\/p>\n<p style=\"text-align: left;\">Wifi gratuito<\/p>\n<p style=\"text-align: left;\">Mobiliaro antiguo de calidad.<\/p>\n<p style=\"text-align: left;\">Entrada independiente orientada al Sur con vistas a un peque\u00f1o jard\u00edn privado con sal\u00f3n de jard\u00edn y barbacoa.<\/p>\n<p style=\"text-align: left;\">A<span id=\"result_box\" class=\"short_text\" lang=\"es\">cceso directo a la Loire en camino privado<\/span><\/p>\n<p style=\"text-align: left;\">Acceso a la sala de fitness (compartido con B &amp; B).<\/p>\n<p style=\"text-align: left;\">A petici\u00f3n de lavado + secado de la ropa a 8 \u20ac incluyen lavander\u00eda<\/p>\n<p style=\"text-align: left;\"><span id=\"result_box\" class=\"short_text\" lang=\"es\"><\/span>Aparcamiento privado en la propiedad.<\/p>\n<h3 style=\"text-align: center;\"><b>Precio por semana (sabado-sabado), WIFI, agua caliente + fria y electricidad (10 kW)\/semana incluidos<\/b><\/h3>\n<p style=\"text-align: left;\"><b>Primera semana =\u00a0\u00a0\u00a0 177 \u20ac (invierno) \/ <\/b><\/p>\n<p style=\"text-align: left;\"><b>\u00a0\u00a0\u00a0\u00a0\u00a0\u00a0\u00a0\u00a0\u00a0\u00a0\u00a0\u00a0\u00a0\u00a0\u00a0\u00a0\u00a0\u00a0\u00a0\u00a0\u00a0\u00a0\u00a0\u00a0\u00a0\u00a0\u00a0\u00a0\u00a0\u00a0\u00a0\u00a0\u00a0\u00a0\u00a0\u00a0\u00a0\u00a0\u00a0\u00a0\u00a0 232 \u20ac (<span id=\"result_box2\" lang=\"es\">abril, mayo, junio, septiembre y <\/span> los \u00faltimos 2 semanas de <span lang=\"es\">diciembre<\/span>) \/<\/b><\/p>\n<p style=\"text-align: left;\"><b>\u00a0\u00a0\u00a0\u00a0\u00a0\u00a0\u00a0\u00a0\u00a0\u00a0\u00a0\u00a0\u00a0\u00a0\u00a0\u00a0\u00a0\u00a0\u00a0\u00a0\u00a0\u00a0\u00a0\u00a0\u00a0\u00a0\u00a0\u00a0\u00a0\u00a0\u00a0\u00a0\u00a0\u00a0\u00a0\u00a0\u00a0\u00a0\u00a0\u00a0\u00a0 302 \u20ac (julio+agosto)<\/b><\/p>\n<p style=\"text-align: left;\"><b>Desde 2da semana = 155 \u20ac (invierno) \/<\/b><\/p>\n<p style=\"text-align: left;\"><b>\u00a0\u00a0\u00a0\u00a0\u00a0\u00a0\u00a0\u00a0\u00a0\u00a0\u00a0\u00a0\u00a0\u00a0\u00a0\u00a0\u00a0\u00a0\u00a0\u00a0\u00a0\u00a0\u00a0\u00a0\u00a0\u00a0\u00a0\u00a0\u00a0\u00a0\u00a0\u00a0\u00a0\u00a0\u00a0\u00a0\u00a0\u00a0\u00a0\u00a0\u00a0 210 \u20ac (<span id=\"result_box3\" lang=\"es\">abril, mayo, junio, septiembre y <\/span>los \u00faltimos 2 semanas de <span lang=\"es\">diciembre<\/span>) \/<\/b><\/p>\n<p style=\"text-align: left;\"><b>\u00a0\u00a0\u00a0\u00a0\u00a0\u00a0\u00a0\u00a0\u00a0\u00a0\u00a0\u00a0\u00a0\u00a0\u00a0\u00a0\u00a0\u00a0\u00a0\u00a0\u00a0\u00a0\u00a0\u00a0\u00a0\u00a0\u00a0\u00a0\u00a0\u00a0\u00a0\u00a0\u00a0\u00a0\u00a0\u00a0\u00a0\u00a0\u00a0\u00a0\u00a0 280 \u20ac (julio+agosto)<\/b><\/p>\n<p><strong><span id=\"result_box\" lang=\"es\"><span title=\"PAS DE LOCATION AU WEEKEND, A LA NUIT OU A CHEVAL SUR 2 SEMAINES (jours contractuels de d\u00e9but\/fin de location : samedi pour gites de la Ferme et de la Loire, dimanche pour gites du Val et Vigne, arriv\u00e9e\/d\u00e9part \u00e0 votre choix\">NO CONTRATAR por el FIN DE SEMANA, por LA NOCHE o montar en 2 semanas<\/span><\/span><\/strong><\/p>\n<p style=\"text-align: left;\" align=\"center\"><span id=\"result_box\" lang=\"es\"><span title=\"(Taxe de s\u00e9jour pour la ville : 0.30 \u20ac par jour et par adulte)&lt;\/p&gt;&lt;br \/&gt;&lt;br \/&gt;&lt;br \/&gt;&lt;br \/&gt;&lt;br \/&gt;&lt;br \/&gt; &lt;p&gt;\"><strong>(+ <\/strong>Tasa de estancia para la ciudad: 4 %)<\/span><\/span><\/p>\n<p style=\"text-align: left;\"><span id=\"result_box\" lang=\"es\"><span title=\"tous les prix sur la page &quot;Tarifs&quot;.&lt;\/p&gt;&lt;br \/&gt;&lt;br \/&gt;&lt;br \/&gt;&lt;br \/&gt;&lt;br \/&gt;&lt;br \/&gt; &lt;p&gt;\">Todos los precios en la p\u00e1gina <a href=\"https:\/\/www.lathiau.fr\/le-domaine\/?lang=es\"><strong>&#8220;Tarifas&#8221;<\/strong><\/a>.<\/span><\/span><\/p>\n<h2 style=\"text-align: center;\"><em><b><strong><span id=\"result_box\" lang=\"es\"><span title=\"Cliquez sur le bouton ci-dessous pour la disponibilit\u00e9, le prix et r\u00e9server en ligne (r\u00e9seau s\u00e9curis\u00e9 et crypt\u00e9, confidentialit\u00e9 garantie) :&lt;br \/&gt;&lt;br \/&gt;&lt;br \/&gt;&lt;br \/&gt;&lt;br \/&gt;&lt;br \/&gt;&lt;br \/&gt; \">Haga clic en el <span id=\"result_box\" lang=\"es\" tabindex=\"-1\">rect\u00e1ngulo<\/span> <span title=\"Cliquez sur le bouton bleu ci-dessous pour la disponibilit\u00e9, le prix et r\u00e9server en ligne (r\u00e9seau s\u00e9curis\u00e9 et crypt\u00e9, confidentialit\u00e9 garantie) :&lt;br \/&gt;&lt;br \/&gt;&lt;br \/&gt;&lt;br \/&gt;&lt;br \/&gt;&lt;br \/&gt;&lt;br \/&gt; \"> azul<\/span> de abajo para la disponibilidad, precios y reserva on-line (seguro y cifrado de red, la garant\u00eda de confidencialidad)<\/span><\/span><\/strong><\/b><\/em><\/h2>\n<p style=\"text-align: center;\"><a href=\"http:\/\/www.freetobook.com\/affiliates\/reservation.php?w_id=4208&amp;w_tkn=RWTYmyvMxrxcAXB8ZAL0wURoDvBBWCHyoevoTeLwK0Wnx9tsmUA4dDQJfGon8\"><img loading=\"lazy\" class=\"size-full wp-image-745\" src=\"https:\/\/www.lathiau.fr\/wp-content\/uploads\/2013\/04\/dispotarifresa.jpg\" alt=\"R\u00e9server maintenant !\" width=\"152\" height=\"64\" srcset=\"https:\/\/www.lathiau.fr\/wp-content\/uploads\/2013\/04\/dispotarifresa.jpg 152w, https:\/\/www.lathiau.fr\/wp-content\/uploads\/2013\/04\/dispotarifresa-150x64.jpg 150w\" sizes=\"(max-width: 152px) 100vw, 152px\" \/><\/a><\/p>\n<p style=\"text-align: center;\"><em><b><strong><span id=\"result_box\" lang=\"es\"><span title=\"et la r\u00e9servation est confirm\u00e9e, nous vous attendons !&lt;br \/&gt;&lt;br \/&gt;&lt;br \/&gt;&lt;br \/&gt;&lt;br \/&gt;&lt;br \/&gt;&lt;br \/&gt;&lt;br \/&gt; \">y la reserva se confirma, estamos a la espera<\/span><\/span> !<\/strong><\/b><\/em><\/p>\n<p style=\"text-align: center;\">********************************<\/p>\n<p style=\"text-align: center;\"><span id=\"result_box\" lang=\"es\"><span title=\"R\u00e9sum\u00e9 des Conditions G\u00e9n\u00e9rales de R\u00e9servation&lt;\/p&gt;&lt;br \/&gt;&lt;br \/&gt;&lt;br \/&gt;&lt;br \/&gt;&lt;br \/&gt;&lt;br \/&gt;&lt;br \/&gt; &lt;p&gt;\">Resumen de las <strong>C<a href=\"https:\/\/www.lathiau.fr\/conditions-generales-de-reservation\/\"><strong>o<\/strong>ndiciones de Reserva<\/a><\/strong><\/span><\/span><\/p>\n<p style=\"text-align: center;\"><span id=\"result_box\" lang=\"es\"><span title=\"En raison de notre petite taille, toute annulation nous affecte de mani\u00e8re significative, et nous laisse fort peu de chances de relouer la chambre initialement r\u00e9serv\u00e9e.\">Debido a nuestro tama\u00f1o peque\u00f1o, cancelaciones nos afectan significativamente, que nos deja pocas posibilidades de volver a reservar lacasa rural reservada originalmente. <\/span><span title=\"D\u2019o\u00f9 l\u2019application des conditions ci-dessous :&lt;\/p&gt;&lt;br \/&gt;&lt;br \/&gt;&lt;br \/&gt;&lt;br \/&gt;&lt;br \/&gt;&lt;br \/&gt;&lt;br \/&gt; &lt;p&gt;\">Por lo tanto la aplicaci\u00f3n de las siguientes condiciones :<\/span><\/span><\/p>\n<p style=\"text-align: center;\"><span id=\"result_box\" lang=\"es\"><span title=\"En cas d\u2019Annulation, l'acompte de 50 % reste d\u00e9finitivement acquis et le solde pourra \u00eatre demand\u00e9.\">En caso de<\/span><\/span><b><span id=\"result_box\" lang=\"es\"><span title=\"En cas d\u2019Annulation, l'acompte de 50 % reste d\u00e9finitivement acquis et le solde pourra \u00eatre demand\u00e9.\"> cancelaci\u00f3n dentro de los 10 d\u00edas antes de la llegada, el dep\u00f3sito del 30% es definitivamente adquirido y el equilibrio puede ser requerida. <\/span><span title=\"Vos coordonn\u00e9es de carte bancaire seront utilis\u00e9es uniquement dans ce cas.&lt;\/p&gt;&lt;br \/&gt;&lt;br \/&gt;&lt;br \/&gt;&lt;br \/&gt;&lt;br \/&gt;&lt;br \/&gt;&lt;br \/&gt; &lt;p&gt;\">La informaci\u00f3n de su tarjeta de cr\u00e9dito s\u00f3lo se utiliza en este caso.<\/span><\/span><br \/>\n<\/b><\/p>\n<p style=\"text-align: center;\"><b><\/b><span id=\"result_box\" lang=\"es\"><span title=\"Le r\u00e8glement de votre s\u00e9jour se fera sur place \u00e0 votre arriv\u00e9e : par ch\u00e8que, ch\u00e8ques-vacances et esp\u00e8ces (pas de carte bancaire, seulement pour garantie).&lt;\/p&gt;&lt;br \/&gt;&lt;br \/&gt;&lt;br \/&gt;&lt;br \/&gt;&lt;br \/&gt;&lt;br \/&gt;&lt;br \/&gt; &lt;p&gt;\">El <strong>pago de su estancia ser\u00e1 a su llegada por medio de dinero o <\/strong><span title=\"Le r\u00e8glement de votre s\u00e9jour se fera sur place \u00e0 votre arriv\u00e9e : par virement ou au comptant (pas de carte bancaire, seulement pour garantie).&lt;\/p&gt;&lt;br \/&gt;&lt;br \/&gt;&lt;br \/&gt;&lt;br \/&gt;&lt;br \/&gt;&lt;br \/&gt;&lt;br \/&gt; &lt;p&gt;\"><strong>por transferencia bancaria<\/strong> <\/span><strong> <span class=\"hps\">inmediata<\/span><\/strong> (sin tarjeta de cr\u00e9dito, s\u00f3lo para garantizar).<\/span><\/span><\/p>\n<p style=\"text-align: center;\"><b><\/b><span id=\"result_box\" lang=\"es\"><span title=\"Arriv\u00e9e et d\u00e9part :&lt;br \/&gt;&lt;br \/&gt;&lt;br \/&gt;&lt;br \/&gt;&lt;br \/&gt;&lt;br \/&gt;&lt;br \/&gt;&lt;br \/&gt; \"><strong>Llegada y salida:<\/strong><br \/>\n<\/span><span title=\"Les arriv\u00e9es sont pr\u00e9vues entre 17h et 19h30.Nous acceptons les arriv\u00e9es tardives jusqu\u2019\u00e0 22h \u00e0 titre exceptionnel et sur demande.\">Se espera que las <strong>llegadas entre las 17h y 19h30.<\/strong>\u00a0<span title=\"Nous acceptons les arriv\u00e9es tardives jusqu\u2019\u00e0 22h \u00e0 titre exceptionnel et sur demande.\">Aceptamos<\/span> las llegadas tarde hasta las 22h en casos excepcionales y previa solicitud. <\/span><span title=\"La chambre devra \u00eatre lib\u00e9r\u00e9e avant 11h30.&lt;br \/&gt;&lt;br \/&gt;&lt;br \/&gt;&lt;br \/&gt;&lt;br \/&gt;&lt;br \/&gt;&lt;br \/&gt;&lt;br \/&gt; \">La habitaci\u00f3n debe ser <strong>desalojada antes de las 10:00,<span title=\"La chambre devra \u00eatre lib\u00e9r\u00e9e avant 11h30, m\u00e9nage fait .&lt;br \/&gt;&lt;br \/&gt;&lt;br \/&gt;&lt;br \/&gt; \"> hecha hogar (<\/span><span id=\"result_box\" class=\"short_text\" lang=\"es\">si no, + 26 \u20ac minimo<\/span>)<\/strong>.<\/span><\/span><span id=\"result_box\" lang=\"es\"><\/span><\/p>\n<p style=\"text-align: center;\"><span id=\"result_box\" lang=\"es\"><span title=\"La chambre devra \u00eatre lib\u00e9r\u00e9e avant 11h30.&lt;br \/&gt;&lt;br \/&gt;&lt;br \/&gt;&lt;br \/&gt;&lt;br \/&gt;&lt;br \/&gt;&lt;br \/&gt;&lt;br \/&gt; \"><br \/>\n<\/span><span title=\"Nos chambres sont strictement non-fumeurs.&lt;\/p&gt;&lt;br \/&gt;&lt;br \/&gt;&lt;br \/&gt;&lt;br \/&gt;&lt;br \/&gt;&lt;br \/&gt;&lt;br \/&gt; &lt;p&gt;\">Nuestras casas rurales son para <strong>no fumadores.<\/strong><\/span><\/span><\/p>\n<p style=\"text-align: center;\"><span title=\"Animaux accept\u00e9s sous conditions et sur demande.&lt;\/p&gt;&lt;br \/&gt;&lt;br \/&gt;&lt;br \/&gt;&lt;br \/&gt;&lt;br \/&gt;&lt;br \/&gt;&lt;br \/&gt; &lt;p&gt;\"><strong>Animales non aceptados<\/strong><\/span><\/p>\n<p style=\"text-align: center;\"><span style=\"color: #000000;\"><b>********************<\/b><\/span><\/p>\n<h3 style=\"text-align: left;\"><em><span style=\"color: #0000ff;\">** <strong>Precio por noche desde 2 noches : 85 \u20ac<\/strong> por 1 o 2 personas\u00a0<\/span> <\/em><\/h3>\n<h3 style=\"text-align: left;\"><em><span style=\"color: #0000ff;\">125<\/span><span style=\"color: #0000ff;\"> \u20ac por 3 personas &#8220;&#8221; &#8220;&#8221;<br \/>\n<\/span><\/em><\/h3>\n<p style=\"text-align: left;\" align=\"center\"><em><span style=\"color: #0000ff;\"> Reducci\u00f3n del 10% para cualquier estancia de 4 noches del domingo al jueves incluidos (excepto festivos y julio + agosto)<\/span><\/em><\/p>\n<p align=\"center\"><span id=\"result_box\" lang=\"es\"><span title=\"(Taxe de s\u00e9jour pour la ville : 0.30 \u20ac par jour et par adulte)&lt;\/p&gt;&lt;br \/&gt;&lt;br \/&gt;&lt;br \/&gt;&lt;br \/&gt;&lt;br \/&gt;&lt;br \/&gt; &lt;p&gt;\"><strong>(+ <\/strong>Tasa de estancia para la ciudad: 0,40 \u20ac por d\u00eda por adulto)<\/span><\/span><\/p>\n<p style=\"text-align: center;\"><span id=\"result_box\" lang=\"es\"><span title=\"tous les prix sur la page &quot;Tarifs&quot;.&lt;\/p&gt;&lt;br \/&gt;&lt;br \/&gt;&lt;br \/&gt;&lt;br \/&gt;&lt;br \/&gt;&lt;br \/&gt; &lt;p&gt;\">Todos los precios en la p\u00e1gina <a href=\"https:\/\/www.lathiau.fr\/le-domaine\/?lang=es\"><strong>&#8220;Tarifas&#8221;<\/strong><\/a>.<\/span><\/span><\/p>\n<h2 style=\"text-align: center;\"><b><strong><span id=\"result_box\" lang=\"es\"><span title=\"Cliquez sur le bouton ci-dessous pour la disponibilit\u00e9, le prix et r\u00e9server en ligne (r\u00e9seau s\u00e9curis\u00e9 et crypt\u00e9, confidentialit\u00e9 garantie) :&lt;br \/&gt;&lt;br \/&gt;&lt;br \/&gt;&lt;br \/&gt;&lt;br \/&gt;&lt;br \/&gt;&lt;br \/&gt; \">Haga clic en el <b><strong><span id=\"result_box\" lang=\"es\"><span title=\"Cliquez sur le bouton ci-dessous pour la disponibilit\u00e9, le prix et r\u00e9server en ligne (r\u00e9seau s\u00e9curis\u00e9 et crypt\u00e9, confidentialit\u00e9 garantie) :&lt;br \/&gt;&lt;br \/&gt;&lt;br \/&gt;&lt;br \/&gt;&lt;br \/&gt;&lt;br \/&gt;&lt;br \/&gt; \"><span id=\"result_box\" lang=\"es\" tabindex=\"-1\">rect\u00e1ngulo<\/span><\/span><\/span><\/strong><\/b> <span title=\"Cliquez sur le bouton bleu ci-dessous pour la disponibilit\u00e9, le prix et r\u00e9server en ligne (r\u00e9seau s\u00e9curis\u00e9 et crypt\u00e9, confidentialit\u00e9 garantie) :&lt;br \/&gt;&lt;br \/&gt;&lt;br \/&gt;&lt;br \/&gt;&lt;br \/&gt;&lt;br \/&gt;&lt;br \/&gt; \"> azul<\/span> de abajo para la disponibilidad, precios y reserva on-line (seguro y cifrado de red, la garant\u00eda de confidencialidad)<\/span><\/span><\/strong><\/b><\/h2>\n<p style=\"text-align: center;\"><a href=\"http:\/\/www.freetobook.com\/affiliates\/reservation.php?w_id=3475&amp;w_tkn=twRTrr9MWPrNep43mOcpfgmjLp12BLbG561Ow1DndgrYwwezf8nh4rQgSFHJD\"><img loading=\"lazy\" class=\"size-full wp-image-745\" src=\"https:\/\/www.lathiau.fr\/wp-content\/uploads\/2013\/04\/dispotarifresa.jpg\" alt=\"R\u00e9server maintenant !\" width=\"152\" height=\"64\" srcset=\"https:\/\/www.lathiau.fr\/wp-content\/uploads\/2013\/04\/dispotarifresa.jpg 152w, https:\/\/www.lathiau.fr\/wp-content\/uploads\/2013\/04\/dispotarifresa-150x64.jpg 150w\" sizes=\"(max-width: 152px) 100vw, 152px\" \/><\/a><\/p>\n<p style=\"text-align: center;\"><b><\/b><b><strong><span id=\"result_box\" lang=\"es\"><span title=\"et la r\u00e9servation est confirm\u00e9e, nous vous attendons !&lt;br \/&gt;&lt;br \/&gt;&lt;br \/&gt;&lt;br \/&gt;&lt;br \/&gt;&lt;br \/&gt;&lt;br \/&gt;&lt;br \/&gt; \">y la reserva se confirma, estamos a la espera<\/span><\/span> !<\/strong><\/b><\/p>\n<h4 style=\"text-align: center;\"><span style=\"color: #000080;\"><em><span style=\"color: #000080;\">\u00a0<\/span><\/em><\/span><\/h4>\n<p style=\"text-align: center;\">\n","protected":false},"excerpt":{"rendered":"<p>Le Gite de la Loire\u00a0(alquiler semanal sin s\u00e1banas\/toallas y sin desayunos) * o La Suite de la Loire (por noche con s\u00e1banas \/ toallas) **: En la planta baja de la casa de hu\u00e9spedes, este peque\u00f1o apartamento de 40 m2, con 3 ventanas orientadas al Este y al Sur con vistas al parque, consta de [&hellip;]<\/p>\n","protected":false},"author":1,"featured_media":0,"parent":2060,"menu_order":0,"comment_status":"closed","ping_status":"open","template":"","meta":[],"yoast_head":"\n<title>Gite de la Loire Gien Briare Sancerre Centre Val de Loire<\/title>\n<meta name=\"description\" content=\"planta baja apartamento Gite Loire 40 m2 vistas al parque, habitaci\u00f3n sala de estar ducha WC cocina Entrada independiente jard\u00edn Aparcamiento\" \/>\n<meta name=\"robots\" content=\"index, follow, max-snippet:-1, max-image-preview:large, max-video-preview:-1\" \/>\n<link rel=\"canonical\" href=\"https:\/\/www.lathiau.fr\/es\/les-gites\/gite-de-la-loire\/\" \/>\n<meta property=\"og:locale\" content=\"es_ES\" \/>\n<meta property=\"og:type\" content=\"article\" \/>\n<meta property=\"og:title\" content=\"Gite de la Loire Gien Briare Sancerre Centre Val de Loire\" \/>\n<meta property=\"og:description\" content=\"planta baja apartamento Gite Loire 40 m2 vistas al parque, habitaci\u00f3n sala de estar ducha WC cocina Entrada independiente jard\u00edn Aparcamiento\" \/>\n<meta property=\"og:url\" content=\"https:\/\/www.lathiau.fr\/es\/les-gites\/gite-de-la-loire\/\" \/>\n<meta property=\"og:site_name\" content=\"Chambres d&#039;h\u00f4tes de charme, g\u00eetes Loiret Briare Gien Sancerre\" \/>\n<meta property=\"article:publisher\" content=\"https:\/\/www.facebook.com\/DomaineDeLaThiau\" \/>\n<meta property=\"article:modified_time\" content=\"2021-01-28T19:08:42+00:00\" \/>\n<meta property=\"og:image\" content=\"https:\/\/www.lathiau.fr\/wp-content\/uploads\/2013\/04\/dispotarifresa.jpg\" \/>\n<meta name=\"twitter:label1\" content=\"Est. reading time\">\n\t<meta name=\"twitter:data1\" content=\"3 minutes\">\n<script type=\"application\/ld+json\" class=\"yoast-schema-graph\">{\"@context\":\"https:\/\/schema.org\",\"@graph\":[{\"@type\":\"WebSite\",\"@id\":\"https:\/\/www.lathiau.fr\/#website\",\"url\":\"https:\/\/www.lathiau.fr\/\",\"name\":\"Chambres d&#039;h\\u00f4tes de charme, g\\u00eetes Loiret Briare Gien Sancerre\",\"description\":\"Chambres d&#039;h\\u00f4tes de charme et g\\u00eetes en Val de Loire entre Gien et Briare Sancerre Loiret 150km sud de Paris. Maison ind\\u00e9pendante, parc paysager, diner romantique, chateaux.\",\"potentialAction\":[{\"@type\":\"SearchAction\",\"target\":\"https:\/\/www.lathiau.fr\/?s={search_term_string}\",\"query-input\":\"required name=search_term_string\"}],\"inLanguage\":\"es-ES\"},{\"@type\":\"ImageObject\",\"@id\":\"https:\/\/www.lathiau.fr\/es\/les-gites\/gite-de-la-loire\/#primaryimage\",\"inLanguage\":\"es-ES\",\"url\":\"https:\/\/www.lathiau.fr\/wp-content\/uploads\/2013\/04\/dispotarifresa.jpg\",\"width\":152,\"height\":64,\"caption\":\"R\\u00e9server maintenant !\"},{\"@type\":\"WebPage\",\"@id\":\"https:\/\/www.lathiau.fr\/es\/les-gites\/gite-de-la-loire\/#webpage\",\"url\":\"https:\/\/www.lathiau.fr\/es\/les-gites\/gite-de-la-loire\/\",\"name\":\"Gite de la Loire Gien Briare Sancerre Centre Val de Loire\",\"isPartOf\":{\"@id\":\"https:\/\/www.lathiau.fr\/#website\"},\"primaryImageOfPage\":{\"@id\":\"https:\/\/www.lathiau.fr\/es\/les-gites\/gite-de-la-loire\/#primaryimage\"},\"datePublished\":\"2013-04-30T22:07:32+00:00\",\"dateModified\":\"2021-01-28T19:08:42+00:00\",\"description\":\"planta baja apartamento Gite Loire 40 m2 vistas al parque, habitaci\\u00f3n sala de estar ducha WC cocina Entrada independiente jard\\u00edn Aparcamiento\",\"inLanguage\":\"es-ES\",\"potentialAction\":[{\"@type\":\"ReadAction\",\"target\":[\"https:\/\/www.lathiau.fr\/es\/les-gites\/gite-de-la-loire\/\"]}]}]}<\/script>\n","_links":{"self":[{"href":"https:\/\/www.lathiau.fr\/es\/wp-json\/wp\/v2\/pages\/4660\/"}],"collection":[{"href":"https:\/\/www.lathiau.fr\/es\/wp-json\/wp\/v2\/pages\/"}],"about":[{"href":"https:\/\/www.lathiau.fr\/es\/wp-json\/wp\/v2\/types\/page\/"}],"author":[{"embeddable":true,"href":"https:\/\/www.lathiau.fr\/es\/wp-json\/wp\/v2\/users\/1\/"}],"replies":[{"embeddable":true,"href":"https:\/\/www.lathiau.fr\/es\/wp-json\/wp\/v2\/comments\/?post=4660"}],"version-history":[{"count":23,"href":"https:\/\/www.lathiau.fr\/es\/wp-json\/wp\/v2\/pages\/4660\/revisions\/"}],"predecessor-version":[{"id":7235,"href":"https:\/\/www.lathiau.fr\/es\/wp-json\/wp\/v2\/pages\/4660\/revisions\/7235\/"}],"up":[{"embeddable":true,"href":"https:\/\/www.lathiau.fr\/es\/wp-json\/wp\/v2\/pages\/2060\/"}],"wp:attachment":[{"href":"https:\/\/www.lathiau.fr\/es\/wp-json\/wp\/v2\/media\/?parent=4660"}],"curies":[{"name":"wp","href":"https:\/\/api.w.org\/{rel}","templated":true}]}}