{"id":4663,"date":"2013-04-30T23:12:11","date_gmt":"2013-04-30T22:12:11","guid":{"rendered":"https:\/\/www.lathiau.fr\/les-gites\/gite-de-la-vigne\/"},"modified":"2021-01-28T20:30:28","modified_gmt":"2021-01-28T19:30:28","slug":"gite-de-la-vigne","status":"publish","type":"page","link":"https:\/\/www.lathiau.fr\/es\/les-gites\/gite-de-la-vigne\/","title":{"rendered":"Gite de la Vigne &#8211; 5 pers. max."},"content":{"rendered":"<h2>En la antigua casa de labranza, en la planta baja, esta casa contigua a una otra, con una superficie de unos 80 m2, ha sido completamente renovado, consta de:<\/h2>\n<p style=\"text-align: left;\">dos c\u00e1maras con dos camas de 90 cm cada una,<\/p>\n<p style=\"text-align: left;\">una gran entrada (1 cama de 90 cm),<\/p>\n<p style=\"text-align: left;\">un sal\u00f3n-comedor con TV,<\/p>\n<p style=\"text-align: left;\">una cocina (nevera-congelador, vitrocer\u00e1mica, horno, fregadero, microondas, lavavajillas, lavadora etc.),<\/p>\n<p style=\"text-align: left;\">un aseo con ducha y WC separados.<\/p>\n<p style=\"text-align: left;\">En el patio de la entrada de la granja, se abre a un jard\u00edn privado con muebles de jard\u00edn y barbacoa. A<span id=\"result_box\" class=\"short_text\" lang=\"es\">cceso directo a la Loire en camino privado<\/span>.<\/p>\n<p style=\"text-align: left;\">Parking privado dentro de la propiedad.<\/p>\n<p><center><\/center><center><\/center><center><\/center><center><span id=\"result_box\" lang=\"es\"><span title=\"ENFANTS DE MOINS DE 15 ANS : non admis dans les Gite du Val et Gite de la Vigne pour des raisons de s\u00e9curit\u00e9&lt;\/p&gt; &lt;p&gt;\">Menores de 15 a\u00f1os: No se permite por razones de seguridad<\/span><\/span><\/center><\/p>\n<h3><strong>Precio por semana de domingo a domingo con Wifi, 56 kilovatios de electricidad y agua y WIFI incluidos :<b> <\/b><\/strong><\/h3>\n<p style=\"text-align: left;\"><strong>primera semana =\u00a0 244 euros (invierno) \/ <\/strong><\/p>\n<p style=\"text-align: left;\"><strong>\u00a0 \u00a0 \u00a0 \u00a0 \u00a0 \u00a0 \u00a0 \u00a0 \u00a0 \u00a0 \u00a0 \u00a0 \u00a0 \u00a0 \u00a0 \u00a0 \u00a0 \u00a0 \u00a0 309 Euros (abril, mayo, junio, <span id=\"result_box\" lang=\"es\">septiembre y <b>los \u00faltimos 2 semanas de <span lang=\"es\">diciembre<\/span><\/b><\/span>) \/ <\/strong><\/p>\n<p style=\"text-align: left;\"><strong>\u00a0 \u00a0 \u00a0 \u00a0 \u00a0 \u00a0 \u00a0 \u00a0 \u00a0 \u00a0 \u00a0 \u00a0 \u00a0 \u00a0 \u00a0 \u00a0 \u00a0 \u00a0 \u00a0 399 Euros(julio-agosto)<\/strong><\/p>\n<p style=\"text-align: left;\"><strong><span id=\"result_box3\" lang=\"es\"> desde la 2da semana y, a continuaci\u00f3n<\/span> = 205 euros (invierno) \/ <\/strong><\/p>\n<p style=\"text-align: left;\"><strong>\u00a0 \u00a0 \u00a0 \u00a0 \u00a0 \u00a0 \u00a0 \u00a0 \u00a0 \u00a0 \u00a0 \u00a0 \u00a0 \u00a0 \u00a0 \u00a0 \u00a0 \u00a0 \u00a0 \u00a0 \u00a0 \u00a0 \u00a0 \u00a0 \u00a0 \u00a0 \u00a0 \u00a0 \u00a0 \u00a0 \u00a0 \u00a0 \u00a0 \u00a0 \u00a0 \u00a0 \u00a0 \u00a0 \u00a0 \u00a0 \u00a0270 Euros (abril, mayo, junio, <span id=\"result_box2\" lang=\"es\">septiembre y <b>los \u00faltimos 2 semanas de <span lang=\"es\">diciembre<\/span><\/b><\/span>) \/ <\/strong><\/p>\n<p style=\"text-align: left;\"><strong>\u00a0 \u00a0 \u00a0 \u00a0 \u00a0 \u00a0 \u00a0 \u00a0 \u00a0 \u00a0 \u00a0 \u00a0 \u00a0 \u00a0 \u00a0 \u00a0 \u00a0 \u00a0 \u00a0 \u00a0 \u00a0 \u00a0 \u00a0 \u00a0 \u00a0 \u00a0 \u00a0 \u00a0 \u00a0 \u00a0 \u00a0 \u00a0 \u00a0 \u00a0 \u00a0 \u00a0 \u00a0 \u00a0 \u00a0 \u00a0 \u00a0360 Euros(julio-agosto)<\/strong><span style=\"font-size: xx-small;\"><br \/>\n<\/span><\/p>\n<p style=\"text-align: left;\" align=\"center\"><span id=\"result_box\" lang=\"es\"><span title=\"(Taxe de s\u00e9jour pour la ville : 0.30 \u20ac par jour et par adulte)&lt;\/p&gt;&lt;br \/&gt;&lt;br \/&gt;&lt;br \/&gt;&lt;br \/&gt;&lt;br \/&gt;&lt;br \/&gt;&lt;br \/&gt;&lt;br \/&gt;&lt;br \/&gt; &lt;p&gt;\"><strong>(+ <\/strong>Tasa de estancia para la ciudad)<\/span><\/span><\/p>\n<p style=\"text-align: left;\"><span id=\"result_box\" lang=\"es\"><span title=\"tous les prix sur la page &quot;Tarifs&quot;.&lt;\/p&gt;&lt;br \/&gt;&lt;br \/&gt;&lt;br \/&gt;&lt;br \/&gt;&lt;br \/&gt;&lt;br \/&gt;&lt;br \/&gt;&lt;br \/&gt;&lt;br \/&gt; &lt;p&gt;\">Todos los precios en la p\u00e1gina <a href=\"https:\/\/www.lathiau.fr\/le-domaine\/?lang=es\"><strong>&#8220;Tarifas&#8221;<\/strong><\/a>.<\/span><\/span><\/p>\n<h2 style=\"text-align: center;\"><em><b><strong><span id=\"result_box\" lang=\"es\"><span title=\"Cliquez sur le bouton ci-dessous pour la disponibilit\u00e9, le prix et r\u00e9server en ligne (r\u00e9seau s\u00e9curis\u00e9 et crypt\u00e9, confidentialit\u00e9 garantie) :&lt;br \/&gt;&lt;br \/&gt;&lt;br \/&gt;&lt;br \/&gt;&lt;br \/&gt;&lt;br \/&gt;&lt;br \/&gt;&lt;br \/&gt;&lt;br \/&gt;&lt;br \/&gt; \">Haga clic en el <span id=\"result_box\" lang=\"es\" tabindex=\"-1\">rect\u00e1ngulo<\/span> <span title=\"Cliquez sur le bouton bleu ci-dessous pour la disponibilit\u00e9, le prix et r\u00e9server en ligne (r\u00e9seau s\u00e9curis\u00e9 et crypt\u00e9, confidentialit\u00e9 garantie) :&lt;br \/&gt;&lt;br \/&gt;&lt;br \/&gt;&lt;br \/&gt;&lt;br \/&gt;&lt;br \/&gt;&lt;br \/&gt;&lt;br \/&gt;&lt;br \/&gt;&lt;br \/&gt; \"> azul<\/span> de abajo para la disponibilidad, precios y reserva on-line (seguro y cifrado de red, la garant\u00eda de confidencialidad)<\/span><\/span><\/strong><\/b><\/em><\/h2>\n<p style=\"text-align: center;\"><a href=\"http:\/\/www.freetobook.com\/affiliates\/reservation.php?w_id=4209&amp;w_tkn=KV0Ds2Dzdm8F9RkH5Nd3WwgntWmfaduVe895jZ1Hbb5QXTsvOkd7phvp2Ah7u\"><img loading=\"lazy\" class=\"size-full wp-image-745\" src=\"https:\/\/www.lathiau.fr\/wp-content\/uploads\/2013\/04\/dispotarifresa.jpg\" alt=\"R\u00e9server maintenant !\" width=\"152\" height=\"64\" srcset=\"https:\/\/www.lathiau.fr\/wp-content\/uploads\/2013\/04\/dispotarifresa.jpg 152w, https:\/\/www.lathiau.fr\/wp-content\/uploads\/2013\/04\/dispotarifresa-150x64.jpg 150w\" sizes=\"(max-width: 152px) 100vw, 152px\" \/><\/a><\/p>\n<p style=\"text-align: center;\"><em><b><strong><span id=\"result_box\" lang=\"es\"><span title=\"et la r\u00e9servation est confirm\u00e9e, nous vous attendons !&lt;br \/&gt;&lt;br \/&gt;&lt;br \/&gt;&lt;br \/&gt;&lt;br \/&gt;&lt;br \/&gt;&lt;br \/&gt;&lt;br \/&gt;&lt;br \/&gt;&lt;br \/&gt; \">y la reserva se confirma, estamos a la espera<\/span><\/span> !<\/strong><\/b><\/em><\/p>\n<p style=\"text-align: center;\">********************************<\/p>\n<p style=\"text-align: center;\"><span id=\"result_box\" lang=\"es\"><span title=\"R\u00e9sum\u00e9 des Conditions G\u00e9n\u00e9rales de R\u00e9servation&lt;\/p&gt;&lt;br \/&gt;&lt;br \/&gt;&lt;br \/&gt;&lt;br \/&gt;&lt;br \/&gt;&lt;br \/&gt;&lt;br \/&gt;&lt;br \/&gt;&lt;br \/&gt; &lt;p&gt;\">Resumen de las <strong>C<a href=\"https:\/\/www.lathiau.fr\/conditions-generales-de-reservation\/\"><strong>o<\/strong>ndiciones de Reserva<\/a><\/strong><\/span><\/span><\/p>\n<p style=\"text-align: center;\"><span id=\"result_box\" lang=\"es\"><span title=\"En raison de notre petite taille, toute annulation nous affecte de mani\u00e8re significative, et nous laisse fort peu de chances de relouer la chambre initialement r\u00e9serv\u00e9e.\">Debido a nuestro tama\u00f1o peque\u00f1o, cancelaciones nos afectan significativamente, que nos deja pocas posibilidades de volver a reservar la casa rural reservada originalmente. <\/span><span title=\"D\u2019o\u00f9 l\u2019application des conditions ci-dessous :&lt;\/p&gt;&lt;br \/&gt;&lt;br \/&gt;&lt;br \/&gt;&lt;br \/&gt;&lt;br \/&gt;&lt;br \/&gt;&lt;br \/&gt;&lt;br \/&gt;&lt;br \/&gt; &lt;p&gt;\">Por lo tanto la aplicaci\u00f3n de las siguientes condiciones :<\/span><\/span><\/p>\n<p style=\"text-align: center;\"><span id=\"result_box\" lang=\"es\"><span title=\"En cas d\u2019Annulation, l'acompte de 50 % reste d\u00e9finitivement acquis et le solde pourra \u00eatre demand\u00e9.\">En caso de<\/span><\/span><b><span id=\"result_box\" lang=\"es\"><span title=\"En cas d\u2019Annulation, l'acompte de 50 % reste d\u00e9finitivement acquis et le solde pourra \u00eatre demand\u00e9.\"> cancelaci\u00f3n dentro de los 10 d\u00edas antes de la llegada, el dep\u00f3sito del 30% es definitivamente adquirido y el equilibrio puede ser requerida. <\/span><span title=\"Vos coordonn\u00e9es de carte bancaire seront utilis\u00e9es uniquement dans ce cas.&lt;\/p&gt;&lt;br \/&gt;&lt;br \/&gt;&lt;br \/&gt;&lt;br \/&gt;&lt;br \/&gt;&lt;br \/&gt;&lt;br \/&gt;&lt;br \/&gt;&lt;br \/&gt; &lt;p&gt;\">La informaci\u00f3n de su tarjeta de cr\u00e9dito s\u00f3lo se utiliza en este caso.<\/span><\/span><br \/>\n<\/b><\/p>\n<p style=\"text-align: center;\"><b><\/b><span id=\"result_box\" lang=\"es\"><span title=\"Le r\u00e8glement de votre s\u00e9jour se fera sur place \u00e0 votre arriv\u00e9e : par ch\u00e8que, ch\u00e8ques-vacances et esp\u00e8ces (pas de carte bancaire, seulement pour garantie).&lt;\/p&gt;&lt;br \/&gt;&lt;br \/&gt;&lt;br \/&gt;&lt;br \/&gt;&lt;br \/&gt;&lt;br \/&gt;&lt;br \/&gt;&lt;br \/&gt;&lt;br \/&gt; &lt;p&gt;\">El <strong>pago de su estancia ser\u00e1 a su llegada por medio de dinero o <\/strong><span title=\"Le r\u00e8glement de votre s\u00e9jour se fera sur place \u00e0 votre arriv\u00e9e : par virement ou au comptant (pas de carte bancaire, seulement pour garantie).&lt;\/p&gt;&lt;br \/&gt;&lt;br \/&gt;&lt;br \/&gt;&lt;br \/&gt;&lt;br \/&gt;&lt;br \/&gt;&lt;br \/&gt;&lt;br \/&gt;&lt;br \/&gt; &lt;p&gt;\"><strong>por transferencia bancaria <span class=\"hps\">inmediata<\/span><\/strong><\/span> (sin tarjeta de cr\u00e9dito, s\u00f3lo para garantizar).<\/span><\/span><\/p>\n<p style=\"text-align: center;\"><b><\/b><span id=\"result_box\" lang=\"es\"><span title=\"Arriv\u00e9e et d\u00e9part :&lt;br \/&gt;&lt;br \/&gt;&lt;br \/&gt;&lt;br \/&gt;&lt;br \/&gt;&lt;br \/&gt;&lt;br \/&gt;&lt;br \/&gt;&lt;br \/&gt;&lt;br \/&gt; \"><strong>Llegada y salida:<\/strong><br \/>\n<\/span><span title=\"Les arriv\u00e9es sont pr\u00e9vues entre 17h et 19h30.Nous acceptons les arriv\u00e9es tardives jusqu\u2019\u00e0 22h \u00e0 titre exceptionnel et sur demande.\">Se espera que las <strong>llegadas entre las 17h y 19h30.<\/strong>\u00a0<span title=\"Nous acceptons les arriv\u00e9es tardives jusqu\u2019\u00e0 22h \u00e0 titre exceptionnel et sur demande.\">Aceptamos<\/span> las llegadas tarde hasta las 22h en casos excepcionales y previa solicitud. <\/span><span title=\"La chambre devra \u00eatre lib\u00e9r\u00e9e avant 11h30.&lt;br \/&gt;&lt;br \/&gt;&lt;br \/&gt;&lt;br \/&gt;&lt;br \/&gt;&lt;br \/&gt;&lt;br \/&gt;&lt;br \/&gt;&lt;br \/&gt;&lt;br \/&gt; \">La habitaci\u00f3n debe ser <strong>desalojada antes de las 10:00,<span title=\"La chambre devra \u00eatre lib\u00e9r\u00e9e avant 11h30, m\u00e9nage fait .&lt;br \/&gt;&lt;br \/&gt;&lt;br \/&gt;&lt;br \/&gt;&lt;br \/&gt;&lt;br \/&gt; \"> hecha hogar <span id=\"result_box\" lang=\"es\" tabindex=\"-1\">(de lo contrario se le cobrar\u00e1 \u20ac 60 m\u00ednimo)<\/span><\/span> <\/strong>.<\/span><\/span><span id=\"result_box\" lang=\"es\"><\/span><\/p>\n<p style=\"text-align: center;\"><span id=\"result_box\" lang=\"es\"><span title=\"La chambre devra \u00eatre lib\u00e9r\u00e9e avant 11h30.&lt;br \/&gt;&lt;br \/&gt;&lt;br \/&gt;&lt;br \/&gt;&lt;br \/&gt;&lt;br \/&gt;&lt;br \/&gt;&lt;br \/&gt;&lt;br \/&gt;&lt;br \/&gt; \"><br \/>\n<\/span><span title=\"Nos chambres sont strictement non-fumeurs.&lt;\/p&gt;&lt;br \/&gt;&lt;br \/&gt;&lt;br \/&gt;&lt;br \/&gt;&lt;br \/&gt;&lt;br \/&gt;&lt;br \/&gt;&lt;br \/&gt;&lt;br \/&gt; &lt;p&gt;\">Nuestras casas rurales son para <strong>no fumadores.<\/strong><\/span><\/span><\/p>\n<p style=\"text-align: center;\"><span title=\"Animaux accept\u00e9s sous conditions et sur demande.&lt;\/p&gt;&lt;br \/&gt;&lt;br \/&gt;&lt;br \/&gt;&lt;br \/&gt;&lt;br \/&gt;&lt;br \/&gt;&lt;br \/&gt;&lt;br \/&gt;&lt;br \/&gt; &lt;p&gt;\"><strong>Animales non aceptados<\/strong><\/span><\/p>\n","protected":false},"excerpt":{"rendered":"<p>En la antigua casa de labranza, en la planta baja, esta casa contigua a una otra, con una superficie de unos 80 m2, ha sido completamente renovado, consta de: dos c\u00e1maras con dos camas de 90 cm cada una, una gran entrada (1 cama de 90 cm), un sal\u00f3n-comedor con TV, una cocina (nevera-congelador, vitrocer\u00e1mica, [&hellip;]<\/p>\n","protected":false},"author":1,"featured_media":0,"parent":2060,"menu_order":0,"comment_status":"closed","ping_status":"open","template":"","meta":[],"yoast_head":"\n<title>Gite de la vigne Gien Briare Sancerre Valle del Loira<\/title>\n<meta name=\"description\" content=\"Gite de la Vigne planta baja, casa contigua a una otra 80 m2 2 c\u00e1maras gran entrada sal\u00f3n-comedor TV cocina ducha WC jard\u00edn Parking\" \/>\n<meta name=\"robots\" content=\"index, follow, max-snippet:-1, max-image-preview:large, max-video-preview:-1\" \/>\n<link rel=\"canonical\" href=\"https:\/\/www.lathiau.fr\/es\/les-gites\/gite-de-la-vigne\/\" \/>\n<meta property=\"og:locale\" content=\"es_ES\" \/>\n<meta property=\"og:type\" content=\"article\" \/>\n<meta property=\"og:title\" content=\"Gite de la vigne Gien Briare Sancerre Valle del Loira\" \/>\n<meta property=\"og:description\" content=\"Gite de la Vigne planta baja, casa contigua a una otra 80 m2 2 c\u00e1maras gran entrada sal\u00f3n-comedor TV cocina ducha WC jard\u00edn Parking\" \/>\n<meta property=\"og:url\" content=\"https:\/\/www.lathiau.fr\/es\/les-gites\/gite-de-la-vigne\/\" \/>\n<meta property=\"og:site_name\" content=\"Chambres d&#039;h\u00f4tes de charme, g\u00eetes Loiret Briare Gien Sancerre\" \/>\n<meta property=\"article:publisher\" content=\"https:\/\/www.facebook.com\/DomaineDeLaThiau\" \/>\n<meta property=\"article:modified_time\" content=\"2021-01-28T19:30:28+00:00\" \/>\n<meta property=\"og:image\" content=\"https:\/\/www.lathiau.fr\/wp-content\/uploads\/2013\/04\/dispotarifresa.jpg\" \/>\n<meta name=\"twitter:label1\" content=\"Est. reading time\">\n\t<meta name=\"twitter:data1\" content=\"2 minutes\">\n<script type=\"application\/ld+json\" class=\"yoast-schema-graph\">{\"@context\":\"https:\/\/schema.org\",\"@graph\":[{\"@type\":\"WebSite\",\"@id\":\"https:\/\/www.lathiau.fr\/#website\",\"url\":\"https:\/\/www.lathiau.fr\/\",\"name\":\"Chambres d&#039;h\\u00f4tes de charme, g\\u00eetes Loiret Briare Gien Sancerre\",\"description\":\"Chambres d&#039;h\\u00f4tes de charme et g\\u00eetes en Val de Loire entre Gien et Briare Sancerre Loiret 150km sud de Paris. Maison ind\\u00e9pendante, parc paysager, diner romantique, chateaux.\",\"potentialAction\":[{\"@type\":\"SearchAction\",\"target\":\"https:\/\/www.lathiau.fr\/?s={search_term_string}\",\"query-input\":\"required name=search_term_string\"}],\"inLanguage\":\"es-ES\"},{\"@type\":\"ImageObject\",\"@id\":\"https:\/\/www.lathiau.fr\/es\/les-gites\/gite-de-la-vigne\/#primaryimage\",\"inLanguage\":\"es-ES\",\"url\":\"https:\/\/www.lathiau.fr\/wp-content\/uploads\/2013\/04\/dispotarifresa.jpg\",\"width\":152,\"height\":64,\"caption\":\"R\\u00e9server maintenant !\"},{\"@type\":\"WebPage\",\"@id\":\"https:\/\/www.lathiau.fr\/es\/les-gites\/gite-de-la-vigne\/#webpage\",\"url\":\"https:\/\/www.lathiau.fr\/es\/les-gites\/gite-de-la-vigne\/\",\"name\":\"Gite de la vigne Gien Briare Sancerre Valle del Loira\",\"isPartOf\":{\"@id\":\"https:\/\/www.lathiau.fr\/#website\"},\"primaryImageOfPage\":{\"@id\":\"https:\/\/www.lathiau.fr\/es\/les-gites\/gite-de-la-vigne\/#primaryimage\"},\"datePublished\":\"2013-04-30T22:12:11+00:00\",\"dateModified\":\"2021-01-28T19:30:28+00:00\",\"description\":\"Gite de la Vigne planta baja, casa contigua a una otra 80 m2 2 c\\u00e1maras gran entrada sal\\u00f3n-comedor TV cocina ducha WC jard\\u00edn Parking\",\"inLanguage\":\"es-ES\",\"potentialAction\":[{\"@type\":\"ReadAction\",\"target\":[\"https:\/\/www.lathiau.fr\/es\/les-gites\/gite-de-la-vigne\/\"]}]}]}<\/script>\n","_links":{"self":[{"href":"https:\/\/www.lathiau.fr\/es\/wp-json\/wp\/v2\/pages\/4663\/"}],"collection":[{"href":"https:\/\/www.lathiau.fr\/es\/wp-json\/wp\/v2\/pages\/"}],"about":[{"href":"https:\/\/www.lathiau.fr\/es\/wp-json\/wp\/v2\/types\/page\/"}],"author":[{"embeddable":true,"href":"https:\/\/www.lathiau.fr\/es\/wp-json\/wp\/v2\/users\/1\/"}],"replies":[{"embeddable":true,"href":"https:\/\/www.lathiau.fr\/es\/wp-json\/wp\/v2\/comments\/?post=4663"}],"version-history":[{"count":16,"href":"https:\/\/www.lathiau.fr\/es\/wp-json\/wp\/v2\/pages\/4663\/revisions\/"}],"predecessor-version":[{"id":7251,"href":"https:\/\/www.lathiau.fr\/es\/wp-json\/wp\/v2\/pages\/4663\/revisions\/7251\/"}],"up":[{"embeddable":true,"href":"https:\/\/www.lathiau.fr\/es\/wp-json\/wp\/v2\/pages\/2060\/"}],"wp:attachment":[{"href":"https:\/\/www.lathiau.fr\/es\/wp-json\/wp\/v2\/media\/?parent=4663"}],"curies":[{"name":"wp","href":"https:\/\/api.w.org\/{rel}","templated":true}]}}