{"id":4676,"date":"2013-03-06T19:52:18","date_gmt":"2013-03-06T19:52:18","guid":{"rendered":"https:\/\/www.lathiau.fr\/reservation-2\/"},"modified":"2017-06-06T17:39:09","modified_gmt":"2017-06-06T16:39:09","slug":"reservation","status":"publish","type":"page","link":"https:\/\/www.lathiau.fr\/es\/reservation\/","title":{"rendered":"Reservar"},"content":{"rendered":"<h1 style=\"text-align: center;\"><span id=\"result_box\" class=\"\" lang=\"es\"><a href=\"https:\/\/www.lathiau.fr\/les-gites\/?lang=es\"><span class=\"hps atn\">P<\/span>ara reservar una casa, <span class=\"hps\">ir a<\/span> <span class=\"hps\">la casa de<\/span> <span class=\"hps\">la p\u00e1gina elegida<\/span> <span class=\"hps\">y encontrar<\/span> <span class=\"hps\">disponibilidad<\/span> <span class=\"hps\">\/ reserva<\/span> <span class=\"hps\">en l\u00ednea<\/span> (<span id=\"result_box\" class=\"short_text\" lang=\"es\"><span class=\"\">Haga clic en este lign<\/span><\/span>)<\/a><br \/>\n<\/span><\/h1>\n<h1 style=\"text-align: center;\"><span id=\"result_box\" class=\"\" lang=\"es\"><span class=\"hps\">Para reservar una<\/span> <span class=\"hps\">habitaci\u00f3n B&amp;B en<\/span> <span class=\"hps\">Domaine de la<\/span> <span class=\"hps\">Thiau<\/span> :<\/span><\/h1>\n<p style=\"text-align: center;\"><em><b><strong><span id=\"result_box\" class=\"\" lang=\"es\"><span title=\"Cliquez sur le bouton ci-dessous pour la disponibilit\u00e9, le prix et r\u00e9server en ligne (r\u00e9seau s\u00e9curis\u00e9 et crypt\u00e9, confidentialit\u00e9 garantie) :&lt;br \/&gt;&lt;br \/&gt;&lt;br \/&gt;&lt;br \/&gt;&lt;br \/&gt;&lt;br \/&gt;&lt;br \/&gt; \">Haga clic en el <span id=\"result_box\" class=\"\" lang=\"es\" tabindex=\"-1\"><span class=\"\">rect\u00e1ngulo<\/span><\/span> <span title=\"Cliquez sur le bouton bleu ci-dessous pour la disponibilit\u00e9, le prix et r\u00e9server en ligne (r\u00e9seau s\u00e9curis\u00e9 et crypt\u00e9, confidentialit\u00e9 garantie) :&lt;br \/&gt;&lt;br \/&gt;&lt;br \/&gt;&lt;br \/&gt;&lt;br \/&gt;&lt;br \/&gt;&lt;br \/&gt; \"> azul<\/span> de abajo para la disponibilidad, precios y reserva on-line (seguro y cifrado de red, la garant\u00eda de confidencialidad)<\/span><\/span><\/strong><\/b><\/em><\/p>\n<p><a title=\"r\u00e9servez maintenant !\" href=\"http:\/\/www.freetobook.com\/affiliates\/reservation.php?w_id=3475&amp;w_tkn=twRTrr9MWPrNep43mOcpfgmjLp12BLbG561Ow1DndgrYwwezf8nh4rQgSFHJD\" target=\"_blank\" rel=\"noopener noreferrer\"><img loading=\"lazy\" class=\"aligncenter size-full wp-image-745\" src=\"https:\/\/www.lathiau.fr\/wp-content\/uploads\/2013\/04\/dispotarifresa.jpg\" alt=\"R\u00e9server maintenant !\" width=\"152\" height=\"64\" srcset=\"https:\/\/www.lathiau.fr\/wp-content\/uploads\/2013\/04\/dispotarifresa.jpg 152w, https:\/\/www.lathiau.fr\/wp-content\/uploads\/2013\/04\/dispotarifresa-150x64.jpg 150w\" sizes=\"(max-width: 152px) 100vw, 152px\" \/><\/a><\/p>\n<p style=\"text-align: center;\"><em><b><strong><span id=\"result_box\" class=\"\" lang=\"es\"><span title=\"et la r\u00e9servation est confirm\u00e9e, nous vous attendons !&lt;br \/&gt;&lt;br \/&gt;&lt;br \/&gt;&lt;br \/&gt;&lt;br \/&gt;&lt;br \/&gt;&lt;br \/&gt;&lt;br \/&gt; \">y la reserva se confirma, estamos a la espera<\/span><\/span> !<\/strong><\/b><\/em><\/p>\n<p style=\"text-align: center;\">*********************************************<\/p>\n<h1 style=\"text-align: center;\">o llam\u00e1ndonos al : +33 662-432-092 (<span id=\"result_box\" class=\"\" lang=\"es\"><span class=\"hps\">Entiendo<\/span> <span class=\"hps\">espa\u00f1ol<\/span><\/span>&#8230;)<\/h1>\n<h1 style=\"text-align: center;\">o envi\u00e1ndonos un e-mail : <a href=\"mailto:info@lathiau.fr\">info@lathiau.fr<\/a><\/h1>\n<p style=\"text-align: center;\">2\/ Imprima y rellene <a href=\"https:\/\/lathiau.fr\/econtrat.htm\">el contrato de reserva<\/a> de la p\u00e1gina siguiente.<\/p>\n<p style=\"text-align: center;\">3\/ Envienos el contrato firmado con <span id=\"result_box\" class=\"\" lang=\"es\"><span class=\"hps\">la notificaci\u00f3n de la transferencia bancaria<\/span><\/span> a la siguiente direcci\u00f3n :<\/p>\n<p><center>B\u00e9n\u00e9dicte Fran\u00e7ois-Ducluzeau<br \/>\nDomaine de la Thiau<br \/>\n45250 BRIARE<br \/>\nFRANCIA<\/center>&nbsp;<\/p>\n<p style=\"text-align: center;\">*********************************************<\/p>\n<p>Pernoctar en una casa senorial, tomar tranquilamente un desayuno casero y recibir de la casera algunos consejos practicos para su estancia, y conversar con otros turistas que se crucen en su camino :<\/p>\n<p>esto es una &#8220;chambre d&#8217;h\u00f4te o bed and breakfast&#8221; a la francesa. Durante una o varias noches se les recibira comom amigos en una propiedad particular que ha sido preparada para acogerlos. Una manera de viajar que aumenta cada dia y que complace a un gran numero de personas a la busqueda de unas vacaciones originales y autenticas. En un entorno tranquilo y agreable con una capacidad de 4 habitaciones, se sentiran como en casa antes de salir a descubrir la region.<\/p>\n<p>Hacerles participar a la belleza y a la manera de vivir de nuestra region de Francia es el objetivo del propietarios. Pero la casa de huespedes no es un hotel y no encontrara en ella los mismos servicios. \u00a1Les esperamos para que el encanto comience!<\/p>\n<p style=\"text-align: center;\">*************************<\/p>\n<p style=\"text-align: center;\"><span id=\"result_box\" class=\"\" lang=\"es\"><span title=\"R\u00e9sum\u00e9 des Conditions G\u00e9n\u00e9rales de R\u00e9servation&lt;\/p&gt;&lt;br \/&gt;&lt;br \/&gt; &lt;p&gt;\">Resumen de las <strong>C<a href=\"https:\/\/www.lathiau.fr\/conditions-generales-de-reservation\/\">ondiciones de Reserva de las B&amp;B <\/a><\/strong><\/span><\/span><\/p>\n<p style=\"text-align: center;\"><span id=\"result_box\" class=\"\" lang=\"es\"><span title=\"En raison de notre petite taille, toute annulation nous affecte de mani\u00e8re significative, et nous laisse fort peu de chances de relouer la chambre initialement r\u00e9serv\u00e9e.\">Debido a nuestro tama\u00f1o peque\u00f1o, cancelaciones nos afectan significativamente, que nos deja pocas posibilidades de volver a reservar la habitaci\u00f3n reservada originalmente. <\/span><span title=\"D\u2019o\u00f9 l\u2019application des conditions ci-dessous :&lt;\/p&gt;&lt;br \/&gt;&lt;br \/&gt; &lt;p&gt;\">Por lo tanto la aplicaci\u00f3n de las siguientes condiciones :<\/span><\/span><\/p>\n<p style=\"text-align: center;\"><span id=\"result_box\" class=\"\" lang=\"es\"><span title=\"En cas d\u2019Annulation, l'acompte de 50 % reste d\u00e9finitivement acquis et le solde pourra \u00eatre demand\u00e9.\">En caso de<\/span><\/span><b><span id=\"result_box\" class=\"\" lang=\"es\"><span title=\"En cas d\u2019Annulation, l'acompte de 50 % reste d\u00e9finitivement acquis et le solde pourra \u00eatre demand\u00e9.\"> cancelaci\u00f3n, el dep\u00f3sito del 50% es definitivamente adquirido y el equilibrio puede ser requerida. <\/span><span title=\"Vos coordonn\u00e9es de carte bancaire seront utilis\u00e9es uniquement dans ce cas.&lt;\/p&gt;&lt;br \/&gt;&lt;br \/&gt; &lt;p&gt;\">La informaci\u00f3n de su tarjeta de cr\u00e9dito s\u00f3lo se utiliza en este caso.<\/span><\/span><br \/>\n<\/b><\/p>\n<p style=\"text-align: center;\"><b><\/b><span id=\"result_box\" class=\"\" lang=\"es\"><span title=\"Le r\u00e8glement de votre s\u00e9jour se fera sur place \u00e0 votre arriv\u00e9e : par ch\u00e8que, ch\u00e8ques-vacances et esp\u00e8ces (pas de carte bancaire, seulement pour garantie).&lt;\/p&gt;&lt;br \/&gt;&lt;br \/&gt; &lt;p&gt;\">El <strong>pago de su estancia ser\u00e1 a su llegada por medio de dinero o <\/strong><span title=\"Le r\u00e8glement de votre s\u00e9jour se fera sur place \u00e0 votre arriv\u00e9e : par virement ou au comptant (pas de carte bancaire, seulement pour garantie).&lt;\/p&gt;&lt;br \/&gt;&lt;br \/&gt; &lt;p&gt;\"><strong>por transferencia bancaria <span id=\"result_box\" class=\"\" lang=\"es\" tabindex=\"-1\"><span class=\"hps\">inmediata<\/span><\/span><\/strong> <\/span> (sin tarjeta de cr\u00e9dito, s\u00f3lo para garantizar).<\/span><\/span><\/p>\n<p style=\"text-align: center;\"><b><\/b><span id=\"result_box\" class=\"\" lang=\"es\"><span title=\"Arriv\u00e9e et d\u00e9part :&lt;br \/&gt;&lt;br \/&gt;&lt;br \/&gt; \"><strong>Llegada y salida:<\/strong><br \/>\n<\/span><span title=\"Les arriv\u00e9es sont pr\u00e9vues entre 17h et 19h30.Nous acceptons les arriv\u00e9es tardives jusqu\u2019\u00e0 22h \u00e0 titre exceptionnel et sur demande.\">Se espera que las <strong>llegadas entre las 17h y 19h30.<\/strong>\u00a0<span title=\"Nous acceptons les arriv\u00e9es tardives jusqu\u2019\u00e0 22h \u00e0 titre exceptionnel et sur demande.\">Aceptamos<\/span> las llegadas tarde hasta las 22h en casos excepcionales y previa solicitud. <\/span><span title=\"La chambre devra \u00eatre lib\u00e9r\u00e9e avant 11h30.&lt;br \/&gt;&lt;br \/&gt;&lt;br \/&gt; \">La habitaci\u00f3n debe ser <strong>desalojada antes de las 11:30<\/strong>.<\/span><\/span><\/p>\n<p style=\"text-align: center;\"><span id=\"result_box\" class=\"\" lang=\"es\"><span title=\"La chambre devra \u00eatre lib\u00e9r\u00e9e avant 11h30.&lt;br \/&gt;&lt;br \/&gt;&lt;br \/&gt; \"><br \/>\n<\/span><span title=\"Nos chambres sont strictement non-fumeurs.&lt;\/p&gt;&lt;br \/&gt;&lt;br \/&gt; &lt;p&gt;\">Nuestras habitaciones son para <strong>no fumadores.<\/strong><\/span><\/span><\/p>\n<p style=\"text-align: center;\"><span title=\"Animaux accept\u00e9s sous conditions et sur demande.&lt;\/p&gt;&lt;br \/&gt;&lt;br \/&gt; &lt;p&gt;\"><strong>Animales aceptados<\/strong> bajo <a href=\"https:\/\/www.lathiau.fr\/les-chambres\/?lang=es\">condiciones<\/a> y bajo petici\u00f3n.<\/span><\/p>\n<p>&nbsp;<\/p>\n<p>&nbsp;<\/p>\n<p><a href=\"\/?page_id=4260\"><em>Mentions l\u00e9gales<\/em><\/a><\/p>\n","protected":false},"excerpt":{"rendered":"<p>Para reservar una casa, ir a la casa de la p\u00e1gina elegida y encontrar disponibilidad \/ reserva en l\u00ednea (Haga clic en este lign) Para reservar una habitaci\u00f3n B&amp;B en Domaine de la Thiau : Haga clic en el rect\u00e1ngulo azul de abajo para la disponibilidad, precios y reserva on-line (seguro y cifrado de red, [&hellip;]<\/p>\n","protected":false},"author":1,"featured_media":943,"parent":0,"menu_order":0,"comment_status":"closed","ping_status":"closed","template":"","meta":[],"yoast_head":"\n<title>reservar B&amp;B habitaci\u00f3n gien briare sancerre valle del loira francia<\/title>\n<meta name=\"description\" content=\"Para reservar una habitaci\u00f3n B&amp;B en Domaine de la Thiau (para una casa, ir a la casa de la p\u00e1gina elegida y encontrar disponibilidad \/ reserva en l\u00ednea)\" \/>\n<meta name=\"robots\" content=\"index, follow, max-snippet:-1, max-image-preview:large, max-video-preview:-1\" \/>\n<link rel=\"canonical\" href=\"https:\/\/www.lathiau.fr\/es\/reservation\/\" \/>\n<meta property=\"og:locale\" content=\"es_ES\" \/>\n<meta property=\"og:type\" content=\"article\" \/>\n<meta property=\"og:title\" content=\"reservar B&amp;B habitaci\u00f3n gien briare sancerre valle del loira francia\" \/>\n<meta property=\"og:description\" content=\"Para reservar una habitaci\u00f3n B&amp;B en Domaine de la Thiau (para una casa, ir a la casa de la p\u00e1gina elegida y encontrar disponibilidad \/ reserva en l\u00ednea)\" \/>\n<meta property=\"og:url\" content=\"https:\/\/www.lathiau.fr\/reservation\/\" \/>\n<meta property=\"og:site_name\" content=\"Chambres d&#039;h\u00f4tes de charme, g\u00eetes Loiret Briare Gien Sancerre\" \/>\n<meta property=\"article:publisher\" content=\"https:\/\/www.facebook.com\/DomaineDeLaThiau\" \/>\n<meta property=\"article:modified_time\" content=\"2017-06-06T16:39:09+00:00\" \/>\n<meta property=\"og:image\" content=\"https:\/\/www.lathiau.fr\/wp-content\/uploads\/2013\/03\/52.jpg\" \/>\n\t<meta property=\"og:image:width\" content=\"1944\" \/>\n\t<meta property=\"og:image:height\" content=\"2592\" \/>\n<meta name=\"twitter:label1\" content=\"Est. reading time\">\n\t<meta name=\"twitter:data1\" content=\"2 minutes\">\n<script type=\"application\/ld+json\" class=\"yoast-schema-graph\">{\"@context\":\"https:\/\/schema.org\",\"@graph\":[{\"@type\":\"WebSite\",\"@id\":\"https:\/\/www.lathiau.fr\/#website\",\"url\":\"https:\/\/www.lathiau.fr\/\",\"name\":\"Chambres d&#039;h\\u00f4tes de charme, g\\u00eetes Loiret Briare Gien Sancerre\",\"description\":\"Chambres d&#039;h\\u00f4tes de charme et g\\u00eetes en Val de Loire entre Gien et Briare Sancerre Loiret 150km sud de Paris. Maison ind\\u00e9pendante, parc paysager, diner romantique, chateaux.\",\"potentialAction\":[{\"@type\":\"SearchAction\",\"target\":\"https:\/\/www.lathiau.fr\/?s={search_term_string}\",\"query-input\":\"required name=search_term_string\"}],\"inLanguage\":\"es-ES\"},{\"@type\":\"ImageObject\",\"@id\":\"https:\/\/www.lathiau.fr\/reservation\/#primaryimage\",\"inLanguage\":\"es-ES\",\"url\":\"https:\/\/www.lathiau.fr\/wp-content\/uploads\/2013\/03\/52.jpg\",\"width\":1944,\"height\":2592},{\"@type\":\"WebPage\",\"@id\":\"https:\/\/www.lathiau.fr\/reservation\/#webpage\",\"url\":\"https:\/\/www.lathiau.fr\/reservation\/\",\"name\":\"reservar B&B habitaci\\u00f3n gien briare sancerre valle del loira francia\",\"isPartOf\":{\"@id\":\"https:\/\/www.lathiau.fr\/#website\"},\"primaryImageOfPage\":{\"@id\":\"https:\/\/www.lathiau.fr\/reservation\/#primaryimage\"},\"datePublished\":\"2013-03-06T19:52:18+00:00\",\"dateModified\":\"2017-06-06T16:39:09+00:00\",\"description\":\"Para reservar una habitaci\\u00f3n B&B en Domaine de la Thiau (para una casa, ir a la casa de la p\\u00e1gina elegida y encontrar disponibilidad \/ reserva en l\\u00ednea)\",\"inLanguage\":\"es-ES\",\"potentialAction\":[{\"@type\":\"ReadAction\",\"target\":[\"https:\/\/www.lathiau.fr\/reservation\/\"]}]}]}<\/script>\n","_links":{"self":[{"href":"https:\/\/www.lathiau.fr\/es\/wp-json\/wp\/v2\/pages\/4676\/"}],"collection":[{"href":"https:\/\/www.lathiau.fr\/es\/wp-json\/wp\/v2\/pages\/"}],"about":[{"href":"https:\/\/www.lathiau.fr\/es\/wp-json\/wp\/v2\/types\/page\/"}],"author":[{"embeddable":true,"href":"https:\/\/www.lathiau.fr\/es\/wp-json\/wp\/v2\/users\/1\/"}],"replies":[{"embeddable":true,"href":"https:\/\/www.lathiau.fr\/es\/wp-json\/wp\/v2\/comments\/?post=4676"}],"version-history":[{"count":5,"href":"https:\/\/www.lathiau.fr\/es\/wp-json\/wp\/v2\/pages\/4676\/revisions\/"}],"predecessor-version":[{"id":5457,"href":"https:\/\/www.lathiau.fr\/es\/wp-json\/wp\/v2\/pages\/4676\/revisions\/5457\/"}],"wp:featuredmedia":[{"embeddable":true,"href":"https:\/\/www.lathiau.fr\/es\/wp-json\/wp\/v2\/media\/943\/"}],"wp:attachment":[{"href":"https:\/\/www.lathiau.fr\/es\/wp-json\/wp\/v2\/media\/?parent=4676"}],"curies":[{"name":"wp","href":"https:\/\/api.w.org\/{rel}","templated":true}]}}