{"id":2085,"date":"2013-04-29T09:55:16","date_gmt":"2013-04-29T08:55:16","guid":{"rendered":"https:\/\/www.lathiau.fr\/les-chambres\/chambre-verte\/"},"modified":"2022-10-30T14:00:38","modified_gmt":"2022-10-30T13:00:38","slug":"chambre-verte","status":"publish","type":"page","link":"https:\/\/www.lathiau.fr\/it\/les-chambres\/chambre-verte\/","title":{"rendered":"La Camera &#8220;Claude de France&#8221;"},"content":{"rendered":"<h2 style=\"text-align: left;\">\u00a0con 2 finestre all&#8217;alba e al tramonto, con vista sul parco,<\/h2>\n<p style=\"text-align: left;\">. Al primo piano<\/p>\n<p style=\"text-align: left;\">. superficie 24 mq<\/p>\n<p style=\"text-align: left;\">. un letto da 150 x 200cm e di uno da 90 cm<\/p>\n<p style=\"text-align: left;\">. La sala da bagno e la toilette sono contigue e private<\/p>\n<p style=\"text-align: left;\">. Caminetto<\/p>\n<p style=\"text-align: left;\">. stile regionale del XVIII secolo<\/p>\n<p style=\"text-align: center;\"><strong>Prezzo per 4 notti minimo nei giorni feriali: 180 \u20ac per 1 persona (senza colazione)<\/strong><\/p>\n<p style=\"text-align: center;\"><strong>kit letto o asciugamani extra: 15 \u20ac al pezzo.<\/strong><\/p>\n<p style=\"text-align: center;\"><span id=\"result_box\" class=\"\" lang=\"it\"><span title=\"(Taxe de s\u00e9jour pour la ville : 0.30 \u20ac par jour et par adulte)&lt;\/p&gt; &lt;p&gt;\">(+ Tassa di soggiorno per la citt\u00e0: 0.40 \u20ac al giorno per adulto)<\/span><\/span><\/p>\n<p style=\"text-align: center;\"><span id=\"result_box\" class=\"\" lang=\"it\"><\/span><span id=\"result_box\" class=\"\" lang=\"it\"><span title=\"Prix sp\u00e9ciaux pour s\u00e9jour professionnel de longue dur\u00e9e, sur demande !&lt;\/p&gt;&lt;br \/&gt; &lt;p&gt;\">Prezzi speciali per soggiorno professionale a lungo termine, su richiesta!<\/span><\/span><\/p>\n<h2 style=\"text-align: center;\"><em><b><strong>Cliccate sotto sul <span id=\"result_box\" class=\"short_text\" lang=\"it\"><span class=\"\">rettangolo<\/span><\/span> blu per vedere la disponibilit\u00e0, le tariffe e riservare in fila, (rete sicuro e criptato, confidenzialit\u00e0 garantita)<\/strong><\/b><\/em><\/h2>\n<p style=\"text-align: center;\"><a href=\"http:\/\/www.freetobook.com\/affiliates\/reservation.php?w_id=3475&amp;w_tkn=twRTrr9MWPrNep43mOcpfgmjLp12BLbG561Ow1DndgrYwwezf8nh4rQgSFHJD\"><img loading=\"lazy\" class=\"size-full wp-image-745\" src=\"https:\/\/www.lathiau.fr\/wp-content\/uploads\/2013\/04\/dispotarifresa.jpg\" alt=\"R\u00e9server maintenant !\" width=\"152\" height=\"64\" srcset=\"https:\/\/www.lathiau.fr\/wp-content\/uploads\/2013\/04\/dispotarifresa.jpg 152w, https:\/\/www.lathiau.fr\/wp-content\/uploads\/2013\/04\/dispotarifresa-150x64.jpg 150w\" sizes=\"(max-width: 152px) 100vw, 152px\" \/><\/a><\/p>\n<p style=\"text-align: center;\"><em><strong><span id=\"result_box\" class=\"\" lang=\"it\"><span title=\"et la r\u00e9servation est confirm\u00e9e&lt;\/p&gt;&lt;br \/&gt; &lt;p&gt;\">e la prenotazione \u00e8 stata confermata<\/span><\/span><\/strong><b><strong>,Vi aspetto !<\/strong><\/b><\/em><\/p>\n<p style=\"text-align: center;\">**************************************************************<\/p>\n<p style=\"text-align: center;\"><strong>Sintesi delle <a href=\"https:\/\/www.lathiau.fr\/conditions-generales-de-reservation\/\">Condizioni Generali di Prenotazione<\/a><\/strong><\/p>\n<p style=\"text-align: center;\">A causa della nostra piccola dimensione, ogni cancellazioni c&#8217;affetta in modo significativo, e ci lascia poche probabilit\u00e0 di riaffittare le camere di inizialmente riservati. Da dove l&#8217;applicazione delle condizioni sotto : :<\/p>\n<p style=\"text-align: center;\">In caso di<b> cancellazione <span id=\"result_box\" class=\"\" lang=\"it\">entro 10 giorni prima dell&#8217;arrivo<\/span>, l&#8217;acconto di 50% \u00e8 definitivamente acquisita e il saldo saranno chieste. L<\/b>e coordinate delle vostra bancomat saranno utilizzate unicamente in questo caso.<b><br \/>\n<\/b><\/p>\n<p style=\"text-align: center;\"><strong>Il pagamento<\/strong> del vostro soggiorno si effetuer\u00e0 <strong>al vostro arrivo sul posto: con bonifico\u00a0<span id=\"result_box\" class=\"\" lang=\"it\"><span class=\"hps\">immediato<\/span><\/span> e in contanti,<\/strong> (non con la bancomat, solamente per la garanzia.)<\/p>\n<p style=\"text-align: center;\"><strong>Arrivo e partenza :<\/strong><br \/>\nGli arrivi sono previsti<strong> tra le 17 e le 19:30<\/strong>. Accettiamo gli arrivi tardivi fino alle 22:00 eccezionalmente e su richiesta. La camera deve essere liberata prima delle 11:00.<\/p>\n<p style=\"text-align: center;\">Le nostre case sono rigorosamente<strong> non-fumatori.<\/strong><\/p>\n<p style=\"text-align: center;\">Animali accettati <span id=\"result_box\" class=\"\" lang=\"it\"><span title=\"sous conditions et sur demande.&lt;\/p&gt;&lt;br \/&gt; &lt;p&gt;\">in <a href=\"https:\/\/www.lathiau.fr\/les-chambres\/?lang=it\">determinate condizioni<\/a> e su richiesta.<\/span><\/span><\/p>\n","protected":false},"excerpt":{"rendered":"<p>\u00a0con 2 finestre all&#8217;alba e al tramonto, con vista sul parco, . Al primo piano . superficie 24 mq . un letto da 150 x 200cm e di uno da 90 cm . La sala da bagno e la toilette sono contigue e private . Caminetto . stile regionale del XVIII secolo Prezzo per 4 [&hellip;]<\/p>\n","protected":false},"author":1,"featured_media":0,"parent":2068,"menu_order":0,"comment_status":"closed","ping_status":"closed","template":"","meta":[],"yoast_head":"\n<title>camera verde gien briare sancerre valle della loira francia<\/title>\n<meta name=\"description\" content=\"Al primo piano, la Camera Verde superficie 24 mq,\u00a0 vista sul parco, un letto da 150 x 200cm, uno da 90 cm. sala da bagno e la toilette private. Caminetto.\" \/>\n<meta name=\"robots\" content=\"index, follow, max-snippet:-1, max-image-preview:large, max-video-preview:-1\" \/>\n<link rel=\"canonical\" href=\"https:\/\/www.lathiau.fr\/it\/les-chambres\/chambre-verte\/\" \/>\n<meta property=\"og:locale\" content=\"it_IT\" \/>\n<meta property=\"og:type\" content=\"article\" \/>\n<meta property=\"og:title\" content=\"camera verde gien briare sancerre valle della loira francia\" \/>\n<meta property=\"og:description\" content=\"Al primo piano, la Camera Verde superficie 24 mq,\u00a0 vista sul parco, un letto da 150 x 200cm, uno da 90 cm. sala da bagno e la toilette private. Caminetto.\" \/>\n<meta property=\"og:url\" content=\"https:\/\/www.lathiau.fr\/it\/les-chambres\/chambre-verte\/\" \/>\n<meta property=\"og:site_name\" content=\"Chambres d&#039;h\u00f4tes de charme, g\u00eetes Loiret Briare Gien Sancerre\" \/>\n<meta property=\"article:publisher\" content=\"https:\/\/www.facebook.com\/DomaineDeLaThiau\" \/>\n<meta property=\"article:modified_time\" content=\"2022-10-30T13:00:38+00:00\" \/>\n<meta property=\"og:image\" content=\"https:\/\/www.lathiau.fr\/wp-content\/uploads\/2013\/04\/dispotarifresa.jpg\" \/>\n<meta name=\"twitter:label1\" content=\"Est. reading time\">\n\t<meta name=\"twitter:data1\" content=\"2 minutes\">\n<script type=\"application\/ld+json\" class=\"yoast-schema-graph\">{\"@context\":\"https:\/\/schema.org\",\"@graph\":[{\"@type\":\"WebSite\",\"@id\":\"https:\/\/www.lathiau.fr\/#website\",\"url\":\"https:\/\/www.lathiau.fr\/\",\"name\":\"Chambres d&#039;h\\u00f4tes de charme, g\\u00eetes Loiret Briare Gien Sancerre\",\"description\":\"Chambres d&#039;h\\u00f4tes de charme et g\\u00eetes en Val de Loire entre Gien et Briare Sancerre Loiret 150km sud de Paris. Maison ind\\u00e9pendante, parc paysager, diner romantique, chateaux.\",\"potentialAction\":[{\"@type\":\"SearchAction\",\"target\":\"https:\/\/www.lathiau.fr\/?s={search_term_string}\",\"query-input\":\"required name=search_term_string\"}],\"inLanguage\":\"it-IT\"},{\"@type\":\"ImageObject\",\"@id\":\"https:\/\/www.lathiau.fr\/it\/les-chambres\/chambre-verte\/#primaryimage\",\"inLanguage\":\"it-IT\",\"url\":\"https:\/\/www.lathiau.fr\/wp-content\/uploads\/2013\/04\/dispotarifresa.jpg\",\"width\":152,\"height\":64,\"caption\":\"R\\u00e9server maintenant !\"},{\"@type\":\"WebPage\",\"@id\":\"https:\/\/www.lathiau.fr\/it\/les-chambres\/chambre-verte\/#webpage\",\"url\":\"https:\/\/www.lathiau.fr\/it\/les-chambres\/chambre-verte\/\",\"name\":\"camera verde gien briare sancerre valle della loira francia\",\"isPartOf\":{\"@id\":\"https:\/\/www.lathiau.fr\/#website\"},\"primaryImageOfPage\":{\"@id\":\"https:\/\/www.lathiau.fr\/it\/les-chambres\/chambre-verte\/#primaryimage\"},\"datePublished\":\"2013-04-29T08:55:16+00:00\",\"dateModified\":\"2022-10-30T13:00:38+00:00\",\"description\":\"Al primo piano, la Camera Verde superficie 24 mq,\\u00a0 vista sul parco, un letto da 150 x 200cm, uno da 90 cm. sala da bagno e la toilette private. Caminetto.\",\"inLanguage\":\"it-IT\",\"potentialAction\":[{\"@type\":\"ReadAction\",\"target\":[\"https:\/\/www.lathiau.fr\/it\/les-chambres\/chambre-verte\/\"]}]}]}<\/script>\n","_links":{"self":[{"href":"https:\/\/www.lathiau.fr\/it\/wp-json\/wp\/v2\/pages\/2085\/"}],"collection":[{"href":"https:\/\/www.lathiau.fr\/it\/wp-json\/wp\/v2\/pages\/"}],"about":[{"href":"https:\/\/www.lathiau.fr\/it\/wp-json\/wp\/v2\/types\/page\/"}],"author":[{"embeddable":true,"href":"https:\/\/www.lathiau.fr\/it\/wp-json\/wp\/v2\/users\/1\/"}],"replies":[{"embeddable":true,"href":"https:\/\/www.lathiau.fr\/it\/wp-json\/wp\/v2\/comments\/?post=2085"}],"version-history":[{"count":24,"href":"https:\/\/www.lathiau.fr\/it\/wp-json\/wp\/v2\/pages\/2085\/revisions\/"}],"predecessor-version":[{"id":7431,"href":"https:\/\/www.lathiau.fr\/it\/wp-json\/wp\/v2\/pages\/2085\/revisions\/7431\/"}],"up":[{"embeddable":true,"href":"https:\/\/www.lathiau.fr\/it\/wp-json\/wp\/v2\/pages\/2068\/"}],"wp:attachment":[{"href":"https:\/\/www.lathiau.fr\/it\/wp-json\/wp\/v2\/media\/?parent=2085"}],"curies":[{"name":"wp","href":"https:\/\/api.w.org\/{rel}","templated":true}]}}