{"id":4645,"date":"2013-03-08T10:58:13","date_gmt":"2013-03-08T10:58:13","guid":{"rendered":"https:\/\/www.lathiau.fr\/sejour-amoureux-2\/"},"modified":"2018-12-20T19:59:05","modified_gmt":"2018-12-20T18:59:05","slug":"sejour-amoureux","status":"publish","type":"page","link":"https:\/\/www.lathiau.fr\/it\/sejour-amoureux\/","title":{"rendered":"Soggiorno romantica !"},"content":{"rendered":"<h2 style=\"text-align: left;\"><strong>Soggiorno romantica per gli innamorati !<\/strong><\/h2>\n<h2><strong>E\u2019 San Valentino<\/strong> tutti i fine settimana o in mezzo alla settimana per una prenotazione di minimo 2 notti : cena romantica nel soggiorno della Suite Fran\u00e7ois I o della Suite Marguerite de Navarre. Champagne, candele sul tavolo e camino (quest0 ultimo solo per la Suite Francois 1r e la Camera Claude de France, camino elettrico per la Suite Marguerite de Navarre).<\/h2>\n<h3><strong><u>Formula gastronomica<\/u> : <span id=\"result_box\" lang=\"it\">cucinato con passione da me<\/span>, presentazione al piatto.<\/strong><\/h3>\n<h4><\/h4>\n<p>Seguendo la stagione, il vostro tavolo esclusivamente preparata per voi 2, sar:<\/p>\n<p>per il <a href=\"https:\/\/www.lathiau.fr\/wp-content\/uploads\/2013\/04\/SuiteF1Diner.jpg\">Seguito Francesco 1<\/a> o la <a href=\"https:\/\/www.lathiau.fr\/wp-content\/uploads\/2013\/04\/SuiteMdeNDiner.jpg\">Suite Marguerite de Navarre<\/a> ,nel suo soggiorno,<\/p>\n<p>per la <a href=\"https:\/\/www.lathiau.fr\/wp-content\/uploads\/2013\/04\/ChambreVerteDiner.jpg\">camera Claude de France (Verde)<\/a>, in questa grande camera vicino al fuoco di camino,<\/p>\n<p>per la <a href=\"https:\/\/www.lathiau.fr\/wp-content\/uploads\/2013\/04\/Diner-veranda.jpg\">camera Louise de Savoie (rosa)<\/a>, nella veranda<\/p>\n<p>illuminata per i <strong>candela<\/strong> in un <strong>ambiente romantico<\/strong><\/p>\n<p><strong>La bottiglia del Champagne \u00e8 inclusa nel <span id=\"result_box\" class=\"\" lang=\"it\"><span title=\"forfait en amoureux&lt;br \/&gt;&lt;br \/&gt;&lt;br \/&gt;&lt;br \/&gt;&lt;br \/&gt;&lt;br \/&gt; \">pacchetto<\/span><\/span> : <\/strong>se augurate apprezzarlo in aperitivo, potete aggiungere del vino rosso, ros\u00e9 o bianco. Privilegio la produzione locale, &#8220;Aoc C\u00f4teaux del Giennois&#8221; di P. Poupat, 3 volte decorato di oro al Concorso Generale Agricolo 2005 di Parigi. Il prezzo della bottiglia di 75cl \u00e8 14 \u20ac<\/p>\n<p>Non di stress: scegliete voi stesso il vostro orario di seguente cenare la vostra ora di arrivo.<\/p>\n<p><strong>Per la vostra tranquillit\u00e0 e per restare gli occhi nei seguente occhi il tema &#8220;in innamorato&#8221;, non c&#8217;\u00e8 personale intorno a voi!<\/strong><\/p>\n<p>Non esitate, non rimpiangerete questa speciale formula \u201cCuore in mano\u201d<b> <\/b><\/p>\n<p><center><b><b>********************************************<\/b><\/b><\/center><\/p>\n<h4 style=\"text-align: center;\"><span style=\"text-decoration: underline;\"><strong>Esempio di Menu Gastronomico (primavera 2018)<\/strong><\/span><\/h4>\n<p style=\"text-align: center;\"><span style=\"font-size: medium;\">Terrine d&#8217;\u00e9crevisses \u00e0 l&#8217;armoricaine, cr\u00e8me l\u00e9g\u00e8rement citronn\u00e9e ou<\/span><\/p>\n<p style=\"text-align: center;\"><span style=\"font-size: medium;\">\u00a0Assortiment de terrines &#8220;Retour de chasse&#8221;, chutney et salade d&#8217;herbes<\/span><\/p>\n<p style=\"text-align: center;\"><span style=\"font-size: medium;\">\u00a0*******<\/span><\/p>\n<p style=\"text-align: center;\"><span style=\"font-size: medium;\">Dos de saumon, sauce cr\u00e8meuse \u00e0 l&#8217;oseille, gratin dauphinois aux truffes d&#8217;\u00e9t\u00e9 ou<\/span><\/p>\n<p style=\"text-align: center;\"><span style=\"font-size: medium;\">Civet de biche fa\u00e7on Grand-M\u00e8re, gratin de l\u00e9gumes<\/span><\/p>\n<p style=\"text-align: center;\"><span style=\"font-size: medium;\">*******<\/span><\/p>\n<p style=\"text-align: center;\"><span style=\"font-size: medium;\">\u00a0Crottin de Chavignol et sa salade d&#8217;herbes<\/span><\/p>\n<p style=\"text-align: center;\"><span style=\"font-size: medium;\">\u00a0*******<\/span><\/p>\n<p style=\"text-align: center;\"><span style=\"font-size: medium;\">Gratin de fruits rouges, nuage de rhum ou<\/span><\/p>\n<p style=\"text-align: center;\"><span style=\"font-size: medium;\">\u00a0Coeur coulant chocolat, cr\u00e8me anglaise<\/span><\/p>\n<p style=\"text-align: center;\"><span style=\"font-size: medium;\">\u00a0*************************************************<\/span><\/p>\n<p>tariffe PER 2 NOTTI :<strong> Suite Fran\u00e7ois I o Suite Marguerite de Navarre, 256 \u20ac<\/strong> comprese 4 colazioni e 1 cena della sera d\u2019arrivo (antipasto, piatto del giorno, formaggio, dessert, pane, 1 bottiglia di CHAMPAGNE compresa), prezzo stabilito per due persone.<\/p>\n<p><strong>Camera Claude de France (verde) : 236 \u20ac<\/strong> le 2 notti per due persone 4 colazioni e 1 cena comprese (come sopra).<\/p>\n<p><strong>Camera Louise de Savoie (rosa): 226 \u20ac<\/strong> le 2 notti per due persone 4 colazioni e 1 cena comprese (come sopra)<\/p>\n<p><strong>E\u2019 possibile di aggiungere<\/strong> :<\/p>\n<p>* delle <strong>notti<\/strong> (70 \u20ac nelle stanze o 80 \u20ac s le Continuazioni con piccolo-pranzo) o<\/p>\n<p>* <strong>cene<\/strong> (75 \u20ac per 2 persone vino AOC Coteaux du Giennois comprese),<\/p>\n<p>* <span id=\"result_box2\" lang=\"it\"> un mazzo di 7 <strong>rose<\/strong> per 17 \u20ac (o 14 a 34 \u20ac)<\/span><\/p>\n<p>* una scatola di <strong>cioccolatini Leonidas<\/strong> a forma di cuore di \u20ac 32.<\/p>\n<p>* di prenotare in un ristorante di alta gastronomia senza prezzi astronomici per la 2a sera.<\/p>\n<p>Organizzazione di percorsi: enologici, turistici, a piedi o in bici.<\/p>\n<h4 style=\"text-align: center;\">***************************<\/h4>\n<h4 align=\"center\"><span style=\"text-decoration: underline;\"><strong>Rilassamento e rimessa in forma<\/strong><\/span><\/h4>\n<p style=\"text-align: left;\" align=\"center\"><span id=\"result_box4\" lang=\"it\">Oltre al nostro soggiorno &#8220;in amore! &#8230;&#8221; concedetevi un <strong>momento di relax<\/strong> <span id=\"result_box\" class=\"\" lang=\"it\" tabindex=\"-1\"><span class=\"hps\">fatto da<\/span> <span class=\"hps\">un laureato<\/span> <span class=\"hps\">estetista<\/span><\/span> presso il nostro istituto partner in Briare o<strong> in camera<\/strong> (a seconda del calendario e la disponibilit\u00e0 del estetista) <strong>con prodotti certificati biologici<\/strong> &#8220;<a href=\"http:\/\/ www.atelierdesdelices.fr\/\">L&#8217;Atelier des Delices<\/a>&#8221; :<\/span><\/p>\n<p style=\"text-align: left;\">&#8211; <strong>Viso <\/strong>: Pausa Chiarezza, 50 min : 49 \u20ac o<\/p>\n<p style=\"text-align: left;\">Lenitivo o Idratante o Smoothing o pulizia o tonificazione, 1:20 : 60 \u20ac<\/p>\n<p style=\"text-align: left;\">Nutriente, 1:20 : 70 \u20ac<\/p>\n<p style=\"text-align: left;\">&#8211; <strong>Massaggio<\/strong> rilassante o energizzante o la fermezza, 1:00 : 59 \u20ac<\/p>\n<p style=\"text-align: left;\">&#8211; <strong>Scrub<\/strong> massaggio rilassante o energizzante o di fermezza, 1:30 : 80 \u20ac<\/p>\n<p style=\"text-align: left;\">&#8211; Scrub Massaggio rilassante o energizzante\u00a0 o fermezza e <strong>Wrap<\/strong>, 2:00 : 95 \u20ac<\/p>\n<p style=\"text-align: left;\">Potrete inoltre usufruire della nostra palestra dotata di panca per gli addominali, vogatore, panca multifunzionale, step, cyclette, tennis tavolo, e campo da tennis all\u2019aperto.<\/p>\n<p style=\"text-align: left;\"><a href=\"http:\/\/www.cabriare.fr\/espaces.php\"><span style=\"font-size: medium;\">\u00a0<span id=\"result_box\" class=\"\" lang=\"it\"><span title=\"Piscine, jacuzzi, sauna et hammam \u00e0 Briare&lt;br \/&gt;&lt;br \/&gt;&lt;br \/&gt;&lt;br \/&gt;&lt;br \/&gt;&lt;br \/&gt; \">Piscina, idromassaggio, sauna e bagno di vapore in Briare<\/span><\/span><\/span><\/a><\/p>\n<h3 style=\"text-align: center;\"><em><strong>Cliccate sotto sul bottone blu per vedere la disponibilit\u00e0, le tariffe (v<span id=\"result_box\" class=\"\" lang=\"it\"><span title=\"Voir les lignes &quot;&lt;br \/&gt;&lt;br \/&gt;&lt;br \/&gt;&lt;br \/&gt;&lt;br \/&gt;&lt;br \/&gt; \">edere le righe &#8220;En amoureux&#8230;.&#8221;)\u00a0 <\/span><\/span> e riservare in fila, (rete sicuro e criptato, confidenzialit\u00e0 garantita)\u00a0 :<\/strong><\/em><\/h3>\n<p><a title=\"r\u00e9servez maintenant !\" href=\"http:\/\/www.freetobook.com\/affiliates\/reservation.php?w_id=3475&amp;w_tkn=twRTrr9MWPrNep43mOcpfgmjLp12BLbG561Ow1DndgrYwwezf8nh4rQgSFHJD\" target=\"_blank\" rel=\"noopener\"><img loading=\"lazy\" class=\"aligncenter size-full wp-image-745\" src=\"https:\/\/www.lathiau.fr\/wp-content\/uploads\/2013\/04\/dispotarifresa.jpg\" alt=\"R\u00e9server maintenant !\" width=\"152\" height=\"64\" srcset=\"https:\/\/www.lathiau.fr\/wp-content\/uploads\/2013\/04\/dispotarifresa.jpg 152w, https:\/\/www.lathiau.fr\/wp-content\/uploads\/2013\/04\/dispotarifresa-150x64.jpg 150w\" sizes=\"(max-width: 152px) 100vw, 152px\" \/><\/a><\/p>\n<p style=\"text-align: center;\"><em><strong>Vi aspetto !<\/strong><\/em><\/p>\n<p style=\"text-align: center;\">*********************************************<\/p>\n<p style=\"text-align: center;\"><strong>Sintesi delle <a href=\"https:\/\/www.lathiau.fr\/conditions-generales-de-reservation\/\">Condizioni Generali di Prenotazione<\/a><\/strong><\/p>\n<p style=\"text-align: center;\">A causa della nostra piccola dimensione, ogni cancellazioni c&#8217;affetta in modo significativo, e ci lascia poche probabilit\u00e0 di riaffittare le camere di inizialmente riservati. Da dove l&#8217;applicazione delle condizioni sotto : :<\/p>\n<p style=\"text-align: center;\">In caso di<b> cancellazione <span id=\"result_box\" class=\"\" lang=\"it\">entro 10 giorni prima dell&#8217;arrivo<\/span> , l&#8217;acconto di 50% \u00e8 definitivamente acquisita e il saldo saranno chieste. L<\/b>e coordinate delle vostra bancomat saranno utilizzate unicamente in questo caso.<b><br \/>\n<\/b><\/p>\n<p style=\"text-align: center;\"><strong>Il pagamento<\/strong> del vostro soggiorno si effetuer\u00e0 <strong>al vostro arrivo sul posto: con bonifico\u00a0<span id=\"result_box\" class=\"\" lang=\"it\"><span class=\"hps\">immediato<\/span><\/span> e in contanti,<\/strong> (non con la bancomat, solamente per la garanzia.)<\/p>\n<p style=\"text-align: center;\"><strong>Arrivo e partenza :<\/strong><br \/>\nGli arrivi sono previsti<strong> tra le 17 e le 19:30<\/strong>. Accettiamo gli arrivi tardivi fino alle 22:00 eccezionalmente e su richiesta. La camera deve essere liberata prima delle 11:00.<\/p>\n<p style=\"text-align: center;\">Le nostre case sono rigorosamente <strong>non-fumatori.<\/strong><\/p>\n<p style=\"text-align: center;\">Animali accettati <span id=\"result_box\" class=\"\" lang=\"it\"><span title=\"sous conditions et sur demande.&lt;\/p&gt;&lt;br \/&gt; &lt;p&gt;\">in <a href=\"https:\/\/www.lathiau.fr\/les-chambres\/?lang=it\">determinate condizioni<\/a> e su richiesta.<\/span><\/span><\/p>\n<p>&nbsp;<\/p>\n<p style=\"text-align: center;\">Animali accettati <span id=\"result_box\" class=\"\" lang=\"it\"><span title=\"sous conditions et sur demande.&lt;\/p&gt;&lt;br \/&gt; &lt;p&gt;\">in <a href=\"https:\/\/www.lathiau.fr\/les-chambres\/?lang=it\">determinate condizioni<\/a> e su richiesta.<\/span><\/span><\/p>\n<p style=\"text-align: left;\">\n","protected":false},"excerpt":{"rendered":"<p>Soggiorno romantica per gli innamorati ! E\u2019 San Valentino tutti i fine settimana o in mezzo alla settimana per una prenotazione di minimo 2 notti : cena romantica nel soggiorno della Suite Fran\u00e7ois I o della Suite Marguerite de Navarre. Champagne, candele sul tavolo e camino (quest0 ultimo solo per la Suite Francois 1r e [&hellip;]<\/p>\n","protected":false},"author":1,"featured_media":0,"parent":0,"menu_order":0,"comment_status":"closed","ping_status":"closed","template":"","meta":[],"yoast_head":"\n<title>Soggiorno romantica gli innamorati Valle della Loira Francia<\/title>\n<meta name=\"description\" content=\"\u00c8 San Valentino tutto l&#039;anno Atmosfera romantica per un soggiorno d\u2019amore. pacchetto minimo 2 notti cena romantica candela e champagne camino\" \/>\n<meta name=\"robots\" content=\"index, follow, max-snippet:-1, max-image-preview:large, max-video-preview:-1\" \/>\n<link rel=\"canonical\" href=\"https:\/\/www.lathiau.fr\/it\/sejour-amoureux\/\" \/>\n<meta property=\"og:locale\" content=\"it_IT\" \/>\n<meta property=\"og:type\" content=\"article\" \/>\n<meta property=\"og:title\" content=\"Soggiorno romantica gli innamorati Valle della Loira Francia\" \/>\n<meta property=\"og:description\" content=\"\u00c8 San Valentino tutto l&#039;anno Atmosfera romantica per un soggiorno d\u2019amore. pacchetto minimo 2 notti cena romantica candela e champagne camino\" \/>\n<meta property=\"og:url\" content=\"https:\/\/www.lathiau.fr\/sejour-amoureux\/\" \/>\n<meta property=\"og:site_name\" content=\"Chambres d&#039;h\u00f4tes de charme, g\u00eetes Loiret Briare Gien Sancerre\" \/>\n<meta property=\"article:publisher\" content=\"https:\/\/www.facebook.com\/DomaineDeLaThiau\" \/>\n<meta property=\"article:modified_time\" content=\"2018-12-20T18:59:05+00:00\" \/>\n<meta property=\"og:image\" content=\"https:\/\/www.lathiau.fr\/wp-content\/uploads\/2013\/04\/dispotarifresa.jpg\" \/>\n<meta name=\"twitter:label1\" content=\"Est. reading time\">\n\t<meta name=\"twitter:data1\" content=\"4 minutes\">\n<script type=\"application\/ld+json\" class=\"yoast-schema-graph\">{\"@context\":\"https:\/\/schema.org\",\"@graph\":[{\"@type\":\"WebSite\",\"@id\":\"https:\/\/www.lathiau.fr\/#website\",\"url\":\"https:\/\/www.lathiau.fr\/\",\"name\":\"Chambres d&#039;h\\u00f4tes de charme, g\\u00eetes Loiret Briare Gien Sancerre\",\"description\":\"Chambres d&#039;h\\u00f4tes de charme et g\\u00eetes en Val de Loire entre Gien et Briare Sancerre Loiret 150km sud de Paris. Maison ind\\u00e9pendante, parc paysager, diner romantique, chateaux.\",\"potentialAction\":[{\"@type\":\"SearchAction\",\"target\":\"https:\/\/www.lathiau.fr\/?s={search_term_string}\",\"query-input\":\"required name=search_term_string\"}],\"inLanguage\":\"it-IT\"},{\"@type\":\"ImageObject\",\"@id\":\"https:\/\/www.lathiau.fr\/sejour-amoureux\/#primaryimage\",\"inLanguage\":\"it-IT\",\"url\":\"https:\/\/www.lathiau.fr\/wp-content\/uploads\/2013\/04\/dispotarifresa.jpg\",\"width\":152,\"height\":64,\"caption\":\"R\\u00e9server maintenant !\"},{\"@type\":\"WebPage\",\"@id\":\"https:\/\/www.lathiau.fr\/sejour-amoureux\/#webpage\",\"url\":\"https:\/\/www.lathiau.fr\/sejour-amoureux\/\",\"name\":\"Soggiorno romantica gli innamorati Valle della Loira Francia\",\"isPartOf\":{\"@id\":\"https:\/\/www.lathiau.fr\/#website\"},\"primaryImageOfPage\":{\"@id\":\"https:\/\/www.lathiau.fr\/sejour-amoureux\/#primaryimage\"},\"datePublished\":\"2013-03-08T10:58:13+00:00\",\"dateModified\":\"2018-12-20T18:59:05+00:00\",\"description\":\"\\u00c8 San Valentino tutto l'anno Atmosfera romantica per un soggiorno d\\u2019amore. pacchetto minimo 2 notti cena romantica candela e champagne camino\",\"inLanguage\":\"it-IT\",\"potentialAction\":[{\"@type\":\"ReadAction\",\"target\":[\"https:\/\/www.lathiau.fr\/sejour-amoureux\/\"]}]}]}<\/script>\n","_links":{"self":[{"href":"https:\/\/www.lathiau.fr\/it\/wp-json\/wp\/v2\/pages\/4645\/"}],"collection":[{"href":"https:\/\/www.lathiau.fr\/it\/wp-json\/wp\/v2\/pages\/"}],"about":[{"href":"https:\/\/www.lathiau.fr\/it\/wp-json\/wp\/v2\/types\/page\/"}],"author":[{"embeddable":true,"href":"https:\/\/www.lathiau.fr\/it\/wp-json\/wp\/v2\/users\/1\/"}],"replies":[{"embeddable":true,"href":"https:\/\/www.lathiau.fr\/it\/wp-json\/wp\/v2\/comments\/?post=4645"}],"version-history":[{"count":20,"href":"https:\/\/www.lathiau.fr\/it\/wp-json\/wp\/v2\/pages\/4645\/revisions\/"}],"predecessor-version":[{"id":6327,"href":"https:\/\/www.lathiau.fr\/it\/wp-json\/wp\/v2\/pages\/4645\/revisions\/6327\/"}],"wp:attachment":[{"href":"https:\/\/www.lathiau.fr\/it\/wp-json\/wp\/v2\/media\/?parent=4645"}],"curies":[{"name":"wp","href":"https:\/\/api.w.org\/{rel}","templated":true}]}}