{"id":4675,"date":"2013-03-06T19:52:18","date_gmt":"2013-03-06T19:52:18","guid":{"rendered":"https:\/\/www.lathiau.fr\/reservation-2\/"},"modified":"2017-06-06T17:35:07","modified_gmt":"2017-06-06T16:35:07","slug":"reservation","status":"publish","type":"page","link":"https:\/\/www.lathiau.fr\/it\/reservation\/","title":{"rendered":"Prenotare"},"content":{"rendered":"<h1 style=\"text-align: center;\"><a href=\"https:\/\/www.lathiau.fr\/les-gites\/?lang=it\">Per prenotare una casa, andate sulla pagina della casa scelta e trovate il loro disponibilit\u00e0 \/ prenotazione in fila (<span id=\"result_box\" class=\"short_text\" lang=\"it\"><span class=\"\">Clicca su questo lign<\/span><\/span>)<\/a><\/h1>\n<h1 style=\"text-align: center;\">Per prenotare una <strong>camera<\/strong> al \u201cDomaine de la Thiau\u201d :<\/h1>\n<p style=\"text-align: center;\"><strong><em>Cliccate sotto sul <span id=\"result_box\" class=\"short_text\" lang=\"it\" tabindex=\"-1\"><span class=\"\">rettangolo<\/span><\/span> blu per vedere la disponibilit\u00e0, le tariffe e riservare in fila, (rete sicuro e criptato, confidenzialit\u00e0 garantita)<\/em><\/strong><\/p>\n<p><a title=\"r\u00e9servez maintenant !\" href=\"http:\/\/www.freetobook.com\/affiliates\/reservation.php?w_id=3475&amp;w_tkn=twRTrr9MWPrNep43mOcpfgmjLp12BLbG561Ow1DndgrYwwezf8nh4rQgSFHJD\" target=\"_blank\" rel=\"noopener noreferrer\"><img loading=\"lazy\" class=\"aligncenter size-full wp-image-745\" src=\"https:\/\/www.lathiau.fr\/wp-content\/uploads\/2013\/04\/dispotarifresa.jpg\" alt=\"R\u00e9server maintenant !\" width=\"152\" height=\"64\" srcset=\"https:\/\/www.lathiau.fr\/wp-content\/uploads\/2013\/04\/dispotarifresa.jpg 152w, https:\/\/www.lathiau.fr\/wp-content\/uploads\/2013\/04\/dispotarifresa-150x64.jpg 150w\" sizes=\"(max-width: 152px) 100vw, 152px\" \/><\/a><\/p>\n<p style=\"text-align: center;\"><em><strong><span id=\"result_box\" class=\"\" lang=\"it\"><span title=\"et la r\u00e9servation est confirm\u00e9e&lt;\/p&gt;&lt;br \/&gt; &lt;p&gt;\">e la prenotazione \u00e8 stata confermata<\/span><\/span><\/strong><b><strong>, vi aspetto <\/strong><\/b><\/em><\/p>\n<p style=\"text-align: center;\">*********************************************<\/p>\n<h1 style=\"text-align: center;\"><span id=\"result_box\" class=\"\" lang=\"it\" tabindex=\"-1\"><span class=\"hps\">si pu\u00f2<\/span> <span class=\"hps\">anche<\/span> <span class=\"hps\">chiamare me<\/span> <span class=\"hps\">(ma<\/span> <span class=\"hps\">non parlo<\/span> <span class=\"hps\">italiano<\/span><span class=\"\">) : <\/span><\/span>+33 662 432 092)<\/h1>\n<h1 style=\"text-align: center;\">oppure inviandoci una e-mail all&#8217;indirizzo : <a href=\"mailto:info@lathiau.fr\">info@lathiau.fr<\/a><\/h1>\n<p style=\"text-align: center;\">2\/ 2) Stampare e compilare il <a href=\"https:\/\/lathiau.fr\/old\/icontrat.htm\">contratto di prenotazione<\/a> alla pagina seguente..<\/p>\n<p style=\"text-align: center;\">3) Inviarci il contratto firmato con <span id=\"result_box\" class=\"\" lang=\"it\" tabindex=\"-1\"><span class=\"hps\">l&#8217;avviso di<\/span> <span class=\"hps\">bonifico bancario<\/span><\/span> all&#8217;indirizzo seguente:<\/p>\n<p style=\"text-align: center;\">Madame B\u00e9n\u00e9dicte Fran\u00e7ois-Ducluzeau<br \/>\nDomaine de la Thiau<br \/>\n45250 BRIARE<br \/>\nFRANCE<\/p>\n<p style=\"text-align: center;\">*********************************************<\/p>\n<p><span id=\"result_box\" class=\"\" lang=\"it\" tabindex=\"-1\"><span title=\"Etre accueilli avec plaisir et partager une belle propri\u00e9t\u00e9 ....D\u00e9guster en toute s\u00e9r\u00e9nit\u00e9 un petit-d\u00e9jeuner fait maison, et recevoir de la propri\u00e9taire des lieux quelques conseils utiles pour votre s\u00e9jour... Bavarder avec d'autres touristes qui croisent votre chemin\">Essere accolto con piacere e condividere una bella propriet\u00e0 con fiducia &#8230;. Godere di una colazione fatta in casa, e ricevere il proprietario alcuni consigli utili per il vostro soggiorno &#8230; Chatta con altri turisti che lungo il tuo cammino <\/span><span title=\"... \">&#8230;<\/span><\/span><\/p>\n<p><span title=\"Voil\u00e0 ce qu'est une &quot;Chambres d'h\u00f4te&quot; ou le &quot;bed and breakfast &quot; \u00e0 la fran\u00e7aise : pour une ou plusieurs nuits, vous serez re\u00e7us en amis chez des particuliers qui ont am\u00e9nag\u00e9 leur maison afin de vous y accueillir.\">Questo \u00e8 quello che un &#8220;Bed &amp; Breakfast&#8221; o il &#8220;bed and breakfast&#8221; in francese: per una o pi\u00f9 notti, saranno accolti come amici a privati \u200b\u200bche hanno costruito la loro casa per accogliervi. <\/span><span title=\"Une formule de voyage qui pla\u00eet \u00e0 un nombre croissant de personnes \u00e0 la recherche d'un s\u00e9jour original et authentique.\">Una formula di viaggio che fa appello a un numero crescente di persone in cerca di un&#8217;esperienza unica e autentica. <\/span><span title=\"Dans un environnement calme et agr\u00e9able, avec un maximum de 4 chambres, c'est en toute convivialit\u00e9 que vous s\u00e9journerez, avant de partir \u00e0 la d\u00e9couverte de la r\u00e9gion. \">In un ambiente tranquillo e piacevole, con un massimo di 4 camere \u00e8 in un ambiente accogliente che vi rimarr\u00e0 prima di esplorare la regione.<\/span><\/p>\n<p><span title=\"Vous faire participer \u00e0 la douceur de vivre de nos belles r\u00e9gions fran\u00e7aises est l'objectif commun de chaque propri\u00e9taire mais les maisons d'h\u00f4tes ne sont pas des h\u00f4tels, vous n'y trouverez pas les m\u00eames services.\">Essere coinvolti nella dolcezza della vita delle nostre belle regioni francesi \u00e8 l&#8217;obiettivo comune di ogni singolo proprietario, ma le pensioni non sono alberghi, non troverete gli stessi servizi. <\/span><span title=\"Nous vous attendons pour que le charme commence !\">Siamo in attesa di inizio del fascino!<\/span><\/p>\n<p style=\"text-align: center;\">******************<\/p>\n<p style=\"text-align: center;\"><strong>Sintesi delle <a href=\"https:\/\/www.lathiau.fr\/conditions-generales-de-reservation\/\">Condizioni Generali di Prenotazione<\/a><\/strong><\/p>\n<p style=\"text-align: center;\">A causa della nostra piccola dimensione, ogni cancellazioni c&#8217;affetta in modo significativo, e ci lascia poche probabilit\u00e0 di riaffittare le camere di inizialmente riservati. Da dove l&#8217;applicazione delle condizioni sotto : :<\/p>\n<p style=\"text-align: center;\">In caso di<b> cancellazione, l&#8217;acconto di 50% \u00e8 definitivamente acquisita e il saldo saranno chieste. L<\/b>e coordinate delle vostra bancomat saranno utilizzate unicamente in questo caso.<b><br \/>\n<\/b><\/p>\n<p style=\"text-align: center;\"><strong>Il pagamento<\/strong> del vostro soggiorno si effetuer\u00e0 <strong>al vostro arrivo sul posto: con bonifico\u00a0<span id=\"result_box\" class=\"\" lang=\"it\"><span class=\"hps\">immediato<\/span><\/span> e in contanti,<\/strong> (non con la bancomat, solamente per la garanzia.)<\/p>\n<p style=\"text-align: center;\"><strong>Arrivo e partenza :<\/strong><br \/>\nGli arrivi sono previsti<strong> tra le 17 e le 19:30<\/strong>. Accettiamo gli arrivi tardivi fino alle 22:00 eccezionalmente e su richiesta. La camera deve essere liberata prima delle 11:00.<\/p>\n<p style=\"text-align: center;\">Le nostre case sono rigorosamente <strong>non-fumatori.<\/strong><\/p>\n<p style=\"text-align: center;\">Animali accettati <span id=\"result_box\" class=\"\" lang=\"it\"><span title=\"sous conditions et sur demande.&lt;\/p&gt;&lt;br \/&gt; &lt;p&gt;\">in <a href=\"https:\/\/www.lathiau.fr\/les-chambres\/?lang=it\">determinate condizioni<\/a> e su richiesta.<\/span><\/span><\/p>\n<p>&nbsp;<\/p>\n<p>&nbsp;<\/p>\n","protected":false},"excerpt":{"rendered":"<p>Per prenotare una casa, andate sulla pagina della casa scelta e trovate il loro disponibilit\u00e0 \/ prenotazione in fila (Clicca su questo lign) Per prenotare una camera al \u201cDomaine de la Thiau\u201d : Cliccate sotto sul rettangolo blu per vedere la disponibilit\u00e0, le tariffe e riservare in fila, (rete sicuro e criptato, confidenzialit\u00e0 garantita) e [&hellip;]<\/p>\n","protected":false},"author":1,"featured_media":943,"parent":0,"menu_order":0,"comment_status":"closed","ping_status":"closed","template":"","meta":[],"yoast_head":"\n<title>Prenotare - B&amp;B camere Briare Gien Sancerre Valle della Loira Francia<\/title>\n<meta name=\"description\" content=\"Pour r\u00e9server : Cliquez sur le bouton pour la disponibilit\u00e9, les tarifs et la r\u00e9servation en ligne (r\u00e9seau s\u00e9curis\u00e9 et crypt\u00e9, confidentialit\u00e9 garantie)\" \/>\n<meta name=\"robots\" content=\"index, follow, max-snippet:-1, max-image-preview:large, max-video-preview:-1\" \/>\n<link rel=\"canonical\" href=\"https:\/\/www.lathiau.fr\/it\/reservation\/\" \/>\n<meta property=\"og:locale\" content=\"it_IT\" \/>\n<meta property=\"og:type\" content=\"article\" \/>\n<meta property=\"og:title\" content=\"Prenotare - B&amp;B camere Briare Gien Sancerre Valle della Loira Francia\" \/>\n<meta property=\"og:description\" content=\"Pour r\u00e9server : Cliquez sur le bouton pour la disponibilit\u00e9, les tarifs et la r\u00e9servation en ligne (r\u00e9seau s\u00e9curis\u00e9 et crypt\u00e9, confidentialit\u00e9 garantie)\" \/>\n<meta property=\"og:url\" content=\"https:\/\/www.lathiau.fr\/reservation\/\" \/>\n<meta property=\"og:site_name\" content=\"Chambres d&#039;h\u00f4tes de charme, g\u00eetes Loiret Briare Gien Sancerre\" \/>\n<meta property=\"article:publisher\" content=\"https:\/\/www.facebook.com\/DomaineDeLaThiau\" \/>\n<meta property=\"article:modified_time\" content=\"2017-06-06T16:35:07+00:00\" \/>\n<meta property=\"og:image\" content=\"https:\/\/www.lathiau.fr\/wp-content\/uploads\/2013\/03\/52.jpg\" \/>\n\t<meta property=\"og:image:width\" content=\"1944\" \/>\n\t<meta property=\"og:image:height\" content=\"2592\" \/>\n<meta name=\"twitter:label1\" content=\"Est. reading time\">\n\t<meta name=\"twitter:data1\" content=\"2 minutes\">\n<script type=\"application\/ld+json\" class=\"yoast-schema-graph\">{\"@context\":\"https:\/\/schema.org\",\"@graph\":[{\"@type\":\"WebSite\",\"@id\":\"https:\/\/www.lathiau.fr\/#website\",\"url\":\"https:\/\/www.lathiau.fr\/\",\"name\":\"Chambres d&#039;h\\u00f4tes de charme, g\\u00eetes Loiret Briare Gien Sancerre\",\"description\":\"Chambres d&#039;h\\u00f4tes de charme et g\\u00eetes en Val de Loire entre Gien et Briare Sancerre Loiret 150km sud de Paris. Maison ind\\u00e9pendante, parc paysager, diner romantique, chateaux.\",\"potentialAction\":[{\"@type\":\"SearchAction\",\"target\":\"https:\/\/www.lathiau.fr\/?s={search_term_string}\",\"query-input\":\"required name=search_term_string\"}],\"inLanguage\":\"it-IT\"},{\"@type\":\"ImageObject\",\"@id\":\"https:\/\/www.lathiau.fr\/reservation\/#primaryimage\",\"inLanguage\":\"it-IT\",\"url\":\"https:\/\/www.lathiau.fr\/wp-content\/uploads\/2013\/03\/52.jpg\",\"width\":1944,\"height\":2592},{\"@type\":\"WebPage\",\"@id\":\"https:\/\/www.lathiau.fr\/reservation\/#webpage\",\"url\":\"https:\/\/www.lathiau.fr\/reservation\/\",\"name\":\"Prenotare - B&B camere Briare Gien Sancerre Valle della Loira Francia\",\"isPartOf\":{\"@id\":\"https:\/\/www.lathiau.fr\/#website\"},\"primaryImageOfPage\":{\"@id\":\"https:\/\/www.lathiau.fr\/reservation\/#primaryimage\"},\"datePublished\":\"2013-03-06T19:52:18+00:00\",\"dateModified\":\"2017-06-06T16:35:07+00:00\",\"description\":\"Pour r\\u00e9server : Cliquez sur le bouton pour la disponibilit\\u00e9, les tarifs et la r\\u00e9servation en ligne (r\\u00e9seau s\\u00e9curis\\u00e9 et crypt\\u00e9, confidentialit\\u00e9 garantie)\",\"inLanguage\":\"it-IT\",\"potentialAction\":[{\"@type\":\"ReadAction\",\"target\":[\"https:\/\/www.lathiau.fr\/reservation\/\"]}]}]}<\/script>\n","_links":{"self":[{"href":"https:\/\/www.lathiau.fr\/it\/wp-json\/wp\/v2\/pages\/4675\/"}],"collection":[{"href":"https:\/\/www.lathiau.fr\/it\/wp-json\/wp\/v2\/pages\/"}],"about":[{"href":"https:\/\/www.lathiau.fr\/it\/wp-json\/wp\/v2\/types\/page\/"}],"author":[{"embeddable":true,"href":"https:\/\/www.lathiau.fr\/it\/wp-json\/wp\/v2\/users\/1\/"}],"replies":[{"embeddable":true,"href":"https:\/\/www.lathiau.fr\/it\/wp-json\/wp\/v2\/comments\/?post=4675"}],"version-history":[{"count":5,"href":"https:\/\/www.lathiau.fr\/it\/wp-json\/wp\/v2\/pages\/4675\/revisions\/"}],"predecessor-version":[{"id":5456,"href":"https:\/\/www.lathiau.fr\/it\/wp-json\/wp\/v2\/pages\/4675\/revisions\/5456\/"}],"wp:featuredmedia":[{"embeddable":true,"href":"https:\/\/www.lathiau.fr\/it\/wp-json\/wp\/v2\/media\/943\/"}],"wp:attachment":[{"href":"https:\/\/www.lathiau.fr\/it\/wp-json\/wp\/v2\/media\/?parent=4675"}],"curies":[{"name":"wp","href":"https:\/\/api.w.org\/{rel}","templated":true}]}}