{"id":5789,"date":"2018-02-04T21:39:58","date_gmt":"2018-02-04T20:39:58","guid":{"rendered":"https:\/\/www.lathiau.fr\/salle-de-reception\/"},"modified":"2021-02-03T19:15:47","modified_gmt":"2021-02-03T18:15:47","slug":"salle-de-reception","status":"publish","type":"page","link":"https:\/\/www.lathiau.fr\/it\/salle-de-reception\/","title":{"rendered":"Sala Ricevimenti"},"content":{"rendered":"<p><strong><em>Pour les touristes inquiets d&#8217;\u00e9ventuelles nuisances : si les chambres sont disponibles \u00e0 la r\u00e9servation, c&#8217;est qu&#8217;il n&#8217;y a pas de r\u00e9ception. Votre s\u00e9jour au calme est pr\u00e9serv\u00e9.<\/em><\/strong><\/p>\n<h2>Vous cherchez un lieu parfait pour votre r\u00e9ception, mariage, anniversaire, s\u00e9minaire ou \u00e9v\u00e8nementiel\u00a0? Voici notre salle de r\u00e9ception !<\/h2>\n<p>Nous privatiserons pour vous (aucune autre r\u00e9ception ou aucun autre h\u00f4te payant) ce grand domaine de 3 hectares \u00ab\u00a0champ\u00eatre-chic\u00a0\u00bb avec\u00a0:<\/p>\n<h3>. Salle de r\u00e9ception de 200 m2 pour 174 personnes assises avec piste de danse, mat\u00e9riel de sonorisation et lumi\u00e8res, vid\u00e9oprojecteur et \u00e9cran blanc.<\/h3>\n<h3>. Office Traiteur<\/h3>\n<h3>. Espace ext\u00e9rieur de 1200 m2 devant la salle pour cocktail et brunch du lendemain.<\/h3>\n<h3>. Parc paysager de 2 hect. pour cocktail, c\u00e9r\u00e9monie la\u00efque<\/h3>\n<h3>. H\u00e9bergement en chambres d\u2019h\u00f4tes et gites pour 31 personnes<\/h3>\n<h3>. Parking<\/h3>\n<h3>. Mariages : location de 48 h, par exemple du vendredi 15h au dimanche 15h<\/h3>\n<h3>. S\u00e9minaires : location \u00e0 la journ\u00e9e ou sur mesure<\/h3>\n<h3>. Situation g\u00e9ographique id\u00e9ale pour r\u00e9unir vos famille et amis au centre\u00a0de la France\u00a0: Orl\u00e9ans = 70 km, Bourges et Auxerre = 80 km, Paris = 150 km (\u00e0 2 km de la sortie de l\u2019A.77)<\/h3>\n<p>Pas de restriction d&#8217;horaire, pas de droit de bouchon, pas de prestataires impos\u00e9s &#8230;.la libert\u00e9 totale ! mais des conseils et des listes de prestataires sur demande.<\/p>\n<p>Nous sommes \u00e0 votre \u00e9coute pour toutes les questions que vous posez et pour vous aider \u00e0 organiser cette journ\u00e9e que nous souhaitons, comme vous, la plus belle !<\/p>\n<p>Par email : info@lathiau.fr<\/p>\n<p>par t\u00e9l\u00e9phone : (+33).06.62.43.20.92<\/p>\n<p>A tr\u00e8s bient\u00f4t &#8230;&#8230;<\/p>\n","protected":false},"excerpt":{"rendered":"<p>Pour les touristes inquiets d&#8217;\u00e9ventuelles nuisances : si les chambres sont disponibles \u00e0 la r\u00e9servation, c&#8217;est qu&#8217;il n&#8217;y a pas de r\u00e9ception. Votre s\u00e9jour au calme est pr\u00e9serv\u00e9. Vous cherchez un lieu parfait pour votre r\u00e9ception, mariage, anniversaire, s\u00e9minaire ou \u00e9v\u00e8nementiel\u00a0? Voici notre salle de r\u00e9ception ! Nous privatiserons pour vous (aucune autre r\u00e9ception ou [&hellip;]<\/p>\n","protected":false},"author":1,"featured_media":0,"parent":0,"menu_order":0,"comment_status":"closed","ping_status":"closed","template":"","meta":[],"yoast_head":"\n<title>salle de reception 180 pers, jardin + parc+ h\u00e9bergements. Centre Loiret.<\/title>\n<meta name=\"description\" content=\"Privatision de notre domaine de 5 hectares \u00abchamp\u00eatre-chic\u00bb. Situation g\u00e9ographique id\u00e9ale au centre de la France (d\u00e9partement Loiret, entre Gien et Briare) : Orl\u00e9ans = 70 km, Bourges et Auxerre = 80 km, Paris = 150 km (\u00e0 2 km de la sortie de l\u2019A.77). Salle de r\u00e9ception pour 180 personnes assises. Parking\" \/>\n<meta name=\"robots\" content=\"index, follow, max-snippet:-1, max-image-preview:large, max-video-preview:-1\" \/>\n<link rel=\"canonical\" href=\"https:\/\/www.lathiau.fr\/it\/salle-de-reception\/\" \/>\n<meta property=\"og:locale\" content=\"it_IT\" \/>\n<meta property=\"og:type\" content=\"article\" \/>\n<meta property=\"og:title\" content=\"salle de reception 180 pers, jardin + parc+ h\u00e9bergements. Centre Loiret.\" \/>\n<meta property=\"og:description\" content=\"Privatision de notre domaine de 5 hectares \u00abchamp\u00eatre-chic\u00bb. Situation g\u00e9ographique id\u00e9ale au centre de la France (d\u00e9partement Loiret, entre Gien et Briare) : Orl\u00e9ans = 70 km, Bourges et Auxerre = 80 km, Paris = 150 km (\u00e0 2 km de la sortie de l\u2019A.77). Salle de r\u00e9ception pour 180 personnes assises. Parking\" \/>\n<meta property=\"og:url\" content=\"https:\/\/www.lathiau.fr\/it\/salle-de-reception\/\" \/>\n<meta property=\"og:site_name\" content=\"Chambres d&#039;h\u00f4tes de charme, g\u00eetes Loiret Briare Gien Sancerre\" \/>\n<meta property=\"article:publisher\" content=\"https:\/\/www.facebook.com\/DomaineDeLaThiau\" \/>\n<meta property=\"article:modified_time\" content=\"2021-02-03T18:15:47+00:00\" \/>\n<meta property=\"og:image\" content=\"https:\/\/www.lathiau.fr\/wp-content\/uploads\/2014\/04\/alleeprunus1wp.jpg\" \/>\n\t<meta property=\"og:image:width\" content=\"1600\" \/>\n\t<meta property=\"og:image:height\" content=\"800\" \/>\n<meta name=\"twitter:label1\" content=\"Est. reading time\">\n\t<meta name=\"twitter:data1\" content=\"1 minute\">\n<script type=\"application\/ld+json\" class=\"yoast-schema-graph\">{\"@context\":\"https:\/\/schema.org\",\"@graph\":[{\"@type\":\"WebSite\",\"@id\":\"https:\/\/www.lathiau.fr\/#website\",\"url\":\"https:\/\/www.lathiau.fr\/\",\"name\":\"Chambres d&#039;h\\u00f4tes de charme, g\\u00eetes Loiret Briare Gien Sancerre\",\"description\":\"Chambres d&#039;h\\u00f4tes de charme et g\\u00eetes en Val de Loire entre Gien et Briare Sancerre Loiret 150km sud de Paris. Maison ind\\u00e9pendante, parc paysager, diner romantique, chateaux.\",\"potentialAction\":[{\"@type\":\"SearchAction\",\"target\":\"https:\/\/www.lathiau.fr\/?s={search_term_string}\",\"query-input\":\"required name=search_term_string\"}],\"inLanguage\":\"it-IT\"},{\"@type\":\"WebPage\",\"@id\":\"https:\/\/www.lathiau.fr\/it\/salle-de-reception\/#webpage\",\"url\":\"https:\/\/www.lathiau.fr\/it\/salle-de-reception\/\",\"name\":\"salle de reception 180 pers, jardin + parc+ h\\u00e9bergements. Centre Loiret.\",\"isPartOf\":{\"@id\":\"https:\/\/www.lathiau.fr\/#website\"},\"datePublished\":\"2018-02-04T20:39:58+00:00\",\"dateModified\":\"2021-02-03T18:15:47+00:00\",\"description\":\"Privatision de notre domaine de 5 hectares \\u00abchamp\\u00eatre-chic\\u00bb. Situation g\\u00e9ographique id\\u00e9ale au centre de la France (d\\u00e9partement Loiret, entre Gien et Briare) : Orl\\u00e9ans = 70 km, Bourges et Auxerre = 80 km, Paris = 150 km (\\u00e0 2 km de la sortie de l\\u2019A.77). Salle de r\\u00e9ception pour 180 personnes assises. Parking\",\"inLanguage\":\"it-IT\",\"potentialAction\":[{\"@type\":\"ReadAction\",\"target\":[\"https:\/\/www.lathiau.fr\/it\/salle-de-reception\/\"]}]}]}<\/script>\n","_links":{"self":[{"href":"https:\/\/www.lathiau.fr\/it\/wp-json\/wp\/v2\/pages\/5789\/"}],"collection":[{"href":"https:\/\/www.lathiau.fr\/it\/wp-json\/wp\/v2\/pages\/"}],"about":[{"href":"https:\/\/www.lathiau.fr\/it\/wp-json\/wp\/v2\/types\/page\/"}],"author":[{"embeddable":true,"href":"https:\/\/www.lathiau.fr\/it\/wp-json\/wp\/v2\/users\/1\/"}],"replies":[{"embeddable":true,"href":"https:\/\/www.lathiau.fr\/it\/wp-json\/wp\/v2\/comments\/?post=5789"}],"version-history":[{"count":16,"href":"https:\/\/www.lathiau.fr\/it\/wp-json\/wp\/v2\/pages\/5789\/revisions\/"}],"predecessor-version":[{"id":7219,"href":"https:\/\/www.lathiau.fr\/it\/wp-json\/wp\/v2\/pages\/5789\/revisions\/7219\/"}],"wp:attachment":[{"href":"https:\/\/www.lathiau.fr\/it\/wp-json\/wp\/v2\/media\/?parent=5789"}],"curies":[{"name":"wp","href":"https:\/\/api.w.org\/{rel}","templated":true}]}}